{"id":2372,"date":"2022-01-30T08:42:33","date_gmt":"2022-01-30T00:42:33","guid":{"rendered":"https:\/\/movelasers.com\/?page_id=2372"},"modified":"2022-01-30T08:47:27","modified_gmt":"2022-01-30T00:47:27","slug":"wind-lidars-applications-and-case-studies","status":"publish","type":"page","link":"https:\/\/www.movelaser.eu\/vi\/technical-support\/wind-lidars-applications-and-case-studies\/","title":{"rendered":"\u1ee8ng d\u1ee5ng v\u00e0 Nghi\u00ean c\u1ee9u \u0111i\u1ec3n h\u00ecnh"},"content":{"rendered":"<div data-elementor-type=\"wp-page\" data-elementor-id=\"2372\" class=\"elementor elementor-2372\">\n\t\t\t\t\t\t<section class=\"elementor-section elementor-top-section elementor-element elementor-element-3441189 elementor-section-height-min-height elementor-section-boxed elementor-section-height-default elementor-section-items-middle\" data-id=\"3441189\" data-element_type=\"section\" data-settings=\"{&quot;background_background&quot;:&quot;classic&quot;}\">\n\t\t\t\t\t\t\t<div class=\"elementor-background-overlay\"><\/div>\n\t\t\t\t\t\t\t<div class=\"elementor-container elementor-column-gap-no\">\n\t\t\t\t\t<div class=\"elementor-column elementor-col-100 elementor-top-column elementor-element elementor-element-6c92fa4\" data-id=\"6c92fa4\" data-element_type=\"column\">\n\t\t\t<div class=\"elementor-widget-wrap elementor-element-populated\">\n\t\t\t\t\t\t<div class=\"elementor-element elementor-element-fed7674 elementor-widget-divider--view-line elementor-widget elementor-widget-divider\" data-id=\"fed7674\" data-element_type=\"widget\" data-widget_type=\"divider.default\">\n\t\t\t\t<div class=\"elementor-widget-container\">\n\t\t\t\t\t\t\t<div class=\"elementor-divider\">\n\t\t\t<span class=\"elementor-divider-separator\">\n\t\t\t\t\t\t<\/span>\n\t\t<\/div>\n\t\t\t\t\t\t<\/div>\n\t\t\t\t<\/div>\n\t\t\t\t<div class=\"elementor-element elementor-element-5f4ca79 elementor-widget elementor-widget-heading\" data-id=\"5f4ca79\" data-element_type=\"widget\" data-widget_type=\"heading.default\">\n\t\t\t\t<div class=\"elementor-widget-container\">\n\t\t\t\t\t<h1 class=\"elementor-heading-title elementor-size-default\">C\u00e1c \u1ee9ng d\u1ee5ng Wind LiDAR v\u00e0 c\u00e1c nghi\u00ean c\u1ee9u \u0111i\u1ec3n h\u00ecnh<\/h1>\t\t\t\t<\/div>\n\t\t\t\t<\/div>\n\t\t\t\t\t<\/div>\n\t\t<\/div>\n\t\t\t\t\t<\/div>\n\t\t<\/section>\n\t\t\t\t<section class=\"elementor-section elementor-top-section elementor-element elementor-element-474267d elementor-section-boxed elementor-section-height-default elementor-section-height-default\" data-id=\"474267d\" data-element_type=\"section\" data-settings=\"{&quot;background_background&quot;:&quot;classic&quot;}\">\n\t\t\t\t\t\t<div class=\"elementor-container elementor-column-gap-no\">\n\t\t\t\t\t<div class=\"elementor-column elementor-col-100 elementor-top-column elementor-element elementor-element-031080f\" data-id=\"031080f\" data-element_type=\"column\" data-settings=\"{&quot;background_background&quot;:&quot;classic&quot;}\">\n\t\t\t<div class=\"elementor-widget-wrap elementor-element-populated\">\n\t\t\t\t\t\t<div class=\"elementor-element elementor-element-b45b569 elementor-grid-3 elementor-grid-tablet-2 elementor-grid-mobile-1 elementor-posts--thumbnail-top elementor-widget elementor-widget-posts\" data-id=\"b45b569\" data-element_type=\"widget\" data-settings=\"{&quot;classic_columns&quot;:&quot;3&quot;,&quot;classic_columns_tablet&quot;:&quot;2&quot;,&quot;classic_columns_mobile&quot;:&quot;1&quot;,&quot;classic_row_gap&quot;:{&quot;unit&quot;:&quot;px&quot;,&quot;size&quot;:35,&quot;sizes&quot;:[]},&quot;classic_row_gap_tablet&quot;:{&quot;unit&quot;:&quot;px&quot;,&quot;size&quot;:&quot;&quot;,&quot;sizes&quot;:[]},&quot;classic_row_gap_mobile&quot;:{&quot;unit&quot;:&quot;px&quot;,&quot;size&quot;:&quot;&quot;,&quot;sizes&quot;:[]}}\" data-widget_type=\"posts.classic\">\n\t\t\t\t<div class=\"elementor-widget-container\">\n\t\t\t\t\t\t\t<div class=\"elementor-posts-container elementor-posts elementor-posts--skin-classic elementor-grid\">\n\t\t\t\t<article class=\"elementor-post elementor-grid-item post-2961 post type-post status-publish format-standard has-post-thumbnail hentry category-wind-lidar-case-study\">\n\t\t\t\t<a class=\"elementor-post__thumbnail__link\" href=\"https:\/\/www.movelaser.eu\/vi\/wind-lidar-case-study\/molas-3d-doppler-scanning-wind-lidar-improves-the-civil-aviation-safety-and-efficiency\/\" >\n\t\t\t<div class=\"elementor-post__thumbnail\"><img fetchpriority=\"high\" decoding=\"async\" width=\"300\" height=\"225\" src=\"https:\/\/www.movelaser.eu\/wp-content\/uploads\/2022\/09\/574532c085d6f113a0a6582e27d2511-300x225.jpg\" class=\"attachment-medium size-medium wp-image-2964\" alt=\"\" srcset=\"https:\/\/www.movelaser.eu\/wp-content\/uploads\/2022\/09\/574532c085d6f113a0a6582e27d2511-300x225.jpg 300w, https:\/\/www.movelaser.eu\/wp-content\/uploads\/2022\/09\/574532c085d6f113a0a6582e27d2511-1024x768.jpg 1024w, https:\/\/www.movelaser.eu\/wp-content\/uploads\/2022\/09\/574532c085d6f113a0a6582e27d2511-768x576.jpg 768w, https:\/\/www.movelaser.eu\/wp-content\/uploads\/2022\/09\/574532c085d6f113a0a6582e27d2511-1536x1152.jpg 1536w, https:\/\/www.movelaser.eu\/wp-content\/uploads\/2022\/09\/574532c085d6f113a0a6582e27d2511-2048x1536.jpg 2048w, https:\/\/www.movelaser.eu\/wp-content\/uploads\/2022\/09\/574532c085d6f113a0a6582e27d2511-16x12.jpg 16w, https:\/\/www.movelaser.eu\/wp-content\/uploads\/2022\/09\/574532c085d6f113a0a6582e27d2511-600x450.jpg 600w\" sizes=\"(max-width: 300px) 100vw, 300px\" \/><\/div>\n\t\t<\/a>\n\t\t\t\t<div class=\"elementor-post__text\">\n\t\t\t\t<h3 class=\"elementor-post__title\">\n\t\t\t<a href=\"https:\/\/www.movelaser.eu\/vi\/wind-lidar-case-study\/molas-3d-doppler-scanning-wind-lidar-improves-the-civil-aviation-safety-and-efficiency\/\" >\n\t\t\t\tMolas 3D Doppler Scanning Wind LiDAR C\u1ea3i thi\u1ec7n An to\u00e0n v\u00e0 Hi\u1ec7u qu\u1ea3 H\u00e0ng kh\u00f4ng D\u00e2n d\u1ee5ng\t\t\t<\/a>\n\t\t<\/h3>\n\t\t\t\t<div class=\"elementor-post__meta-data\">\n\t\t\t\t\t<span class=\"elementor-post-date\">\n\t\t\tTh\u00e1ng 9 12, 2022\t\t<\/span>\n\t\t\t\t<span class=\"elementor-post-avatar\">\n\t\t\tKh\u00f4ng c\u00f3 b\u00ecnh lu\u1eadn\t\t<\/span>\n\t\t\t\t<\/div>\n\t\t\t\t<div class=\"elementor-post__excerpt\">\n\t\t\t<p>Gi\u00f3 c\u1eaft v\u00e0 an to\u00e0n h\u00e0ng kh\u00f4ng d\u00e2n d\u1ee5ng C\u1eaft gi\u00f3 l\u00e0 m\u1ed9t hi\u1ec7n t\u01b0\u1ee3ng kh\u00ed quy\u1ec3n l\u00e0 s\u1ef1 thay \u0111\u1ed5i \u0111\u1ed9t ng\u1ed9t t\u1ed1c \u0111\u1ed9 gi\u00f3 theo ph\u01b0\u01a1ng ngang v\u00e0 ph\u01b0\u01a1ng th\u1eb3ng \u0111\u1ee9ng<\/p>\n\t\t<\/div>\n\t\t\n\t\t<a class=\"elementor-post__read-more\" href=\"https:\/\/www.movelaser.eu\/vi\/wind-lidar-case-study\/molas-3d-doppler-scanning-wind-lidar-improves-the-civil-aviation-safety-and-efficiency\/\" >\n\t\t\t\u0110\u1ecdc th\u00eam &quot;\t\t<\/a>\n\n\t\t\t\t<\/div>\n\t\t\t\t<\/article>\n\t\t\t\t<article class=\"elementor-post elementor-grid-item post-2749 post type-post status-publish format-standard has-post-thumbnail hentry category-movelaser-news-events category-wind-lidar-case-study\">\n\t\t\t\t<a class=\"elementor-post__thumbnail__link\" href=\"https:\/\/www.movelaser.eu\/vi\/movelaser-news-events\/movelaser-flidar-operation-experience-sharing\/\" >\n\t\t\t<div class=\"elementor-post__thumbnail\"><img decoding=\"async\" width=\"300\" height=\"169\" data-src=\"https:\/\/www.movelaser.eu\/wp-content\/uploads\/2021\/12\/MOLAS-M300-SITE-DEPLOYMENT-2-300x169.png\" class=\"attachment-medium size-medium wp-image-1018 lazyload\" alt=\"Molas M300 floating wind lidar for offshore wind measurement on buoy\" data-srcset=\"https:\/\/www.movelaser.eu\/wp-content\/uploads\/2021\/12\/MOLAS-M300-SITE-DEPLOYMENT-2-300x169.png 300w, https:\/\/www.movelaser.eu\/wp-content\/uploads\/2021\/12\/MOLAS-M300-SITE-DEPLOYMENT-2-600x338.png 600w, https:\/\/www.movelaser.eu\/wp-content\/uploads\/2021\/12\/MOLAS-M300-SITE-DEPLOYMENT-2-1024x576.png 1024w, https:\/\/www.movelaser.eu\/wp-content\/uploads\/2021\/12\/MOLAS-M300-SITE-DEPLOYMENT-2-768x432.png 768w, https:\/\/www.movelaser.eu\/wp-content\/uploads\/2021\/12\/MOLAS-M300-SITE-DEPLOYMENT-2.png 1080w\" data-sizes=\"(max-width: 300px) 100vw, 300px\" src=\"data:image\/svg+xml;base64,PHN2ZyB3aWR0aD0iMSIgaGVpZ2h0PSIxIiB4bWxucz0iaHR0cDovL3d3dy53My5vcmcvMjAwMC9zdmciPjwvc3ZnPg==\" style=\"--smush-placeholder-width: 300px; --smush-placeholder-aspect-ratio: 300\/169;\" \/><\/div>\n\t\t<\/a>\n\t\t\t\t<div class=\"elementor-post__text\">\n\t\t\t\t<h3 class=\"elementor-post__title\">\n\t\t\t<a href=\"https:\/\/www.movelaser.eu\/vi\/movelaser-news-events\/movelaser-flidar-operation-experience-sharing\/\" >\n\t\t\t\tChia s\u1ebb kinh nghi\u1ec7m v\u1eadn h\u00e0nh Movelaser Flidar\t\t\t<\/a>\n\t\t<\/h3>\n\t\t\t\t<div class=\"elementor-post__meta-data\">\n\t\t\t\t\t<span class=\"elementor-post-date\">\n\t\t\tTh\u00e1ng 4 30, 2022\t\t<\/span>\n\t\t\t\t<span class=\"elementor-post-avatar\">\n\t\t\tKh\u00f4ng c\u00f3 b\u00ecnh lu\u1eadn\t\t<\/span>\n\t\t\t\t<\/div>\n\t\t\t\t<div class=\"elementor-post__excerpt\">\n\t\t\t<p>C\u00f4ng ty TNHH C\u00f4ng ngh\u1ec7 Movelaser Nam Kinh v\u00e0 C\u00f4ng ty TNHH C\u00f4ng ngh\u1ec7 Kh\u00e1t v\u1ecdng Xanh Giang T\u00f4 \u0111\u00e3 th\u1ef1c hi\u1ec7n h\u1ee3p t\u00e1c ch\u1eb7t ch\u1ebd trong nhi\u1ec1u d\u1ef1 \u00e1n \u0111o gi\u00f3 n\u1ed5i \u1edf Trung Qu\u1ed1c,<\/p>\n\t\t<\/div>\n\t\t\n\t\t<a class=\"elementor-post__read-more\" href=\"https:\/\/www.movelaser.eu\/vi\/movelaser-news-events\/movelaser-flidar-operation-experience-sharing\/\" >\n\t\t\t\u0110\u1ecdc th\u00eam &quot;\t\t<\/a>\n\n\t\t\t\t<\/div>\n\t\t\t\t<\/article>\n\t\t\t\t<article class=\"elementor-post elementor-grid-item post-2188 post type-post status-publish format-standard has-post-thumbnail hentry category-movelaser-news-events category-wind-lidar-case-study\">\n\t\t\t\t<a class=\"elementor-post__thumbnail__link\" href=\"https:\/\/www.movelaser.eu\/vi\/movelaser-news-events\/equipped-with-molas-b300m-floating-wind-lidar-system-successfully-launched-in-guangdong-waters\/\" >\n\t\t\t<div class=\"elementor-post__thumbnail\"><img decoding=\"async\" width=\"300\" height=\"169\" data-src=\"https:\/\/www.movelaser.eu\/wp-content\/uploads\/2021\/12\/MOLAS-M300-SITE-DEPLOYMENT-300x169.png\" class=\"attachment-medium size-medium wp-image-1019 lazyload\" alt=\"Molas M300 floating wind lidar for offshore wind measurement on buoy\" data-srcset=\"https:\/\/www.movelaser.eu\/wp-content\/uploads\/2021\/12\/MOLAS-M300-SITE-DEPLOYMENT-300x169.png 300w, https:\/\/www.movelaser.eu\/wp-content\/uploads\/2021\/12\/MOLAS-M300-SITE-DEPLOYMENT-600x338.png 600w, https:\/\/www.movelaser.eu\/wp-content\/uploads\/2021\/12\/MOLAS-M300-SITE-DEPLOYMENT.png 722w\" data-sizes=\"(max-width: 300px) 100vw, 300px\" src=\"data:image\/svg+xml;base64,PHN2ZyB3aWR0aD0iMSIgaGVpZ2h0PSIxIiB4bWxucz0iaHR0cDovL3d3dy53My5vcmcvMjAwMC9zdmciPjwvc3ZnPg==\" style=\"--smush-placeholder-width: 300px; --smush-placeholder-aspect-ratio: 300\/169;\" \/><\/div>\n\t\t<\/a>\n\t\t\t\t<div class=\"elementor-post__text\">\n\t\t\t\t<h3 class=\"elementor-post__title\">\n\t\t\t<a href=\"https:\/\/www.movelaser.eu\/vi\/movelaser-news-events\/equipped-with-molas-b300m-floating-wind-lidar-system-successfully-launched-in-guangdong-waters\/\" >\n\t\t\t\t\u0110\u01b0\u1ee3c trang b\u1ecb h\u1ec7 th\u1ed1ng ph\u00e1o n\u1ed5i Molas B300M ph\u00f3ng th\u00e0nh c\u00f4ng \u1edf v\u00f9ng bi\u1ec3n Qu\u1ea3ng \u0110\u00f4ng\t\t\t<\/a>\n\t\t<\/h3>\n\t\t\t\t<div class=\"elementor-post__meta-data\">\n\t\t\t\t\t<span class=\"elementor-post-date\">\n\t\t\tTh\u00e1ng m\u01b0\u1eddi m\u1ed9t 13, 2021\t\t<\/span>\n\t\t\t\t<span class=\"elementor-post-avatar\">\n\t\t\tKh\u00f4ng c\u00f3 b\u00ecnh lu\u1eadn\t\t<\/span>\n\t\t\t\t<\/div>\n\t\t\t\t<div class=\"elementor-post__excerpt\">\n\t\t\t<p>G\u1ea7n \u0111\u00e2y, th\u00f4ng qua s\u1ef1 h\u1ee3p t\u00e1c ch\u1eb7t ch\u1ebd gi\u1eefa C\u00f4ng ty TNHH C\u00f4ng ngh\u1ec7 Movelaser Nam Kinh (sau \u0111\u00e2y g\u1ecdi l\u00e0 &quot;Movelaser&quot;) v\u00e0 c\u00e1c nh\u00e0 s\u1ea3n xu\u1ea5t h\u1ec7 th\u1ed1ng \u0111o gi\u00f3 n\u1ed5i n\u1ed5i ti\u1ebfng trong<\/p>\n\t\t<\/div>\n\t\t\n\t\t<a class=\"elementor-post__read-more\" href=\"https:\/\/www.movelaser.eu\/vi\/movelaser-news-events\/equipped-with-molas-b300m-floating-wind-lidar-system-successfully-launched-in-guangdong-waters\/\" >\n\t\t\t\u0110\u1ecdc th\u00eam &quot;\t\t<\/a>\n\n\t\t\t\t<\/div>\n\t\t\t\t<\/article>\n\t\t\t\t<article class=\"elementor-post elementor-grid-item post-2308 post type-post status-publish format-standard has-post-thumbnail hentry category-wind-lidar-case-study\">\n\t\t\t\t<a class=\"elementor-post__thumbnail__link\" href=\"https:\/\/www.movelaser.eu\/vi\/wind-lidar-case-study\/wind-lidars-applications-for-wind-industry\/\" >\n\t\t\t<div class=\"elementor-post__thumbnail\"><img decoding=\"async\" width=\"294\" height=\"300\" data-src=\"https:\/\/www.movelaser.eu\/wp-content\/uploads\/2022\/01\/Application-on-offshore-platform-294x300.jpg\" class=\"attachment-medium size-medium wp-image-2338 lazyload\" alt=\"\" data-srcset=\"https:\/\/www.movelaser.eu\/wp-content\/uploads\/2022\/01\/Application-on-offshore-platform-294x300.jpg 294w, https:\/\/www.movelaser.eu\/wp-content\/uploads\/2022\/01\/Application-on-offshore-platform-600x612.jpg 600w, https:\/\/www.movelaser.eu\/wp-content\/uploads\/2022\/01\/Application-on-offshore-platform.jpg 606w\" data-sizes=\"(max-width: 294px) 100vw, 294px\" src=\"data:image\/svg+xml;base64,PHN2ZyB3aWR0aD0iMSIgaGVpZ2h0PSIxIiB4bWxucz0iaHR0cDovL3d3dy53My5vcmcvMjAwMC9zdmciPjwvc3ZnPg==\" style=\"--smush-placeholder-width: 294px; --smush-placeholder-aspect-ratio: 294\/300;\" \/><\/div>\n\t\t<\/a>\n\t\t\t\t<div class=\"elementor-post__text\">\n\t\t\t\t<h3 class=\"elementor-post__title\">\n\t\t\t<a href=\"https:\/\/www.movelaser.eu\/vi\/wind-lidar-case-study\/wind-lidars-applications-for-wind-industry\/\" >\n\t\t\t\tC\u00e1c \u1ee9ng d\u1ee5ng c\u1ee7a Wind LiDAR cho ng\u00e0nh c\u00f4ng nghi\u1ec7p gi\u00f3\t\t\t<\/a>\n\t\t<\/h3>\n\t\t\t\t<div class=\"elementor-post__meta-data\">\n\t\t\t\t\t<span class=\"elementor-post-date\">\n\t\t\tTh\u00e1ng 5 30, 2021\t\t<\/span>\n\t\t\t\t<span class=\"elementor-post-avatar\">\n\t\t\tKh\u00f4ng c\u00f3 b\u00ecnh lu\u1eadn\t\t<\/span>\n\t\t\t\t<\/div>\n\t\t\t\t<div class=\"elementor-post__excerpt\">\n\t\t\t<p>V\u1edbi vi\u1ec7c \u1ee9ng d\u1ee5ng v\u00e0 nghi\u00ean c\u1ee9u lidar \u0111o gi\u00f3 trong nhi\u1ec1u t\u00ecnh hu\u1ed1ng trong ng\u00e0nh \u0111i\u1ec7n gi\u00f3 trong nhi\u1ec1u n\u0103m, n\u00f3 kh\u00f4ng c\u00f2n l\u00e0 m\u1ed9t<\/p>\n\t\t<\/div>\n\t\t\n\t\t<a class=\"elementor-post__read-more\" href=\"https:\/\/www.movelaser.eu\/vi\/wind-lidar-case-study\/wind-lidars-applications-for-wind-industry\/\" >\n\t\t\t\u0110\u1ecdc th\u00eam &quot;\t\t<\/a>\n\n\t\t\t\t<\/div>\n\t\t\t\t<\/article>\n\t\t\t\t<article class=\"elementor-post elementor-grid-item post-2157 post type-post status-publish format-standard has-post-thumbnail hentry category-movelaser-news-events category-wind-lidar-case-study\">\n\t\t\t\t<a class=\"elementor-post__thumbnail__link\" href=\"https:\/\/www.movelaser.eu\/vi\/movelaser-news-events\/molas-nl-nacelle-wind-lidar-applied-on-siemens-offshore-4-0mw-wind-turbines\/\" >\n\t\t\t<div class=\"elementor-post__thumbnail\"><img decoding=\"async\" width=\"300\" height=\"126\" data-src=\"https:\/\/www.movelaser.eu\/wp-content\/uploads\/2021\/12\/MOLAS-NL-ON-TURBINE-1-300x126.jpg\" class=\"attachment-medium size-medium wp-image-1847 lazyload\" alt=\"Nacelle wind lidar molas nl\" data-srcset=\"https:\/\/www.movelaser.eu\/wp-content\/uploads\/2021\/12\/MOLAS-NL-ON-TURBINE-1-300x126.jpg 300w, https:\/\/www.movelaser.eu\/wp-content\/uploads\/2021\/12\/MOLAS-NL-ON-TURBINE-1-1024x430.jpg 1024w, https:\/\/www.movelaser.eu\/wp-content\/uploads\/2021\/12\/MOLAS-NL-ON-TURBINE-1-768x322.jpg 768w, https:\/\/www.movelaser.eu\/wp-content\/uploads\/2021\/12\/MOLAS-NL-ON-TURBINE-1-1536x645.jpg 1536w, https:\/\/www.movelaser.eu\/wp-content\/uploads\/2021\/12\/MOLAS-NL-ON-TURBINE-1-600x252.jpg 600w, https:\/\/www.movelaser.eu\/wp-content\/uploads\/2021\/12\/MOLAS-NL-ON-TURBINE-1.jpg 1920w\" data-sizes=\"(max-width: 300px) 100vw, 300px\" src=\"data:image\/svg+xml;base64,PHN2ZyB3aWR0aD0iMSIgaGVpZ2h0PSIxIiB4bWxucz0iaHR0cDovL3d3dy53My5vcmcvMjAwMC9zdmciPjwvc3ZnPg==\" style=\"--smush-placeholder-width: 300px; --smush-placeholder-aspect-ratio: 300\/126;\" \/><\/div>\n\t\t<\/a>\n\t\t\t\t<div class=\"elementor-post__text\">\n\t\t\t\t<h3 class=\"elementor-post__title\">\n\t\t\t<a href=\"https:\/\/www.movelaser.eu\/vi\/movelaser-news-events\/molas-nl-nacelle-wind-lidar-applied-on-siemens-offshore-4-0mw-wind-turbines\/\" >\n\t\t\t\tN\u1eafp gi\u00f3 nacelle Molas NL \u0111\u01b0\u1ee3c \u1ee9ng d\u1ee5ng tr\u00ean c\u00e1c tuabin gi\u00f3 4.0MW ngo\u00e0i kh\u01a1i c\u1ee7a Siemens\t\t\t<\/a>\n\t\t<\/h3>\n\t\t\t\t<div class=\"elementor-post__meta-data\">\n\t\t\t\t\t<span class=\"elementor-post-date\">\n\t\t\tTh\u00e1ng 8 22, 2019\t\t<\/span>\n\t\t\t\t<span class=\"elementor-post-avatar\">\n\t\t\tKh\u00f4ng c\u00f3 b\u00ecnh lu\u1eadn\t\t<\/span>\n\t\t\t\t<\/div>\n\t\t\t\t<div class=\"elementor-post__excerpt\">\n\t\t\t<p>V\u00e0o th\u00e1ng 6 n\u0103m 2019, n\u1eafp \u0111\u1eady gi\u00f3 d\u1ef1a tr\u00ean Movelaser Molas NL \u0111\u00e3 \u0111\u01b0\u1ee3c l\u1eafp \u0111\u1eb7t t\u1ea1i m\u1ed9t trang tr\u1ea1i gi\u00f3 ngo\u00e0i kh\u01a1i \u1edf Zhoushan, t\u1ec9nh Chi\u1ebft Giang.<\/p>\n\t\t<\/div>\n\t\t\n\t\t<a class=\"elementor-post__read-more\" href=\"https:\/\/www.movelaser.eu\/vi\/movelaser-news-events\/molas-nl-nacelle-wind-lidar-applied-on-siemens-offshore-4-0mw-wind-turbines\/\" >\n\t\t\t\u0110\u1ecdc th\u00eam &quot;\t\t<\/a>\n\n\t\t\t\t<\/div>\n\t\t\t\t<\/article>\n\t\t\t\t<\/div>\n\t\t\n\t\t\t\t\t\t<\/div>\n\t\t\t\t<\/div>\n\t\t\t\t\t<\/div>\n\t\t<\/div>\n\t\t\t\t\t<\/div>\n\t\t<\/section>\n\t\t\t\t<\/div>","protected":false},"excerpt":{"rendered":"<p>C\u00e1c \u1ee9ng d\u1ee5ng Wind LiDAR v\u00e0 c\u00e1c nghi\u00ean c\u1ee9u \u0111i\u1ec3n h\u00ecnh<\/p>","protected":false},"author":1,"featured_media":0,"parent":1804,"menu_order":0,"comment_status":"closed","ping_status":"closed","template":"","meta":{"_monsterinsights_skip_tracking":false,"_monsterinsights_sitenote_active":false,"_monsterinsights_sitenote_note":"","_monsterinsights_sitenote_category":0,"site-sidebar-layout":"no-sidebar","site-content-layout":"page-builder","ast-main-header-display":"","ast-hfb-above-header-display":"","ast-hfb-below-header-display":"","ast-hfb-mobile-header-display":"","site-post-title":"disabled","ast-breadcrumbs-content":"disabled","ast-featured-img":"disabled","footer-sml-layout":"","theme-transparent-header-meta":"enabled","adv-header-id-meta":"","stick-header-meta":"","header-above-stick-meta":"","header-main-stick-meta":"","header-below-stick-meta":"","footnotes":""},"class_list":["post-2372","page","type-page","status-publish","hentry"],"_links":{"self":[{"href":"https:\/\/www.movelaser.eu\/vi\/wp-json\/wp\/v2\/pages\/2372","targetHints":{"allow":["GET"]}}],"collection":[{"href":"https:\/\/www.movelaser.eu\/vi\/wp-json\/wp\/v2\/pages"}],"about":[{"href":"https:\/\/www.movelaser.eu\/vi\/wp-json\/wp\/v2\/types\/page"}],"author":[{"embeddable":true,"href":"https:\/\/www.movelaser.eu\/vi\/wp-json\/wp\/v2\/users\/1"}],"replies":[{"embeddable":true,"href":"https:\/\/www.movelaser.eu\/vi\/wp-json\/wp\/v2\/comments?post=2372"}],"version-history":[{"count":0,"href":"https:\/\/www.movelaser.eu\/vi\/wp-json\/wp\/v2\/pages\/2372\/revisions"}],"up":[{"embeddable":true,"href":"https:\/\/www.movelaser.eu\/vi\/wp-json\/wp\/v2\/pages\/1804"}],"wp:attachment":[{"href":"https:\/\/www.movelaser.eu\/vi\/wp-json\/wp\/v2\/media?parent=2372"}],"curies":[{"name":"wp","href":"https:\/\/api.w.org\/{rel}","templated":true}]}}