{"id":1988,"date":"2021-12-22T09:08:50","date_gmt":"2021-12-22T01:08:50","guid":{"rendered":"https:\/\/movelasers.com\/?page_id=1988"},"modified":"2021-12-22T09:18:46","modified_gmt":"2021-12-22T01:18:46","slug":"20210508-molas-b300-acquired-dnv-gl-type-specific-classification","status":"publish","type":"page","link":"https:\/\/www.movelaser.eu\/vi\/news\/20210508-molas-b300-acquired-dnv-gl-type-specific-classification\/","title":{"rendered":"20210508 - Molas B300 c\u00f3 \u0111\u01b0\u1ee3c Ph\u00e2n lo\u1ea1i c\u1ee5 th\u1ec3 ki\u1ec3u DNV-GL"},"content":{"rendered":"<div data-elementor-type=\"wp-page\" data-elementor-id=\"1988\" class=\"elementor elementor-1988\">\n\t\t\t\t\t\t<section class=\"elementor-section elementor-top-section elementor-element elementor-element-6952cf8 elementor-section-height-min-height elementor-section-boxed elementor-section-height-default elementor-section-items-middle\" data-id=\"6952cf8\" data-element_type=\"section\" data-settings=\"{&quot;background_background&quot;:&quot;slideshow&quot;,&quot;background_slideshow_gallery&quot;:[{&quot;id&quot;:1036,&quot;url&quot;:&quot;https:\\\/\\\/movelasers.com\\\/wp-content\\\/uploads\\\/2021\\\/12\\\/3.jpg&quot;},{&quot;id&quot;:1039,&quot;url&quot;:&quot;https:\\\/\\\/movelasers.com\\\/wp-content\\\/uploads\\\/2021\\\/12\\\/6.jpg&quot;},{&quot;id&quot;:1045,&quot;url&quot;:&quot;https:\\\/\\\/movelasers.com\\\/wp-content\\\/uploads\\\/2021\\\/12\\\/\\ufffd\\ufffd\\ufffd\\ufffdDHA-00-KS8-2-\\ufffd\\ufffd\\ufffd-5.6.png&quot;},{&quot;id&quot;:1034,&quot;url&quot;:&quot;https:\\\/\\\/movelasers.com\\\/wp-content\\\/uploads\\\/2021\\\/12\\\/1.jpg&quot;}],&quot;background_slideshow_ken_burns&quot;:&quot;yes&quot;,&quot;background_slideshow_loop&quot;:&quot;yes&quot;,&quot;background_slideshow_slide_duration&quot;:5000,&quot;background_slideshow_slide_transition&quot;:&quot;fade&quot;,&quot;background_slideshow_transition_duration&quot;:500,&quot;background_slideshow_ken_burns_zoom_direction&quot;:&quot;in&quot;}\">\n\t\t\t\t\t\t\t<div class=\"elementor-background-overlay\"><\/div>\n\t\t\t\t\t\t\t<div class=\"elementor-container elementor-column-gap-no\">\n\t\t\t\t\t<div class=\"elementor-column elementor-col-100 elementor-top-column elementor-element elementor-element-4c6db26\" data-id=\"4c6db26\" data-element_type=\"column\">\n\t\t\t<div class=\"elementor-widget-wrap elementor-element-populated\">\n\t\t\t\t\t\t<div class=\"elementor-element elementor-element-558ce53 elementor-widget elementor-widget-heading\" data-id=\"558ce53\" data-element_type=\"widget\" data-widget_type=\"heading.default\">\n\t\t\t\t<div class=\"elementor-widget-container\">\n\t\t\t\t\t<h1 class=\"elementor-heading-title elementor-size-default\">Trung t\u00e2m tin t\u1ee9c Movelaser<\/h1>\t\t\t\t<\/div>\n\t\t\t\t<\/div>\n\t\t\t\t<div class=\"elementor-element elementor-element-628c3d6 elementor-widget-divider--view-line elementor-widget elementor-widget-divider\" data-id=\"628c3d6\" data-element_type=\"widget\" data-widget_type=\"divider.default\">\n\t\t\t\t<div class=\"elementor-widget-container\">\n\t\t\t\t\t\t\t<div class=\"elementor-divider\">\n\t\t\t<span class=\"elementor-divider-separator\">\n\t\t\t\t\t\t<\/span>\n\t\t<\/div>\n\t\t\t\t\t\t<\/div>\n\t\t\t\t<\/div>\n\t\t\t\t\t<\/div>\n\t\t<\/div>\n\t\t\t\t\t<\/div>\n\t\t<\/section>\n\t\t\t\t<section class=\"elementor-section elementor-top-section elementor-element elementor-element-4c00deb elementor-section-boxed elementor-section-height-default elementor-section-height-default\" data-id=\"4c00deb\" data-element_type=\"section\" data-settings=\"{&quot;background_background&quot;:&quot;classic&quot;}\">\n\t\t\t\t\t\t<div class=\"elementor-container elementor-column-gap-default\">\n\t\t\t\t\t<div class=\"elementor-column elementor-col-100 elementor-top-column elementor-element elementor-element-91186d7\" data-id=\"91186d7\" data-element_type=\"column\">\n\t\t\t<div class=\"elementor-widget-wrap elementor-element-populated\">\n\t\t\t\t\t\t<div class=\"elementor-element elementor-element-dbbfde0 elementor-widget elementor-widget-heading\" data-id=\"dbbfde0\" data-element_type=\"widget\" data-widget_type=\"heading.default\">\n\t\t\t\t<div class=\"elementor-widget-container\">\n\t\t\t\t\t<h2 class=\"elementor-heading-title elementor-size-default\">Molas B300 c\u00f3 \u0111\u01b0\u1ee3c Ph\u00e2n lo\u1ea1i c\u1ee5 th\u1ec3 lo\u1ea1i DNV-GL<\/h2>\t\t\t\t<\/div>\n\t\t\t\t<\/div>\n\t\t\t\t<div class=\"elementor-element elementor-element-bb7801e elementor-widget-divider--view-line elementor-widget elementor-widget-divider\" data-id=\"bb7801e\" data-element_type=\"widget\" data-widget_type=\"divider.default\">\n\t\t\t\t<div class=\"elementor-widget-container\">\n\t\t\t\t\t\t\t<div class=\"elementor-divider\">\n\t\t\t<span class=\"elementor-divider-separator\">\n\t\t\t\t\t\t<\/span>\n\t\t<\/div>\n\t\t\t\t\t\t<\/div>\n\t\t\t\t<\/div>\n\t\t\t\t<div class=\"elementor-element elementor-element-a8faea8 elementor-widget elementor-widget-text-editor\" data-id=\"a8faea8\" data-element_type=\"widget\" data-widget_type=\"text-editor.default\">\n\t\t\t\t<div class=\"elementor-widget-container\">\n\t\t\t\t\t\t\t\t\t<p>2021-05-08<\/p>\t\t\t\t\t\t\t\t<\/div>\n\t\t\t\t<\/div>\n\t\t\t\t<div class=\"elementor-element elementor-element-2704f02 elementor-widget elementor-widget-text-editor\" data-id=\"2704f02\" data-element_type=\"widget\" data-widget_type=\"text-editor.default\">\n\t\t\t\t<div class=\"elementor-widget-container\">\n\t\t\t\t\t\t\t\t\t<p><span style=\"vertical-align: inherit;\"><span style=\"vertical-align: inherit;\">V\u00e0o th\u00e1ng 4 n\u0103m 2021, DNVGL \u0111\u00e3 cung c\u1ea5p b\u00e1o c\u00e1o th\u1eed nghi\u1ec7m ph\u00e2n lo\u1ea1i c\u1ee5 th\u1ec3 theo lo\u1ea1i cu\u1ed1i c\u00f9ng (Ph\u00e2n lo\u1ea1i c\u1ee5 th\u1ec3 theo lo\u1ea1i) cho N\u1eafp \u0111o gi\u00f3 Molas B300 c\u1ee7a C\u00f4ng ty TNHH C\u00f4ng ngh\u1ec7 Movelaser Nam Kinh. Molas B300 \u0111\u00e3 tr\u1edf th\u00e0nh n\u1eafp \u0111\u1eady gi\u00f3 \u0111\u1ea7u ti\u00ean v\u00e0 duy nh\u1ea5t \u0111\u01b0\u1ee3c s\u1ea3n xu\u1ea5t t\u1ea1i Trung Qu\u1ed1c \u0111\u00e3 ho\u00e0n th\u00e0nh c\u00e1c y\u00eau c\u1ea7u ki\u1ec3m tra ph\u00e2n lo\u1ea1i theo quy \u0111\u1ecbnh c\u1ee7a IEC61400-12-1.<\/span><\/span><\/p>\t\t\t\t\t\t\t\t<\/div>\n\t\t\t\t<\/div>\n\t\t\t\t<div class=\"elementor-element elementor-element-1f0a1d2 elementor-widget elementor-widget-text-editor\" data-id=\"1f0a1d2\" data-element_type=\"widget\" data-widget_type=\"text-editor.default\">\n\t\t\t\t<div class=\"elementor-widget-container\">\n\t\t\t\t\t\t\t\t\t<p><span style=\"vertical-align: inherit;\"><span style=\"vertical-align: inherit;\">To\u00e0n b\u1ed9 \u0111\u1ee3t x\u00e9t nghi\u1ec7m k\u00e9o d\u00e0i g\u1ea7n m\u1ed9t n\u0103m, trong \u0111\u00f3 DNVGL v\u00e0 Movelaser c\u00f9ng nhau kh\u1eafc ph\u1ee5c \u1ea3nh h\u01b0\u1edfng c\u1ee7a d\u1ecbch b\u1ec7nh v\u00e0 ho\u00e0n th\u00e0nh xu\u1ea5t s\u1eafc ba kh\u00e2u x\u00e9t nghi\u1ec7m theo y\u00eau c\u1ea7u c\u1ee7a \u0111\u1ee3t x\u00e9t nghi\u1ec7m ph\u00e2n lo\u1ea1i. Trong qu\u00e1 tr\u00ecnh th\u1eed nghi\u1ec7m, c\u00f3 t\u1ed5ng c\u1ed9ng hai n\u1eafp gi\u00f3 Molas B300 \u0111\u00e3 tr\u1ea3i qua qu\u00e1 tr\u00ecnh th\u1eed nghi\u1ec7m nghi\u00eam ng\u1eb7t t\u1ea1i c\u00e1c c\u01a1 s\u1edf th\u1eed nghi\u1ec7m \u1edf Hamburg v\u00e0 Janneby c\u1ee7a DNVGL \u1edf \u0110\u1ee9c.<\/span><\/span><\/p>\t\t\t\t\t\t\t\t<\/div>\n\t\t\t\t<\/div>\n\t\t\t\t<div class=\"elementor-element elementor-element-c6107c3 elementor-widget elementor-widget-image\" data-id=\"c6107c3\" data-element_type=\"widget\" data-widget_type=\"image.default\">\n\t\t\t\t<div class=\"elementor-widget-container\">\n\t\t\t\t\t\t\t\t\t\t\t\t\t\t\t<img fetchpriority=\"high\" decoding=\"async\" width=\"277\" height=\"324\" src=\"https:\/\/www.movelaser.eu\/wp-content\/uploads\/2021\/12\/1620452541681183.png\" class=\"elementor-animation-grow attachment-large size-large wp-image-1992\" alt=\"\" srcset=\"https:\/\/www.movelaser.eu\/wp-content\/uploads\/2021\/12\/1620452541681183.png 277w, https:\/\/www.movelaser.eu\/wp-content\/uploads\/2021\/12\/1620452541681183-256x300.png 256w\" sizes=\"(max-width: 277px) 100vw, 277px\" \/>\t\t\t\t\t\t\t\t\t\t\t\t\t\t\t<\/div>\n\t\t\t\t<\/div>\n\t\t\t\t<div class=\"elementor-element elementor-element-290031e elementor-widget elementor-widget-text-editor\" data-id=\"290031e\" data-element_type=\"widget\" data-widget_type=\"text-editor.default\">\n\t\t\t\t<div class=\"elementor-widget-container\">\n\t\t\t\t\t\t\t\t\t<p><span style=\"vertical-align: inherit;\"><span style=\"vertical-align: inherit;\">Theo ti\u00eau chu\u1ea9n IEC 61400-12-1, th\u1eed nghi\u1ec7m ph\u00e2n lo\u1ea1i thi\u1ebft b\u1ecb y\u00eau c\u1ea7u \u00edt nh\u1ea5t hai \u0111\u01a1n v\u1ecb thi\u1ebft b\u1ecb \u0111\u01b0\u1ee3c th\u1eed nghi\u1ec7m t\u1ea1i hai \u0111\u1ecba \u0111i\u1ec3m kh\u00e1c nhau v\u00e0 \u00edt nh\u1ea5t m\u1ed9t \u0111\u01a1n v\u1ecb thi\u1ebft b\u1ecb ph\u1ea3i \u0111\u01b0\u1ee3c tri\u1ec3n khai tr\u00ean hai \u0111\u1ecba \u0111i\u1ec3m, y\u00eau c\u1ea7u m\u1ed7i lo\u1ea1i \u00edt nh\u1ea5t ba c\u00e1c giai \u0111o\u1ea1n c\u1ee7a th\u1eed nghi\u1ec7m ph\u00e2n lo\u1ea1i ph\u1ea3i \u0111\u01b0\u1ee3c th\u1ef1c hi\u1ec7n. \u0110\u1ec3 \u0111\u00e1p \u1ee9ng c\u00e1c y\u00eau c\u1ea7u ti\u00eau chu\u1ea9n, Movelaser \u0111\u00e3 c\u1eed hai chi\u1ebfc Molas B300 \u0111\u1ebfn \u0110\u1ee9c \u0111\u1ec3 tham gia th\u1eed nghi\u1ec7m. Thi\u1ebft b\u1ecb A \u0111\u00e3 \u0111\u01b0\u1ee3c th\u1eed nghi\u1ec7m \u1edf Hamburg trong 3 th\u00e1ng, Janneby \u0111\u00e3 \u0111\u01b0\u1ee3c th\u1eed nghi\u1ec7m trong g\u1ea7n 4 th\u00e1ng v\u00e0 Thi\u1ebft b\u1ecb B \u0111\u00e3 \u0111\u01b0\u1ee3c th\u1eed nghi\u1ec7m \u1edf Janneby trong 4 th\u00e1ng.<\/span><\/span><\/p>\t\t\t\t\t\t\t\t<\/div>\n\t\t\t\t<\/div>\n\t\t\t\t<div class=\"elementor-element elementor-element-cdf2982 elementor-widget elementor-widget-text-editor\" data-id=\"cdf2982\" data-element_type=\"widget\" data-widget_type=\"text-editor.default\">\n\t\t\t\t<div class=\"elementor-widget-container\">\n\t\t\t\t\t\t\t\t\t<p><span style=\"vertical-align: inherit;\"><span style=\"vertical-align: inherit;\">Ki\u1ec3m tra ph\u00e2n lo\u1ea1i nh\u1eb1m \u0111\u00e1nh gi\u00e1 m\u1ee9c \u0111\u1ed9 \u1ea3nh h\u01b0\u1edfng c\u1ee7a c\u00e1c th\u00f4ng s\u1ed1 m\u00f4i tr\u01b0\u1eddng (bao g\u1ed3m gradient nhi\u1ec7t \u0111\u1ed9, nhi\u1ec7t \u0111\u1ed9, h\u01b0\u1edbng gi\u00f3, c\u01b0\u1eddng \u0111\u1ed9 nhi\u1ec5u \u0111\u1ed9ng, t\u1ed1c \u0111\u1ed9 thay \u0111\u1ed5i h\u01b0\u1edbng gi\u00f3, l\u01b0\u1ee3ng m\u01b0a, g\u00f3c d\u00f2ng ch\u1ea3y) \u0111\u1ebfn \u0111\u1ed9 ch\u00ednh x\u00e1c \u0111o c\u1ee7a gi\u00f3. K\u1ebft qu\u1ea3 th\u1eed nghi\u1ec7m cho th\u1ea5y Molas B300 \u1edf m\u1ee9c t\u01b0\u01a1ng \u0111\u1ed1i xu\u1ea5t s\u1eafc. Ki\u1ec3m tra ph\u00e2n lo\u1ea1i gi\u00fap kh\u00e1ch h\u00e0ng hi\u1ec3u s\u00e2u h\u01a1n v\u1ec1 hi\u1ec7u su\u1ea5t \u0111o c\u1ee7a Molas B300 v\u00e0 cung c\u1ea5p h\u01b0\u1edbng d\u1eabn cho kh\u00e1ch h\u00e0ng s\u1eed d\u1ee5ng Molas B300 \u0111\u1ec3 \u0111\u00e1nh gi\u00e1 t\u00e0i nguy\u00ean gi\u00f3, ki\u1ec3m tra \u0111\u01b0\u1eddng cong c\u00f4ng su\u1ea5t, d\u1ef1 \u0111o\u00e1n c\u00f4ng su\u1ea5t v\u00e0 c\u00e1c m\u1ee5c \u0111\u00edch kh\u00e1c. B\u00e1o c\u00e1o ki\u1ec3m tra ph\u00e2n lo\u1ea1i c\u0169ng c\u00f3 th\u1ec3 \u0111\u01b0\u1ee3c s\u1eed d\u1ee5ng l\u00e0m c\u01a1 s\u1edf quan tr\u1ecdng cho c\u00e1c kho\u1ea3n vay ng\u00e2n h\u00e0ng khi kh\u00e1ch h\u00e0ng trong v\u00e0 ngo\u00e0i n\u01b0\u1edbc ph\u00e1t tri\u1ec3n c\u00e1c d\u1ef1 \u00e1n m\u1edbi.<\/span><\/span><\/p>\t\t\t\t\t\t\t\t<\/div>\n\t\t\t\t<\/div>\n\t\t\t\t<div class=\"elementor-element elementor-element-af2960e elementor-widget elementor-widget-text-editor\" data-id=\"af2960e\" data-element_type=\"widget\" data-widget_type=\"text-editor.default\">\n\t\t\t\t<div class=\"elementor-widget-container\">\n\t\t\t\t\t\t\t\t\t<p><font style=\"vertical-align: inherit;\"><font style=\"vertical-align: inherit;\">Tr\u01b0\u1edbc khi ki\u1ec3m tra ph\u00e2n lo\u1ea1i, n\u1eafp gi\u00f3 Molas B300 \u0111\u00e3 \u0111\u1ea1t \u0111\u01b0\u1ee3c b\u00e1o c\u00e1o ki\u1ec3m tra so s\u00e1nh DNVGL (X\u00e1c minh), k\u1ebft qu\u1ea3 l\u00e0 r\u1ea5t t\u1ed1t, \u0111\u1ea1t c\u1ea5p \u0111\u1ed9 h\u00e0ng \u0111\u1ea7u qu\u1ed1c t\u1ebf. K\u1ec3 t\u1eeb n\u0103m 2016, Molas B300 \u0111\u00e3 li\u00ean ti\u1ebfp nh\u1eadn \u0111\u01b0\u1ee3c nhi\u1ec1u b\u00e1o c\u00e1o th\u1eed nghi\u1ec7m t\u1eeb WindGuard c\u1ee7a \u0110\u1ee9c, DTU c\u1ee7a \u0110an M\u1ea1ch, DNVGL c\u1ee7a \u0110\u1ee9c v\u00e0 CGC trong n\u01b0\u1edbc.<\/font><\/font><\/p>\t\t\t\t\t\t\t\t<\/div>\n\t\t\t\t<\/div>\n\t\t\t\t<div class=\"elementor-element elementor-element-8eaf7a1 elementor-widget elementor-widget-image\" data-id=\"8eaf7a1\" data-element_type=\"widget\" data-widget_type=\"image.default\">\n\t\t\t\t<div class=\"elementor-widget-container\">\n\t\t\t\t\t\t\t\t\t\t\t\t\t\t\t<img decoding=\"async\" width=\"913\" height=\"770\" data-src=\"https:\/\/www.movelaser.eu\/wp-content\/uploads\/2021\/12\/1620452552815862.png\" class=\"elementor-animation-grow attachment-large size-large wp-image-1991 lazyload\" alt=\"\" data-srcset=\"https:\/\/www.movelaser.eu\/wp-content\/uploads\/2021\/12\/1620452552815862.png 913w, https:\/\/www.movelaser.eu\/wp-content\/uploads\/2021\/12\/1620452552815862-300x253.png 300w, https:\/\/www.movelaser.eu\/wp-content\/uploads\/2021\/12\/1620452552815862-768x648.png 768w, https:\/\/www.movelaser.eu\/wp-content\/uploads\/2021\/12\/1620452552815862-600x506.png 600w\" data-sizes=\"(max-width: 913px) 100vw, 913px\" src=\"data:image\/svg+xml;base64,PHN2ZyB3aWR0aD0iMSIgaGVpZ2h0PSIxIiB4bWxucz0iaHR0cDovL3d3dy53My5vcmcvMjAwMC9zdmciPjwvc3ZnPg==\" style=\"--smush-placeholder-width: 913px; --smush-placeholder-aspect-ratio: 913\/770;\" \/>\t\t\t\t\t\t\t\t\t\t\t\t\t\t\t<\/div>\n\t\t\t\t<\/div>\n\t\t\t\t<div class=\"elementor-element elementor-element-56689ce elementor-widget elementor-widget-text-editor\" data-id=\"56689ce\" data-element_type=\"widget\" data-widget_type=\"text-editor.default\">\n\t\t\t\t<div class=\"elementor-widget-container\">\n\t\t\t\t\t\t\t\t\t<p>K\u1ebft qu\u1ea3 so s\u00e1nh Molas B300 @DNVGL<\/p>\t\t\t\t\t\t\t\t<\/div>\n\t\t\t\t<\/div>\n\t\t\t\t\t<\/div>\n\t\t<\/div>\n\t\t\t\t\t<\/div>\n\t\t<\/section>\n\t\t\t\t<\/div>","protected":false},"excerpt":{"rendered":"<p>Movelaser News Center Molas B300 acquired DNV-GL Type-specific Classification 2021-05-08 In April 2021, DNVGL provided the final type-specific classification test report (Type-specific Classsification) for Nanjing Movelaser Technology Co., Ltd. Molas B300 wind measurement lidar. Molas B300 has become the first and only wind lidar made in China that has completed the classification test requirements specified &hellip;<\/p>\n<p class=\"read-more\"> <a class=\"\" href=\"https:\/\/www.movelaser.eu\/vi\/news\/20210508-molas-b300-acquired-dnv-gl-type-specific-classification\/\"> <span class=\"screen-reader-text\">20210508 - Molas B300 c\u00f3 \u0111\u01b0\u1ee3c Ph\u00e2n lo\u1ea1i c\u1ee5 th\u1ec3 ki\u1ec3u DNV-GL<\/span> Read More &raquo;<\/a><\/p>","protected":false},"author":1,"featured_media":0,"parent":1935,"menu_order":0,"comment_status":"closed","ping_status":"closed","template":"","meta":{"_monsterinsights_skip_tracking":false,"_monsterinsights_sitenote_active":false,"_monsterinsights_sitenote_note":"","_monsterinsights_sitenote_category":0,"site-sidebar-layout":"no-sidebar","site-content-layout":"page-builder","ast-main-header-display":"","ast-hfb-above-header-display":"","ast-hfb-below-header-display":"","ast-hfb-mobile-header-display":"","site-post-title":"disabled","ast-breadcrumbs-content":"disabled","ast-featured-img":"disabled","footer-sml-layout":"","theme-transparent-header-meta":"enabled","adv-header-id-meta":"","stick-header-meta":"","header-above-stick-meta":"","header-main-stick-meta":"","header-below-stick-meta":"","footnotes":""},"class_list":["post-1988","page","type-page","status-publish","hentry"],"_links":{"self":[{"href":"https:\/\/www.movelaser.eu\/vi\/wp-json\/wp\/v2\/pages\/1988","targetHints":{"allow":["GET"]}}],"collection":[{"href":"https:\/\/www.movelaser.eu\/vi\/wp-json\/wp\/v2\/pages"}],"about":[{"href":"https:\/\/www.movelaser.eu\/vi\/wp-json\/wp\/v2\/types\/page"}],"author":[{"embeddable":true,"href":"https:\/\/www.movelaser.eu\/vi\/wp-json\/wp\/v2\/users\/1"}],"replies":[{"embeddable":true,"href":"https:\/\/www.movelaser.eu\/vi\/wp-json\/wp\/v2\/comments?post=1988"}],"version-history":[{"count":0,"href":"https:\/\/www.movelaser.eu\/vi\/wp-json\/wp\/v2\/pages\/1988\/revisions"}],"up":[{"embeddable":true,"href":"https:\/\/www.movelaser.eu\/vi\/wp-json\/wp\/v2\/pages\/1935"}],"wp:attachment":[{"href":"https:\/\/www.movelaser.eu\/vi\/wp-json\/wp\/v2\/media?parent=1988"}],"curies":[{"name":"wp","href":"https:\/\/api.w.org\/{rel}","templated":true}]}}