{"id":1975,"date":"2021-12-22T08:54:27","date_gmt":"2021-12-22T00:54:27","guid":{"rendered":"https:\/\/movelasers.com\/?page_id=1975"},"modified":"2021-12-22T09:09:30","modified_gmt":"2021-12-22T01:09:30","slug":"20190822-molas-nl-applied-to-offshore-4-0mw-wind-turbines","status":"publish","type":"page","link":"https:\/\/www.movelaser.eu\/vi\/news\/20190822-molas-nl-applied-to-offshore-4-0mw-wind-turbines\/","title":{"rendered":"20190822 - Molas NL \u0111\u01b0\u1ee3c \u00e1p d\u1ee5ng cho c\u00e1c tuabin gi\u00f3 4.0MW ngo\u00e0i kh\u01a1i c\u1ee7a Siemens"},"content":{"rendered":"<div data-elementor-type=\"wp-page\" data-elementor-id=\"1975\" class=\"elementor elementor-1975\">\n\t\t\t\t\t\t<section class=\"elementor-section elementor-top-section elementor-element elementor-element-6952cf8 elementor-section-height-min-height elementor-section-boxed elementor-section-height-default elementor-section-items-middle\" data-id=\"6952cf8\" data-element_type=\"section\" data-settings=\"{&quot;background_background&quot;:&quot;slideshow&quot;,&quot;background_slideshow_gallery&quot;:[{&quot;id&quot;:986,&quot;url&quot;:&quot;https:\\\/\\\/movelasers.com\\\/wp-content\\\/uploads\\\/2021\\\/12\\\/MOLAS-NL-ON-TURBINE.jpg&quot;},{&quot;id&quot;:1978,&quot;url&quot;:&quot;https:\\\/\\\/movelasers.com\\\/wp-content\\\/uploads\\\/2021\\\/12\\\/1566439086951038.jpg&quot;}],&quot;background_slideshow_ken_burns&quot;:&quot;yes&quot;,&quot;background_slideshow_loop&quot;:&quot;yes&quot;,&quot;background_slideshow_slide_duration&quot;:5000,&quot;background_slideshow_slide_transition&quot;:&quot;fade&quot;,&quot;background_slideshow_transition_duration&quot;:500,&quot;background_slideshow_ken_burns_zoom_direction&quot;:&quot;in&quot;}\">\n\t\t\t\t\t\t\t<div class=\"elementor-background-overlay\"><\/div>\n\t\t\t\t\t\t\t<div class=\"elementor-container elementor-column-gap-no\">\n\t\t\t\t\t<div class=\"elementor-column elementor-col-100 elementor-top-column elementor-element elementor-element-4c6db26\" data-id=\"4c6db26\" data-element_type=\"column\">\n\t\t\t<div class=\"elementor-widget-wrap elementor-element-populated\">\n\t\t\t\t\t\t<div class=\"elementor-element elementor-element-558ce53 elementor-widget elementor-widget-heading\" data-id=\"558ce53\" data-element_type=\"widget\" data-widget_type=\"heading.default\">\n\t\t\t\t<div class=\"elementor-widget-container\">\n\t\t\t\t\t<h1 class=\"elementor-heading-title elementor-size-default\">Trung t\u00e2m tin t\u1ee9c Movelaser<\/h1>\t\t\t\t<\/div>\n\t\t\t\t<\/div>\n\t\t\t\t<div class=\"elementor-element elementor-element-628c3d6 elementor-widget-divider--view-line elementor-widget elementor-widget-divider\" data-id=\"628c3d6\" data-element_type=\"widget\" data-widget_type=\"divider.default\">\n\t\t\t\t<div class=\"elementor-widget-container\">\n\t\t\t\t\t\t\t<div class=\"elementor-divider\">\n\t\t\t<span class=\"elementor-divider-separator\">\n\t\t\t\t\t\t<\/span>\n\t\t<\/div>\n\t\t\t\t\t\t<\/div>\n\t\t\t\t<\/div>\n\t\t\t\t\t<\/div>\n\t\t<\/div>\n\t\t\t\t\t<\/div>\n\t\t<\/section>\n\t\t\t\t<section class=\"elementor-section elementor-top-section elementor-element elementor-element-4c00deb elementor-section-boxed elementor-section-height-default elementor-section-height-default\" data-id=\"4c00deb\" data-element_type=\"section\" data-settings=\"{&quot;background_background&quot;:&quot;classic&quot;}\">\n\t\t\t\t\t\t<div class=\"elementor-container elementor-column-gap-default\">\n\t\t\t\t\t<div class=\"elementor-column elementor-col-100 elementor-top-column elementor-element elementor-element-91186d7\" data-id=\"91186d7\" data-element_type=\"column\">\n\t\t\t<div class=\"elementor-widget-wrap elementor-element-populated\">\n\t\t\t\t\t\t<div class=\"elementor-element elementor-element-dbbfde0 elementor-widget elementor-widget-heading\" data-id=\"dbbfde0\" data-element_type=\"widget\" data-widget_type=\"heading.default\">\n\t\t\t\t<div class=\"elementor-widget-container\">\n\t\t\t\t\t<h2 class=\"elementor-heading-title elementor-size-default\">Molas NL \u0111\u01b0\u1ee3c \u1ee9ng d\u1ee5ng tr\u00ean c\u00e1c tuabin gi\u00f3 4.0MW ngo\u00e0i kh\u01a1i c\u1ee7a Siemens<\/h2>\t\t\t\t<\/div>\n\t\t\t\t<\/div>\n\t\t\t\t<div class=\"elementor-element elementor-element-bb7801e elementor-widget-divider--view-line elementor-widget elementor-widget-divider\" data-id=\"bb7801e\" data-element_type=\"widget\" data-widget_type=\"divider.default\">\n\t\t\t\t<div class=\"elementor-widget-container\">\n\t\t\t\t\t\t\t<div class=\"elementor-divider\">\n\t\t\t<span class=\"elementor-divider-separator\">\n\t\t\t\t\t\t<\/span>\n\t\t<\/div>\n\t\t\t\t\t\t<\/div>\n\t\t\t\t<\/div>\n\t\t\t\t<div class=\"elementor-element elementor-element-a8faea8 elementor-widget elementor-widget-text-editor\" data-id=\"a8faea8\" data-element_type=\"widget\" data-widget_type=\"text-editor.default\">\n\t\t\t\t<div class=\"elementor-widget-container\">\n\t\t\t\t\t\t\t\t\t<p><span style=\"vertical-align: inherit;\"><span style=\"vertical-align: inherit;\">2019-08-22<\/span><\/span><\/p>\t\t\t\t\t\t\t\t<\/div>\n\t\t\t\t<\/div>\n\t\t\t\t<div class=\"elementor-element elementor-element-290031e elementor-widget elementor-widget-text-editor\" data-id=\"290031e\" data-element_type=\"widget\" data-widget_type=\"text-editor.default\">\n\t\t\t\t<div class=\"elementor-widget-container\">\n\t\t\t\t\t\t\t\t\t<p><span style=\"vertical-align: inherit;\"><span style=\"vertical-align: inherit;\">V\u00e0o th\u00e1ng 6 n\u0103m 2019, c\u00e1nh qu\u1ea1t gi\u00f3 d\u1ef1a tr\u00ean Movelaser Molas NL nacelle \u0111\u00e3 \u0111\u01b0\u1ee3c l\u1eafp \u0111\u1eb7t t\u1ea1i m\u1ed9t trang tr\u1ea1i gi\u00f3 ngo\u00e0i kh\u01a1i \u1edf Zhoushan, t\u1ec9nh Chi\u1ebft Giang. 90 m\u00e9t v\u00e0 chi\u1ec1u d\u00e0i l\u01b0\u1ee1i 62,5 m\u00e9t, chi ph\u00ed \u0111\u1ec3 thi\u1ebft l\u1eadp m\u1ed9t c\u1ed9t bu\u1ed3m ngo\u00e0i kh\u01a1i l\u00e0 h\u00e0ng tri\u1ec7u RMB, r\u1ea5t kh\u00f3 x\u00e2y d\u1ef1ng, t\u1ed1n k\u00e9m v\u00e0 kh\u00f4ng th\u1ec3 di chuy\u1ec3n. N\u1eafp gi\u00f3 nacelle Movelaser Molas NL c\u00f3 kh\u1ea3 n\u0103ng th\u00edch \u1ee9ng v\u1edbi m\u00f4i tr\u01b0\u1eddng bi\u1ec3n r\u1ea5t t\u1ed1t, gi\u00e1 th\u00e0nh thi\u1ebft b\u1ecb th\u1ea5p, vi\u1ec7c l\u1eafp \u0111\u1eb7t v\u00e0 th\u00e1o d\u1ee1 ch\u1ec9 m\u1ea5t n\u1eeda ng\u00e0y, ti\u1ebft ki\u1ec7m \u0111\u01b0\u1ee3c nhi\u1ec1u th\u1eddi gian v\u00e0 chi ph\u00ed. N\u00f3 hi\u1ec7n l\u00e0 s\u1ef1 l\u1ef1a ch\u1ecdn t\u1ed1t nh\u1ea5t cho ph\u00e9p \u0111o gi\u00f3 ngo\u00e0i kh\u01a1i \u0111\u1ec3 x\u00e1c nh\u1eadn \u0111\u01b0\u1eddng cong c\u00f4ng su\u1ea5t.<\/span><\/span><\/p><p><span style=\"vertical-align: inherit;\"><span style=\"vertical-align: inherit;\">Molas NL c\u00f3 th\u1ec3 \u0111o th\u00f4ng tin t\u1ed1c \u0111\u1ed9 gi\u00f3 c\u1ee7a 10 v\u00f9ng kho\u1ea3ng c\u00e1ch t\u1eeb 50m \u0111\u1ebfn 400m ph\u00eda tr\u01b0\u1edbc trung t\u00e2m. N\u00f3 c\u00f3 th\u1ec3 thu th\u1eadp th\u00f4ng tin ch\u00ednh x\u00e1c v\u00e0 \u0111\u00e1ng tin c\u1eady nh\u01b0 t\u1ed1c \u0111\u1ed9 gi\u00f3, h\u01b0\u1edbng gi\u00f3 v\u00e0 nhi\u1ec5u \u0111\u1ed9ng ngay c\u1ea3 trong \u0111i\u1ec1u ki\u1ec7n kh\u1eafc nghi\u1ec7t ngo\u00e0i kh\u01a1i. Sau h\u01a1n hai th\u00e1ng ho\u1ea1t \u0111\u1ed9ng, Molas NL \u0111\u00e3 ho\u1ea1t \u0111\u1ed9ng t\u1ed1t trong m\u00f4i tr\u01b0\u1eddng bi\u1ec3n, cung c\u1ea5p cho kh\u00e1ch h\u00e0ng th\u00f4ng tin t\u1ed1c \u0111\u1ed9 gi\u00f3 ch\u00ednh x\u00e1c v\u00e0 hi\u1ec7u qu\u1ea3 v\u00e0 b\u00e1o c\u00e1o ph\u00e2n t\u00edch d\u1eef li\u1ec7u chuy\u00ean nghi\u1ec7p, cung c\u1ea5p h\u1ed7 tr\u1ee3 d\u1eef li\u1ec7u m\u1ea1nh m\u1ebd cho d\u1ef1 \u00e1n x\u00e1c minh \u0111\u01b0\u1eddng cong c\u00f4ng su\u1ea5t tuabin gi\u00f3 ngo\u00e0i kh\u01a1i n\u00e0y.<\/span><\/span><\/p><p><span style=\"vertical-align: inherit;\"><span style=\"vertical-align: inherit;\">Hi\u1ec7n t\u1ea1i, n\u1eafp \u0111\u1eady gi\u00f3 d\u1ef1a tr\u00ean Molas NL \u0111\u00e3 \u0111\u01b0\u1ee3c \u1ee9ng d\u1ee5ng trong nhi\u1ec1u nh\u00e0 s\u1ea3n xu\u1ea5t tuabin gi\u00f3 trong n\u01b0\u1edbc nh\u01b0 Goldwind, Envision, Shanghai Electric, Windey, CSIC v\u00e0 Sany, v\u00e0 \u0111\u00e3 cho th\u1ea5y hi\u1ec7u qu\u1ea3 tuy\u1ec7t v\u1eddi.<\/span><\/span><\/p>\t\t\t\t\t\t\t\t<\/div>\n\t\t\t\t<\/div>\n\t\t\t\t<div class=\"elementor-element elementor-element-8eaf7a1 elementor-widget elementor-widget-image\" data-id=\"8eaf7a1\" data-element_type=\"widget\" data-widget_type=\"image.default\">\n\t\t\t\t<div class=\"elementor-widget-container\">\n\t\t\t\t\t\t\t\t\t\t\t\t\t\t\t<img fetchpriority=\"high\" decoding=\"async\" width=\"472\" height=\"357\" src=\"https:\/\/www.movelaser.eu\/wp-content\/uploads\/2021\/12\/1566439086951038.jpg\" class=\"elementor-animation-grow attachment-large size-large wp-image-1978\" alt=\"\" srcset=\"https:\/\/www.movelaser.eu\/wp-content\/uploads\/2021\/12\/1566439086951038.jpg 472w, https:\/\/www.movelaser.eu\/wp-content\/uploads\/2021\/12\/1566439086951038-300x227.jpg 300w\" sizes=\"(max-width: 472px) 100vw, 472px\" \/>\t\t\t\t\t\t\t\t\t\t\t\t\t\t\t<\/div>\n\t\t\t\t<\/div>\n\t\t\t\t\t<\/div>\n\t\t<\/div>\n\t\t\t\t\t<\/div>\n\t\t<\/section>\n\t\t\t\t<\/div>","protected":false},"excerpt":{"rendered":"<p>Trung t\u00e2m tin t\u1ee9c Movelaser Molas NL \u1ee9ng d\u1ee5ng cho c\u00e1c tuabin gi\u00f3 4.0MW ngo\u00e0i kh\u01a1i c\u1ee7a Siemens 2019-08-22 V\u00e0o th\u00e1ng 6 n\u0103m 2019, n\u1eafp \u0111\u1eady gi\u00f3 d\u1ef1a tr\u00ean \u1ed1ng nano Movelaser Molas NL \u0111\u00e3 \u0111\u01b0\u1ee3c l\u1eafp \u0111\u1eb7t t\u1ea1i m\u1ed9t trang tr\u1ea1i gi\u00f3 ngo\u00e0i kh\u01a1i \u1edf Zhoushan, t\u1ec9nh Chi\u1ebft Giang. Ki\u1ec3m \u0111\u1ecbnh c\u00e1c tuabin gi\u00f3 ngo\u00e0i kh\u01a1i. Tuabin gi\u00f3 l\u00e0 ki\u1ec3u Siemens 4.0MW v\u1edbi chi\u1ec1u cao trung t\u00e2m l\u00e0\u2026<\/p>\n<p class=\"read-more\"> <a class=\"\" href=\"https:\/\/www.movelaser.eu\/vi\/news\/20190822-molas-nl-applied-to-offshore-4-0mw-wind-turbines\/\"> <span class=\"screen-reader-text\">20190822 - Molas NL \u0111\u01b0\u1ee3c \u00e1p d\u1ee5ng cho c\u00e1c tuabin gi\u00f3 4.0MW ngo\u00e0i kh\u01a1i c\u1ee7a Siemens<\/span> Read More &raquo;<\/a><\/p>","protected":false},"author":1,"featured_media":0,"parent":1935,"menu_order":0,"comment_status":"closed","ping_status":"closed","template":"","meta":{"_monsterinsights_skip_tracking":false,"_monsterinsights_sitenote_active":false,"_monsterinsights_sitenote_note":"","_monsterinsights_sitenote_category":0,"site-sidebar-layout":"no-sidebar","site-content-layout":"page-builder","ast-main-header-display":"","ast-hfb-above-header-display":"","ast-hfb-below-header-display":"","ast-hfb-mobile-header-display":"","site-post-title":"disabled","ast-breadcrumbs-content":"disabled","ast-featured-img":"disabled","footer-sml-layout":"","theme-transparent-header-meta":"enabled","adv-header-id-meta":"","stick-header-meta":"","header-above-stick-meta":"","header-main-stick-meta":"","header-below-stick-meta":"","footnotes":""},"class_list":["post-1975","page","type-page","status-publish","hentry"],"_links":{"self":[{"href":"https:\/\/www.movelaser.eu\/vi\/wp-json\/wp\/v2\/pages\/1975","targetHints":{"allow":["GET"]}}],"collection":[{"href":"https:\/\/www.movelaser.eu\/vi\/wp-json\/wp\/v2\/pages"}],"about":[{"href":"https:\/\/www.movelaser.eu\/vi\/wp-json\/wp\/v2\/types\/page"}],"author":[{"embeddable":true,"href":"https:\/\/www.movelaser.eu\/vi\/wp-json\/wp\/v2\/users\/1"}],"replies":[{"embeddable":true,"href":"https:\/\/www.movelaser.eu\/vi\/wp-json\/wp\/v2\/comments?post=1975"}],"version-history":[{"count":0,"href":"https:\/\/www.movelaser.eu\/vi\/wp-json\/wp\/v2\/pages\/1975\/revisions"}],"up":[{"embeddable":true,"href":"https:\/\/www.movelaser.eu\/vi\/wp-json\/wp\/v2\/pages\/1935"}],"wp:attachment":[{"href":"https:\/\/www.movelaser.eu\/vi\/wp-json\/wp\/v2\/media?parent=1975"}],"curies":[{"name":"wp","href":"https:\/\/api.w.org\/{rel}","templated":true}]}}