{"id":1961,"date":"2021-12-22T08:42:04","date_gmt":"2021-12-22T00:42:04","guid":{"rendered":"https:\/\/movelasers.com\/?page_id=1961"},"modified":"2021-12-22T08:53:44","modified_gmt":"2021-12-22T00:53:44","slug":"20210112-energy-association-of-jiangsu-province-attended-the-meeting-at-movelaser","status":"publish","type":"page","link":"https:\/\/www.movelaser.eu\/vi\/news\/20210112-energy-association-of-jiangsu-province-attended-the-meeting-at-movelaser\/","title":{"rendered":"20210112 - Hi\u1ec7p h\u1ed9i n\u0103ng l\u01b0\u1ee3ng t\u1ec9nh Giang T\u00f4 \u0111\u00e3 tham d\u1ef1 cu\u1ed9c h\u1ecdp t\u1ea1i Movelaser"},"content":{"rendered":"<div data-elementor-type=\"wp-page\" data-elementor-id=\"1961\" class=\"elementor elementor-1961\">\n\t\t\t\t\t\t<section class=\"elementor-section elementor-top-section elementor-element elementor-element-6952cf8 elementor-section-height-min-height elementor-section-boxed elementor-section-height-default elementor-section-items-middle\" data-id=\"6952cf8\" data-element_type=\"section\" data-settings=\"{&quot;background_background&quot;:&quot;slideshow&quot;,&quot;background_slideshow_gallery&quot;:[{&quot;id&quot;:1964,&quot;url&quot;:&quot;https:\\\/\\\/movelasers.com\\\/wp-content\\\/uploads\\\/2021\\\/12\\\/1610957633218539.png&quot;},{&quot;id&quot;:1965,&quot;url&quot;:&quot;https:\\\/\\\/movelasers.com\\\/wp-content\\\/uploads\\\/2021\\\/12\\\/1610957580234727.png&quot;},{&quot;id&quot;:1966,&quot;url&quot;:&quot;https:\\\/\\\/movelasers.com\\\/wp-content\\\/uploads\\\/2021\\\/12\\\/1610957547673285.png&quot;},{&quot;id&quot;:1967,&quot;url&quot;:&quot;https:\\\/\\\/movelasers.com\\\/wp-content\\\/uploads\\\/2021\\\/12\\\/1610957470329129.png&quot;},{&quot;id&quot;:1968,&quot;url&quot;:&quot;https:\\\/\\\/movelasers.com\\\/wp-content\\\/uploads\\\/2021\\\/12\\\/1610957408343819.png&quot;}],&quot;background_slideshow_ken_burns&quot;:&quot;yes&quot;,&quot;background_slideshow_loop&quot;:&quot;yes&quot;,&quot;background_slideshow_slide_duration&quot;:5000,&quot;background_slideshow_slide_transition&quot;:&quot;fade&quot;,&quot;background_slideshow_transition_duration&quot;:500,&quot;background_slideshow_ken_burns_zoom_direction&quot;:&quot;in&quot;}\">\n\t\t\t\t\t\t\t<div class=\"elementor-background-overlay\"><\/div>\n\t\t\t\t\t\t\t<div class=\"elementor-container elementor-column-gap-no\">\n\t\t\t\t\t<div class=\"elementor-column elementor-col-100 elementor-top-column elementor-element elementor-element-4c6db26\" data-id=\"4c6db26\" data-element_type=\"column\">\n\t\t\t<div class=\"elementor-widget-wrap elementor-element-populated\">\n\t\t\t\t\t\t<div class=\"elementor-element elementor-element-558ce53 elementor-widget elementor-widget-heading\" data-id=\"558ce53\" data-element_type=\"widget\" data-widget_type=\"heading.default\">\n\t\t\t\t<div class=\"elementor-widget-container\">\n\t\t\t\t\t<h1 class=\"elementor-heading-title elementor-size-default\">Trung t\u00e2m tin t\u1ee9c Movelaser<\/h1>\t\t\t\t<\/div>\n\t\t\t\t<\/div>\n\t\t\t\t<div class=\"elementor-element elementor-element-628c3d6 elementor-widget-divider--view-line elementor-widget elementor-widget-divider\" data-id=\"628c3d6\" data-element_type=\"widget\" data-widget_type=\"divider.default\">\n\t\t\t\t<div class=\"elementor-widget-container\">\n\t\t\t\t\t\t\t<div class=\"elementor-divider\">\n\t\t\t<span class=\"elementor-divider-separator\">\n\t\t\t\t\t\t<\/span>\n\t\t<\/div>\n\t\t\t\t\t\t<\/div>\n\t\t\t\t<\/div>\n\t\t\t\t\t<\/div>\n\t\t<\/div>\n\t\t\t\t\t<\/div>\n\t\t<\/section>\n\t\t\t\t<section class=\"elementor-section elementor-top-section elementor-element elementor-element-4c00deb elementor-section-boxed elementor-section-height-default elementor-section-height-default\" data-id=\"4c00deb\" data-element_type=\"section\" data-settings=\"{&quot;background_background&quot;:&quot;classic&quot;}\">\n\t\t\t\t\t\t<div class=\"elementor-container elementor-column-gap-default\">\n\t\t\t\t\t<div class=\"elementor-column elementor-col-100 elementor-top-column elementor-element elementor-element-91186d7\" data-id=\"91186d7\" data-element_type=\"column\">\n\t\t\t<div class=\"elementor-widget-wrap elementor-element-populated\">\n\t\t\t\t\t\t<div class=\"elementor-element elementor-element-dbbfde0 elementor-widget elementor-widget-heading\" data-id=\"dbbfde0\" data-element_type=\"widget\" data-widget_type=\"heading.default\">\n\t\t\t\t<div class=\"elementor-widget-container\">\n\t\t\t\t\t<h2 class=\"elementor-heading-title elementor-size-default\">Hi\u1ec7p h\u1ed9i n\u0103ng l\u01b0\u1ee3ng t\u1ec9nh Giang T\u00f4 \u0111\u00e3 tham d\u1ef1 cu\u1ed9c h\u1ecdp t\u1ea1i Movelaser<\/h2>\t\t\t\t<\/div>\n\t\t\t\t<\/div>\n\t\t\t\t<div class=\"elementor-element elementor-element-bb7801e elementor-widget-divider--view-line elementor-widget elementor-widget-divider\" data-id=\"bb7801e\" data-element_type=\"widget\" data-widget_type=\"divider.default\">\n\t\t\t\t<div class=\"elementor-widget-container\">\n\t\t\t\t\t\t\t<div class=\"elementor-divider\">\n\t\t\t<span class=\"elementor-divider-separator\">\n\t\t\t\t\t\t<\/span>\n\t\t<\/div>\n\t\t\t\t\t\t<\/div>\n\t\t\t\t<\/div>\n\t\t\t\t<div class=\"elementor-element elementor-element-a8faea8 elementor-widget elementor-widget-text-editor\" data-id=\"a8faea8\" data-element_type=\"widget\" data-widget_type=\"text-editor.default\">\n\t\t\t\t<div class=\"elementor-widget-container\">\n\t\t\t\t\t\t\t\t\t<p>2021-01-12<\/p>\t\t\t\t\t\t\t\t<\/div>\n\t\t\t\t<\/div>\n\t\t\t\t<div class=\"elementor-element elementor-element-290031e elementor-widget elementor-widget-text-editor\" data-id=\"290031e\" data-element_type=\"widget\" data-widget_type=\"text-editor.default\">\n\t\t\t\t<div class=\"elementor-widget-container\">\n\t\t\t\t\t\t\t\t\t<p><span style=\"vertical-align: inherit;\"><span style=\"vertical-align: inherit;\">V\u00e0o ng\u00e0y 12 th\u00e1ng 1 n\u0103m 2021, Qiu Zhaohua, B\u00ed th\u01b0 Ban C\u00f4ng t\u00e1c \u0110\u1ea3ng c\u1ee7a Khu Ph\u00e1t tri\u1ec3n Kinh t\u1ebf \u0110\u1ea1i Phong Giang T\u00f4, Chen Yuqing, Ph\u00f3 Gi\u00e1m \u0111\u1ed1c \u1ee6y ban C\u1ea3i c\u00e1ch v\u00e0 Ph\u00e1t tri\u1ec3n huy\u1ec7n Di\u00eam Th\u00e0nh \u0110\u1ea1i Phong v\u00e0 Gi\u00e1m \u0111\u1ed1c V\u0103n ph\u00f2ng Qu\u1ea3n l\u00fd Khu C\u00f4ng nghi\u1ec7p \u0110i\u1ec7n l\u1ef1c Giang T\u00f4, Wang Wei , tr\u01b0\u1edfng khu v\u1ef1c ph\u00e1t tri\u1ec3n kinh t\u1ebf Jiangsu Dafeng, Yang Weilin, ph\u00f3 gi\u00e1m \u0111\u1ed1c Hi\u1ec7p h\u1ed9i N\u0103ng l\u01b0\u1ee3ng Jangsu Provice, Shi Xinchun, t\u1ed5ng th\u01b0 k\u00fd, Xu Peng, ph\u00f3 t\u1ed5ng th\u01b0 k\u00fd Yang Yupeng v\u00e0 Guo Xiaoxiao \u0111\u00e3 \u0111\u1ebfn th\u0103m C\u00f4ng ty TNHH C\u00f4ng ngh\u1ec7 Movelaser Nam Kinh. Zhou Jun, ch\u1ee7 t\u1ecbch h\u1ed9i \u0111\u1ed3ng qu\u1ea3n tr\u1ecb, ph\u00f3 ch\u1ee7 t\u1ecbch \u0111i\u1ec1u h\u00e0nh Ye Feng v\u00e0 gi\u00e1m \u0111\u1ed1c ti\u1ebfp th\u1ecb Zhu Hailong \u0111\u00e3 tham d\u1ef1 cu\u1ed9c h\u1ecdp.<\/span><\/span><\/p>\t\t\t\t\t\t\t\t<\/div>\n\t\t\t\t<\/div>\n\t\t\t\t<div class=\"elementor-element elementor-element-8eaf7a1 elementor-widget elementor-widget-image\" data-id=\"8eaf7a1\" data-element_type=\"widget\" data-widget_type=\"image.default\">\n\t\t\t\t<div class=\"elementor-widget-container\">\n\t\t\t\t\t\t\t\t\t\t\t\t\t\t\t<img fetchpriority=\"high\" decoding=\"async\" width=\"1024\" height=\"768\" src=\"https:\/\/www.movelaser.eu\/wp-content\/uploads\/2021\/12\/1610957408343819-1024x768.png\" class=\"elementor-animation-grow attachment-large size-large wp-image-1968\" alt=\"\" srcset=\"https:\/\/www.movelaser.eu\/wp-content\/uploads\/2021\/12\/1610957408343819-1024x768.png 1024w, https:\/\/www.movelaser.eu\/wp-content\/uploads\/2021\/12\/1610957408343819-300x225.png 300w, https:\/\/www.movelaser.eu\/wp-content\/uploads\/2021\/12\/1610957408343819-768x576.png 768w, https:\/\/www.movelaser.eu\/wp-content\/uploads\/2021\/12\/1610957408343819-600x450.png 600w, https:\/\/www.movelaser.eu\/wp-content\/uploads\/2021\/12\/1610957408343819.png 1080w\" sizes=\"(max-width: 1024px) 100vw, 1024px\" \/>\t\t\t\t\t\t\t\t\t\t\t\t\t\t\t<\/div>\n\t\t\t\t<\/div>\n\t\t\t\t<div class=\"elementor-element elementor-element-2009d4b elementor-widget elementor-widget-text-editor\" data-id=\"2009d4b\" data-element_type=\"widget\" data-widget_type=\"text-editor.default\">\n\t\t\t\t<div class=\"elementor-widget-container\">\n\t\t\t\t\t\t\t\t\t<p><span style=\"vertical-align: inherit;\"><span style=\"vertical-align: inherit;\">Thay m\u1eb7t Movelaser, Ti\u1ebfn s\u0129 Zhou b\u00e0y t\u1ecf s\u1ef1 ch\u00e0o \u0111\u00f3n n\u1ed3ng nhi\u1ec7t v\u00e0 l\u1eddi c\u1ea3m \u01a1n ch\u00e2n th\u00e0nh t\u1edbi B\u1ed9 tr\u01b0\u1edfng Qiu v\u00e0 nh\u00f3m c\u1ee7a \u00f4ng. Zhu Hailong, gi\u00e1m \u0111\u1ed1c ti\u1ebfp th\u1ecb c\u1ee7a Movelaser, \u0111\u00e3 b\u00e1o c\u00e1o t\u00ecnh h\u00ecnh chung c\u1ee7a c\u00f4ng ty, l\u1ecbch s\u1eed ph\u00e1t tri\u1ec3n, ho\u1ea1t \u0111\u1ed9ng kinh doanh c\u1ed1t l\u00f5i, l\u1ee3i th\u1ebf k\u1ef9 thu\u1eadt, th\u00e0nh t\u1ef1u ch\u00ednh, s\u1ea3n ph\u1ea9m m\u1edbi, c\u00f4ng ngh\u1ec7 m\u1edbi, v.v. cho t\u1ea5t c\u1ea3 c\u00e1c l\u00e3nh \u0111\u1ea1o, \u0111\u1ed3ng th\u1eddi m\u1eddi t\u1ea5t c\u1ea3 c\u00e1c l\u00e3nh \u0111\u1ea1o tham quan quang h\u1ecdc, c\u01a1 kh\u00ed v\u00e0 \u0111i\u1ec7n c\u1ee7a Movelaser x\u01b0\u1edfng s\u1ea3n xu\u1ea5t, b\u1ec7 ki\u1ec3m tra v\u00e0 c\u01a1 s\u1edf s\u1ea3n xu\u1ea5t. T\u1ea5t c\u1ea3 c\u00e1c lo\u1ea1i ph\u00f2ng th\u00ed nghi\u1ec7m v\u1edbi tr\u00ecnh \u0111\u1ed9 ti\u00ean ti\u1ebfn qu\u1ed1c t\u1ebf.<\/span><\/span><\/p>\t\t\t\t\t\t\t\t<\/div>\n\t\t\t\t<\/div>\n\t\t\t\t<div class=\"elementor-element elementor-element-e632f43 elementor-widget elementor-widget-image\" data-id=\"e632f43\" data-element_type=\"widget\" data-widget_type=\"image.default\">\n\t\t\t\t<div class=\"elementor-widget-container\">\n\t\t\t\t\t\t\t\t\t\t\t\t\t\t\t<img decoding=\"async\" width=\"1024\" height=\"768\" data-src=\"https:\/\/www.movelaser.eu\/wp-content\/uploads\/2021\/12\/1610957470329129-1024x768.png\" class=\"elementor-animation-grow attachment-large size-large wp-image-1967 lazyload\" alt=\"\" data-srcset=\"https:\/\/www.movelaser.eu\/wp-content\/uploads\/2021\/12\/1610957470329129-1024x768.png 1024w, https:\/\/www.movelaser.eu\/wp-content\/uploads\/2021\/12\/1610957470329129-300x225.png 300w, https:\/\/www.movelaser.eu\/wp-content\/uploads\/2021\/12\/1610957470329129-768x576.png 768w, https:\/\/www.movelaser.eu\/wp-content\/uploads\/2021\/12\/1610957470329129-600x450.png 600w, https:\/\/www.movelaser.eu\/wp-content\/uploads\/2021\/12\/1610957470329129.png 1080w\" data-sizes=\"(max-width: 1024px) 100vw, 1024px\" src=\"data:image\/svg+xml;base64,PHN2ZyB3aWR0aD0iMSIgaGVpZ2h0PSIxIiB4bWxucz0iaHR0cDovL3d3dy53My5vcmcvMjAwMC9zdmciPjwvc3ZnPg==\" style=\"--smush-placeholder-width: 1024px; --smush-placeholder-aspect-ratio: 1024\/768;\" \/>\t\t\t\t\t\t\t\t\t\t\t\t\t\t\t<\/div>\n\t\t\t\t<\/div>\n\t\t\t\t<div class=\"elementor-element elementor-element-a0bdbc4 elementor-widget elementor-widget-image\" data-id=\"a0bdbc4\" data-element_type=\"widget\" data-widget_type=\"image.default\">\n\t\t\t\t<div class=\"elementor-widget-container\">\n\t\t\t\t\t\t\t\t\t\t\t\t\t\t\t<img decoding=\"async\" width=\"1024\" height=\"768\" data-src=\"https:\/\/www.movelaser.eu\/wp-content\/uploads\/2021\/12\/1610957547673285-1024x768.png\" class=\"elementor-animation-grow attachment-large size-large wp-image-1966 lazyload\" alt=\"\" data-srcset=\"https:\/\/www.movelaser.eu\/wp-content\/uploads\/2021\/12\/1610957547673285-1024x768.png 1024w, https:\/\/www.movelaser.eu\/wp-content\/uploads\/2021\/12\/1610957547673285-300x225.png 300w, https:\/\/www.movelaser.eu\/wp-content\/uploads\/2021\/12\/1610957547673285-768x576.png 768w, https:\/\/www.movelaser.eu\/wp-content\/uploads\/2021\/12\/1610957547673285-600x450.png 600w, https:\/\/www.movelaser.eu\/wp-content\/uploads\/2021\/12\/1610957547673285.png 1080w\" data-sizes=\"(max-width: 1024px) 100vw, 1024px\" src=\"data:image\/svg+xml;base64,PHN2ZyB3aWR0aD0iMSIgaGVpZ2h0PSIxIiB4bWxucz0iaHR0cDovL3d3dy53My5vcmcvMjAwMC9zdmciPjwvc3ZnPg==\" style=\"--smush-placeholder-width: 1024px; --smush-placeholder-aspect-ratio: 1024\/768;\" \/>\t\t\t\t\t\t\t\t\t\t\t\t\t\t\t<\/div>\n\t\t\t\t<\/div>\n\t\t\t\t<div class=\"elementor-element elementor-element-3efa576 elementor-widget elementor-widget-text-editor\" data-id=\"3efa576\" data-element_type=\"widget\" data-widget_type=\"text-editor.default\">\n\t\t\t\t<div class=\"elementor-widget-container\">\n\t\t\t\t\t\t\t\t\t<p><font style=\"vertical-align: inherit;\"><font style=\"vertical-align: inherit;\">B\u1ed9 tr\u01b0\u1edfng Qiu Zhaohua \u0111\u00e1nh gi\u00e1 cao l\u1ee3i th\u1ebf tuy\u1ec7t \u0111\u1ed1i c\u1ee7a Movelaser trong ng\u00e0nh, \u0111\u1eb7t hy v\u1ecdng l\u1edbn v\u00e0o s\u1ef1 ph\u00e1t tri\u1ec3n trong t\u01b0\u01a1ng lai c\u1ee7a Movelaser v\u00e0 nhi\u1ec7t li\u1ec7t m\u1eddi Movelaser \u0111\u1ebfn th\u0103m \u0110\u1ea1i Phong, t\u1ec9nh Giang T\u00f4, \u0111\u1ec3 \u0111\u00f3ng g\u00f3p v\u00e0o vi\u1ec7c x\u00e2y d\u1ef1ng h\u1ec7 sinh th\u00e1i phong \u0111i\u1ec7n \u0110\u1ea1i Phong. Qiu n\u00f3i r\u1eb1ng lidar l\u00e0 m\u1ed9t \u0111i\u1ec3m ph\u00e1t tri\u1ec3n m\u1edbi c\u1ee7a ng\u00e0nh \u0111i\u1ec7n gi\u00f3 v\u00e0 c\u00f3 tri\u1ec3n v\u1ecdng r\u1ed9ng l\u1edbn. Hy v\u1ecdng r\u1eb1ng Nanjing Movelaser c\u00f3 th\u1ec3 n\u1eafm b\u1eaft \u0111\u01b0\u1ee3c xu h\u01b0\u1edbng thay \u0111\u1ed5i c\u1ee7a th\u1ecb tr\u01b0\u1eddng ng\u00e0nh \u0111i\u1ec7n gi\u00f3, ti\u1ebfp t\u1ee5c duy tr\u00ec l\u1ee3i th\u1ebf h\u00e0ng \u0111\u1ea7u c\u1ee7a c\u00f4ng ngh\u1ec7 lidar trong ng\u00e0nh \u0111i\u1ec7n gi\u00f3, ti\u1ebfp t\u1ee5c \u0111\u1ed5i m\u1edbi v\u00e0 ti\u1ebfp t\u1ee5c \u0111\u00f3ng g\u00f3p cho s\u1ef1 ph\u00e1t tri\u1ec3n c\u1ee7a ng\u00e0nh \u0111i\u1ec7n gi\u00f3 v\u1edbi c\u00f4ng ngh\u1ec7 ti\u00ean ti\u1ebfn, s\u1ea3n ph\u1ea9m \u0111\u00e1ng tin c\u1eady v\u00e0 d\u1ecbch v\u1ee5 ch\u1ea5t l\u01b0\u1ee3ng cao.<\/font><\/font><\/p>\n<p><font style=\"vertical-align: inherit;\"><font style=\"vertical-align: inherit;\">Gi\u00e1m \u0111\u1ed1c Chen Yuqing t\u1ecf ra r\u1ea5t th\u00edch th\u00fa v\u1edbi s\u1ea3n ph\u1ea9m lidar molas NL cho bu\u1ed3ng m\u00e1y. \u00d4ng \u0111\u00e3 trao \u0111\u1ed5i s\u00e2u v\u1edbi Ch\u1ee7 t\u1ecbch Zhou v\u1ec1 nguy\u00ean l\u00fd ho\u1ea1t \u0111\u1ed9ng chi ti\u1ebft, c\u00e1c th\u00f4ng s\u1ed1 k\u1ef9 thu\u1eadt v\u00e0 k\u1ecbch b\u1ea3n \u1ee9ng d\u1ee5ng, \u0111\u1ed3ng th\u1eddi b\u00e0y t\u1ecf s\u1ef1 kh\u1eb3ng \u0111\u1ecbnh v\u00e0 k\u1ef3 v\u1ecdng v\u00e0o c\u00f4ng ngh\u1ec7 lidar.<\/font><\/font><\/p>\t\t\t\t\t\t\t\t<\/div>\n\t\t\t\t<\/div>\n\t\t\t\t<div class=\"elementor-element elementor-element-7af6839 elementor-widget elementor-widget-image\" data-id=\"7af6839\" data-element_type=\"widget\" data-widget_type=\"image.default\">\n\t\t\t\t<div class=\"elementor-widget-container\">\n\t\t\t\t\t\t\t\t\t\t\t\t\t\t\t<img decoding=\"async\" width=\"1024\" height=\"768\" data-src=\"https:\/\/www.movelaser.eu\/wp-content\/uploads\/2021\/12\/1610957633218539-1024x768.png\" class=\"elementor-animation-grow attachment-large size-large wp-image-1964 lazyload\" alt=\"\" data-srcset=\"https:\/\/www.movelaser.eu\/wp-content\/uploads\/2021\/12\/1610957633218539-1024x768.png 1024w, https:\/\/www.movelaser.eu\/wp-content\/uploads\/2021\/12\/1610957633218539-300x225.png 300w, https:\/\/www.movelaser.eu\/wp-content\/uploads\/2021\/12\/1610957633218539-768x576.png 768w, https:\/\/www.movelaser.eu\/wp-content\/uploads\/2021\/12\/1610957633218539-600x450.png 600w, https:\/\/www.movelaser.eu\/wp-content\/uploads\/2021\/12\/1610957633218539.png 1280w\" data-sizes=\"(max-width: 1024px) 100vw, 1024px\" src=\"data:image\/svg+xml;base64,PHN2ZyB3aWR0aD0iMSIgaGVpZ2h0PSIxIiB4bWxucz0iaHR0cDovL3d3dy53My5vcmcvMjAwMC9zdmciPjwvc3ZnPg==\" style=\"--smush-placeholder-width: 1024px; --smush-placeholder-aspect-ratio: 1024\/768;\" \/>\t\t\t\t\t\t\t\t\t\t\t\t\t\t\t<\/div>\n\t\t\t\t<\/div>\n\t\t\t\t<div class=\"elementor-element elementor-element-80fe6ca elementor-widget elementor-widget-image\" data-id=\"80fe6ca\" data-element_type=\"widget\" data-widget_type=\"image.default\">\n\t\t\t\t<div class=\"elementor-widget-container\">\n\t\t\t\t\t\t\t\t\t\t\t\t\t\t\t<img decoding=\"async\" width=\"1024\" height=\"768\" data-src=\"https:\/\/www.movelaser.eu\/wp-content\/uploads\/2021\/12\/1610957580234727-1024x768.png\" class=\"elementor-animation-grow attachment-large size-large wp-image-1965 lazyload\" alt=\"\" data-srcset=\"https:\/\/www.movelaser.eu\/wp-content\/uploads\/2021\/12\/1610957580234727-1024x768.png 1024w, https:\/\/www.movelaser.eu\/wp-content\/uploads\/2021\/12\/1610957580234727-300x225.png 300w, https:\/\/www.movelaser.eu\/wp-content\/uploads\/2021\/12\/1610957580234727-768x576.png 768w, https:\/\/www.movelaser.eu\/wp-content\/uploads\/2021\/12\/1610957580234727-600x450.png 600w, https:\/\/www.movelaser.eu\/wp-content\/uploads\/2021\/12\/1610957580234727.png 1280w\" data-sizes=\"(max-width: 1024px) 100vw, 1024px\" src=\"data:image\/svg+xml;base64,PHN2ZyB3aWR0aD0iMSIgaGVpZ2h0PSIxIiB4bWxucz0iaHR0cDovL3d3dy53My5vcmcvMjAwMC9zdmciPjwvc3ZnPg==\" style=\"--smush-placeholder-width: 1024px; --smush-placeholder-aspect-ratio: 1024\/768;\" \/>\t\t\t\t\t\t\t\t\t\t\t\t\t\t\t<\/div>\n\t\t\t\t<\/div>\n\t\t\t\t\t<\/div>\n\t\t<\/div>\n\t\t\t\t\t<\/div>\n\t\t<\/section>\n\t\t\t\t<\/div>","protected":false},"excerpt":{"rendered":"<p>Trung t\u00e2m Tin t\u1ee9c Movelaser Hi\u1ec7p h\u1ed9i N\u0103ng l\u01b0\u1ee3ng t\u1ec9nh Giang T\u00f4 \u0111\u00e3 tham d\u1ef1 cu\u1ed9c h\u1ecdp t\u1ea1i Movelaser 2021-01-12 Ng\u00e0y 12 th\u00e1ng 1 n\u0103m 2021, Qiu Zhaohua, B\u00ed th\u01b0 Ban C\u00f4ng t\u00e1c \u0110\u1ea3ng c\u1ee7a Khu Ph\u00e1t tri\u1ec3n Kinh t\u1ebf \u0110\u1ea1i Phong Giang T\u00f4, Chen Yuqing, Ph\u00f3 Gi\u00e1m \u0111\u1ed1c Ph\u00e1t tri\u1ec3n v\u00e0 C\u1ea3i c\u00e1ch \u1ee6y ban huy\u1ec7n Yancheng Dafeng v\u00e0 gi\u00e1m \u0111\u1ed1c Ban qu\u1ea3n l\u00fd khu c\u00f4ng nghi\u1ec7p \u0111i\u1ec7n Giang T\u00f4 \u0110\u1ea1i Phong\u2026<\/p>\n<p class=\"read-more\"> <a class=\"\" href=\"https:\/\/www.movelaser.eu\/vi\/news\/20210112-energy-association-of-jiangsu-province-attended-the-meeting-at-movelaser\/\"> <span class=\"screen-reader-text\">20210112 - Hi\u1ec7p h\u1ed9i n\u0103ng l\u01b0\u1ee3ng t\u1ec9nh Giang T\u00f4 \u0111\u00e3 tham d\u1ef1 cu\u1ed9c h\u1ecdp t\u1ea1i Movelaser<\/span> Read More &raquo;<\/a><\/p>","protected":false},"author":1,"featured_media":0,"parent":1935,"menu_order":0,"comment_status":"closed","ping_status":"closed","template":"","meta":{"_monsterinsights_skip_tracking":false,"_monsterinsights_sitenote_active":false,"_monsterinsights_sitenote_note":"","_monsterinsights_sitenote_category":0,"site-sidebar-layout":"no-sidebar","site-content-layout":"page-builder","ast-main-header-display":"","ast-hfb-above-header-display":"","ast-hfb-below-header-display":"","ast-hfb-mobile-header-display":"","site-post-title":"disabled","ast-breadcrumbs-content":"disabled","ast-featured-img":"disabled","footer-sml-layout":"","theme-transparent-header-meta":"enabled","adv-header-id-meta":"","stick-header-meta":"","header-above-stick-meta":"","header-main-stick-meta":"","header-below-stick-meta":"","footnotes":""},"class_list":["post-1961","page","type-page","status-publish","hentry"],"_links":{"self":[{"href":"https:\/\/www.movelaser.eu\/vi\/wp-json\/wp\/v2\/pages\/1961","targetHints":{"allow":["GET"]}}],"collection":[{"href":"https:\/\/www.movelaser.eu\/vi\/wp-json\/wp\/v2\/pages"}],"about":[{"href":"https:\/\/www.movelaser.eu\/vi\/wp-json\/wp\/v2\/types\/page"}],"author":[{"embeddable":true,"href":"https:\/\/www.movelaser.eu\/vi\/wp-json\/wp\/v2\/users\/1"}],"replies":[{"embeddable":true,"href":"https:\/\/www.movelaser.eu\/vi\/wp-json\/wp\/v2\/comments?post=1961"}],"version-history":[{"count":0,"href":"https:\/\/www.movelaser.eu\/vi\/wp-json\/wp\/v2\/pages\/1961\/revisions"}],"up":[{"embeddable":true,"href":"https:\/\/www.movelaser.eu\/vi\/wp-json\/wp\/v2\/pages\/1935"}],"wp:attachment":[{"href":"https:\/\/www.movelaser.eu\/vi\/wp-json\/wp\/v2\/media?parent=1961"}],"curies":[{"name":"wp","href":"https:\/\/api.w.org\/{rel}","templated":true}]}}