{"id":1945,"date":"2021-12-22T08:29:03","date_gmt":"2021-12-22T00:29:03","guid":{"rendered":"https:\/\/movelasers.com\/?page_id=1945"},"modified":"2021-12-22T08:40:54","modified_gmt":"2021-12-22T00:40:54","slug":"20201113-movelaser-to-attend-the-3rd-offshore-wind-asia-summit","status":"publish","type":"page","link":"https:\/\/www.movelaser.eu\/vi\/news\/20201113-movelaser-to-attend-the-3rd-offshore-wind-asia-summit\/","title":{"rendered":"20201113 - Movelaser tham d\u1ef1 \u201cH\u1ed9i ngh\u1ecb c\u1ea5p cao Ch\u00e2u \u00c1 v\u1ec1 gi\u00f3 ngo\u00e0i kh\u01a1i l\u1ea7n th\u1ee9 3\u201d"},"content":{"rendered":"<div data-elementor-type=\"wp-page\" data-elementor-id=\"1945\" class=\"elementor elementor-1945\">\n\t\t\t\t\t\t<section class=\"elementor-section elementor-top-section elementor-element elementor-element-6952cf8 elementor-section-height-min-height elementor-section-boxed elementor-section-height-default elementor-section-items-middle\" data-id=\"6952cf8\" data-element_type=\"section\" data-settings=\"{&quot;background_background&quot;:&quot;slideshow&quot;,&quot;background_slideshow_gallery&quot;:[{&quot;id&quot;:1953,&quot;url&quot;:&quot;https:\\\/\\\/movelasers.com\\\/wp-content\\\/uploads\\\/2021\\\/12\\\/1610955847145443.png&quot;},{&quot;id&quot;:1952,&quot;url&quot;:&quot;https:\\\/\\\/movelasers.com\\\/wp-content\\\/uploads\\\/2021\\\/12\\\/1610955816135283.png&quot;},{&quot;id&quot;:1951,&quot;url&quot;:&quot;https:\\\/\\\/movelasers.com\\\/wp-content\\\/uploads\\\/2021\\\/12\\\/1610955797441359.png&quot;},{&quot;id&quot;:1950,&quot;url&quot;:&quot;https:\\\/\\\/movelasers.com\\\/wp-content\\\/uploads\\\/2021\\\/12\\\/1610955784479821.png&quot;}],&quot;background_slideshow_ken_burns&quot;:&quot;yes&quot;,&quot;background_slideshow_loop&quot;:&quot;yes&quot;,&quot;background_slideshow_slide_duration&quot;:5000,&quot;background_slideshow_slide_transition&quot;:&quot;fade&quot;,&quot;background_slideshow_transition_duration&quot;:500,&quot;background_slideshow_ken_burns_zoom_direction&quot;:&quot;in&quot;}\">\n\t\t\t\t\t\t\t<div class=\"elementor-background-overlay\"><\/div>\n\t\t\t\t\t\t\t<div class=\"elementor-container elementor-column-gap-no\">\n\t\t\t\t\t<div class=\"elementor-column elementor-col-100 elementor-top-column elementor-element elementor-element-4c6db26\" data-id=\"4c6db26\" data-element_type=\"column\">\n\t\t\t<div class=\"elementor-widget-wrap elementor-element-populated\">\n\t\t\t\t\t\t<div class=\"elementor-element elementor-element-558ce53 elementor-widget elementor-widget-heading\" data-id=\"558ce53\" data-element_type=\"widget\" data-widget_type=\"heading.default\">\n\t\t\t\t<div class=\"elementor-widget-container\">\n\t\t\t\t\t<h1 class=\"elementor-heading-title elementor-size-default\">Trung t\u00e2m tin t\u1ee9c Movelaser<\/h1>\t\t\t\t<\/div>\n\t\t\t\t<\/div>\n\t\t\t\t<div class=\"elementor-element elementor-element-628c3d6 elementor-widget-divider--view-line elementor-widget elementor-widget-divider\" data-id=\"628c3d6\" data-element_type=\"widget\" data-widget_type=\"divider.default\">\n\t\t\t\t<div class=\"elementor-widget-container\">\n\t\t\t\t\t\t\t<div class=\"elementor-divider\">\n\t\t\t<span class=\"elementor-divider-separator\">\n\t\t\t\t\t\t<\/span>\n\t\t<\/div>\n\t\t\t\t\t\t<\/div>\n\t\t\t\t<\/div>\n\t\t\t\t\t<\/div>\n\t\t<\/div>\n\t\t\t\t\t<\/div>\n\t\t<\/section>\n\t\t\t\t<section class=\"elementor-section elementor-top-section elementor-element elementor-element-4c00deb elementor-section-boxed elementor-section-height-default elementor-section-height-default\" data-id=\"4c00deb\" data-element_type=\"section\" data-settings=\"{&quot;background_background&quot;:&quot;classic&quot;}\">\n\t\t\t\t\t\t<div class=\"elementor-container elementor-column-gap-default\">\n\t\t\t\t\t<div class=\"elementor-column elementor-col-100 elementor-top-column elementor-element elementor-element-91186d7\" data-id=\"91186d7\" data-element_type=\"column\">\n\t\t\t<div class=\"elementor-widget-wrap elementor-element-populated\">\n\t\t\t\t\t\t<div class=\"elementor-element elementor-element-dbbfde0 elementor-widget elementor-widget-heading\" data-id=\"dbbfde0\" data-element_type=\"widget\" data-widget_type=\"heading.default\">\n\t\t\t\t<div class=\"elementor-widget-container\">\n\t\t\t\t\t<h2 class=\"elementor-heading-title elementor-size-default\">Movelaser tham d\u1ef1 &quot;H\u1ed9i ngh\u1ecb c\u1ea5p cao Ch\u00e2u \u00c1 v\u1ec1 gi\u00f3 ngo\u00e0i kh\u01a1i l\u1ea7n th\u1ee9 3&quot;<\/h2>\t\t\t\t<\/div>\n\t\t\t\t<\/div>\n\t\t\t\t<div class=\"elementor-element elementor-element-bb7801e elementor-widget-divider--view-line elementor-widget elementor-widget-divider\" data-id=\"bb7801e\" data-element_type=\"widget\" data-widget_type=\"divider.default\">\n\t\t\t\t<div class=\"elementor-widget-container\">\n\t\t\t\t\t\t\t<div class=\"elementor-divider\">\n\t\t\t<span class=\"elementor-divider-separator\">\n\t\t\t\t\t\t<\/span>\n\t\t<\/div>\n\t\t\t\t\t\t<\/div>\n\t\t\t\t<\/div>\n\t\t\t\t<div class=\"elementor-element elementor-element-a8faea8 elementor-widget elementor-widget-text-editor\" data-id=\"a8faea8\" data-element_type=\"widget\" data-widget_type=\"text-editor.default\">\n\t\t\t\t<div class=\"elementor-widget-container\">\n\t\t\t\t\t\t\t\t\t<p>2020-11-13<\/p>\t\t\t\t\t\t\t\t<\/div>\n\t\t\t\t<\/div>\n\t\t\t\t<div class=\"elementor-element elementor-element-290031e elementor-widget elementor-widget-text-editor\" data-id=\"290031e\" data-element_type=\"widget\" data-widget_type=\"text-editor.default\">\n\t\t\t\t<div class=\"elementor-widget-container\">\n\t\t\t\t\t\t\t\t\t<p>V\u00e0o ng\u00e0y 13-14 th\u00e1ng 11 n\u0103m 2020, H\u1ed9i ngh\u1ecb c\u1ea5p cao Ch\u00e2u \u00c1 v\u1ec1 gi\u00f3 ngo\u00e0i kh\u01a1i l\u1ea7n th\u1ee9 3 (OWA2020) \u0111\u00e3 \u0111\u01b0\u1ee3c t\u1ed5 ch\u1ee9c t\u1ea1i Th\u01b0\u1ee3ng H\u1ea3i. C\u00f4ng ty TNHH Movelaser Nam Kinh (sau \u0111\u00e2y g\u1ecdi l\u00e0 Movelaser) \u0111\u00e3 \u0111\u01b0\u1ee3c m\u1eddi tham d\u1ef1 v\u00e0 c\u00f3 b\u00e0i ph\u00e1t bi\u1ec3u t\u1ea1i h\u1ed9i ngh\u1ecb. OWA2020 \u0111\u01b0\u1ee3c \u0111\u0103ng cai t\u1ed5 ch\u1ee9c b\u1edfi Vi\u1ec7n Nghi\u00ean c\u1ee9u C\u00f4ng nghi\u1ec7p Quy\u1ebft \u0111\u1ecbnh Guoxin v\u00e0 T\u1eadp trung N\u0103ng l\u01b0\u1ee3ng C\u00e1nh Ngo\u00e0i kh\u01a1i Ch\u00e2u \u00c1, v\u00e0 \u0111\u01b0\u1ee3c \u0111\u1ed3ng t\u1ed5 ch\u1ee9c b\u1edfi Gi\u00f3 Ngo\u00e0i kh\u01a1i Ch\u00e2u \u00c2u, Hi\u1ec7p h\u1ed9i N\u0103ng l\u01b0\u1ee3ng Gi\u00f3 Ch\u00e2u \u00c1 v\u00e0 Hi\u1ec7p h\u1ed9i N\u1ed5i To\u00e0n c\u1ea7u. H\u01a1n 300 nh\u00e0 ph\u00e1t tri\u1ec3n \u0111i\u1ec7n gi\u00f3 ngo\u00e0i kh\u01a1i, OEM tuabin gi\u00f3, nh\u00e0 th\u1ea7u EPC, vi\u1ec7n thi\u1ebft k\u1ebf v\u00e0 th\u0103m d\u00f2, nh\u00e0 s\u1ea3n xu\u1ea5t ph\u1ee5 t\u00f9ng, x\u00e2y d\u1ef1ng v\u00e0 l\u1eafp \u0111\u1eb7t, ch\u00ednh quy\u1ec1n \u0111\u1ecba ph\u01b0\u01a1ng v\u00e0 C\u01a1 quan Qu\u1ea3n l\u00fd N\u0103ng l\u01b0\u1ee3ng Qu\u1ed1c gia \u0111\u00e3 tham d\u1ef1 s\u1ef1 ki\u1ec7n n\u00e0y \u0111\u1ec3 th\u1ea3o lu\u1eadn v\u1ec1 c\u00e1c nh\u00e0 m\u00e1y \u0111i\u1ec7n gi\u00f3 ngo\u00e0i kh\u01a1i trong nhi\u1ec1u kh\u00eda c\u1ea1nh \u0110\u1ed1i m\u1eb7t v\u1edbi c\u01a1 h\u1ed9i v\u00e0 th\u00e1ch th\u1ee9c , c\u00f9ng nhau th\u00fac \u0111\u1ea9y s\u1ef1 ph\u00e1t tri\u1ec3n l\u00e0nh m\u1ea1nh v\u00e0 b\u1ec1n v\u1eefng c\u1ee7a \u0111i\u1ec7n gi\u00f3 ngo\u00e0i kh\u01a1i.<\/p>\t\t\t\t\t\t\t\t<\/div>\n\t\t\t\t<\/div>\n\t\t\t\t<div class=\"elementor-element elementor-element-8eaf7a1 elementor-widget elementor-widget-image\" data-id=\"8eaf7a1\" data-element_type=\"widget\" data-widget_type=\"image.default\">\n\t\t\t\t<div class=\"elementor-widget-container\">\n\t\t\t\t\t\t\t\t\t\t\t\t\t\t\t<img fetchpriority=\"high\" decoding=\"async\" width=\"819\" height=\"559\" src=\"https:\/\/www.movelaser.eu\/wp-content\/uploads\/2021\/12\/1610955784479821.png\" class=\"elementor-animation-grow attachment-large size-large wp-image-1950\" alt=\"\" srcset=\"https:\/\/www.movelaser.eu\/wp-content\/uploads\/2021\/12\/1610955784479821.png 819w, https:\/\/www.movelaser.eu\/wp-content\/uploads\/2021\/12\/1610955784479821-300x205.png 300w, https:\/\/www.movelaser.eu\/wp-content\/uploads\/2021\/12\/1610955784479821-768x524.png 768w, https:\/\/www.movelaser.eu\/wp-content\/uploads\/2021\/12\/1610955784479821-600x410.png 600w\" sizes=\"(max-width: 819px) 100vw, 819px\" \/>\t\t\t\t\t\t\t\t\t\t\t\t\t\t\t<\/div>\n\t\t\t\t<\/div>\n\t\t\t\t<div class=\"elementor-element elementor-element-e632f43 elementor-widget elementor-widget-image\" data-id=\"e632f43\" data-element_type=\"widget\" data-widget_type=\"image.default\">\n\t\t\t\t<div class=\"elementor-widget-container\">\n\t\t\t\t\t\t\t\t\t\t\t\t\t\t\t<img decoding=\"async\" width=\"820\" height=\"581\" data-src=\"https:\/\/www.movelaser.eu\/wp-content\/uploads\/2021\/12\/1610955797441359.png\" class=\"elementor-animation-grow attachment-large size-large wp-image-1951 lazyload\" alt=\"\" data-srcset=\"https:\/\/www.movelaser.eu\/wp-content\/uploads\/2021\/12\/1610955797441359.png 820w, https:\/\/www.movelaser.eu\/wp-content\/uploads\/2021\/12\/1610955797441359-300x213.png 300w, https:\/\/www.movelaser.eu\/wp-content\/uploads\/2021\/12\/1610955797441359-768x544.png 768w, https:\/\/www.movelaser.eu\/wp-content\/uploads\/2021\/12\/1610955797441359-600x425.png 600w\" data-sizes=\"(max-width: 820px) 100vw, 820px\" src=\"data:image\/svg+xml;base64,PHN2ZyB3aWR0aD0iMSIgaGVpZ2h0PSIxIiB4bWxucz0iaHR0cDovL3d3dy53My5vcmcvMjAwMC9zdmciPjwvc3ZnPg==\" style=\"--smush-placeholder-width: 820px; --smush-placeholder-aspect-ratio: 820\/581;\" \/>\t\t\t\t\t\t\t\t\t\t\t\t\t\t\t<\/div>\n\t\t\t\t<\/div>\n\t\t\t\t<div class=\"elementor-element elementor-element-3efa576 elementor-widget elementor-widget-text-editor\" data-id=\"3efa576\" data-element_type=\"widget\" data-widget_type=\"text-editor.default\">\n\t\t\t\t<div class=\"elementor-widget-container\">\n\t\t\t\t\t\t\t\t\t<p><strong>Gi\u1ea3i ph\u00e1p th\u00f4ng minh \u0111o gi\u00f3 b\u1eb1ng laser - c\u01a1 h\u1ed9i v\u00e0 th\u00e1ch th\u1ee9c c\u1ee7a n\u0103ng l\u01b0\u1ee3ng gi\u00f3 ngo\u00e0i kh\u01a1i<\/strong><\/p><p>Zhou Jun, Ch\u1ee7 t\u1ecbch Movelaser, \u0111\u00e3 tham d\u1ef1 h\u1ed9i ngh\u1ecb th\u01b0\u1ee3ng \u0111\u1ec9nh v\u00e0 c\u00f4ng b\u1ed1 b\u00e1o c\u00e1o ch\u1ee7 \u0111\u1ec1 \u201cGi\u1ea3i ph\u00e1p th\u00f4ng minh \u0111o gi\u00f3 b\u1eb1ng laser- c\u01a1 h\u1ed9i v\u00e0 th\u00e1ch th\u1ee9c c\u1ee7a n\u0103ng l\u01b0\u1ee3ng gi\u00f3 ngo\u00e0i kh\u01a1i\u201d \u0110\u1ec3 gi\u1ea3i quy\u1ebft c\u00e1c c\u01a1 h\u1ed9i v\u00e0 th\u00e1ch th\u1ee9c c\u1ee7a \u0111i\u1ec7n gi\u00f3 ngo\u00e0i kh\u01a1i, Movelaser cung c\u1ea5p c\u00e1c gi\u1ea3i ph\u00e1p th\u00f4ng minh \u0111\u1ec3 \u0111o gi\u00f3 b\u1eb1ng laser. Theo c\u00e1c giai \u0111o\u1ea1n kh\u00e1c nhau c\u1ee7a d\u1ef1 \u00e1n \u0111i\u1ec7n gi\u00f3 ngo\u00e0i kh\u01a1i, phi\u00ean b\u1ea3n ngo\u00e0i kh\u01a1i c\u1ee7a lidar g\u1eafn tr\u00ean m\u1eb7t \u0111\u1ea5t \/ nacelle \/ n\u1eafp n\u1ed5i \u0111\u01b0\u1ee3c \u00e1p d\u1ee5ng \u0111\u1ec3 cung c\u1ea5p gi\u1ea3i ph\u00e1p \u0111o gi\u00f3 k\u1ecbp th\u1eddi v\u00e0 ti\u1ebft ki\u1ec7m nh\u1ea5t. S\u1eed d\u1ee5ng lidar \u0111\u1ec3 \u0111o gi\u00f3 c\u00f3 th\u1ec3 gi\u1ea3m LCOE, ti\u1ebft ki\u1ec7m chu k\u1ef3 d\u1ef1 \u00e1n kho\u1ea3ng 4-6 th\u00e1ng, gi\u00fap gi\u1ea3m chi ph\u00ed v\u00e0 t\u0103ng hi\u1ec7u qu\u1ea3 c\u1ee7a \u0111i\u1ec7n gi\u00f3 ngo\u00e0i kh\u01a1i, \u0111\u1ed3ng th\u1eddi \u0111\u1ea9y nhanh vi\u1ec7c x\u00e1c \u0111\u1ecbnh gi\u00e1 b\u00e1n \u0111i\u1ec7n gi\u00f3 ngo\u00e0i kh\u01a1i.<\/p>\t\t\t\t\t\t\t\t<\/div>\n\t\t\t\t<\/div>\n\t\t\t\t<section class=\"elementor-section elementor-inner-section elementor-element elementor-element-9ecb93f elementor-section-boxed elementor-section-height-default elementor-section-height-default\" data-id=\"9ecb93f\" data-element_type=\"section\">\n\t\t\t\t\t\t<div class=\"elementor-container elementor-column-gap-default\">\n\t\t\t\t\t<div class=\"elementor-column elementor-col-50 elementor-inner-column elementor-element elementor-element-80f3614\" data-id=\"80f3614\" data-element_type=\"column\">\n\t\t\t<div class=\"elementor-widget-wrap elementor-element-populated\">\n\t\t\t\t\t\t<div class=\"elementor-element elementor-element-6ed3eee elementor-widget elementor-widget-heading\" data-id=\"6ed3eee\" data-element_type=\"widget\" data-widget_type=\"heading.default\">\n\t\t\t\t<div class=\"elementor-widget-container\">\n\t\t\t\t\t<h2 class=\"elementor-heading-title elementor-size-default\">Ch\u1ee7 t\u1ecbch Zhou Jun \u0111\u01b0a ra b\u00e1o c\u00e1o ch\u1ee7 \u0111\u1ec1 t\u1ea1i h\u1ed9i ngh\u1ecb th\u01b0\u1ee3ng \u0111\u1ec9nh<\/h2>\t\t\t\t<\/div>\n\t\t\t\t<\/div>\n\t\t\t\t<div class=\"elementor-element elementor-element-d5bd707 elementor-widget-divider--view-line elementor-widget elementor-widget-divider\" data-id=\"d5bd707\" data-element_type=\"widget\" data-widget_type=\"divider.default\">\n\t\t\t\t<div class=\"elementor-widget-container\">\n\t\t\t\t\t\t\t<div class=\"elementor-divider\">\n\t\t\t<span class=\"elementor-divider-separator\">\n\t\t\t\t\t\t<\/span>\n\t\t<\/div>\n\t\t\t\t\t\t<\/div>\n\t\t\t\t<\/div>\n\t\t\t\t\t<\/div>\n\t\t<\/div>\n\t\t\t\t<div class=\"elementor-column elementor-col-50 elementor-inner-column elementor-element elementor-element-734ef07\" data-id=\"734ef07\" data-element_type=\"column\">\n\t\t\t<div class=\"elementor-widget-wrap elementor-element-populated\">\n\t\t\t\t\t\t<div class=\"elementor-element elementor-element-57d3cb5 elementor-widget elementor-widget-image\" data-id=\"57d3cb5\" data-element_type=\"widget\" data-widget_type=\"image.default\">\n\t\t\t\t<div class=\"elementor-widget-container\">\n\t\t\t\t\t\t\t\t\t\t\t\t\t\t\t<img decoding=\"async\" width=\"814\" height=\"582\" data-src=\"https:\/\/www.movelaser.eu\/wp-content\/uploads\/2021\/12\/1610955816135283.png\" class=\"elementor-animation-grow attachment-large size-large wp-image-1952 lazyload\" alt=\"\" data-srcset=\"https:\/\/www.movelaser.eu\/wp-content\/uploads\/2021\/12\/1610955816135283.png 814w, https:\/\/www.movelaser.eu\/wp-content\/uploads\/2021\/12\/1610955816135283-300x214.png 300w, https:\/\/www.movelaser.eu\/wp-content\/uploads\/2021\/12\/1610955816135283-768x549.png 768w, https:\/\/www.movelaser.eu\/wp-content\/uploads\/2021\/12\/1610955816135283-600x429.png 600w\" data-sizes=\"(max-width: 814px) 100vw, 814px\" src=\"data:image\/svg+xml;base64,PHN2ZyB3aWR0aD0iMSIgaGVpZ2h0PSIxIiB4bWxucz0iaHR0cDovL3d3dy53My5vcmcvMjAwMC9zdmciPjwvc3ZnPg==\" style=\"--smush-placeholder-width: 814px; --smush-placeholder-aspect-ratio: 814\/582;\" \/>\t\t\t\t\t\t\t\t\t\t\t\t\t\t\t<\/div>\n\t\t\t\t<\/div>\n\t\t\t\t\t<\/div>\n\t\t<\/div>\n\t\t\t\t\t<\/div>\n\t\t<\/section>\n\t\t\t\t\t<\/div>\n\t\t<\/div>\n\t\t\t\t\t<\/div>\n\t\t<\/section>\n\t\t\t\t<\/div>","protected":false},"excerpt":{"rendered":"<p>Trung t\u00e2m tin t\u1ee9c Movelaser Movelaser \u0111\u00e3 tham d\u1ef1 \u201cH\u1ed9i ngh\u1ecb c\u1ea5p cao Ch\u00e2u \u00c1 v\u1ec1 gi\u00f3 ngo\u00e0i kh\u01a1i l\u1ea7n th\u1ee9 3\u201d 2020-11-13 V\u00e0o ng\u00e0y 13-14 th\u00e1ng 11 n\u0103m 2020, H\u1ed9i ngh\u1ecb c\u1ea5p cao Ch\u00e2u \u00c1 v\u1ec1 gi\u00f3 ngo\u00e0i kh\u01a1i l\u1ea7n th\u1ee9 3 (OWA2020) \u0111\u00e3 \u0111\u01b0\u1ee3c t\u1ed5 ch\u1ee9c t\u1ea1i Th\u01b0\u1ee3ng H\u1ea3i. C\u00f4ng ty TNHH Movelaser Nam Kinh (sau \u0111\u00e2y g\u1ecdi t\u1eaft l\u00e0 Movelaser) \u0111\u00e3 \u0111\u01b0\u1ee3c m\u1eddi tham d\u1ef1 v\u00e0 c\u00f3 b\u00e0i ph\u00e1t bi\u1ec3u t\u1ea1i h\u1ed9i ngh\u1ecb. OWA2020 \u0111\u01b0\u1ee3c t\u1ed5 ch\u1ee9c b\u1edfi Nghi\u00ean c\u1ee9u C\u00f4ng nghi\u1ec7p Quy\u1ebft \u0111\u1ecbnh Guoxin\u2026<\/p>\n<p class=\"read-more\"> <a class=\"\" href=\"https:\/\/www.movelaser.eu\/vi\/news\/20201113-movelaser-to-attend-the-3rd-offshore-wind-asia-summit\/\"> <span class=\"screen-reader-text\">20201113 - Movelaser tham d\u1ef1 \u201cH\u1ed9i ngh\u1ecb c\u1ea5p cao Ch\u00e2u \u00c1 v\u1ec1 gi\u00f3 ngo\u00e0i kh\u01a1i l\u1ea7n th\u1ee9 3\u201d<\/span> Read More &raquo;<\/a><\/p>","protected":false},"author":1,"featured_media":0,"parent":1935,"menu_order":0,"comment_status":"closed","ping_status":"closed","template":"","meta":{"_monsterinsights_skip_tracking":false,"_monsterinsights_sitenote_active":false,"_monsterinsights_sitenote_note":"","_monsterinsights_sitenote_category":0,"site-sidebar-layout":"no-sidebar","site-content-layout":"page-builder","ast-main-header-display":"","ast-hfb-above-header-display":"","ast-hfb-below-header-display":"","ast-hfb-mobile-header-display":"","site-post-title":"disabled","ast-breadcrumbs-content":"disabled","ast-featured-img":"disabled","footer-sml-layout":"","theme-transparent-header-meta":"enabled","adv-header-id-meta":"","stick-header-meta":"","header-above-stick-meta":"","header-main-stick-meta":"","header-below-stick-meta":"","footnotes":""},"class_list":["post-1945","page","type-page","status-publish","hentry"],"_links":{"self":[{"href":"https:\/\/www.movelaser.eu\/vi\/wp-json\/wp\/v2\/pages\/1945","targetHints":{"allow":["GET"]}}],"collection":[{"href":"https:\/\/www.movelaser.eu\/vi\/wp-json\/wp\/v2\/pages"}],"about":[{"href":"https:\/\/www.movelaser.eu\/vi\/wp-json\/wp\/v2\/types\/page"}],"author":[{"embeddable":true,"href":"https:\/\/www.movelaser.eu\/vi\/wp-json\/wp\/v2\/users\/1"}],"replies":[{"embeddable":true,"href":"https:\/\/www.movelaser.eu\/vi\/wp-json\/wp\/v2\/comments?post=1945"}],"version-history":[{"count":0,"href":"https:\/\/www.movelaser.eu\/vi\/wp-json\/wp\/v2\/pages\/1945\/revisions"}],"up":[{"embeddable":true,"href":"https:\/\/www.movelaser.eu\/vi\/wp-json\/wp\/v2\/pages\/1935"}],"wp:attachment":[{"href":"https:\/\/www.movelaser.eu\/vi\/wp-json\/wp\/v2\/media?parent=1945"}],"curies":[{"name":"wp","href":"https:\/\/api.w.org\/{rel}","templated":true}]}}