{"id":1213,"date":"2021-12-15T22:16:15","date_gmt":"2021-12-15T22:16:15","guid":{"rendered":"http:\/\/movelasers.com\/?page_id=1213"},"modified":"2023-04-24T13:23:09","modified_gmt":"2023-04-24T11:23:09","slug":"our-team","status":"publish","type":"page","link":"https:\/\/www.movelaser.eu\/vi\/our-team\/","title":{"rendered":"\u0110\u1ed9i ng\u0169 c\u1ee7a ch\u00fang t\u00f4i"},"content":{"rendered":"<div data-elementor-type=\"wp-page\" data-elementor-id=\"1213\" class=\"elementor elementor-1213\">\n\t\t\t\t\t\t<section class=\"elementor-section elementor-top-section elementor-element elementor-element-6952cf8 elementor-section-height-min-height elementor-section-boxed elementor-section-height-default elementor-section-items-middle\" data-id=\"6952cf8\" data-element_type=\"section\" data-settings=\"{&quot;background_background&quot;:&quot;classic&quot;}\">\n\t\t\t\t\t\t\t<div class=\"elementor-background-overlay\"><\/div>\n\t\t\t\t\t\t\t<div class=\"elementor-container elementor-column-gap-no\">\n\t\t\t\t\t<div class=\"elementor-column elementor-col-100 elementor-top-column elementor-element elementor-element-4c6db26\" data-id=\"4c6db26\" data-element_type=\"column\">\n\t\t\t<div class=\"elementor-widget-wrap elementor-element-populated\">\n\t\t\t\t\t\t<div class=\"elementor-element elementor-element-628c3d6 elementor-widget-divider--view-line elementor-widget elementor-widget-divider\" data-id=\"628c3d6\" data-element_type=\"widget\" data-widget_type=\"divider.default\">\n\t\t\t\t<div class=\"elementor-widget-container\">\n\t\t\t\t\t\t\t<div class=\"elementor-divider\">\n\t\t\t<span class=\"elementor-divider-separator\">\n\t\t\t\t\t\t<\/span>\n\t\t<\/div>\n\t\t\t\t\t\t<\/div>\n\t\t\t\t<\/div>\n\t\t\t\t<div class=\"elementor-element elementor-element-558ce53 elementor-widget elementor-widget-heading\" data-id=\"558ce53\" data-element_type=\"widget\" data-widget_type=\"heading.default\">\n\t\t\t\t<div class=\"elementor-widget-container\">\n\t\t\t\t\t<h1 class=\"elementor-heading-title elementor-size-default\">C\u00f4ng ty TNHH c\u00f4ng ngh\u1ec7 Movelaser Nam Kinh<\/h1>\t\t\t\t<\/div>\n\t\t\t\t<\/div>\n\t\t\t\t<div class=\"elementor-element elementor-element-b6c2875 elementor-widget elementor-widget-text-editor\" data-id=\"b6c2875\" data-element_type=\"widget\" data-widget_type=\"text-editor.default\">\n\t\t\t\t<div class=\"elementor-widget-container\">\n\t\t\t\t\t\t\t\t\t<p>We are a trustworthy LiDAR supplier in China, and one of the world&#8217;s largest wind lidar OEM.<\/p>\t\t\t\t\t\t\t\t<\/div>\n\t\t\t\t<\/div>\n\t\t\t\t\t<\/div>\n\t\t<\/div>\n\t\t\t\t\t<\/div>\n\t\t<\/section>\n\t\t\t\t<section class=\"elementor-section elementor-top-section elementor-element elementor-element-c79a29d elementor-section-content-middle elementor-section-boxed elementor-section-height-default elementor-section-height-default\" data-id=\"c79a29d\" data-element_type=\"section\">\n\t\t\t\t\t\t<div class=\"elementor-container elementor-column-gap-no\">\n\t\t\t\t\t<div class=\"elementor-column elementor-col-50 elementor-top-column elementor-element elementor-element-ec4deda\" data-id=\"ec4deda\" data-element_type=\"column\">\n\t\t\t<div class=\"elementor-widget-wrap elementor-element-populated\">\n\t\t\t\t\t\t<div class=\"elementor-element elementor-element-0dfbf84 elementor-widget-divider--view-line elementor-widget elementor-widget-divider\" data-id=\"0dfbf84\" data-element_type=\"widget\" data-widget_type=\"divider.default\">\n\t\t\t\t<div class=\"elementor-widget-container\">\n\t\t\t\t\t\t\t<div class=\"elementor-divider\">\n\t\t\t<span class=\"elementor-divider-separator\">\n\t\t\t\t\t\t<\/span>\n\t\t<\/div>\n\t\t\t\t\t\t<\/div>\n\t\t\t\t<\/div>\n\t\t\t\t<div class=\"elementor-element elementor-element-f1f4c22 elementor-widget elementor-widget-heading\" data-id=\"f1f4c22\" data-element_type=\"widget\" data-widget_type=\"heading.default\">\n\t\t\t\t<div class=\"elementor-widget-container\">\n\t\t\t\t\t<h2 class=\"elementor-heading-title elementor-size-default\">Our R&amp; D Team<\/h2>\t\t\t\t<\/div>\n\t\t\t\t<\/div>\n\t\t\t\t<div class=\"elementor-element elementor-element-cd5bbaa elementor-widget elementor-widget-text-editor\" data-id=\"cd5bbaa\" data-element_type=\"widget\" data-widget_type=\"text-editor.default\">\n\t\t\t\t<div class=\"elementor-widget-container\">\n\t\t\t\t\t\t\t\t\t<p><span style=\"vertical-align: inherit;\"><span style=\"vertical-align: inherit;\">Movelaser c\u00f3 \u0111\u1ed9i ng\u0169 R &amp; D, d\u1ecbch v\u1ee5, qu\u1ea3n l\u00fd chuy\u00ean nghi\u1ec7p v\u00e0 c\u00e1c t\u00e0i n\u0103ng \u1ee9ng d\u1ee5ng c\u00f4ng nghi\u1ec7p gi\u00e0u kinh nghi\u1ec7m. C\u00f4ng ty s\u1eed d\u1ee5ng h\u01a1n 100 nh\u00e2n vi\u00ean, trong \u0111\u00f3 c\u00f3 4 ti\u1ebfn s\u0129, h\u01a1n 40 nh\u00e2n vi\u00ean R&amp;D, t\u1ef7 l\u1ec7 th\u1ea1c s\u0129 tr\u1edf l\u00ean trong \u0111\u1ed9i ng\u0169 nghi\u00ean c\u1ee9u v\u00e0 ph\u00e1t tri\u1ec3n \u0111\u1ea1t 80%, c\u00f3 c\u00e1c chuy\u00ean gia cao c\u1ea5p gi\u00e0u kinh nghi\u1ec7m trong l\u0129nh v\u1ef1c quang h\u1ecdc, \u0111i\u1ec7n t\u1eed, m\u00e1y m\u00f3c, ph\u1ea7n m\u1ec1m, thu\u1eadt to\u00e1n d\u1eef li\u1ec7u v\u00e0 c\u00e1c h\u01b0\u1edbng kh\u00e1c . C\u00f4ng ty c\u00f3 ch\u1ea5t l\u01b0\u1ee3ng chuy\u00ean m\u00f4n v\u1eefng v\u00e0ng, tinh th\u1ea7n th\u00e2n thu\u1ed9c, c\u00f3 ph\u1ea9m ch\u1ea5t ngh\u1ec1 nghi\u1ec7p v\u01b0\u1ee3t tr\u1ed9i nh\u01b0 s\u1ef1 t\u1eadn t\u00e2m v\u00e0 kh\u1ea3 n\u0103ng l\u00e0m vi\u1ec7c nh\u00f3m, nh\u1ea1y b\u00e9n v\u1edbi nhu c\u1ea7u c\u1ee7a kh\u00e1ch h\u00e0ng v\u00e0 xu h\u01b0\u1edbng ph\u00e1t tri\u1ec3n c\u1ee7a ng\u00e0nh \u0111o gi\u00f3 laser qu\u1ed1c t\u1ebf, l\u00e0 y\u1ebfu t\u1ed1 t\u1ea1o n\u00ean s\u1ef1 \u0111\u1ea3m b\u1ea3o v\u1ec1 t\u00e0i n\u0103ng c\u1ee7a s\u1ef1 ph\u00e1t tri\u1ec3n kh\u00f4ng ng\u1eebng c\u1ee7a c\u00f4ng ty v\u00e0 \u0111\u1ed5i m\u1edbi khoa h\u1ecdc v\u00e0 c\u00f4ng ngh\u1ec7.<\/span><\/span><\/p><p>Movelaser s\u1ebd d\u1eabn \u0111\u1ea7u ng\u00e0nh c\u00f4ng nghi\u1ec7p \u0111i\u1ec7n gi\u00f3 to\u00e0n c\u1ea7u v\u1edbi c\u00f4ng ngh\u1ec7 h\u00e0ng \u0111\u1ea7u, th\u00e1i \u0111\u1ed9 chuy\u00ean nghi\u1ec7p v\u00e0 d\u1ecbch v\u1ee5 xu\u1ea5t s\u1eafc.<\/p>\t\t\t\t\t\t\t\t<\/div>\n\t\t\t\t<\/div>\n\t\t\t\t\t<\/div>\n\t\t<\/div>\n\t\t\t\t<div class=\"elementor-column elementor-col-50 elementor-top-column elementor-element elementor-element-c59473d\" data-id=\"c59473d\" data-element_type=\"column\">\n\t\t\t<div class=\"elementor-widget-wrap elementor-element-populated\">\n\t\t\t\t\t\t<div class=\"elementor-element elementor-element-8467e36 elementor-widget elementor-widget-image\" data-id=\"8467e36\" data-element_type=\"widget\" data-widget_type=\"image.default\">\n\t\t\t\t<div class=\"elementor-widget-container\">\n\t\t\t\t\t\t\t\t\t\t\t\t\t\t\t<img fetchpriority=\"high\" decoding=\"async\" width=\"1536\" height=\"915\" src=\"https:\/\/www.movelaser.eu\/wp-content\/uploads\/2023\/04\/About-Us-our-team-1536x915.jpg\" class=\"attachment-1536x1536 size-1536x1536 wp-image-3107\" alt=\"\" srcset=\"https:\/\/www.movelaser.eu\/wp-content\/uploads\/2023\/04\/About-Us-our-team-1536x915.jpg 1536w, https:\/\/www.movelaser.eu\/wp-content\/uploads\/2023\/04\/About-Us-our-team-300x179.jpg 300w, https:\/\/www.movelaser.eu\/wp-content\/uploads\/2023\/04\/About-Us-our-team-1024x610.jpg 1024w, https:\/\/www.movelaser.eu\/wp-content\/uploads\/2023\/04\/About-Us-our-team-768x458.jpg 768w, https:\/\/www.movelaser.eu\/wp-content\/uploads\/2023\/04\/About-Us-our-team-2048x1220.jpg 2048w, https:\/\/www.movelaser.eu\/wp-content\/uploads\/2023\/04\/About-Us-our-team-18x12.jpg 18w\" sizes=\"(max-width: 1536px) 100vw, 1536px\" \/>\t\t\t\t\t\t\t\t\t\t\t\t\t\t\t<\/div>\n\t\t\t\t<\/div>\n\t\t\t\t\t<\/div>\n\t\t<\/div>\n\t\t\t\t\t<\/div>\n\t\t<\/section>\n\t\t\t\t<section class=\"elementor-section elementor-top-section elementor-element elementor-element-65fd260 elementor-section-boxed elementor-section-height-default elementor-section-height-default\" data-id=\"65fd260\" data-element_type=\"section\">\n\t\t\t\t\t\t<div class=\"elementor-container elementor-column-gap-default\">\n\t\t\t\t\t<div class=\"elementor-column elementor-col-100 elementor-top-column elementor-element elementor-element-80422af\" data-id=\"80422af\" data-element_type=\"column\">\n\t\t\t<div class=\"elementor-widget-wrap elementor-element-populated\">\n\t\t\t\t\t\t<div class=\"elementor-element elementor-element-e82dde1 elementor-widget-divider--view-line elementor-widget elementor-widget-divider\" data-id=\"e82dde1\" data-element_type=\"widget\" data-widget_type=\"divider.default\">\n\t\t\t\t<div class=\"elementor-widget-container\">\n\t\t\t\t\t\t\t<div class=\"elementor-divider\">\n\t\t\t<span class=\"elementor-divider-separator\">\n\t\t\t\t\t\t<\/span>\n\t\t<\/div>\n\t\t\t\t\t\t<\/div>\n\t\t\t\t<\/div>\n\t\t\t\t<div class=\"elementor-element elementor-element-2f52e48 elementor-widget elementor-widget-heading\" data-id=\"2f52e48\" data-element_type=\"widget\" data-widget_type=\"heading.default\">\n\t\t\t\t<div class=\"elementor-widget-container\">\n\t\t\t\t\t<h3 class=\"elementor-heading-title elementor-size-default\">C\u00e1c chuy\u00ean gia ch\u00ednh c\u1ee7a ch\u00fang t\u00f4i<\/h3>\t\t\t\t<\/div>\n\t\t\t\t<\/div>\n\t\t\t\t<section class=\"elementor-section elementor-inner-section elementor-element elementor-element-9f1fb43 elementor-section-boxed elementor-section-height-default elementor-section-height-default\" data-id=\"9f1fb43\" data-element_type=\"section\">\n\t\t\t\t\t\t<div class=\"elementor-container elementor-column-gap-default\">\n\t\t\t\t\t<div class=\"elementor-column elementor-col-100 elementor-inner-column elementor-element elementor-element-ccbbc50\" data-id=\"ccbbc50\" data-element_type=\"column\">\n\t\t\t<div class=\"elementor-widget-wrap elementor-element-populated\">\n\t\t\t\t\t\t<div class=\"elementor-element elementor-element-eab4f6b elementor-widget elementor-widget-heading\" data-id=\"eab4f6b\" data-element_type=\"widget\" data-widget_type=\"heading.default\">\n\t\t\t\t<div class=\"elementor-widget-container\">\n\t\t\t\t\t<h2 class=\"elementor-heading-title elementor-size-default\">Ti\u1ebfn s\u0129 Jun Zhou<\/h2>\t\t\t\t<\/div>\n\t\t\t\t<\/div>\n\t\t\t\t<div class=\"elementor-element elementor-element-699c0cd elementor-widget elementor-widget-image\" data-id=\"699c0cd\" data-element_type=\"widget\" data-widget_type=\"image.default\">\n\t\t\t\t<div class=\"elementor-widget-container\">\n\t\t\t\t\t\t\t\t\t\t\t\t\t\t\t<img decoding=\"async\" data-src=\"https:\/\/www.movelaser.eu\/wp-content\/uploads\/elementor\/thumbs\/Zhou-Jun-q2c594y2hj9ypq4vrfj1bfnpeszplhimffwkko5edc.jpg\" title=\"Zhou Jun\" alt=\"Zhou Jun\" src=\"data:image\/svg+xml;base64,PHN2ZyB3aWR0aD0iMSIgaGVpZ2h0PSIxIiB4bWxucz0iaHR0cDovL3d3dy53My5vcmcvMjAwMC9zdmciPjwvc3ZnPg==\" class=\"lazyload\" style=\"--smush-placeholder-width: 151px; --smush-placeholder-aspect-ratio: 151\/220;\" \/>\t\t\t\t\t\t\t\t\t\t\t\t\t\t\t<\/div>\n\t\t\t\t<\/div>\n\t\t\t\t<div class=\"elementor-element elementor-element-63bed66 elementor-widget elementor-widget-text-editor\" data-id=\"63bed66\" data-element_type=\"widget\" data-widget_type=\"text-editor.default\">\n\t\t\t\t<div class=\"elementor-widget-container\">\n\t\t\t\t\t\t\t\t\t<p>\u00a0ng\u01b0\u1eddi s\u00e1ng l\u1eadp Movelaser, l\u00e0 th\u00e0nh vi\u00ean ch\u00ednh c\u1ee7a Vi\u1ec7n Quang h\u1ecdc v\u00e0 C\u01a1 h\u1ecdc M\u1ef9 thu\u1eadt Th\u01b0\u1ee3ng H\u1ea3i, H\u1ecdc vi\u1ec7n Khoa h\u1ecdc Trung Qu\u1ed1c. \u00d4ng hi\u1ec7n l\u00e0 gi\u00e1m \u0111\u1ed1c Trung t\u00e2m Laser to\u00e0n kh\u1ed1i c\u1ee7a Vi\u1ec7n nghi\u00ean c\u1ee9u c\u00f4ng ngh\u1ec7 laser ti\u00ean ti\u1ebfn Nam Kinh. \u00d4ng c\u00f3 n\u1ec1n t\u1ea3ng trong l\u0129nh v\u1ef1c c\u00f4ng ngh\u1ec7 laser sau ti\u1ebfn s\u0129 c\u1ee7a H\u1ecdc vi\u1ec7n Khoa h\u1ecdc Trung Qu\u1ed1c v\u00e0 \u0110\u1ea1i h\u1ecdc Stanford. Tia laser xung \u0111\u01a1n t\u1ea7n s\u1ed1 cao n\u0103ng l\u01b0\u1ee3ng cao v\u00e0 \u0111\u1ea7u ra s\u00f3ng h\u00e0i t\u1ea7n s\u1ed1 \u0111\u01a1n \u1edf 532nm v\u00e0 355nm c\u1ee7a chi\u1ebfc xe s\u1ebd l\u1ea5p \u0111\u1ea7y nh\u1eefng kho\u1ea3ng tr\u1ed1ng trong l\u0129nh v\u1ef1c n\u1ed9i \u0111\u1ecba v\u00e0 c\u00f3 n\u1ec1n t\u1ea3ng k\u1ef9 thu\u1eadt v\u1eefng ch\u1eafc trong vi\u1ec7c ph\u00e1t tri\u1ec3n laser th\u1ec3 r\u1eafn ho\u00e0n to\u00e0n v\u00e0 c\u00e1c h\u1ec7 th\u1ed1ng \u1ee9ng d\u1ee5ng c\u1ee7a ch\u00fang. C\u00e1c th\u00e0nh vi\u00ean trong nh\u00f3m c\u1ee7a c\u00f4ng ty ch\u1ee7 y\u1ebfu \u0111\u1ebfn t\u1eeb Vi\u1ec7n Quang h\u1ecdc v\u00e0 C\u01a1 h\u1ecdc Tinh x\u1ea3o Th\u01b0\u1ee3ng H\u1ea3i, H\u1ecdc vi\u1ec7n Khoa h\u1ecdc Trung Qu\u1ed1c, Vi\u1ec7n Nghi\u00ean c\u1ee9u C\u00f4ng ngh\u1ec7 Laser Ti\u00ean ti\u1ebfn Nam Kinh, Hoa K\u1ef3 v\u00e0 Anh Haigui v\u00e0 c\u00e1c c\u1ef1u chi\u1ebfn binh kh\u00e1c trong ng\u00e0nh. Trong s\u1ed1 h\u01a1n 20 nh\u00f3m nghi\u00ean c\u1ee9u v\u00e0 ph\u00e1t tri\u1ec3n, c\u00f3 4 ti\u1ebfn s\u0129, 80% t\u1eeb th\u1ea1c s\u0129 tr\u1edf l\u00ean, bao g\u1ed3m quang h\u1ecdc, \u0111i\u1ec7n, M\u00e1y, ph\u1ea7n m\u1ec1m, d\u1eef li\u1ec7u \u0111\u1ec1u l\u00e0 nh\u1eefng k\u1ef9 s\u01b0 c\u00f3 kinh nghi\u1ec7m l\u00e2u n\u0103m trong ng\u00e0nh. H\u1ecd c\u00f3 ph\u1ea9m ch\u1ea5t chuy\u00ean m\u00f4n xu\u1ea5t s\u1eafc, tinh th\u1ea7n th\u00e2n thu\u1ed9c, tinh th\u1ea7n \u0111\u1ed3ng \u0111\u1ed9i m\u1ea1nh m\u1ebd v\u00e0 s\u1ef1 c\u1ed1ng hi\u1ebfn m\u1ea1nh m\u1ebd. H\u1ecd t\u1ea1o th\u00e0nh s\u1ef1 \u0111\u1ea3m b\u1ea3o t\u00e0i n\u0103ng cho s\u1ef1 ph\u00e1t tri\u1ec3n b\u1ec1n v\u1eefng v\u00e0 \u0111\u1ed5i m\u1edbi c\u00f4ng ngh\u1ec7 c\u1ee7a c\u00f4ng ty.<\/p>\t\t\t\t\t\t\t\t<\/div>\n\t\t\t\t<\/div>\n\t\t\t\t\t<\/div>\n\t\t<\/div>\n\t\t\t\t\t<\/div>\n\t\t<\/section>\n\t\t\t\t\t<\/div>\n\t\t<\/div>\n\t\t\t\t\t<\/div>\n\t\t<\/section>\n\t\t\t\t<\/div>","protected":false},"excerpt":{"rendered":"<p>Nanjing Movelaser Technology Co., Ltd We are a trustworthy LiDAR supplier in China, and one of the world&#8217;s largest wind lidar OEM. Our R&#038; D Team Movelaser has professional R&amp;D, service, management team and experienced industrial application talents. The company employs more than 100 people, including 4 doctors, more than 40 R&amp;D personnel,the proportion of &hellip;<\/p>\n<p class=\"read-more\"> <a class=\"\" href=\"https:\/\/www.movelaser.eu\/vi\/our-team\/\"> <span class=\"screen-reader-text\">\u0110\u1ed9i ng\u0169 c\u1ee7a ch\u00fang t\u00f4i<\/span> Read More &raquo;<\/a><\/p>","protected":false},"author":1,"featured_media":0,"parent":0,"menu_order":0,"comment_status":"closed","ping_status":"closed","template":"","meta":{"_monsterinsights_skip_tracking":false,"_monsterinsights_sitenote_active":false,"_monsterinsights_sitenote_note":"","_monsterinsights_sitenote_category":0,"site-sidebar-layout":"no-sidebar","site-content-layout":"page-builder","ast-main-header-display":"","ast-hfb-above-header-display":"","ast-hfb-below-header-display":"","ast-hfb-mobile-header-display":"","site-post-title":"disabled","ast-breadcrumbs-content":"disabled","ast-featured-img":"disabled","footer-sml-layout":"","theme-transparent-header-meta":"enabled","adv-header-id-meta":"","stick-header-meta":"","header-above-stick-meta":"","header-main-stick-meta":"","header-below-stick-meta":"","footnotes":""},"class_list":["post-1213","page","type-page","status-publish","hentry"],"_links":{"self":[{"href":"https:\/\/www.movelaser.eu\/vi\/wp-json\/wp\/v2\/pages\/1213","targetHints":{"allow":["GET"]}}],"collection":[{"href":"https:\/\/www.movelaser.eu\/vi\/wp-json\/wp\/v2\/pages"}],"about":[{"href":"https:\/\/www.movelaser.eu\/vi\/wp-json\/wp\/v2\/types\/page"}],"author":[{"embeddable":true,"href":"https:\/\/www.movelaser.eu\/vi\/wp-json\/wp\/v2\/users\/1"}],"replies":[{"embeddable":true,"href":"https:\/\/www.movelaser.eu\/vi\/wp-json\/wp\/v2\/comments?post=1213"}],"version-history":[{"count":3,"href":"https:\/\/www.movelaser.eu\/vi\/wp-json\/wp\/v2\/pages\/1213\/revisions"}],"predecessor-version":[{"id":3111,"href":"https:\/\/www.movelaser.eu\/vi\/wp-json\/wp\/v2\/pages\/1213\/revisions\/3111"}],"wp:attachment":[{"href":"https:\/\/www.movelaser.eu\/vi\/wp-json\/wp\/v2\/media?parent=1213"}],"curies":[{"name":"wp","href":"https:\/\/api.w.org\/{rel}","templated":true}]}}