{"id":2372,"date":"2022-01-30T08:42:33","date_gmt":"2022-01-30T00:42:33","guid":{"rendered":"https:\/\/movelasers.com\/?page_id=2372"},"modified":"2022-01-30T08:47:27","modified_gmt":"2022-01-30T00:47:27","slug":"wind-lidars-applications-and-case-studies","status":"publish","type":"page","link":"https:\/\/www.movelaser.eu\/tr\/technical-support\/wind-lidars-applications-and-case-studies\/","title":{"rendered":"Uygulamalar ve Vaka \u00c7al\u0131\u015fmalar\u0131"},"content":{"rendered":"<div data-elementor-type=\"wp-page\" data-elementor-id=\"2372\" class=\"elementor elementor-2372\">\n\t\t\t\t\t\t<section class=\"elementor-section elementor-top-section elementor-element elementor-element-3441189 elementor-section-height-min-height elementor-section-boxed elementor-section-height-default elementor-section-items-middle\" data-id=\"3441189\" data-element_type=\"section\" data-settings=\"{&quot;background_background&quot;:&quot;classic&quot;}\">\n\t\t\t\t\t\t\t<div class=\"elementor-background-overlay\"><\/div>\n\t\t\t\t\t\t\t<div class=\"elementor-container elementor-column-gap-no\">\n\t\t\t\t\t<div class=\"elementor-column elementor-col-100 elementor-top-column elementor-element elementor-element-6c92fa4\" data-id=\"6c92fa4\" data-element_type=\"column\">\n\t\t\t<div class=\"elementor-widget-wrap elementor-element-populated\">\n\t\t\t\t\t\t<div class=\"elementor-element elementor-element-fed7674 elementor-widget-divider--view-line elementor-widget elementor-widget-divider\" data-id=\"fed7674\" data-element_type=\"widget\" data-widget_type=\"divider.default\">\n\t\t\t\t<div class=\"elementor-widget-container\">\n\t\t\t\t\t\t\t<div class=\"elementor-divider\">\n\t\t\t<span class=\"elementor-divider-separator\">\n\t\t\t\t\t\t<\/span>\n\t\t<\/div>\n\t\t\t\t\t\t<\/div>\n\t\t\t\t<\/div>\n\t\t\t\t<div class=\"elementor-element elementor-element-5f4ca79 elementor-widget elementor-widget-heading\" data-id=\"5f4ca79\" data-element_type=\"widget\" data-widget_type=\"heading.default\">\n\t\t\t\t<div class=\"elementor-widget-container\">\n\t\t\t\t\t<h1 class=\"elementor-heading-title elementor-size-default\">Wind LiDAR uygulamalar\u0131 ve vaka \u00e7al\u0131\u015fmalar\u0131<\/h1>\t\t\t\t<\/div>\n\t\t\t\t<\/div>\n\t\t\t\t\t<\/div>\n\t\t<\/div>\n\t\t\t\t\t<\/div>\n\t\t<\/section>\n\t\t\t\t<section class=\"elementor-section elementor-top-section elementor-element elementor-element-474267d elementor-section-boxed elementor-section-height-default elementor-section-height-default\" data-id=\"474267d\" data-element_type=\"section\" data-settings=\"{&quot;background_background&quot;:&quot;classic&quot;}\">\n\t\t\t\t\t\t<div class=\"elementor-container elementor-column-gap-no\">\n\t\t\t\t\t<div class=\"elementor-column elementor-col-100 elementor-top-column elementor-element elementor-element-031080f\" data-id=\"031080f\" data-element_type=\"column\" data-settings=\"{&quot;background_background&quot;:&quot;classic&quot;}\">\n\t\t\t<div class=\"elementor-widget-wrap elementor-element-populated\">\n\t\t\t\t\t\t<div class=\"elementor-element elementor-element-b45b569 elementor-grid-3 elementor-grid-tablet-2 elementor-grid-mobile-1 elementor-posts--thumbnail-top elementor-widget elementor-widget-posts\" data-id=\"b45b569\" data-element_type=\"widget\" data-settings=\"{&quot;classic_columns&quot;:&quot;3&quot;,&quot;classic_columns_tablet&quot;:&quot;2&quot;,&quot;classic_columns_mobile&quot;:&quot;1&quot;,&quot;classic_row_gap&quot;:{&quot;unit&quot;:&quot;px&quot;,&quot;size&quot;:35,&quot;sizes&quot;:[]},&quot;classic_row_gap_tablet&quot;:{&quot;unit&quot;:&quot;px&quot;,&quot;size&quot;:&quot;&quot;,&quot;sizes&quot;:[]},&quot;classic_row_gap_mobile&quot;:{&quot;unit&quot;:&quot;px&quot;,&quot;size&quot;:&quot;&quot;,&quot;sizes&quot;:[]}}\" data-widget_type=\"posts.classic\">\n\t\t\t\t<div class=\"elementor-widget-container\">\n\t\t\t\t\t\t\t<div class=\"elementor-posts-container elementor-posts elementor-posts--skin-classic elementor-grid\">\n\t\t\t\t<article class=\"elementor-post elementor-grid-item post-2961 post type-post status-publish format-standard has-post-thumbnail hentry category-wind-lidar-case-study\">\n\t\t\t\t<a class=\"elementor-post__thumbnail__link\" href=\"https:\/\/www.movelaser.eu\/tr\/wind-lidar-case-study\/molas-3d-doppler-scanning-wind-lidar-improves-the-civil-aviation-safety-and-efficiency\/\" >\n\t\t\t<div class=\"elementor-post__thumbnail\"><img fetchpriority=\"high\" decoding=\"async\" width=\"300\" height=\"225\" src=\"https:\/\/www.movelaser.eu\/wp-content\/uploads\/2022\/09\/574532c085d6f113a0a6582e27d2511-300x225.jpg\" class=\"attachment-medium size-medium wp-image-2964\" alt=\"\" srcset=\"https:\/\/www.movelaser.eu\/wp-content\/uploads\/2022\/09\/574532c085d6f113a0a6582e27d2511-300x225.jpg 300w, https:\/\/www.movelaser.eu\/wp-content\/uploads\/2022\/09\/574532c085d6f113a0a6582e27d2511-1024x768.jpg 1024w, https:\/\/www.movelaser.eu\/wp-content\/uploads\/2022\/09\/574532c085d6f113a0a6582e27d2511-768x576.jpg 768w, https:\/\/www.movelaser.eu\/wp-content\/uploads\/2022\/09\/574532c085d6f113a0a6582e27d2511-1536x1152.jpg 1536w, https:\/\/www.movelaser.eu\/wp-content\/uploads\/2022\/09\/574532c085d6f113a0a6582e27d2511-2048x1536.jpg 2048w, https:\/\/www.movelaser.eu\/wp-content\/uploads\/2022\/09\/574532c085d6f113a0a6582e27d2511-16x12.jpg 16w, https:\/\/www.movelaser.eu\/wp-content\/uploads\/2022\/09\/574532c085d6f113a0a6582e27d2511-600x450.jpg 600w\" sizes=\"(max-width: 300px) 100vw, 300px\" \/><\/div>\n\t\t<\/a>\n\t\t\t\t<div class=\"elementor-post__text\">\n\t\t\t\t<h3 class=\"elementor-post__title\">\n\t\t\t<a href=\"https:\/\/www.movelaser.eu\/tr\/wind-lidar-case-study\/molas-3d-doppler-scanning-wind-lidar-improves-the-civil-aviation-safety-and-efficiency\/\" >\n\t\t\t\tMolas 3D Doppler Tarama R\u00fczgar\u0131 LiDAR Sivil Havac\u0131l\u0131k G\u00fcvenli\u011fini ve Verimlili\u011fini Art\u0131r\u0131yor\t\t\t<\/a>\n\t\t<\/h3>\n\t\t\t\t<div class=\"elementor-post__meta-data\">\n\t\t\t\t\t<span class=\"elementor-post-date\">\n\t\t\t12 Eyl\u00fcl 2022\t\t<\/span>\n\t\t\t\t<span class=\"elementor-post-avatar\">\n\t\t\tYorum yap\u0131lmam\u0131\u015f\t\t<\/span>\n\t\t\t\t<\/div>\n\t\t\t\t<div class=\"elementor-post__excerpt\">\n\t\t\t<p>R\u00fczgar Kesmesi ve Sivil Havac\u0131l\u0131k G\u00fcvenli\u011fi R\u00fczgar kesmesi, yatay ve dikey r\u00fczgar h\u0131z\u0131nda ani bir de\u011fi\u015fiklik olan atmosferik bir olgudur.<\/p>\n\t\t<\/div>\n\t\t\n\t\t<a class=\"elementor-post__read-more\" href=\"https:\/\/www.movelaser.eu\/tr\/wind-lidar-case-study\/molas-3d-doppler-scanning-wind-lidar-improves-the-civil-aviation-safety-and-efficiency\/\" >\n\t\t\tDaha fazla oku &quot;\t\t<\/a>\n\n\t\t\t\t<\/div>\n\t\t\t\t<\/article>\n\t\t\t\t<article class=\"elementor-post elementor-grid-item post-2749 post type-post status-publish format-standard has-post-thumbnail hentry category-movelaser-news-events category-wind-lidar-case-study\">\n\t\t\t\t<a class=\"elementor-post__thumbnail__link\" href=\"https:\/\/www.movelaser.eu\/tr\/movelaser-news-events\/movelaser-flidar-operation-experience-sharing\/\" >\n\t\t\t<div class=\"elementor-post__thumbnail\"><img decoding=\"async\" width=\"300\" height=\"169\" data-src=\"https:\/\/www.movelaser.eu\/wp-content\/uploads\/2021\/12\/MOLAS-M300-SITE-DEPLOYMENT-2-300x169.png\" class=\"attachment-medium size-medium wp-image-1018 lazyload\" alt=\"Molas M300 floating wind lidar for offshore wind measurement on buoy\" data-srcset=\"https:\/\/www.movelaser.eu\/wp-content\/uploads\/2021\/12\/MOLAS-M300-SITE-DEPLOYMENT-2-300x169.png 300w, https:\/\/www.movelaser.eu\/wp-content\/uploads\/2021\/12\/MOLAS-M300-SITE-DEPLOYMENT-2-600x338.png 600w, https:\/\/www.movelaser.eu\/wp-content\/uploads\/2021\/12\/MOLAS-M300-SITE-DEPLOYMENT-2-1024x576.png 1024w, https:\/\/www.movelaser.eu\/wp-content\/uploads\/2021\/12\/MOLAS-M300-SITE-DEPLOYMENT-2-768x432.png 768w, https:\/\/www.movelaser.eu\/wp-content\/uploads\/2021\/12\/MOLAS-M300-SITE-DEPLOYMENT-2.png 1080w\" data-sizes=\"(max-width: 300px) 100vw, 300px\" src=\"data:image\/svg+xml;base64,PHN2ZyB3aWR0aD0iMSIgaGVpZ2h0PSIxIiB4bWxucz0iaHR0cDovL3d3dy53My5vcmcvMjAwMC9zdmciPjwvc3ZnPg==\" style=\"--smush-placeholder-width: 300px; --smush-placeholder-aspect-ratio: 300\/169;\" \/><\/div>\n\t\t<\/a>\n\t\t\t\t<div class=\"elementor-post__text\">\n\t\t\t\t<h3 class=\"elementor-post__title\">\n\t\t\t<a href=\"https:\/\/www.movelaser.eu\/tr\/movelaser-news-events\/movelaser-flidar-operation-experience-sharing\/\" >\n\t\t\t\tMovelaser Flidar Operasyon Deneyim Payla\u015f\u0131m\u0131\t\t\t<\/a>\n\t\t<\/h3>\n\t\t\t\t<div class=\"elementor-post__meta-data\">\n\t\t\t\t\t<span class=\"elementor-post-date\">\n\t\t\t30 Nisan 2022\t\t<\/span>\n\t\t\t\t<span class=\"elementor-post-avatar\">\n\t\t\tYorum yap\u0131lmam\u0131\u015f\t\t<\/span>\n\t\t\t\t<\/div>\n\t\t\t\t<div class=\"elementor-post__excerpt\">\n\t\t\t<p>Nanjing Movelaser Technology Co., Ltd. ve Jiangsu Blue Aspiration Technology Co., Ltd., \u00c7in&#039;deki bir\u00e7ok y\u00fczer lidar r\u00fczgar \u00f6l\u00e7\u00fcm projesinde yak\u0131n i\u015fbirli\u011fi ger\u00e7ekle\u015ftirdi.<\/p>\n\t\t<\/div>\n\t\t\n\t\t<a class=\"elementor-post__read-more\" href=\"https:\/\/www.movelaser.eu\/tr\/movelaser-news-events\/movelaser-flidar-operation-experience-sharing\/\" >\n\t\t\tDaha fazla oku &quot;\t\t<\/a>\n\n\t\t\t\t<\/div>\n\t\t\t\t<\/article>\n\t\t\t\t<article class=\"elementor-post elementor-grid-item post-2188 post type-post status-publish format-standard has-post-thumbnail hentry category-movelaser-news-events category-wind-lidar-case-study\">\n\t\t\t\t<a class=\"elementor-post__thumbnail__link\" href=\"https:\/\/www.movelaser.eu\/tr\/movelaser-news-events\/equipped-with-molas-b300m-floating-wind-lidar-system-successfully-launched-in-guangdong-waters\/\" >\n\t\t\t<div class=\"elementor-post__thumbnail\"><img decoding=\"async\" width=\"300\" height=\"169\" data-src=\"https:\/\/www.movelaser.eu\/wp-content\/uploads\/2021\/12\/MOLAS-M300-SITE-DEPLOYMENT-300x169.png\" class=\"attachment-medium size-medium wp-image-1019 lazyload\" alt=\"Molas M300 floating wind lidar for offshore wind measurement on buoy\" data-srcset=\"https:\/\/www.movelaser.eu\/wp-content\/uploads\/2021\/12\/MOLAS-M300-SITE-DEPLOYMENT-300x169.png 300w, https:\/\/www.movelaser.eu\/wp-content\/uploads\/2021\/12\/MOLAS-M300-SITE-DEPLOYMENT-600x338.png 600w, https:\/\/www.movelaser.eu\/wp-content\/uploads\/2021\/12\/MOLAS-M300-SITE-DEPLOYMENT.png 722w\" data-sizes=\"(max-width: 300px) 100vw, 300px\" src=\"data:image\/svg+xml;base64,PHN2ZyB3aWR0aD0iMSIgaGVpZ2h0PSIxIiB4bWxucz0iaHR0cDovL3d3dy53My5vcmcvMjAwMC9zdmciPjwvc3ZnPg==\" style=\"--smush-placeholder-width: 300px; --smush-placeholder-aspect-ratio: 300\/169;\" \/><\/div>\n\t\t<\/a>\n\t\t\t\t<div class=\"elementor-post__text\">\n\t\t\t\t<h3 class=\"elementor-post__title\">\n\t\t\t<a href=\"https:\/\/www.movelaser.eu\/tr\/movelaser-news-events\/equipped-with-molas-b300m-floating-wind-lidar-system-successfully-launched-in-guangdong-waters\/\" >\n\t\t\t\tMolas B300M y\u00fczer lidar sistemi ile donat\u0131lm\u0131\u015f, Guangdong sular\u0131nda ba\u015far\u0131yla ba\u015flat\u0131ld\u0131\t\t\t<\/a>\n\t\t<\/h3>\n\t\t\t\t<div class=\"elementor-post__meta-data\">\n\t\t\t\t\t<span class=\"elementor-post-date\">\n\t\t\t13 Kas\u0131m 2021\t\t<\/span>\n\t\t\t\t<span class=\"elementor-post-avatar\">\n\t\t\tYorum yap\u0131lmam\u0131\u015f\t\t<\/span>\n\t\t\t\t<\/div>\n\t\t\t\t<div class=\"elementor-post__excerpt\">\n\t\t\t<p>Son zamanlarda, Nanjing Movelaser Technology Co., Ltd. (bundan b\u00f6yle &quot;Movelaser&quot; olarak an\u0131lacakt\u0131r) ve tan\u0131nm\u0131\u015f y\u00fczer r\u00fczgar \u00f6l\u00e7\u00fcm sistemi \u00fcreticileri aras\u0131ndaki yak\u0131n i\u015fbirli\u011fi sayesinde<\/p>\n\t\t<\/div>\n\t\t\n\t\t<a class=\"elementor-post__read-more\" href=\"https:\/\/www.movelaser.eu\/tr\/movelaser-news-events\/equipped-with-molas-b300m-floating-wind-lidar-system-successfully-launched-in-guangdong-waters\/\" >\n\t\t\tDaha fazla oku &quot;\t\t<\/a>\n\n\t\t\t\t<\/div>\n\t\t\t\t<\/article>\n\t\t\t\t<article class=\"elementor-post elementor-grid-item post-2308 post type-post status-publish format-standard has-post-thumbnail hentry category-wind-lidar-case-study\">\n\t\t\t\t<a class=\"elementor-post__thumbnail__link\" href=\"https:\/\/www.movelaser.eu\/tr\/wind-lidar-case-study\/wind-lidars-applications-for-wind-industry\/\" >\n\t\t\t<div class=\"elementor-post__thumbnail\"><img decoding=\"async\" width=\"294\" height=\"300\" data-src=\"https:\/\/www.movelaser.eu\/wp-content\/uploads\/2022\/01\/Application-on-offshore-platform-294x300.jpg\" class=\"attachment-medium size-medium wp-image-2338 lazyload\" alt=\"\" data-srcset=\"https:\/\/www.movelaser.eu\/wp-content\/uploads\/2022\/01\/Application-on-offshore-platform-294x300.jpg 294w, https:\/\/www.movelaser.eu\/wp-content\/uploads\/2022\/01\/Application-on-offshore-platform-600x612.jpg 600w, https:\/\/www.movelaser.eu\/wp-content\/uploads\/2022\/01\/Application-on-offshore-platform.jpg 606w\" data-sizes=\"(max-width: 294px) 100vw, 294px\" src=\"data:image\/svg+xml;base64,PHN2ZyB3aWR0aD0iMSIgaGVpZ2h0PSIxIiB4bWxucz0iaHR0cDovL3d3dy53My5vcmcvMjAwMC9zdmciPjwvc3ZnPg==\" style=\"--smush-placeholder-width: 294px; --smush-placeholder-aspect-ratio: 294\/300;\" \/><\/div>\n\t\t<\/a>\n\t\t\t\t<div class=\"elementor-post__text\">\n\t\t\t\t<h3 class=\"elementor-post__title\">\n\t\t\t<a href=\"https:\/\/www.movelaser.eu\/tr\/wind-lidar-case-study\/wind-lidars-applications-for-wind-industry\/\" >\n\t\t\t\tR\u00fczgar LiDAR&#039;\u0131n R\u00fczgar End\u00fcstrisine Y\u00f6nelik Uygulamalar\u0131\t\t\t<\/a>\n\t\t<\/h3>\n\t\t\t\t<div class=\"elementor-post__meta-data\">\n\t\t\t\t\t<span class=\"elementor-post-date\">\n\t\t\t30 May\u0131s 2021\t\t<\/span>\n\t\t\t\t<span class=\"elementor-post-avatar\">\n\t\t\tYorum yap\u0131lmam\u0131\u015f\t\t<\/span>\n\t\t\t\t<\/div>\n\t\t\t\t<div class=\"elementor-post__excerpt\">\n\t\t\t<p>R\u00fczgar \u00f6l\u00e7\u00fcm lidar\u0131n\u0131n r\u00fczgar enerjisi end\u00fcstrisinde uzun y\u0131llard\u0131r birden fazla senaryoda uygulanmas\u0131 ve ara\u015ft\u0131r\u0131lmas\u0131 ile art\u0131k bir<\/p>\n\t\t<\/div>\n\t\t\n\t\t<a class=\"elementor-post__read-more\" href=\"https:\/\/www.movelaser.eu\/tr\/wind-lidar-case-study\/wind-lidars-applications-for-wind-industry\/\" >\n\t\t\tDaha fazla oku &quot;\t\t<\/a>\n\n\t\t\t\t<\/div>\n\t\t\t\t<\/article>\n\t\t\t\t<article class=\"elementor-post elementor-grid-item post-2157 post type-post status-publish format-standard has-post-thumbnail hentry category-movelaser-news-events category-wind-lidar-case-study\">\n\t\t\t\t<a class=\"elementor-post__thumbnail__link\" href=\"https:\/\/www.movelaser.eu\/tr\/movelaser-news-events\/molas-nl-nacelle-wind-lidar-applied-on-siemens-offshore-4-0mw-wind-turbines\/\" >\n\t\t\t<div class=\"elementor-post__thumbnail\"><img decoding=\"async\" width=\"300\" height=\"126\" data-src=\"https:\/\/www.movelaser.eu\/wp-content\/uploads\/2021\/12\/MOLAS-NL-ON-TURBINE-1-300x126.jpg\" class=\"attachment-medium size-medium wp-image-1847 lazyload\" alt=\"Nacelle wind lidar molas nl\" data-srcset=\"https:\/\/www.movelaser.eu\/wp-content\/uploads\/2021\/12\/MOLAS-NL-ON-TURBINE-1-300x126.jpg 300w, https:\/\/www.movelaser.eu\/wp-content\/uploads\/2021\/12\/MOLAS-NL-ON-TURBINE-1-1024x430.jpg 1024w, https:\/\/www.movelaser.eu\/wp-content\/uploads\/2021\/12\/MOLAS-NL-ON-TURBINE-1-768x322.jpg 768w, https:\/\/www.movelaser.eu\/wp-content\/uploads\/2021\/12\/MOLAS-NL-ON-TURBINE-1-1536x645.jpg 1536w, https:\/\/www.movelaser.eu\/wp-content\/uploads\/2021\/12\/MOLAS-NL-ON-TURBINE-1-600x252.jpg 600w, https:\/\/www.movelaser.eu\/wp-content\/uploads\/2021\/12\/MOLAS-NL-ON-TURBINE-1.jpg 1920w\" data-sizes=\"(max-width: 300px) 100vw, 300px\" src=\"data:image\/svg+xml;base64,PHN2ZyB3aWR0aD0iMSIgaGVpZ2h0PSIxIiB4bWxucz0iaHR0cDovL3d3dy53My5vcmcvMjAwMC9zdmciPjwvc3ZnPg==\" style=\"--smush-placeholder-width: 300px; --smush-placeholder-aspect-ratio: 300\/126;\" \/><\/div>\n\t\t<\/a>\n\t\t\t\t<div class=\"elementor-post__text\">\n\t\t\t\t<h3 class=\"elementor-post__title\">\n\t\t\t<a href=\"https:\/\/www.movelaser.eu\/tr\/movelaser-news-events\/molas-nl-nacelle-wind-lidar-applied-on-siemens-offshore-4-0mw-wind-turbines\/\" >\n\t\t\t\tSiemens offshore 4.0MW r\u00fczgar t\u00fcrbinlerine uygulanan Molas NL nacelle r\u00fczgar lidar\t\t\t<\/a>\n\t\t<\/h3>\n\t\t\t\t<div class=\"elementor-post__meta-data\">\n\t\t\t\t\t<span class=\"elementor-post-date\">\n\t\t\t22 A\u011fustos 2019\t\t<\/span>\n\t\t\t\t<span class=\"elementor-post-avatar\">\n\t\t\tYorum yap\u0131lmam\u0131\u015f\t\t<\/span>\n\t\t\t\t<\/div>\n\t\t\t\t<div class=\"elementor-post__excerpt\">\n\t\t\t<p>Haziran 2019&#039;da Movelaser Molas NL nacelle tabanl\u0131 r\u00fczgar lidar\u0131, Zhejiang Eyaleti, Zhoushan&#039;daki bir a\u00e7\u0131k deniz r\u00fczgar \u00e7iftli\u011fine kuruldu.<\/p>\n\t\t<\/div>\n\t\t\n\t\t<a class=\"elementor-post__read-more\" href=\"https:\/\/www.movelaser.eu\/tr\/movelaser-news-events\/molas-nl-nacelle-wind-lidar-applied-on-siemens-offshore-4-0mw-wind-turbines\/\" >\n\t\t\tDaha fazla oku &quot;\t\t<\/a>\n\n\t\t\t\t<\/div>\n\t\t\t\t<\/article>\n\t\t\t\t<\/div>\n\t\t\n\t\t\t\t\t\t<\/div>\n\t\t\t\t<\/div>\n\t\t\t\t\t<\/div>\n\t\t<\/div>\n\t\t\t\t\t<\/div>\n\t\t<\/section>\n\t\t\t\t<\/div>","protected":false},"excerpt":{"rendered":"<p>Wind LiDAR uygulamalar\u0131 ve vaka \u00e7al\u0131\u015fmalar\u0131<\/p>","protected":false},"author":1,"featured_media":0,"parent":1804,"menu_order":0,"comment_status":"closed","ping_status":"closed","template":"","meta":{"_monsterinsights_skip_tracking":false,"_monsterinsights_sitenote_active":false,"_monsterinsights_sitenote_note":"","_monsterinsights_sitenote_category":0,"site-sidebar-layout":"no-sidebar","site-content-layout":"page-builder","ast-main-header-display":"","ast-hfb-above-header-display":"","ast-hfb-below-header-display":"","ast-hfb-mobile-header-display":"","site-post-title":"disabled","ast-breadcrumbs-content":"disabled","ast-featured-img":"disabled","footer-sml-layout":"","theme-transparent-header-meta":"enabled","adv-header-id-meta":"","stick-header-meta":"","header-above-stick-meta":"","header-main-stick-meta":"","header-below-stick-meta":"","footnotes":""},"class_list":["post-2372","page","type-page","status-publish","hentry"],"_links":{"self":[{"href":"https:\/\/www.movelaser.eu\/tr\/wp-json\/wp\/v2\/pages\/2372","targetHints":{"allow":["GET"]}}],"collection":[{"href":"https:\/\/www.movelaser.eu\/tr\/wp-json\/wp\/v2\/pages"}],"about":[{"href":"https:\/\/www.movelaser.eu\/tr\/wp-json\/wp\/v2\/types\/page"}],"author":[{"embeddable":true,"href":"https:\/\/www.movelaser.eu\/tr\/wp-json\/wp\/v2\/users\/1"}],"replies":[{"embeddable":true,"href":"https:\/\/www.movelaser.eu\/tr\/wp-json\/wp\/v2\/comments?post=2372"}],"version-history":[{"count":0,"href":"https:\/\/www.movelaser.eu\/tr\/wp-json\/wp\/v2\/pages\/2372\/revisions"}],"up":[{"embeddable":true,"href":"https:\/\/www.movelaser.eu\/tr\/wp-json\/wp\/v2\/pages\/1804"}],"wp:attachment":[{"href":"https:\/\/www.movelaser.eu\/tr\/wp-json\/wp\/v2\/media?parent=2372"}],"curies":[{"name":"wp","href":"https:\/\/api.w.org\/{rel}","templated":true}]}}