{"id":1996,"date":"2021-12-22T09:20:43","date_gmt":"2021-12-22T01:20:43","guid":{"rendered":"https:\/\/movelasers.com\/?page_id=1996"},"modified":"2021-12-22T09:28:39","modified_gmt":"2021-12-22T01:28:39","slug":"20211013-equipped-with-molas-b300m-floating-wind-lidar-system-successfully-launched-in-guangdong-waters","status":"publish","type":"page","link":"https:\/\/www.movelaser.eu\/tr\/news\/20211013-equipped-with-molas-b300m-floating-wind-lidar-system-successfully-launched-in-guangdong-waters\/","title":{"rendered":"20211013 - Molas B300M y\u00fczer r\u00fczgar lidar sistemi ile donat\u0131lm\u0131\u015f, Guangdong sular\u0131nda ba\u015far\u0131yla ba\u015flat\u0131ld\u0131"},"content":{"rendered":"<div data-elementor-type=\"wp-page\" data-elementor-id=\"1996\" class=\"elementor elementor-1996\">\n\t\t\t\t\t\t<section class=\"elementor-section elementor-top-section elementor-element elementor-element-6952cf8 elementor-section-height-min-height elementor-section-boxed elementor-section-height-default elementor-section-items-middle\" data-id=\"6952cf8\" data-element_type=\"section\" data-settings=\"{&quot;background_background&quot;:&quot;slideshow&quot;,&quot;background_slideshow_gallery&quot;:[{&quot;id&quot;:1018,&quot;url&quot;:&quot;https:\\\/\\\/movelasers.com\\\/wp-content\\\/uploads\\\/2021\\\/12\\\/MOLAS-M300-SITE-DEPLOYMENT-2.png&quot;},{&quot;id&quot;:1019,&quot;url&quot;:&quot;https:\\\/\\\/movelasers.com\\\/wp-content\\\/uploads\\\/2021\\\/12\\\/MOLAS-M300-SITE-DEPLOYMENT.png&quot;}],&quot;background_slideshow_ken_burns&quot;:&quot;yes&quot;,&quot;background_slideshow_loop&quot;:&quot;yes&quot;,&quot;background_slideshow_slide_duration&quot;:5000,&quot;background_slideshow_slide_transition&quot;:&quot;fade&quot;,&quot;background_slideshow_transition_duration&quot;:500,&quot;background_slideshow_ken_burns_zoom_direction&quot;:&quot;in&quot;}\">\n\t\t\t\t\t\t\t<div class=\"elementor-background-overlay\"><\/div>\n\t\t\t\t\t\t\t<div class=\"elementor-container elementor-column-gap-no\">\n\t\t\t\t\t<div class=\"elementor-column elementor-col-100 elementor-top-column elementor-element elementor-element-4c6db26\" data-id=\"4c6db26\" data-element_type=\"column\">\n\t\t\t<div class=\"elementor-widget-wrap elementor-element-populated\">\n\t\t\t\t\t\t<div class=\"elementor-element elementor-element-558ce53 elementor-widget elementor-widget-heading\" data-id=\"558ce53\" data-element_type=\"widget\" data-widget_type=\"heading.default\">\n\t\t\t\t<div class=\"elementor-widget-container\">\n\t\t\t\t\t<h1 class=\"elementor-heading-title elementor-size-default\">Movelaser Haber Merkezi<\/h1>\t\t\t\t<\/div>\n\t\t\t\t<\/div>\n\t\t\t\t<div class=\"elementor-element elementor-element-628c3d6 elementor-widget-divider--view-line elementor-widget elementor-widget-divider\" data-id=\"628c3d6\" data-element_type=\"widget\" data-widget_type=\"divider.default\">\n\t\t\t\t<div class=\"elementor-widget-container\">\n\t\t\t\t\t\t\t<div class=\"elementor-divider\">\n\t\t\t<span class=\"elementor-divider-separator\">\n\t\t\t\t\t\t<\/span>\n\t\t<\/div>\n\t\t\t\t\t\t<\/div>\n\t\t\t\t<\/div>\n\t\t\t\t\t<\/div>\n\t\t<\/div>\n\t\t\t\t\t<\/div>\n\t\t<\/section>\n\t\t\t\t<section class=\"elementor-section elementor-top-section elementor-element elementor-element-4c00deb elementor-section-boxed elementor-section-height-default elementor-section-height-default\" data-id=\"4c00deb\" data-element_type=\"section\" data-settings=\"{&quot;background_background&quot;:&quot;classic&quot;}\">\n\t\t\t\t\t\t<div class=\"elementor-container elementor-column-gap-default\">\n\t\t\t\t\t<div class=\"elementor-column elementor-col-100 elementor-top-column elementor-element elementor-element-91186d7\" data-id=\"91186d7\" data-element_type=\"column\">\n\t\t\t<div class=\"elementor-widget-wrap elementor-element-populated\">\n\t\t\t\t\t\t<div class=\"elementor-element elementor-element-dbbfde0 elementor-widget elementor-widget-heading\" data-id=\"dbbfde0\" data-element_type=\"widget\" data-widget_type=\"heading.default\">\n\t\t\t\t<div class=\"elementor-widget-container\">\n\t\t\t\t\t<h2 class=\"elementor-heading-title elementor-size-default\">Molas B300M y\u00fczer r\u00fczgar lidar sistemi ile donat\u0131lm\u0131\u015f, Guangdong sular\u0131nda ba\u015far\u0131yla ba\u015flat\u0131ld\u0131<\/h2>\t\t\t\t<\/div>\n\t\t\t\t<\/div>\n\t\t\t\t<div class=\"elementor-element elementor-element-bb7801e elementor-widget-divider--view-line elementor-widget elementor-widget-divider\" data-id=\"bb7801e\" data-element_type=\"widget\" data-widget_type=\"divider.default\">\n\t\t\t\t<div class=\"elementor-widget-container\">\n\t\t\t\t\t\t\t<div class=\"elementor-divider\">\n\t\t\t<span class=\"elementor-divider-separator\">\n\t\t\t\t\t\t<\/span>\n\t\t<\/div>\n\t\t\t\t\t\t<\/div>\n\t\t\t\t<\/div>\n\t\t\t\t<div class=\"elementor-element elementor-element-a8faea8 elementor-widget elementor-widget-text-editor\" data-id=\"a8faea8\" data-element_type=\"widget\" data-widget_type=\"text-editor.default\">\n\t\t\t\t<div class=\"elementor-widget-container\">\n\t\t\t\t\t\t\t\t\t<p>2021-05-08<\/p>\t\t\t\t\t\t\t\t<\/div>\n\t\t\t\t<\/div>\n\t\t\t\t<div class=\"elementor-element elementor-element-2704f02 elementor-widget elementor-widget-text-editor\" data-id=\"2704f02\" data-element_type=\"widget\" data-widget_type=\"text-editor.default\">\n\t\t\t\t<div class=\"elementor-widget-container\">\n\t\t\t\t\t\t\t\t\t<p>Son zamanlarda, Nanjing Movelaser Technology Co., Ltd. (bundan b\u00f6yle &quot;Movelaser&quot; olarak an\u0131lacakt\u0131r) ile sekt\u00f6rdeki tan\u0131nm\u0131\u015f y\u00fczer r\u00fczgar \u00f6l\u00e7\u00fcm sistemi \u00fcreticileri aras\u0131ndaki yak\u0131n i\u015fbirli\u011fi sayesinde, Molas B300M ile donat\u0131lm\u0131\u015f y\u00fczer r\u00fczgar \u00f6l\u00e7\u00fcm lidar sistemi ba\u015far\u0131yla piyasaya s\u00fcr\u00fcld\u00fc. Guangdong sular\u0131. Molas B300M, Movelaser taraf\u0131ndan deniz ortam\u0131 i\u00e7in \u00f6zel olarak tasarlanm\u0131\u015f bir r\u00fczgar \u00f6l\u00e7\u00fcm lidar\u0131d\u0131r. Molas B300&#039;\u00fcn y\u00fcksek \u00f6l\u00e7\u00fcm do\u011frulu\u011fu, g\u00fc\u00e7l\u00fc \u00e7evresel uyarlanabilirlik ve y\u00fcksek koruma seviyesi gibi t\u00fcm avantajlar\u0131n\u0131 devralmakla kalmaz, ayn\u0131 zamanda deniz tuzu sisi, y\u00fcksek nem ve di\u011fer ortamlara tamamen uyarlanabilen korozyon direnci ve di\u011fer tasar\u0131m\u0131 da ekler. Bundan \u00f6nce Molas M300, deniz y\u00fckseltme istasyonlar\u0131nda, sondaj platformlar\u0131nda, r\u00fczgar kulesi platformlar\u0131nda ve \u015famand\u0131ralarda bir\u00e7ok kez kullan\u0131lm\u0131\u015ft\u0131r. \u015eamand\u0131ra sisteminde kullan\u0131lan Molas M300, hareket durumunda r\u00fczgar h\u0131z\u0131n\u0131n y\u00fcksek hassasiyetli \u00f6l\u00e7\u00fcm\u00fcn\u00fc sa\u011flayabilen, kendi geli\u015ftirdi\u011fi bir hareket dengeleme algoritmas\u0131n\u0131 entegre eder.<\/p>\t\t\t\t\t\t\t\t<\/div>\n\t\t\t\t<\/div>\n\t\t\t\t<div class=\"elementor-element elementor-element-c6107c3 elementor-widget elementor-widget-image\" data-id=\"c6107c3\" data-element_type=\"widget\" data-widget_type=\"image.default\">\n\t\t\t\t<div class=\"elementor-widget-container\">\n\t\t\t\t\t\t\t\t\t\t\t\t\t\t\t<img fetchpriority=\"high\" decoding=\"async\" width=\"1024\" height=\"576\" src=\"https:\/\/www.movelaser.eu\/wp-content\/uploads\/2021\/12\/MOLAS-M300-SITE-DEPLOYMENT-2-1024x576.png\" class=\"elementor-animation-grow attachment-large size-large wp-image-1018\" alt=\"Molas M300 floating wind lidar for offshore wind measurement on buoy\" srcset=\"https:\/\/www.movelaser.eu\/wp-content\/uploads\/2021\/12\/MOLAS-M300-SITE-DEPLOYMENT-2-1024x576.png 1024w, https:\/\/www.movelaser.eu\/wp-content\/uploads\/2021\/12\/MOLAS-M300-SITE-DEPLOYMENT-2-600x338.png 600w, https:\/\/www.movelaser.eu\/wp-content\/uploads\/2021\/12\/MOLAS-M300-SITE-DEPLOYMENT-2-300x169.png 300w, https:\/\/www.movelaser.eu\/wp-content\/uploads\/2021\/12\/MOLAS-M300-SITE-DEPLOYMENT-2-768x432.png 768w, https:\/\/www.movelaser.eu\/wp-content\/uploads\/2021\/12\/MOLAS-M300-SITE-DEPLOYMENT-2.png 1080w\" sizes=\"(max-width: 1024px) 100vw, 1024px\" \/>\t\t\t\t\t\t\t\t\t\t\t\t\t\t\t<\/div>\n\t\t\t\t<\/div>\n\t\t\t\t<div class=\"elementor-element elementor-element-290031e elementor-widget elementor-widget-text-editor\" data-id=\"290031e\" data-element_type=\"widget\" data-widget_type=\"text-editor.default\">\n\t\t\t\t<div class=\"elementor-widget-container\">\n\t\t\t\t\t\t\t\t\t<p><span style=\"vertical-align: inherit;\"><span style=\"vertical-align: inherit;\">Y\u00fczer r\u00fczgar t\u00fcrbini teknolojisinin kademeli olarak olgunla\u015fmas\u0131yla, derin deniz b\u00f6lgesinde r\u00fczgar \u00e7iftli\u011fi kaynaklar\u0131n\u0131n geli\u015ftirilmesine y\u00f6nelik talep de h\u0131zla artt\u0131. A\u00e7\u0131k deniz r\u00fczgar Met-dire\u011fi i\u00e7in sabit platformlar\u0131n a\u015f\u0131r\u0131 y\u00fcksek in\u015faat maliyeti ve derin deniz alanlar\u0131nda kaz\u0131kl\u0131 temeller i\u00e7in sabit platformlar\u0131n in\u015fa edilememesi ikilemi, a\u00e7\u0131k deniz r\u00fczgar \u00e7iftliklerinin kaynak geli\u015ftirme s\u00fcrecini s\u0131n\u0131rland\u0131rmaktad\u0131r. Y\u00fczer r\u00fczgar \u00f6l\u00e7\u00fcm lidarlar\u0131 hem daha az maliyetlidir, hem in\u015faat kolayl\u0131\u011f\u0131 hem de derin deniz in\u015faat\u0131d\u0131r. A\u00e7\u0131k deniz r\u00fczgar g\u00fcc\u00fcn\u00fcn geli\u015ftirilmesine daha iyi yard\u0131mc\u0131 olabilir ve te\u015fvik edebilir. Bu kez, Molas B300M taraf\u0131ndan ta\u015f\u0131nan y\u00fczer g\u00f6vde, stabilite, dalga takip performans\u0131, algoritma dostu, yeniden kullan\u0131m ekonomisi, kalite kontrol standardizasyonu, korozyon \u00f6nleme ve \u00e7arp\u0131\u015fmaya dayan\u0131kl\u0131l\u0131k, \u00fcretim kolayl\u0131\u011f\u0131, nakliye zaman\u0131nda, tahribat \u00f6nleyici g\u00fcvenlik vb. sistem y\u00fcksek entegrasyon, y\u00fcksek r\u00fczgar \u00f6l\u00e7\u00fcm do\u011frulu\u011fu, istikrarl\u0131 ve g\u00fcvenilir veri iletimine sahiptir ve r\u00fczgars\u0131z ve \u0131\u015f\u0131ks\u0131z ko\u015fullarda be\u015f aydan fazla \u00e7al\u0131\u015fma gereksinimlerini kar\u015f\u0131layabilir. Movelaser&#039;\u0131n bu tip y\u00fczer r\u00fczgar \u00f6l\u00e7\u00fcm lidar sistemi, f\u0131rlatma konusunda zengin deneyime sahiptir ve tayfun ko\u015fullar\u0131na kar\u015f\u0131 bir\u00e7ok kez test edilmi\u015ftir.<\/span><\/span><\/p>\t\t\t\t\t\t\t\t<\/div>\n\t\t\t\t<\/div>\n\t\t\t\t<div class=\"elementor-element elementor-element-cdf2982 elementor-widget elementor-widget-text-editor\" data-id=\"cdf2982\" data-element_type=\"widget\" data-widget_type=\"text-editor.default\">\n\t\t\t\t<div class=\"elementor-widget-container\">\n\t\t\t\t\t\t\t\t\t<p><span style=\"vertical-align: inherit;\"><span style=\"vertical-align: inherit;\"><span style=\"vertical-align: inherit;\"><span style=\"vertical-align: inherit;\">Halihaz\u0131rda bir\u00e7ok y\u00fczer r\u00fczgar lidar \u00fcr\u00fcn\u00fc t\u00fcr\u00fc bulunmaktad\u0131r. T\u00fcm y\u00fczer g\u00f6vdenin g\u00fcvenli\u011fine ek olarak, OWA (Offshore Wind Accelerator), y\u00fczer r\u00fczgar lidar \u00f6l\u00e7\u00fcm verilerinin do\u011frulu\u011fu ve verimlili\u011fi konusunda net d\u00fczenlemeler yapm\u0131\u015ft\u0131r. R\u00fczgar lidar\u0131n\u0131n veri verimlili\u011fi ve veri do\u011frulu\u011fu dahil olmak \u00fczere t\u00fcm sistemin \u00e7\u0131kt\u0131 sonucu, y\u00fczer r\u00fczgar lidar sistemini de\u011ferlendirmek i\u00e7in \u00f6nemli bir temeldir. R\u00fczgar enerjisi geli\u015fimine ve karbon n\u00f6trl\u00fc\u011f\u00fcne yard\u0131mc\u0131 olmak i\u00e7in a\u00e7\u0131k deniz r\u00fczgar \u00f6l\u00e7\u00fcm pazar\u0131nda y\u00fczen r\u00fczgar lidar\u0131n\u0131n h\u0131zla y\u00fckselece\u011fine inan\u0131l\u0131yor.<\/span><\/span><\/span><\/span><\/p>\t\t\t\t\t\t\t\t<\/div>\n\t\t\t\t<\/div>\n\t\t\t\t<div class=\"elementor-element elementor-element-8eaf7a1 elementor-widget elementor-widget-image\" data-id=\"8eaf7a1\" data-element_type=\"widget\" data-widget_type=\"image.default\">\n\t\t\t\t<div class=\"elementor-widget-container\">\n\t\t\t\t\t\t\t\t\t\t\t\t\t\t\t<img decoding=\"async\" width=\"722\" height=\"407\" data-src=\"https:\/\/www.movelaser.eu\/wp-content\/uploads\/2021\/12\/MOLAS-M300-SITE-DEPLOYMENT.png\" class=\"elementor-animation-grow attachment-large size-large wp-image-1019 lazyload\" alt=\"Molas M300 floating wind lidar for offshore wind measurement on buoy\" data-srcset=\"https:\/\/www.movelaser.eu\/wp-content\/uploads\/2021\/12\/MOLAS-M300-SITE-DEPLOYMENT.png 722w, https:\/\/www.movelaser.eu\/wp-content\/uploads\/2021\/12\/MOLAS-M300-SITE-DEPLOYMENT-600x338.png 600w, https:\/\/www.movelaser.eu\/wp-content\/uploads\/2021\/12\/MOLAS-M300-SITE-DEPLOYMENT-300x169.png 300w\" data-sizes=\"(max-width: 722px) 100vw, 722px\" src=\"data:image\/svg+xml;base64,PHN2ZyB3aWR0aD0iMSIgaGVpZ2h0PSIxIiB4bWxucz0iaHR0cDovL3d3dy53My5vcmcvMjAwMC9zdmciPjwvc3ZnPg==\" style=\"--smush-placeholder-width: 722px; --smush-placeholder-aspect-ratio: 722\/407;\" \/>\t\t\t\t\t\t\t\t\t\t\t\t\t\t\t<\/div>\n\t\t\t\t<\/div>\n\t\t\t\t<div class=\"elementor-element elementor-element-56689ce elementor-widget elementor-widget-text-editor\" data-id=\"56689ce\" data-element_type=\"widget\" data-widget_type=\"text-editor.default\">\n\t\t\t\t<div class=\"elementor-widget-container\">\n\t\t\t\t\t\t\t\t\t<p>Molas B300M y\u00fczer r\u00fczgar \u00f6l\u00e7\u00fcm lidar sistemi denizde ger\u00e7ek \u00e7ekimler<\/p>\t\t\t\t\t\t\t\t<\/div>\n\t\t\t\t<\/div>\n\t\t\t\t\t<\/div>\n\t\t<\/div>\n\t\t\t\t\t<\/div>\n\t\t<\/section>\n\t\t\t\t<\/div>","protected":false},"excerpt":{"rendered":"<p>Movelaser News Center Equipped with Molas B300M floating wind lidar system successfully launched in Guangdong waters 2021-05-08 Recently, through close cooperation between Nanjing Movelaser Technology Co., Ltd. (hereinafter referred to as &#8221; Movelaser &#8220;) and well-known floating wind measurement system manufacturers in the industry, the floating wind measurement lidar system equipped with Molas B300M was &hellip;<\/p>\n<p class=\"read-more\"> <a class=\"\" href=\"https:\/\/www.movelaser.eu\/tr\/news\/20211013-equipped-with-molas-b300m-floating-wind-lidar-system-successfully-launched-in-guangdong-waters\/\"> <span class=\"screen-reader-text\">20211013 - Molas B300M y\u00fczer r\u00fczgar lidar sistemi ile donat\u0131lm\u0131\u015f, Guangdong sular\u0131nda ba\u015far\u0131yla ba\u015flat\u0131ld\u0131<\/span> Devam\u0131 &raquo;<\/a><\/p>","protected":false},"author":1,"featured_media":0,"parent":1935,"menu_order":0,"comment_status":"closed","ping_status":"closed","template":"","meta":{"_monsterinsights_skip_tracking":false,"_monsterinsights_sitenote_active":false,"_monsterinsights_sitenote_note":"","_monsterinsights_sitenote_category":0,"site-sidebar-layout":"no-sidebar","site-content-layout":"page-builder","ast-main-header-display":"","ast-hfb-above-header-display":"","ast-hfb-below-header-display":"","ast-hfb-mobile-header-display":"","site-post-title":"disabled","ast-breadcrumbs-content":"disabled","ast-featured-img":"disabled","footer-sml-layout":"","theme-transparent-header-meta":"enabled","adv-header-id-meta":"","stick-header-meta":"","header-above-stick-meta":"","header-main-stick-meta":"","header-below-stick-meta":"","footnotes":""},"class_list":["post-1996","page","type-page","status-publish","hentry"],"_links":{"self":[{"href":"https:\/\/www.movelaser.eu\/tr\/wp-json\/wp\/v2\/pages\/1996","targetHints":{"allow":["GET"]}}],"collection":[{"href":"https:\/\/www.movelaser.eu\/tr\/wp-json\/wp\/v2\/pages"}],"about":[{"href":"https:\/\/www.movelaser.eu\/tr\/wp-json\/wp\/v2\/types\/page"}],"author":[{"embeddable":true,"href":"https:\/\/www.movelaser.eu\/tr\/wp-json\/wp\/v2\/users\/1"}],"replies":[{"embeddable":true,"href":"https:\/\/www.movelaser.eu\/tr\/wp-json\/wp\/v2\/comments?post=1996"}],"version-history":[{"count":0,"href":"https:\/\/www.movelaser.eu\/tr\/wp-json\/wp\/v2\/pages\/1996\/revisions"}],"up":[{"embeddable":true,"href":"https:\/\/www.movelaser.eu\/tr\/wp-json\/wp\/v2\/pages\/1935"}],"wp:attachment":[{"href":"https:\/\/www.movelaser.eu\/tr\/wp-json\/wp\/v2\/media?parent=1996"}],"curies":[{"name":"wp","href":"https:\/\/api.w.org\/{rel}","templated":true}]}}