{"id":1988,"date":"2021-12-22T09:08:50","date_gmt":"2021-12-22T01:08:50","guid":{"rendered":"https:\/\/movelasers.com\/?page_id=1988"},"modified":"2021-12-22T09:18:46","modified_gmt":"2021-12-22T01:18:46","slug":"20210508-molas-b300-acquired-dnv-gl-type-specific-classification","status":"publish","type":"page","link":"https:\/\/www.movelaser.eu\/tr\/news\/20210508-molas-b300-acquired-dnv-gl-type-specific-classification\/","title":{"rendered":"20210508 \u2013 Molas B300, DNV-GL Tipe \u00d6zg\u00fc S\u0131n\u0131fland\u0131rmay\u0131 sat\u0131n ald\u0131"},"content":{"rendered":"<div data-elementor-type=\"wp-page\" data-elementor-id=\"1988\" class=\"elementor elementor-1988\">\n\t\t\t\t\t\t<section class=\"elementor-section elementor-top-section elementor-element elementor-element-6952cf8 elementor-section-height-min-height elementor-section-boxed elementor-section-height-default elementor-section-items-middle\" data-id=\"6952cf8\" data-element_type=\"section\" data-settings=\"{&quot;background_background&quot;:&quot;slideshow&quot;,&quot;background_slideshow_gallery&quot;:[{&quot;id&quot;:1036,&quot;url&quot;:&quot;https:\\\/\\\/movelasers.com\\\/wp-content\\\/uploads\\\/2021\\\/12\\\/3.jpg&quot;},{&quot;id&quot;:1039,&quot;url&quot;:&quot;https:\\\/\\\/movelasers.com\\\/wp-content\\\/uploads\\\/2021\\\/12\\\/6.jpg&quot;},{&quot;id&quot;:1045,&quot;url&quot;:&quot;https:\\\/\\\/movelasers.com\\\/wp-content\\\/uploads\\\/2021\\\/12\\\/\\ufffd\\ufffd\\ufffd\\ufffdDHA-00-KS8-2-\\ufffd\\ufffd\\ufffd-5.6.png&quot;},{&quot;id&quot;:1034,&quot;url&quot;:&quot;https:\\\/\\\/movelasers.com\\\/wp-content\\\/uploads\\\/2021\\\/12\\\/1.jpg&quot;}],&quot;background_slideshow_ken_burns&quot;:&quot;yes&quot;,&quot;background_slideshow_loop&quot;:&quot;yes&quot;,&quot;background_slideshow_slide_duration&quot;:5000,&quot;background_slideshow_slide_transition&quot;:&quot;fade&quot;,&quot;background_slideshow_transition_duration&quot;:500,&quot;background_slideshow_ken_burns_zoom_direction&quot;:&quot;in&quot;}\">\n\t\t\t\t\t\t\t<div class=\"elementor-background-overlay\"><\/div>\n\t\t\t\t\t\t\t<div class=\"elementor-container elementor-column-gap-no\">\n\t\t\t\t\t<div class=\"elementor-column elementor-col-100 elementor-top-column elementor-element elementor-element-4c6db26\" data-id=\"4c6db26\" data-element_type=\"column\">\n\t\t\t<div class=\"elementor-widget-wrap elementor-element-populated\">\n\t\t\t\t\t\t<div class=\"elementor-element elementor-element-558ce53 elementor-widget elementor-widget-heading\" data-id=\"558ce53\" data-element_type=\"widget\" data-widget_type=\"heading.default\">\n\t\t\t\t<div class=\"elementor-widget-container\">\n\t\t\t\t\t<h1 class=\"elementor-heading-title elementor-size-default\">Movelaser Haber Merkezi<\/h1>\t\t\t\t<\/div>\n\t\t\t\t<\/div>\n\t\t\t\t<div class=\"elementor-element elementor-element-628c3d6 elementor-widget-divider--view-line elementor-widget elementor-widget-divider\" data-id=\"628c3d6\" data-element_type=\"widget\" data-widget_type=\"divider.default\">\n\t\t\t\t<div class=\"elementor-widget-container\">\n\t\t\t\t\t\t\t<div class=\"elementor-divider\">\n\t\t\t<span class=\"elementor-divider-separator\">\n\t\t\t\t\t\t<\/span>\n\t\t<\/div>\n\t\t\t\t\t\t<\/div>\n\t\t\t\t<\/div>\n\t\t\t\t\t<\/div>\n\t\t<\/div>\n\t\t\t\t\t<\/div>\n\t\t<\/section>\n\t\t\t\t<section class=\"elementor-section elementor-top-section elementor-element elementor-element-4c00deb elementor-section-boxed elementor-section-height-default elementor-section-height-default\" data-id=\"4c00deb\" data-element_type=\"section\" data-settings=\"{&quot;background_background&quot;:&quot;classic&quot;}\">\n\t\t\t\t\t\t<div class=\"elementor-container elementor-column-gap-default\">\n\t\t\t\t\t<div class=\"elementor-column elementor-col-100 elementor-top-column elementor-element elementor-element-91186d7\" data-id=\"91186d7\" data-element_type=\"column\">\n\t\t\t<div class=\"elementor-widget-wrap elementor-element-populated\">\n\t\t\t\t\t\t<div class=\"elementor-element elementor-element-dbbfde0 elementor-widget elementor-widget-heading\" data-id=\"dbbfde0\" data-element_type=\"widget\" data-widget_type=\"heading.default\">\n\t\t\t\t<div class=\"elementor-widget-container\">\n\t\t\t\t\t<h2 class=\"elementor-heading-title elementor-size-default\">Molas B300, DNV-GL Tipe \u00d6zg\u00fc S\u0131n\u0131fland\u0131rmay\u0131 sat\u0131n ald\u0131<\/h2>\t\t\t\t<\/div>\n\t\t\t\t<\/div>\n\t\t\t\t<div class=\"elementor-element elementor-element-bb7801e elementor-widget-divider--view-line elementor-widget elementor-widget-divider\" data-id=\"bb7801e\" data-element_type=\"widget\" data-widget_type=\"divider.default\">\n\t\t\t\t<div class=\"elementor-widget-container\">\n\t\t\t\t\t\t\t<div class=\"elementor-divider\">\n\t\t\t<span class=\"elementor-divider-separator\">\n\t\t\t\t\t\t<\/span>\n\t\t<\/div>\n\t\t\t\t\t\t<\/div>\n\t\t\t\t<\/div>\n\t\t\t\t<div class=\"elementor-element elementor-element-a8faea8 elementor-widget elementor-widget-text-editor\" data-id=\"a8faea8\" data-element_type=\"widget\" data-widget_type=\"text-editor.default\">\n\t\t\t\t<div class=\"elementor-widget-container\">\n\t\t\t\t\t\t\t\t\t<p>2021-05-08<\/p>\t\t\t\t\t\t\t\t<\/div>\n\t\t\t\t<\/div>\n\t\t\t\t<div class=\"elementor-element elementor-element-2704f02 elementor-widget elementor-widget-text-editor\" data-id=\"2704f02\" data-element_type=\"widget\" data-widget_type=\"text-editor.default\">\n\t\t\t\t<div class=\"elementor-widget-container\">\n\t\t\t\t\t\t\t\t\t<p><span style=\"vertical-align: inherit;\"><span style=\"vertical-align: inherit;\">Nisan 2021&#039;de DNVGL, Nanjing Movelaser Technology Co., Ltd. Molas B300 r\u00fczgar \u00f6l\u00e7\u00fcm lidar\u0131na y\u00f6nelik nihai tipe \u00f6zg\u00fc s\u0131n\u0131fland\u0131rma testi raporunu (Tipe \u00f6zg\u00fc S\u0131n\u0131fland\u0131rma) sa\u011flad\u0131. Molas B300, IEC61400-12-1 taraf\u0131ndan belirtilen s\u0131n\u0131fland\u0131rma testi gereksinimlerini tamamlayan \u00c7in&#039;de \u00fcretilen ilk ve tek r\u00fczgar lidar\u0131 oldu.<\/span><\/span><\/p>\t\t\t\t\t\t\t\t<\/div>\n\t\t\t\t<\/div>\n\t\t\t\t<div class=\"elementor-element elementor-element-1f0a1d2 elementor-widget elementor-widget-text-editor\" data-id=\"1f0a1d2\" data-element_type=\"widget\" data-widget_type=\"text-editor.default\">\n\t\t\t\t<div class=\"elementor-widget-container\">\n\t\t\t\t\t\t\t\t\t<p><span style=\"vertical-align: inherit;\"><span style=\"vertical-align: inherit;\">Testin tamam\u0131, DNVGL ve Movelaser&#039;\u0131n birlikte salg\u0131n\u0131n etkisinin \u00fcstesinden geldi\u011fi ve s\u0131n\u0131fland\u0131rma testinin gerektirdi\u011fi \u00fc\u00e7 test a\u015famas\u0131n\u0131 ba\u015far\u0131yla tamamlad\u0131\u011f\u0131 yakla\u015f\u0131k bir y\u0131l s\u00fcrd\u00fc. Test s\u0131ras\u0131nda, toplam iki Molas B300 r\u00fczgar lidar\u0131, DNVGL&#039;nin Almanya&#039;daki Hamburg ve Janneby test \u00fcslerinde zorlu testlerden ge\u00e7ti.<\/span><\/span><\/p>\t\t\t\t\t\t\t\t<\/div>\n\t\t\t\t<\/div>\n\t\t\t\t<div class=\"elementor-element elementor-element-c6107c3 elementor-widget elementor-widget-image\" data-id=\"c6107c3\" data-element_type=\"widget\" data-widget_type=\"image.default\">\n\t\t\t\t<div class=\"elementor-widget-container\">\n\t\t\t\t\t\t\t\t\t\t\t\t\t\t\t<img fetchpriority=\"high\" decoding=\"async\" width=\"277\" height=\"324\" src=\"https:\/\/www.movelaser.eu\/wp-content\/uploads\/2021\/12\/1620452541681183.png\" class=\"elementor-animation-grow attachment-large size-large wp-image-1992\" alt=\"\" srcset=\"https:\/\/www.movelaser.eu\/wp-content\/uploads\/2021\/12\/1620452541681183.png 277w, https:\/\/www.movelaser.eu\/wp-content\/uploads\/2021\/12\/1620452541681183-256x300.png 256w\" sizes=\"(max-width: 277px) 100vw, 277px\" \/>\t\t\t\t\t\t\t\t\t\t\t\t\t\t\t<\/div>\n\t\t\t\t<\/div>\n\t\t\t\t<div class=\"elementor-element elementor-element-290031e elementor-widget elementor-widget-text-editor\" data-id=\"290031e\" data-element_type=\"widget\" data-widget_type=\"text-editor.default\">\n\t\t\t\t<div class=\"elementor-widget-container\">\n\t\t\t\t\t\t\t\t\t<p><span style=\"vertical-align: inherit;\"><span style=\"vertical-align: inherit;\">IEC 61400-12-1 standard\u0131na g\u00f6re, ekipman\u0131n s\u0131n\u0131fland\u0131rma testi, en az iki ekipman \u00fcnitesinin iki farkl\u0131 sahada test edilmesini gerektirir ve en az bir ekipman \u00fcnitesi iki sahada konu\u015fland\u0131r\u0131lmal\u0131d\u0131r, bu da her tip en az \u00fc\u00e7 gerektirir. s\u0131n\u0131fland\u0131rma testinin a\u015famalar\u0131 yap\u0131lacakt\u0131r. Standart gereksinimlere yan\u0131t olarak Movelaser, teste kat\u0131lmak i\u00e7in Almanya&#039;ya iki Molas B300 g\u00f6nderdi. Cihaz A Hamburg&#039;da 3 ay, Janneby yakla\u015f\u0131k 4 ay ve Cihaz B Janneby&#039;de 4 ay test edildi.<\/span><\/span><\/p>\t\t\t\t\t\t\t\t<\/div>\n\t\t\t\t<\/div>\n\t\t\t\t<div class=\"elementor-element elementor-element-cdf2982 elementor-widget elementor-widget-text-editor\" data-id=\"cdf2982\" data-element_type=\"widget\" data-widget_type=\"text-editor.default\">\n\t\t\t\t<div class=\"elementor-widget-container\">\n\t\t\t\t\t\t\t\t\t<p><span style=\"vertical-align: inherit;\"><span style=\"vertical-align: inherit;\">S\u0131n\u0131fland\u0131rma testi, \u00e7evresel parametrelerin (s\u0131cakl\u0131k gradyan\u0131, s\u0131cakl\u0131k, r\u00fczgar y\u00f6n\u00fc, t\u00fcrb\u00fclans yo\u011funlu\u011fu, r\u00fczgar y\u00f6n\u00fc de\u011fi\u015fim oran\u0131, ya\u011f\u0131\u015f, i\u00e7eri ak\u0131\u015f a\u00e7\u0131s\u0131 dahil) r\u00fczgar lidar\u0131n\u0131n \u00f6l\u00e7\u00fcm do\u011frulu\u011fu \u00fczerindeki etkisini de\u011ferlendirmektir. Test sonu\u00e7lar\u0131, Molas B300&#039;\u00fcn nispeten m\u00fckemmel bir seviyede oldu\u011funu g\u00f6steriyor. S\u0131n\u0131fland\u0131rma testi, m\u00fc\u015fterilerin Molas B300&#039;\u00fcn \u00f6l\u00e7\u00fcm performans\u0131n\u0131 daha iyi anlamalar\u0131na yard\u0131mc\u0131 olur ve m\u00fc\u015fterilerin Molas B300&#039;\u00fc r\u00fczgar kayna\u011f\u0131 de\u011ferlendirmesi, g\u00fc\u00e7 e\u011frisi testi, g\u00fc\u00e7 tahmini ve di\u011fer ama\u00e7lar i\u00e7in kullanmalar\u0131 i\u00e7in rehberlik sa\u011flar. S\u0131n\u0131fland\u0131rma test raporu, yurt i\u00e7i ve yurt d\u0131\u015f\u0131 m\u00fc\u015fterilerin yeni projeler geli\u015ftirdi\u011finde banka kredileri i\u00e7in de \u00f6nemli bir temel olarak kullan\u0131labilir.<\/span><\/span><\/p>\t\t\t\t\t\t\t\t<\/div>\n\t\t\t\t<\/div>\n\t\t\t\t<div class=\"elementor-element elementor-element-af2960e elementor-widget elementor-widget-text-editor\" data-id=\"af2960e\" data-element_type=\"widget\" data-widget_type=\"text-editor.default\">\n\t\t\t\t<div class=\"elementor-widget-container\">\n\t\t\t\t\t\t\t\t\t<p><font style=\"vertical-align: inherit;\"><font style=\"vertical-align: inherit;\">S\u0131n\u0131fland\u0131rma testinden \u00f6nce, Molas B300 r\u00fczgar lidar DNVGL kar\u015f\u0131la\u015ft\u0131rmal\u0131 test raporunu (Do\u011frulama) ald\u0131, sonu\u00e7 \u00e7ok iyi ve uluslararas\u0131 lider seviyede. 2016&#039;dan beri Molas B300, Alman WindGuard, Danimarka DTU, Alman DNVGL ve yerel CGC&#039;den art arda \u00e7ok say\u0131da test raporu ald\u0131.<\/font><\/font><\/p>\t\t\t\t\t\t\t\t<\/div>\n\t\t\t\t<\/div>\n\t\t\t\t<div class=\"elementor-element elementor-element-8eaf7a1 elementor-widget elementor-widget-image\" data-id=\"8eaf7a1\" data-element_type=\"widget\" data-widget_type=\"image.default\">\n\t\t\t\t<div class=\"elementor-widget-container\">\n\t\t\t\t\t\t\t\t\t\t\t\t\t\t\t<img decoding=\"async\" width=\"913\" height=\"770\" data-src=\"https:\/\/www.movelaser.eu\/wp-content\/uploads\/2021\/12\/1620452552815862.png\" class=\"elementor-animation-grow attachment-large size-large wp-image-1991 lazyload\" alt=\"\" data-srcset=\"https:\/\/www.movelaser.eu\/wp-content\/uploads\/2021\/12\/1620452552815862.png 913w, https:\/\/www.movelaser.eu\/wp-content\/uploads\/2021\/12\/1620452552815862-300x253.png 300w, https:\/\/www.movelaser.eu\/wp-content\/uploads\/2021\/12\/1620452552815862-768x648.png 768w, https:\/\/www.movelaser.eu\/wp-content\/uploads\/2021\/12\/1620452552815862-600x506.png 600w\" data-sizes=\"(max-width: 913px) 100vw, 913px\" src=\"data:image\/svg+xml;base64,PHN2ZyB3aWR0aD0iMSIgaGVpZ2h0PSIxIiB4bWxucz0iaHR0cDovL3d3dy53My5vcmcvMjAwMC9zdmciPjwvc3ZnPg==\" style=\"--smush-placeholder-width: 913px; --smush-placeholder-aspect-ratio: 913\/770;\" \/>\t\t\t\t\t\t\t\t\t\t\t\t\t\t\t<\/div>\n\t\t\t\t<\/div>\n\t\t\t\t<div class=\"elementor-element elementor-element-56689ce elementor-widget elementor-widget-text-editor\" data-id=\"56689ce\" data-element_type=\"widget\" data-widget_type=\"text-editor.default\">\n\t\t\t\t<div class=\"elementor-widget-container\">\n\t\t\t\t\t\t\t\t\t<p>Molas B300 kar\u015f\u0131la\u015ft\u0131rma sonucu @DNVGL<\/p>\t\t\t\t\t\t\t\t<\/div>\n\t\t\t\t<\/div>\n\t\t\t\t\t<\/div>\n\t\t<\/div>\n\t\t\t\t\t<\/div>\n\t\t<\/section>\n\t\t\t\t<\/div>","protected":false},"excerpt":{"rendered":"<p>Movelaser Haber Merkezi Molas B300, DNV-GL Tipe \u00d6zg\u00fc S\u0131n\u0131fland\u0131rmay\u0131 sat\u0131n ald\u0131 \u00f6l\u00e7\u00fcm lidar\u0131. Molas B300, belirtilen s\u0131n\u0131fland\u0131rma testi gerekliliklerini tamamlayan, \u00c7in&#039;de \u00fcretilen ilk ve tek r\u00fczgar lidar\u0131 oldu\u2026<\/p>\n<p class=\"read-more\"> <a class=\"\" href=\"https:\/\/www.movelaser.eu\/tr\/news\/20210508-molas-b300-acquired-dnv-gl-type-specific-classification\/\"> <span class=\"screen-reader-text\">20210508 \u2013 Molas B300, DNV-GL Tipe \u00d6zg\u00fc S\u0131n\u0131fland\u0131rmay\u0131 sat\u0131n ald\u0131<\/span> Devam\u0131 &raquo;<\/a><\/p>","protected":false},"author":1,"featured_media":0,"parent":1935,"menu_order":0,"comment_status":"closed","ping_status":"closed","template":"","meta":{"_monsterinsights_skip_tracking":false,"_monsterinsights_sitenote_active":false,"_monsterinsights_sitenote_note":"","_monsterinsights_sitenote_category":0,"site-sidebar-layout":"no-sidebar","site-content-layout":"page-builder","ast-main-header-display":"","ast-hfb-above-header-display":"","ast-hfb-below-header-display":"","ast-hfb-mobile-header-display":"","site-post-title":"disabled","ast-breadcrumbs-content":"disabled","ast-featured-img":"disabled","footer-sml-layout":"","theme-transparent-header-meta":"enabled","adv-header-id-meta":"","stick-header-meta":"","header-above-stick-meta":"","header-main-stick-meta":"","header-below-stick-meta":"","footnotes":""},"class_list":["post-1988","page","type-page","status-publish","hentry"],"_links":{"self":[{"href":"https:\/\/www.movelaser.eu\/tr\/wp-json\/wp\/v2\/pages\/1988","targetHints":{"allow":["GET"]}}],"collection":[{"href":"https:\/\/www.movelaser.eu\/tr\/wp-json\/wp\/v2\/pages"}],"about":[{"href":"https:\/\/www.movelaser.eu\/tr\/wp-json\/wp\/v2\/types\/page"}],"author":[{"embeddable":true,"href":"https:\/\/www.movelaser.eu\/tr\/wp-json\/wp\/v2\/users\/1"}],"replies":[{"embeddable":true,"href":"https:\/\/www.movelaser.eu\/tr\/wp-json\/wp\/v2\/comments?post=1988"}],"version-history":[{"count":0,"href":"https:\/\/www.movelaser.eu\/tr\/wp-json\/wp\/v2\/pages\/1988\/revisions"}],"up":[{"embeddable":true,"href":"https:\/\/www.movelaser.eu\/tr\/wp-json\/wp\/v2\/pages\/1935"}],"wp:attachment":[{"href":"https:\/\/www.movelaser.eu\/tr\/wp-json\/wp\/v2\/media?parent=1988"}],"curies":[{"name":"wp","href":"https:\/\/api.w.org\/{rel}","templated":true}]}}