{"id":1975,"date":"2021-12-22T08:54:27","date_gmt":"2021-12-22T00:54:27","guid":{"rendered":"https:\/\/movelasers.com\/?page_id=1975"},"modified":"2021-12-22T09:09:30","modified_gmt":"2021-12-22T01:09:30","slug":"20190822-molas-nl-applied-to-offshore-4-0mw-wind-turbines","status":"publish","type":"page","link":"https:\/\/www.movelaser.eu\/tr\/news\/20190822-molas-nl-applied-to-offshore-4-0mw-wind-turbines\/","title":{"rendered":"20190822 \u2013 Molas NL, Siemens a\u00e7\u0131k deniz 4.0MW r\u00fczgar t\u00fcrbinlerine ba\u015fvurdu"},"content":{"rendered":"<div data-elementor-type=\"wp-page\" data-elementor-id=\"1975\" class=\"elementor elementor-1975\">\n\t\t\t\t\t\t<section class=\"elementor-section elementor-top-section elementor-element elementor-element-6952cf8 elementor-section-height-min-height elementor-section-boxed elementor-section-height-default elementor-section-items-middle\" data-id=\"6952cf8\" data-element_type=\"section\" data-settings=\"{&quot;background_background&quot;:&quot;slideshow&quot;,&quot;background_slideshow_gallery&quot;:[{&quot;id&quot;:986,&quot;url&quot;:&quot;https:\\\/\\\/movelasers.com\\\/wp-content\\\/uploads\\\/2021\\\/12\\\/MOLAS-NL-ON-TURBINE.jpg&quot;},{&quot;id&quot;:1978,&quot;url&quot;:&quot;https:\\\/\\\/movelasers.com\\\/wp-content\\\/uploads\\\/2021\\\/12\\\/1566439086951038.jpg&quot;}],&quot;background_slideshow_ken_burns&quot;:&quot;yes&quot;,&quot;background_slideshow_loop&quot;:&quot;yes&quot;,&quot;background_slideshow_slide_duration&quot;:5000,&quot;background_slideshow_slide_transition&quot;:&quot;fade&quot;,&quot;background_slideshow_transition_duration&quot;:500,&quot;background_slideshow_ken_burns_zoom_direction&quot;:&quot;in&quot;}\">\n\t\t\t\t\t\t\t<div class=\"elementor-background-overlay\"><\/div>\n\t\t\t\t\t\t\t<div class=\"elementor-container elementor-column-gap-no\">\n\t\t\t\t\t<div class=\"elementor-column elementor-col-100 elementor-top-column elementor-element elementor-element-4c6db26\" data-id=\"4c6db26\" data-element_type=\"column\">\n\t\t\t<div class=\"elementor-widget-wrap elementor-element-populated\">\n\t\t\t\t\t\t<div class=\"elementor-element elementor-element-558ce53 elementor-widget elementor-widget-heading\" data-id=\"558ce53\" data-element_type=\"widget\" data-widget_type=\"heading.default\">\n\t\t\t\t<div class=\"elementor-widget-container\">\n\t\t\t\t\t<h1 class=\"elementor-heading-title elementor-size-default\">Movelaser Haber Merkezi<\/h1>\t\t\t\t<\/div>\n\t\t\t\t<\/div>\n\t\t\t\t<div class=\"elementor-element elementor-element-628c3d6 elementor-widget-divider--view-line elementor-widget elementor-widget-divider\" data-id=\"628c3d6\" data-element_type=\"widget\" data-widget_type=\"divider.default\">\n\t\t\t\t<div class=\"elementor-widget-container\">\n\t\t\t\t\t\t\t<div class=\"elementor-divider\">\n\t\t\t<span class=\"elementor-divider-separator\">\n\t\t\t\t\t\t<\/span>\n\t\t<\/div>\n\t\t\t\t\t\t<\/div>\n\t\t\t\t<\/div>\n\t\t\t\t\t<\/div>\n\t\t<\/div>\n\t\t\t\t\t<\/div>\n\t\t<\/section>\n\t\t\t\t<section class=\"elementor-section elementor-top-section elementor-element elementor-element-4c00deb elementor-section-boxed elementor-section-height-default elementor-section-height-default\" data-id=\"4c00deb\" data-element_type=\"section\" data-settings=\"{&quot;background_background&quot;:&quot;classic&quot;}\">\n\t\t\t\t\t\t<div class=\"elementor-container elementor-column-gap-default\">\n\t\t\t\t\t<div class=\"elementor-column elementor-col-100 elementor-top-column elementor-element elementor-element-91186d7\" data-id=\"91186d7\" data-element_type=\"column\">\n\t\t\t<div class=\"elementor-widget-wrap elementor-element-populated\">\n\t\t\t\t\t\t<div class=\"elementor-element elementor-element-dbbfde0 elementor-widget elementor-widget-heading\" data-id=\"dbbfde0\" data-element_type=\"widget\" data-widget_type=\"heading.default\">\n\t\t\t\t<div class=\"elementor-widget-container\">\n\t\t\t\t\t<h2 class=\"elementor-heading-title elementor-size-default\">Molas NL, Siemens a\u00e7\u0131k deniz 4.0MW r\u00fczgar t\u00fcrbinlerine uyguland\u0131<\/h2>\t\t\t\t<\/div>\n\t\t\t\t<\/div>\n\t\t\t\t<div class=\"elementor-element elementor-element-bb7801e elementor-widget-divider--view-line elementor-widget elementor-widget-divider\" data-id=\"bb7801e\" data-element_type=\"widget\" data-widget_type=\"divider.default\">\n\t\t\t\t<div class=\"elementor-widget-container\">\n\t\t\t\t\t\t\t<div class=\"elementor-divider\">\n\t\t\t<span class=\"elementor-divider-separator\">\n\t\t\t\t\t\t<\/span>\n\t\t<\/div>\n\t\t\t\t\t\t<\/div>\n\t\t\t\t<\/div>\n\t\t\t\t<div class=\"elementor-element elementor-element-a8faea8 elementor-widget elementor-widget-text-editor\" data-id=\"a8faea8\" data-element_type=\"widget\" data-widget_type=\"text-editor.default\">\n\t\t\t\t<div class=\"elementor-widget-container\">\n\t\t\t\t\t\t\t\t\t<p><span style=\"vertical-align: inherit;\"><span style=\"vertical-align: inherit;\">2019-08-22<\/span><\/span><\/p>\t\t\t\t\t\t\t\t<\/div>\n\t\t\t\t<\/div>\n\t\t\t\t<div class=\"elementor-element elementor-element-290031e elementor-widget elementor-widget-text-editor\" data-id=\"290031e\" data-element_type=\"widget\" data-widget_type=\"text-editor.default\">\n\t\t\t\t<div class=\"elementor-widget-container\">\n\t\t\t\t\t\t\t\t\t<p><span style=\"vertical-align: inherit;\"><span style=\"vertical-align: inherit;\">Haziran 2019&#039;da Movelaser Molas NL nacelle tabanl\u0131 r\u00fczgar lidar, Zhejiang Eyaleti, Zhoushan&#039;daki bir a\u00e7\u0131k deniz r\u00fczgar \u00e7iftli\u011fine kuruldu. A\u00e7\u0131k deniz r\u00fczgar t\u00fcrbinlerinin g\u00fc\u00e7 e\u011frisi do\u011frulamas\u0131na uyguland\u0131. R\u00fczgar t\u00fcrbini, g\u00f6bek y\u00fcksekli\u011fine sahip Siemens 4.0MW modelidir 90 metre ve 62,5 metre kanat uzunlu\u011fu. A\u00e7\u0131k denizde bir Met-dire\u011fi kurman\u0131n maliyeti, in\u015fa edilmesi zor, pahal\u0131 ve hareket ettirilemeyen milyonlarca RMB&#039;dir. Movelaser Molas NL nasel tabanl\u0131 r\u00fczgar lidar\u0131 deniz ortam\u0131na \u00e7ok iyi uyum sa\u011flayabilir, ekipman maliyeti d\u00fc\u015f\u00fckt\u00fcr, kurulum ve demontaj sadece yar\u0131m g\u00fcn s\u00fcrer, bu da \u00e7ok fazla zaman ve maliyet tasarrufu sa\u011flar. G\u00fc\u00e7 e\u011frisi do\u011frulamas\u0131 i\u00e7in \u015fu anda a\u00e7\u0131k deniz r\u00fczgar \u00f6l\u00e7\u00fcm\u00fc i\u00e7in en iyi se\u00e7imdir.<\/span><\/span><\/p><p><span style=\"vertical-align: inherit;\"><span style=\"vertical-align: inherit;\">Molas NL, g\u00f6be\u011fin \u00f6n\u00fcndeki 50m ila 400m aras\u0131ndaki 10 mesafe b\u00f6lgesinin r\u00fczgar h\u0131z\u0131 bilgilerini \u00f6l\u00e7ebilir. Sert a\u00e7\u0131k deniz ko\u015fullar\u0131nda bile r\u00fczgar h\u0131z\u0131, r\u00fczgar y\u00f6n\u00fc ve t\u00fcrb\u00fclans gibi bilgileri do\u011fru ve g\u00fcvenilir bir \u015fekilde toplayabilir. \u0130ki aydan fazla bir \u00e7al\u0131\u015fmadan sonra Molas NL deniz ortam\u0131nda iyi bir performans sergileyerek m\u00fc\u015fterilere do\u011fru ve etkili r\u00fczgar h\u0131z\u0131 bilgileri ve bu a\u00e7\u0131k deniz r\u00fczgar t\u00fcrbini g\u00fc\u00e7 e\u011frisi do\u011frulama projesi i\u00e7in g\u00fc\u00e7l\u00fc veri deste\u011fi sa\u011flayan profesyonel veri analizi raporu.<\/span><\/span><\/p><p><span style=\"vertical-align: inherit;\"><span style=\"vertical-align: inherit;\">\u015eu anda Molas NL nasel tabanl\u0131 r\u00fczgar lidar\u0131, Goldwind, Envision, Shanghai Electric, Windey, CSIC ve Sany gibi \u00e7e\u015fitli yerli r\u00fczgar t\u00fcrbini \u00fcreticilerinde uygulanm\u0131\u015f ve m\u00fckemmel performans g\u00f6stermi\u015ftir.<\/span><\/span><\/p>\t\t\t\t\t\t\t\t<\/div>\n\t\t\t\t<\/div>\n\t\t\t\t<div class=\"elementor-element elementor-element-8eaf7a1 elementor-widget elementor-widget-image\" data-id=\"8eaf7a1\" data-element_type=\"widget\" data-widget_type=\"image.default\">\n\t\t\t\t<div class=\"elementor-widget-container\">\n\t\t\t\t\t\t\t\t\t\t\t\t\t\t\t<img fetchpriority=\"high\" decoding=\"async\" width=\"472\" height=\"357\" src=\"https:\/\/www.movelaser.eu\/wp-content\/uploads\/2021\/12\/1566439086951038.jpg\" class=\"elementor-animation-grow attachment-large size-large wp-image-1978\" alt=\"\" srcset=\"https:\/\/www.movelaser.eu\/wp-content\/uploads\/2021\/12\/1566439086951038.jpg 472w, https:\/\/www.movelaser.eu\/wp-content\/uploads\/2021\/12\/1566439086951038-300x227.jpg 300w\" sizes=\"(max-width: 472px) 100vw, 472px\" \/>\t\t\t\t\t\t\t\t\t\t\t\t\t\t\t<\/div>\n\t\t\t\t<\/div>\n\t\t\t\t\t<\/div>\n\t\t<\/div>\n\t\t\t\t\t<\/div>\n\t\t<\/section>\n\t\t\t\t<\/div>","protected":false},"excerpt":{"rendered":"<p>Movelaser Haber Merkezi Molas NL, Siemens offshore 4.0MW r\u00fczgar t\u00fcrbinlerine uyguland\u0131 2019-08-22 Haziran 2019&#039;da Movelaser Molas NL nasel tabanl\u0131 r\u00fczgar lidar, Zhejiang Eyaleti, Zhoushan&#039;daki bir a\u00e7\u0131k deniz r\u00fczgar \u00e7iftli\u011fine kuruldu. G\u00fc\u00e7 e\u011frisine uyguland\u0131. a\u00e7\u0131k deniz r\u00fczgar t\u00fcrbinlerinin do\u011frulanmas\u0131.R\u00fczgar t\u00fcrbini, g\u00f6bek y\u00fcksekli\u011fine sahip Siemens 4.0MW modelidir\u2026<\/p>\n<p class=\"read-more\"> <a class=\"\" href=\"https:\/\/www.movelaser.eu\/tr\/news\/20190822-molas-nl-applied-to-offshore-4-0mw-wind-turbines\/\"> <span class=\"screen-reader-text\">20190822 \u2013 Molas NL, Siemens a\u00e7\u0131k deniz 4.0MW r\u00fczgar t\u00fcrbinlerine ba\u015fvurdu<\/span> Devam\u0131 &raquo;<\/a><\/p>","protected":false},"author":1,"featured_media":0,"parent":1935,"menu_order":0,"comment_status":"closed","ping_status":"closed","template":"","meta":{"_monsterinsights_skip_tracking":false,"_monsterinsights_sitenote_active":false,"_monsterinsights_sitenote_note":"","_monsterinsights_sitenote_category":0,"site-sidebar-layout":"no-sidebar","site-content-layout":"page-builder","ast-main-header-display":"","ast-hfb-above-header-display":"","ast-hfb-below-header-display":"","ast-hfb-mobile-header-display":"","site-post-title":"disabled","ast-breadcrumbs-content":"disabled","ast-featured-img":"disabled","footer-sml-layout":"","theme-transparent-header-meta":"enabled","adv-header-id-meta":"","stick-header-meta":"","header-above-stick-meta":"","header-main-stick-meta":"","header-below-stick-meta":"","footnotes":""},"class_list":["post-1975","page","type-page","status-publish","hentry"],"_links":{"self":[{"href":"https:\/\/www.movelaser.eu\/tr\/wp-json\/wp\/v2\/pages\/1975","targetHints":{"allow":["GET"]}}],"collection":[{"href":"https:\/\/www.movelaser.eu\/tr\/wp-json\/wp\/v2\/pages"}],"about":[{"href":"https:\/\/www.movelaser.eu\/tr\/wp-json\/wp\/v2\/types\/page"}],"author":[{"embeddable":true,"href":"https:\/\/www.movelaser.eu\/tr\/wp-json\/wp\/v2\/users\/1"}],"replies":[{"embeddable":true,"href":"https:\/\/www.movelaser.eu\/tr\/wp-json\/wp\/v2\/comments?post=1975"}],"version-history":[{"count":0,"href":"https:\/\/www.movelaser.eu\/tr\/wp-json\/wp\/v2\/pages\/1975\/revisions"}],"up":[{"embeddable":true,"href":"https:\/\/www.movelaser.eu\/tr\/wp-json\/wp\/v2\/pages\/1935"}],"wp:attachment":[{"href":"https:\/\/www.movelaser.eu\/tr\/wp-json\/wp\/v2\/media?parent=1975"}],"curies":[{"name":"wp","href":"https:\/\/api.w.org\/{rel}","templated":true}]}}