{"id":1961,"date":"2021-12-22T08:42:04","date_gmt":"2021-12-22T00:42:04","guid":{"rendered":"https:\/\/movelasers.com\/?page_id=1961"},"modified":"2021-12-22T08:53:44","modified_gmt":"2021-12-22T00:53:44","slug":"20210112-energy-association-of-jiangsu-province-attended-the-meeting-at-movelaser","status":"publish","type":"page","link":"https:\/\/www.movelaser.eu\/tr\/news\/20210112-energy-association-of-jiangsu-province-attended-the-meeting-at-movelaser\/","title":{"rendered":"20210112 \u2013 Jiangsu Eyaleti Enerji Derne\u011fi Movelaser&#039;daki toplant\u0131ya kat\u0131ld\u0131"},"content":{"rendered":"<div data-elementor-type=\"wp-page\" data-elementor-id=\"1961\" class=\"elementor elementor-1961\">\n\t\t\t\t\t\t<section class=\"elementor-section elementor-top-section elementor-element elementor-element-6952cf8 elementor-section-height-min-height elementor-section-boxed elementor-section-height-default elementor-section-items-middle\" data-id=\"6952cf8\" data-element_type=\"section\" data-settings=\"{&quot;background_background&quot;:&quot;slideshow&quot;,&quot;background_slideshow_gallery&quot;:[{&quot;id&quot;:1964,&quot;url&quot;:&quot;https:\\\/\\\/movelasers.com\\\/wp-content\\\/uploads\\\/2021\\\/12\\\/1610957633218539.png&quot;},{&quot;id&quot;:1965,&quot;url&quot;:&quot;https:\\\/\\\/movelasers.com\\\/wp-content\\\/uploads\\\/2021\\\/12\\\/1610957580234727.png&quot;},{&quot;id&quot;:1966,&quot;url&quot;:&quot;https:\\\/\\\/movelasers.com\\\/wp-content\\\/uploads\\\/2021\\\/12\\\/1610957547673285.png&quot;},{&quot;id&quot;:1967,&quot;url&quot;:&quot;https:\\\/\\\/movelasers.com\\\/wp-content\\\/uploads\\\/2021\\\/12\\\/1610957470329129.png&quot;},{&quot;id&quot;:1968,&quot;url&quot;:&quot;https:\\\/\\\/movelasers.com\\\/wp-content\\\/uploads\\\/2021\\\/12\\\/1610957408343819.png&quot;}],&quot;background_slideshow_ken_burns&quot;:&quot;yes&quot;,&quot;background_slideshow_loop&quot;:&quot;yes&quot;,&quot;background_slideshow_slide_duration&quot;:5000,&quot;background_slideshow_slide_transition&quot;:&quot;fade&quot;,&quot;background_slideshow_transition_duration&quot;:500,&quot;background_slideshow_ken_burns_zoom_direction&quot;:&quot;in&quot;}\">\n\t\t\t\t\t\t\t<div class=\"elementor-background-overlay\"><\/div>\n\t\t\t\t\t\t\t<div class=\"elementor-container elementor-column-gap-no\">\n\t\t\t\t\t<div class=\"elementor-column elementor-col-100 elementor-top-column elementor-element elementor-element-4c6db26\" data-id=\"4c6db26\" data-element_type=\"column\">\n\t\t\t<div class=\"elementor-widget-wrap elementor-element-populated\">\n\t\t\t\t\t\t<div class=\"elementor-element elementor-element-558ce53 elementor-widget elementor-widget-heading\" data-id=\"558ce53\" data-element_type=\"widget\" data-widget_type=\"heading.default\">\n\t\t\t\t<div class=\"elementor-widget-container\">\n\t\t\t\t\t<h1 class=\"elementor-heading-title elementor-size-default\">Movelaser Haber Merkezi<\/h1>\t\t\t\t<\/div>\n\t\t\t\t<\/div>\n\t\t\t\t<div class=\"elementor-element elementor-element-628c3d6 elementor-widget-divider--view-line elementor-widget elementor-widget-divider\" data-id=\"628c3d6\" data-element_type=\"widget\" data-widget_type=\"divider.default\">\n\t\t\t\t<div class=\"elementor-widget-container\">\n\t\t\t\t\t\t\t<div class=\"elementor-divider\">\n\t\t\t<span class=\"elementor-divider-separator\">\n\t\t\t\t\t\t<\/span>\n\t\t<\/div>\n\t\t\t\t\t\t<\/div>\n\t\t\t\t<\/div>\n\t\t\t\t\t<\/div>\n\t\t<\/div>\n\t\t\t\t\t<\/div>\n\t\t<\/section>\n\t\t\t\t<section class=\"elementor-section elementor-top-section elementor-element elementor-element-4c00deb elementor-section-boxed elementor-section-height-default elementor-section-height-default\" data-id=\"4c00deb\" data-element_type=\"section\" data-settings=\"{&quot;background_background&quot;:&quot;classic&quot;}\">\n\t\t\t\t\t\t<div class=\"elementor-container elementor-column-gap-default\">\n\t\t\t\t\t<div class=\"elementor-column elementor-col-100 elementor-top-column elementor-element elementor-element-91186d7\" data-id=\"91186d7\" data-element_type=\"column\">\n\t\t\t<div class=\"elementor-widget-wrap elementor-element-populated\">\n\t\t\t\t\t\t<div class=\"elementor-element elementor-element-dbbfde0 elementor-widget elementor-widget-heading\" data-id=\"dbbfde0\" data-element_type=\"widget\" data-widget_type=\"heading.default\">\n\t\t\t\t<div class=\"elementor-widget-container\">\n\t\t\t\t\t<h2 class=\"elementor-heading-title elementor-size-default\">Jiangsu Eyaleti Enerji Derne\u011fi Movelaser&#039;daki toplant\u0131ya kat\u0131ld\u0131<\/h2>\t\t\t\t<\/div>\n\t\t\t\t<\/div>\n\t\t\t\t<div class=\"elementor-element elementor-element-bb7801e elementor-widget-divider--view-line elementor-widget elementor-widget-divider\" data-id=\"bb7801e\" data-element_type=\"widget\" data-widget_type=\"divider.default\">\n\t\t\t\t<div class=\"elementor-widget-container\">\n\t\t\t\t\t\t\t<div class=\"elementor-divider\">\n\t\t\t<span class=\"elementor-divider-separator\">\n\t\t\t\t\t\t<\/span>\n\t\t<\/div>\n\t\t\t\t\t\t<\/div>\n\t\t\t\t<\/div>\n\t\t\t\t<div class=\"elementor-element elementor-element-a8faea8 elementor-widget elementor-widget-text-editor\" data-id=\"a8faea8\" data-element_type=\"widget\" data-widget_type=\"text-editor.default\">\n\t\t\t\t<div class=\"elementor-widget-container\">\n\t\t\t\t\t\t\t\t\t<p>2021-01-12<\/p>\t\t\t\t\t\t\t\t<\/div>\n\t\t\t\t<\/div>\n\t\t\t\t<div class=\"elementor-element elementor-element-290031e elementor-widget elementor-widget-text-editor\" data-id=\"290031e\" data-element_type=\"widget\" data-widget_type=\"text-editor.default\">\n\t\t\t\t<div class=\"elementor-widget-container\">\n\t\t\t\t\t\t\t\t\t<p><span style=\"vertical-align: inherit;\"><span style=\"vertical-align: inherit;\">12 Ocak 2021 tarihinde, Jiangsu Dafeng Ekonomik Kalk\u0131nma B\u00f6lgesi Parti \u00c7al\u0131\u015fma Komitesi Sekreteri Qiu Zhaohua, Yancheng Dafeng b\u00f6lgesinin Kalk\u0131nma ve Reform Komisyonu m\u00fcd\u00fcr yard\u0131mc\u0131s\u0131 ve Jiangsu Dafeng Enerji End\u00fcstri Park\u0131 Y\u00f6netim Ofisi m\u00fcd\u00fcr\u00fc Wang Wei Chen Yuqing , Jiangsu Dafeng Ekonomik Kalk\u0131nma B\u00f6lgesi b\u00f6l\u00fcm ba\u015fkan\u0131 Yang Weilin, Jangsu Eyaleti Enerji Derne\u011fi m\u00fcd\u00fcr yard\u0131mc\u0131s\u0131, Shi Xinchun, genel sekreter, Xu Peng, genel sekreter yard\u0131mc\u0131s\u0131 Yang Yupeng ve Guo Xiaoxiao, Nanjing Movelaser Technology Co., Ltd.&#039;yi ziyaret etti. Toplant\u0131ya y\u00f6netim kurulu ba\u015fkan\u0131 Zhou Jun, ba\u015fkan yard\u0131mc\u0131s\u0131 Ye Feng ve Pazarlama Direkt\u00f6r\u00fc Zhu Hailong kat\u0131ld\u0131.<\/span><\/span><\/p>\t\t\t\t\t\t\t\t<\/div>\n\t\t\t\t<\/div>\n\t\t\t\t<div class=\"elementor-element elementor-element-8eaf7a1 elementor-widget elementor-widget-image\" data-id=\"8eaf7a1\" data-element_type=\"widget\" data-widget_type=\"image.default\">\n\t\t\t\t<div class=\"elementor-widget-container\">\n\t\t\t\t\t\t\t\t\t\t\t\t\t\t\t<img fetchpriority=\"high\" decoding=\"async\" width=\"1024\" height=\"768\" src=\"https:\/\/www.movelaser.eu\/wp-content\/uploads\/2021\/12\/1610957408343819-1024x768.png\" class=\"elementor-animation-grow attachment-large size-large wp-image-1968\" alt=\"\" srcset=\"https:\/\/www.movelaser.eu\/wp-content\/uploads\/2021\/12\/1610957408343819-1024x768.png 1024w, https:\/\/www.movelaser.eu\/wp-content\/uploads\/2021\/12\/1610957408343819-300x225.png 300w, https:\/\/www.movelaser.eu\/wp-content\/uploads\/2021\/12\/1610957408343819-768x576.png 768w, https:\/\/www.movelaser.eu\/wp-content\/uploads\/2021\/12\/1610957408343819-600x450.png 600w, https:\/\/www.movelaser.eu\/wp-content\/uploads\/2021\/12\/1610957408343819.png 1080w\" sizes=\"(max-width: 1024px) 100vw, 1024px\" \/>\t\t\t\t\t\t\t\t\t\t\t\t\t\t\t<\/div>\n\t\t\t\t<\/div>\n\t\t\t\t<div class=\"elementor-element elementor-element-2009d4b elementor-widget elementor-widget-text-editor\" data-id=\"2009d4b\" data-element_type=\"widget\" data-widget_type=\"text-editor.default\">\n\t\t\t\t<div class=\"elementor-widget-container\">\n\t\t\t\t\t\t\t\t\t<p><span style=\"vertical-align: inherit;\"><span style=\"vertical-align: inherit;\">Movelaser ad\u0131na Dr. Zhou, Sekreter Qiu ve ekibine s\u0131cak bir kar\u015f\u0131lama ve i\u00e7ten te\u015fekk\u00fcrlerini dile getirdi. Movelaser&#039;in pazarlama direkt\u00f6r\u00fc Zhu Hailong, \u015firketin genel durumunu, geli\u015ftirme ge\u00e7mi\u015fini, ana faaliyet alan\u0131n\u0131, teknik avantajlar\u0131n\u0131, ana ba\u015far\u0131lar\u0131n\u0131, yeni \u00fcr\u00fcnlerini, yeni teknolojileri vb. t\u00fcm liderlere bildirdi ve t\u00fcm liderleri Movelaser&#039;\u0131n optik, mekanik ve elektrik \u00fcr\u00fcnlerini ziyaret etmeye davet etti. \u00fcretim at\u00f6lyeleri, test platformlar\u0131 ve \u00fcretim tesisleri. Uluslararas\u0131 ileri d\u00fczeyde her t\u00fcrl\u00fc laboratuvar.<\/span><\/span><\/p>\t\t\t\t\t\t\t\t<\/div>\n\t\t\t\t<\/div>\n\t\t\t\t<div class=\"elementor-element elementor-element-e632f43 elementor-widget elementor-widget-image\" data-id=\"e632f43\" data-element_type=\"widget\" data-widget_type=\"image.default\">\n\t\t\t\t<div class=\"elementor-widget-container\">\n\t\t\t\t\t\t\t\t\t\t\t\t\t\t\t<img decoding=\"async\" width=\"1024\" height=\"768\" data-src=\"https:\/\/www.movelaser.eu\/wp-content\/uploads\/2021\/12\/1610957470329129-1024x768.png\" class=\"elementor-animation-grow attachment-large size-large wp-image-1967 lazyload\" alt=\"\" data-srcset=\"https:\/\/www.movelaser.eu\/wp-content\/uploads\/2021\/12\/1610957470329129-1024x768.png 1024w, https:\/\/www.movelaser.eu\/wp-content\/uploads\/2021\/12\/1610957470329129-300x225.png 300w, https:\/\/www.movelaser.eu\/wp-content\/uploads\/2021\/12\/1610957470329129-768x576.png 768w, https:\/\/www.movelaser.eu\/wp-content\/uploads\/2021\/12\/1610957470329129-600x450.png 600w, https:\/\/www.movelaser.eu\/wp-content\/uploads\/2021\/12\/1610957470329129.png 1080w\" data-sizes=\"(max-width: 1024px) 100vw, 1024px\" src=\"data:image\/svg+xml;base64,PHN2ZyB3aWR0aD0iMSIgaGVpZ2h0PSIxIiB4bWxucz0iaHR0cDovL3d3dy53My5vcmcvMjAwMC9zdmciPjwvc3ZnPg==\" style=\"--smush-placeholder-width: 1024px; --smush-placeholder-aspect-ratio: 1024\/768;\" \/>\t\t\t\t\t\t\t\t\t\t\t\t\t\t\t<\/div>\n\t\t\t\t<\/div>\n\t\t\t\t<div class=\"elementor-element elementor-element-a0bdbc4 elementor-widget elementor-widget-image\" data-id=\"a0bdbc4\" data-element_type=\"widget\" data-widget_type=\"image.default\">\n\t\t\t\t<div class=\"elementor-widget-container\">\n\t\t\t\t\t\t\t\t\t\t\t\t\t\t\t<img decoding=\"async\" width=\"1024\" height=\"768\" data-src=\"https:\/\/www.movelaser.eu\/wp-content\/uploads\/2021\/12\/1610957547673285-1024x768.png\" class=\"elementor-animation-grow attachment-large size-large wp-image-1966 lazyload\" alt=\"\" data-srcset=\"https:\/\/www.movelaser.eu\/wp-content\/uploads\/2021\/12\/1610957547673285-1024x768.png 1024w, https:\/\/www.movelaser.eu\/wp-content\/uploads\/2021\/12\/1610957547673285-300x225.png 300w, https:\/\/www.movelaser.eu\/wp-content\/uploads\/2021\/12\/1610957547673285-768x576.png 768w, https:\/\/www.movelaser.eu\/wp-content\/uploads\/2021\/12\/1610957547673285-600x450.png 600w, https:\/\/www.movelaser.eu\/wp-content\/uploads\/2021\/12\/1610957547673285.png 1080w\" data-sizes=\"(max-width: 1024px) 100vw, 1024px\" src=\"data:image\/svg+xml;base64,PHN2ZyB3aWR0aD0iMSIgaGVpZ2h0PSIxIiB4bWxucz0iaHR0cDovL3d3dy53My5vcmcvMjAwMC9zdmciPjwvc3ZnPg==\" style=\"--smush-placeholder-width: 1024px; --smush-placeholder-aspect-ratio: 1024\/768;\" \/>\t\t\t\t\t\t\t\t\t\t\t\t\t\t\t<\/div>\n\t\t\t\t<\/div>\n\t\t\t\t<div class=\"elementor-element elementor-element-3efa576 elementor-widget elementor-widget-text-editor\" data-id=\"3efa576\" data-element_type=\"widget\" data-widget_type=\"text-editor.default\">\n\t\t\t\t<div class=\"elementor-widget-container\">\n\t\t\t\t\t\t\t\t\t<p><font style=\"vertical-align: inherit;\"><font style=\"vertical-align: inherit;\">Sekreter Qiu Zhaohua, Movelaser&#039;\u0131n sekt\u00f6rdeki mutlak avantaj\u0131n\u0131 \u00e7ok iyi fark etti, Movelaser&#039;\u0131n gelecekteki geli\u015fimi i\u00e7in b\u00fcy\u00fck umut verdi ve Movelaser&#039;\u0131 Dafeng r\u00fczgar enerjisi ekosisteminin in\u015fas\u0131na katk\u0131da bulunmak \u00fczere Jiangsu Eyaleti Dafeng&#039;i ziyaret etmeye s\u0131cak bir \u015fekilde davet etti. Qiu, lidar&#039;\u0131n r\u00fczgar enerjisi end\u00fcstrisi i\u00e7in yeni bir geli\u015fme noktas\u0131 oldu\u011funu ve geni\u015f umutlar\u0131 oldu\u011funu s\u00f6yledi. Nanjing Movelaser&#039;\u0131n r\u00fczgar enerjisi end\u00fcstrisi pazar\u0131n\u0131n de\u011fi\u015fen trendini kavrayabilmesi, r\u00fczgar enerjisi end\u00fcstrisinde lidar teknolojisinin \u00f6nc\u00fcl\u00fc\u011f\u00fcn\u00fc korumaya devam etmesi, yenilik yapmaya devam etmesi ve r\u00fczgar enerjisi end\u00fcstrisinin geli\u015fimine katk\u0131da bulunmaya devam etmesi umulmaktad\u0131r. ileri teknoloji, g\u00fcvenilir \u00fcr\u00fcnler ve kaliteli hizmetler ile.<\/font><\/font><\/p>\n<p><font style=\"vertical-align: inherit;\"><font style=\"vertical-align: inherit;\">M\u00fcd\u00fcr Chen Yuqing, makine dairesi r\u00fczgar lidar molas NL \u00fcr\u00fcnlerine b\u00fcy\u00fck ilgi g\u00f6sterdi. Ba\u015fkan Zhou ile ayr\u0131nt\u0131l\u0131 \u00e7al\u0131\u015fma prensibi, teknik parametreler ve uygulama senaryolar\u0131 hakk\u0131nda derinlemesine bir fikir al\u0131\u015fveri\u015finde bulundu ve lidar teknolojisine ili\u015fkin onay\u0131n\u0131 ve beklentisini dile getirdi.<\/font><\/font><\/p>\t\t\t\t\t\t\t\t<\/div>\n\t\t\t\t<\/div>\n\t\t\t\t<div class=\"elementor-element elementor-element-7af6839 elementor-widget elementor-widget-image\" data-id=\"7af6839\" data-element_type=\"widget\" data-widget_type=\"image.default\">\n\t\t\t\t<div class=\"elementor-widget-container\">\n\t\t\t\t\t\t\t\t\t\t\t\t\t\t\t<img decoding=\"async\" width=\"1024\" height=\"768\" data-src=\"https:\/\/www.movelaser.eu\/wp-content\/uploads\/2021\/12\/1610957633218539-1024x768.png\" class=\"elementor-animation-grow attachment-large size-large wp-image-1964 lazyload\" alt=\"\" data-srcset=\"https:\/\/www.movelaser.eu\/wp-content\/uploads\/2021\/12\/1610957633218539-1024x768.png 1024w, https:\/\/www.movelaser.eu\/wp-content\/uploads\/2021\/12\/1610957633218539-300x225.png 300w, https:\/\/www.movelaser.eu\/wp-content\/uploads\/2021\/12\/1610957633218539-768x576.png 768w, https:\/\/www.movelaser.eu\/wp-content\/uploads\/2021\/12\/1610957633218539-600x450.png 600w, https:\/\/www.movelaser.eu\/wp-content\/uploads\/2021\/12\/1610957633218539.png 1280w\" data-sizes=\"(max-width: 1024px) 100vw, 1024px\" src=\"data:image\/svg+xml;base64,PHN2ZyB3aWR0aD0iMSIgaGVpZ2h0PSIxIiB4bWxucz0iaHR0cDovL3d3dy53My5vcmcvMjAwMC9zdmciPjwvc3ZnPg==\" style=\"--smush-placeholder-width: 1024px; --smush-placeholder-aspect-ratio: 1024\/768;\" \/>\t\t\t\t\t\t\t\t\t\t\t\t\t\t\t<\/div>\n\t\t\t\t<\/div>\n\t\t\t\t<div class=\"elementor-element elementor-element-80fe6ca elementor-widget elementor-widget-image\" data-id=\"80fe6ca\" data-element_type=\"widget\" data-widget_type=\"image.default\">\n\t\t\t\t<div class=\"elementor-widget-container\">\n\t\t\t\t\t\t\t\t\t\t\t\t\t\t\t<img decoding=\"async\" width=\"1024\" height=\"768\" data-src=\"https:\/\/www.movelaser.eu\/wp-content\/uploads\/2021\/12\/1610957580234727-1024x768.png\" class=\"elementor-animation-grow attachment-large size-large wp-image-1965 lazyload\" alt=\"\" data-srcset=\"https:\/\/www.movelaser.eu\/wp-content\/uploads\/2021\/12\/1610957580234727-1024x768.png 1024w, https:\/\/www.movelaser.eu\/wp-content\/uploads\/2021\/12\/1610957580234727-300x225.png 300w, https:\/\/www.movelaser.eu\/wp-content\/uploads\/2021\/12\/1610957580234727-768x576.png 768w, https:\/\/www.movelaser.eu\/wp-content\/uploads\/2021\/12\/1610957580234727-600x450.png 600w, https:\/\/www.movelaser.eu\/wp-content\/uploads\/2021\/12\/1610957580234727.png 1280w\" data-sizes=\"(max-width: 1024px) 100vw, 1024px\" src=\"data:image\/svg+xml;base64,PHN2ZyB3aWR0aD0iMSIgaGVpZ2h0PSIxIiB4bWxucz0iaHR0cDovL3d3dy53My5vcmcvMjAwMC9zdmciPjwvc3ZnPg==\" style=\"--smush-placeholder-width: 1024px; --smush-placeholder-aspect-ratio: 1024\/768;\" \/>\t\t\t\t\t\t\t\t\t\t\t\t\t\t\t<\/div>\n\t\t\t\t<\/div>\n\t\t\t\t\t<\/div>\n\t\t<\/div>\n\t\t\t\t\t<\/div>\n\t\t<\/section>\n\t\t\t\t<\/div>","protected":false},"excerpt":{"rendered":"<p>Movelaser News Center Energy Association Of Jiangsu Province attended the meeting at Movelaser 2021-01-12 On January 12, 2021, Qiu Zhaohua, Secretary of the Party Working Committee of Jiangsu Dafeng Economic Development Zone, Chen Yuqing, deputy director of the Development and Reformation Commission of Yancheng Dafeng district and director of Jiangsu Dafeng Power Industrial Park Management &hellip;<\/p>\n<p class=\"read-more\"> <a class=\"\" href=\"https:\/\/www.movelaser.eu\/tr\/news\/20210112-energy-association-of-jiangsu-province-attended-the-meeting-at-movelaser\/\"> <span class=\"screen-reader-text\">20210112 \u2013 Jiangsu Eyaleti Enerji Derne\u011fi Movelaser&#039;daki toplant\u0131ya kat\u0131ld\u0131<\/span> Devam\u0131 &raquo;<\/a><\/p>","protected":false},"author":1,"featured_media":0,"parent":1935,"menu_order":0,"comment_status":"closed","ping_status":"closed","template":"","meta":{"_monsterinsights_skip_tracking":false,"_monsterinsights_sitenote_active":false,"_monsterinsights_sitenote_note":"","_monsterinsights_sitenote_category":0,"site-sidebar-layout":"no-sidebar","site-content-layout":"page-builder","ast-main-header-display":"","ast-hfb-above-header-display":"","ast-hfb-below-header-display":"","ast-hfb-mobile-header-display":"","site-post-title":"disabled","ast-breadcrumbs-content":"disabled","ast-featured-img":"disabled","footer-sml-layout":"","theme-transparent-header-meta":"enabled","adv-header-id-meta":"","stick-header-meta":"","header-above-stick-meta":"","header-main-stick-meta":"","header-below-stick-meta":"","footnotes":""},"class_list":["post-1961","page","type-page","status-publish","hentry"],"_links":{"self":[{"href":"https:\/\/www.movelaser.eu\/tr\/wp-json\/wp\/v2\/pages\/1961","targetHints":{"allow":["GET"]}}],"collection":[{"href":"https:\/\/www.movelaser.eu\/tr\/wp-json\/wp\/v2\/pages"}],"about":[{"href":"https:\/\/www.movelaser.eu\/tr\/wp-json\/wp\/v2\/types\/page"}],"author":[{"embeddable":true,"href":"https:\/\/www.movelaser.eu\/tr\/wp-json\/wp\/v2\/users\/1"}],"replies":[{"embeddable":true,"href":"https:\/\/www.movelaser.eu\/tr\/wp-json\/wp\/v2\/comments?post=1961"}],"version-history":[{"count":0,"href":"https:\/\/www.movelaser.eu\/tr\/wp-json\/wp\/v2\/pages\/1961\/revisions"}],"up":[{"embeddable":true,"href":"https:\/\/www.movelaser.eu\/tr\/wp-json\/wp\/v2\/pages\/1935"}],"wp:attachment":[{"href":"https:\/\/www.movelaser.eu\/tr\/wp-json\/wp\/v2\/media?parent=1961"}],"curies":[{"name":"wp","href":"https:\/\/api.w.org\/{rel}","templated":true}]}}