{"id":1945,"date":"2021-12-22T08:29:03","date_gmt":"2021-12-22T00:29:03","guid":{"rendered":"https:\/\/movelasers.com\/?page_id=1945"},"modified":"2021-12-22T08:40:54","modified_gmt":"2021-12-22T00:40:54","slug":"20201113-movelaser-to-attend-the-3rd-offshore-wind-asia-summit","status":"publish","type":"page","link":"https:\/\/www.movelaser.eu\/tr\/news\/20201113-movelaser-to-attend-the-3rd-offshore-wind-asia-summit\/","title":{"rendered":"20201113 \u2013 Movelaser \u201c3. Offshore Wind Asia Summit\u201de kat\u0131lacak"},"content":{"rendered":"<div data-elementor-type=\"wp-page\" data-elementor-id=\"1945\" class=\"elementor elementor-1945\">\n\t\t\t\t\t\t<section class=\"elementor-section elementor-top-section elementor-element elementor-element-6952cf8 elementor-section-height-min-height elementor-section-boxed elementor-section-height-default elementor-section-items-middle\" data-id=\"6952cf8\" data-element_type=\"section\" data-settings=\"{&quot;background_background&quot;:&quot;slideshow&quot;,&quot;background_slideshow_gallery&quot;:[{&quot;id&quot;:1953,&quot;url&quot;:&quot;https:\\\/\\\/movelasers.com\\\/wp-content\\\/uploads\\\/2021\\\/12\\\/1610955847145443.png&quot;},{&quot;id&quot;:1952,&quot;url&quot;:&quot;https:\\\/\\\/movelasers.com\\\/wp-content\\\/uploads\\\/2021\\\/12\\\/1610955816135283.png&quot;},{&quot;id&quot;:1951,&quot;url&quot;:&quot;https:\\\/\\\/movelasers.com\\\/wp-content\\\/uploads\\\/2021\\\/12\\\/1610955797441359.png&quot;},{&quot;id&quot;:1950,&quot;url&quot;:&quot;https:\\\/\\\/movelasers.com\\\/wp-content\\\/uploads\\\/2021\\\/12\\\/1610955784479821.png&quot;}],&quot;background_slideshow_ken_burns&quot;:&quot;yes&quot;,&quot;background_slideshow_loop&quot;:&quot;yes&quot;,&quot;background_slideshow_slide_duration&quot;:5000,&quot;background_slideshow_slide_transition&quot;:&quot;fade&quot;,&quot;background_slideshow_transition_duration&quot;:500,&quot;background_slideshow_ken_burns_zoom_direction&quot;:&quot;in&quot;}\">\n\t\t\t\t\t\t\t<div class=\"elementor-background-overlay\"><\/div>\n\t\t\t\t\t\t\t<div class=\"elementor-container elementor-column-gap-no\">\n\t\t\t\t\t<div class=\"elementor-column elementor-col-100 elementor-top-column elementor-element elementor-element-4c6db26\" data-id=\"4c6db26\" data-element_type=\"column\">\n\t\t\t<div class=\"elementor-widget-wrap elementor-element-populated\">\n\t\t\t\t\t\t<div class=\"elementor-element elementor-element-558ce53 elementor-widget elementor-widget-heading\" data-id=\"558ce53\" data-element_type=\"widget\" data-widget_type=\"heading.default\">\n\t\t\t\t<div class=\"elementor-widget-container\">\n\t\t\t\t\t<h1 class=\"elementor-heading-title elementor-size-default\">Movelaser Haber Merkezi<\/h1>\t\t\t\t<\/div>\n\t\t\t\t<\/div>\n\t\t\t\t<div class=\"elementor-element elementor-element-628c3d6 elementor-widget-divider--view-line elementor-widget elementor-widget-divider\" data-id=\"628c3d6\" data-element_type=\"widget\" data-widget_type=\"divider.default\">\n\t\t\t\t<div class=\"elementor-widget-container\">\n\t\t\t\t\t\t\t<div class=\"elementor-divider\">\n\t\t\t<span class=\"elementor-divider-separator\">\n\t\t\t\t\t\t<\/span>\n\t\t<\/div>\n\t\t\t\t\t\t<\/div>\n\t\t\t\t<\/div>\n\t\t\t\t\t<\/div>\n\t\t<\/div>\n\t\t\t\t\t<\/div>\n\t\t<\/section>\n\t\t\t\t<section class=\"elementor-section elementor-top-section elementor-element elementor-element-4c00deb elementor-section-boxed elementor-section-height-default elementor-section-height-default\" data-id=\"4c00deb\" data-element_type=\"section\" data-settings=\"{&quot;background_background&quot;:&quot;classic&quot;}\">\n\t\t\t\t\t\t<div class=\"elementor-container elementor-column-gap-default\">\n\t\t\t\t\t<div class=\"elementor-column elementor-col-100 elementor-top-column elementor-element elementor-element-91186d7\" data-id=\"91186d7\" data-element_type=\"column\">\n\t\t\t<div class=\"elementor-widget-wrap elementor-element-populated\">\n\t\t\t\t\t\t<div class=\"elementor-element elementor-element-dbbfde0 elementor-widget elementor-widget-heading\" data-id=\"dbbfde0\" data-element_type=\"widget\" data-widget_type=\"heading.default\">\n\t\t\t\t<div class=\"elementor-widget-container\">\n\t\t\t\t\t<h2 class=\"elementor-heading-title elementor-size-default\">Movelaser &quot;3. Offshore R\u00fczgar Asya Zirvesi&quot;ne kat\u0131ld\u0131<\/h2>\t\t\t\t<\/div>\n\t\t\t\t<\/div>\n\t\t\t\t<div class=\"elementor-element elementor-element-bb7801e elementor-widget-divider--view-line elementor-widget elementor-widget-divider\" data-id=\"bb7801e\" data-element_type=\"widget\" data-widget_type=\"divider.default\">\n\t\t\t\t<div class=\"elementor-widget-container\">\n\t\t\t\t\t\t\t<div class=\"elementor-divider\">\n\t\t\t<span class=\"elementor-divider-separator\">\n\t\t\t\t\t\t<\/span>\n\t\t<\/div>\n\t\t\t\t\t\t<\/div>\n\t\t\t\t<\/div>\n\t\t\t\t<div class=\"elementor-element elementor-element-a8faea8 elementor-widget elementor-widget-text-editor\" data-id=\"a8faea8\" data-element_type=\"widget\" data-widget_type=\"text-editor.default\">\n\t\t\t\t<div class=\"elementor-widget-container\">\n\t\t\t\t\t\t\t\t\t<p>2020-11-13<\/p>\t\t\t\t\t\t\t\t<\/div>\n\t\t\t\t<\/div>\n\t\t\t\t<div class=\"elementor-element elementor-element-290031e elementor-widget elementor-widget-text-editor\" data-id=\"290031e\" data-element_type=\"widget\" data-widget_type=\"text-editor.default\">\n\t\t\t\t<div class=\"elementor-widget-container\">\n\t\t\t\t\t\t\t\t\t<p>13-14 Kas\u0131m 2020&#039;de 3. Offshore R\u00fczgar Asya Zirvesi (OWA2020) \u015eanghay&#039;da yap\u0131ld\u0131. Nanjing Movelaser Co., Ltd. (bundan b\u00f6yle Movelaser olarak an\u0131lacakt\u0131r) zirveye kat\u0131lmaya davet edildi ve bir konu\u015fma yapt\u0131. OWA2020, Guoxin Karar End\u00fcstrisi Ara\u015ft\u0131rma Enstit\u00fcs\u00fc ve Asia Offshore Wing Energy Focus taraf\u0131ndan ev sahipli\u011fi yap\u0131yor ve European Offshore Wind, Asia Wind Energy Association ve Global Floating Association taraf\u0131ndan ortakla\u015fa d\u00fczenleniyor. 300&#039;den fazla a\u00e7\u0131k deniz r\u00fczgar enerjisi geli\u015ftiricisi, r\u00fczgar t\u00fcrbini OEM&#039;leri, EPC y\u00fcklenicileri, tasar\u0131m ve ke\u015fif enstit\u00fcleri, par\u00e7a \u00fcreticileri, in\u015faat ve kurulum, yerel y\u00f6netimler ve Ulusal Enerji \u0130daresi, a\u00e7\u0131k deniz r\u00fczgar santrallerini \u00e7ok boyutlu olarak tart\u0131\u015fmak i\u00e7in etkinli\u011fe kat\u0131ld\u0131 F\u0131rsatlar ve zorluklarla y\u00fczle\u015fmek , ortakla\u015fa a\u00e7\u0131k deniz r\u00fczgar enerjisinin sa\u011fl\u0131kl\u0131 ve s\u00fcrd\u00fcr\u00fclebilir geli\u015fimini te\u015fvik etmek.<\/p>\t\t\t\t\t\t\t\t<\/div>\n\t\t\t\t<\/div>\n\t\t\t\t<div class=\"elementor-element elementor-element-8eaf7a1 elementor-widget elementor-widget-image\" data-id=\"8eaf7a1\" data-element_type=\"widget\" data-widget_type=\"image.default\">\n\t\t\t\t<div class=\"elementor-widget-container\">\n\t\t\t\t\t\t\t\t\t\t\t\t\t\t\t<img fetchpriority=\"high\" decoding=\"async\" width=\"819\" height=\"559\" src=\"https:\/\/www.movelaser.eu\/wp-content\/uploads\/2021\/12\/1610955784479821.png\" class=\"elementor-animation-grow attachment-large size-large wp-image-1950\" alt=\"\" srcset=\"https:\/\/www.movelaser.eu\/wp-content\/uploads\/2021\/12\/1610955784479821.png 819w, https:\/\/www.movelaser.eu\/wp-content\/uploads\/2021\/12\/1610955784479821-300x205.png 300w, https:\/\/www.movelaser.eu\/wp-content\/uploads\/2021\/12\/1610955784479821-768x524.png 768w, https:\/\/www.movelaser.eu\/wp-content\/uploads\/2021\/12\/1610955784479821-600x410.png 600w\" sizes=\"(max-width: 819px) 100vw, 819px\" \/>\t\t\t\t\t\t\t\t\t\t\t\t\t\t\t<\/div>\n\t\t\t\t<\/div>\n\t\t\t\t<div class=\"elementor-element elementor-element-e632f43 elementor-widget elementor-widget-image\" data-id=\"e632f43\" data-element_type=\"widget\" data-widget_type=\"image.default\">\n\t\t\t\t<div class=\"elementor-widget-container\">\n\t\t\t\t\t\t\t\t\t\t\t\t\t\t\t<img decoding=\"async\" width=\"820\" height=\"581\" data-src=\"https:\/\/www.movelaser.eu\/wp-content\/uploads\/2021\/12\/1610955797441359.png\" class=\"elementor-animation-grow attachment-large size-large wp-image-1951 lazyload\" alt=\"\" data-srcset=\"https:\/\/www.movelaser.eu\/wp-content\/uploads\/2021\/12\/1610955797441359.png 820w, https:\/\/www.movelaser.eu\/wp-content\/uploads\/2021\/12\/1610955797441359-300x213.png 300w, https:\/\/www.movelaser.eu\/wp-content\/uploads\/2021\/12\/1610955797441359-768x544.png 768w, https:\/\/www.movelaser.eu\/wp-content\/uploads\/2021\/12\/1610955797441359-600x425.png 600w\" data-sizes=\"(max-width: 820px) 100vw, 820px\" src=\"data:image\/svg+xml;base64,PHN2ZyB3aWR0aD0iMSIgaGVpZ2h0PSIxIiB4bWxucz0iaHR0cDovL3d3dy53My5vcmcvMjAwMC9zdmciPjwvc3ZnPg==\" style=\"--smush-placeholder-width: 820px; --smush-placeholder-aspect-ratio: 820\/581;\" \/>\t\t\t\t\t\t\t\t\t\t\t\t\t\t\t<\/div>\n\t\t\t\t<\/div>\n\t\t\t\t<div class=\"elementor-element elementor-element-3efa576 elementor-widget elementor-widget-text-editor\" data-id=\"3efa576\" data-element_type=\"widget\" data-widget_type=\"text-editor.default\">\n\t\t\t\t<div class=\"elementor-widget-container\">\n\t\t\t\t\t\t\t\t\t<p><strong>Lazer r\u00fczgar \u00f6l\u00e7\u00fcm\u00fcn\u00fcn ak\u0131ll\u0131 \u00e7\u00f6z\u00fcm\u00fc - a\u00e7\u0131k deniz r\u00fczgar enerjisinin f\u0131rsatlar\u0131 ve zorluklar\u0131<\/strong><\/p><p>Movelaser Y\u00f6netim Kurulu Ba\u015fkan\u0131 Zhou Jun, zirveye kat\u0131ld\u0131 ve &quot;Lazer r\u00fczgar \u00f6l\u00e7\u00fcm\u00fcn\u00fcn ak\u0131ll\u0131 \u00e7\u00f6z\u00fcm\u00fc - a\u00e7\u0131k deniz r\u00fczgar g\u00fcc\u00fcn\u00fcn f\u0131rsatlar\u0131 ve zorluklar\u0131&quot; konulu tema raporunu yay\u0131nlad\u0131. lazer r\u00fczgar \u00f6l\u00e7\u00fcm\u00fc i\u00e7in. A\u00e7\u0131k deniz r\u00fczgar enerjisi projesinin farkl\u0131 a\u015famalar\u0131na g\u00f6re, r\u00fczgar \u00f6l\u00e7\u00fcm\u00fc i\u00e7in en ekonomik ve zaman\u0131nda \u00e7\u00f6z\u00fcm\u00fc sa\u011flamak i\u00e7in kara tabanl\u0131 \/ nacelle monte lidar \/ y\u00fczer lidar\u0131n a\u00e7\u0131k deniz versiyonu uygulanmaktad\u0131r. R\u00fczgar\u0131 \u00f6l\u00e7mek i\u00e7in lidar kullanmak, LCOE&#039;yi azaltabilir, proje d\u00f6ng\u00fcs\u00fcn\u00fc yakla\u015f\u0131k 4-6 ay kurtarabilir, maliyetleri d\u00fc\u015f\u00fcrmeye ve a\u00e7\u0131k deniz r\u00fczgar g\u00fcc\u00fcn\u00fcn verimlili\u011fini art\u0131rmaya yard\u0131mc\u0131 olabilir ve a\u00e7\u0131k deniz r\u00fczgar enerjisinin ortak fiyat\u0131n\u0131n ger\u00e7ekle\u015fmesini h\u0131zland\u0131rabilir.<\/p>\t\t\t\t\t\t\t\t<\/div>\n\t\t\t\t<\/div>\n\t\t\t\t<section class=\"elementor-section elementor-inner-section elementor-element elementor-element-9ecb93f elementor-section-boxed elementor-section-height-default elementor-section-height-default\" data-id=\"9ecb93f\" data-element_type=\"section\">\n\t\t\t\t\t\t<div class=\"elementor-container elementor-column-gap-default\">\n\t\t\t\t\t<div class=\"elementor-column elementor-col-50 elementor-inner-column elementor-element elementor-element-80f3614\" data-id=\"80f3614\" data-element_type=\"column\">\n\t\t\t<div class=\"elementor-widget-wrap elementor-element-populated\">\n\t\t\t\t\t\t<div class=\"elementor-element elementor-element-6ed3eee elementor-widget elementor-widget-heading\" data-id=\"6ed3eee\" data-element_type=\"widget\" data-widget_type=\"heading.default\">\n\t\t\t\t<div class=\"elementor-widget-container\">\n\t\t\t\t\t<h2 class=\"elementor-heading-title elementor-size-default\">Ba\u015fkan Zhou Jun, zirvede tema raporunu yapt\u0131<\/h2>\t\t\t\t<\/div>\n\t\t\t\t<\/div>\n\t\t\t\t<div class=\"elementor-element elementor-element-d5bd707 elementor-widget-divider--view-line elementor-widget elementor-widget-divider\" data-id=\"d5bd707\" data-element_type=\"widget\" data-widget_type=\"divider.default\">\n\t\t\t\t<div class=\"elementor-widget-container\">\n\t\t\t\t\t\t\t<div class=\"elementor-divider\">\n\t\t\t<span class=\"elementor-divider-separator\">\n\t\t\t\t\t\t<\/span>\n\t\t<\/div>\n\t\t\t\t\t\t<\/div>\n\t\t\t\t<\/div>\n\t\t\t\t\t<\/div>\n\t\t<\/div>\n\t\t\t\t<div class=\"elementor-column elementor-col-50 elementor-inner-column elementor-element elementor-element-734ef07\" data-id=\"734ef07\" data-element_type=\"column\">\n\t\t\t<div class=\"elementor-widget-wrap elementor-element-populated\">\n\t\t\t\t\t\t<div class=\"elementor-element elementor-element-57d3cb5 elementor-widget elementor-widget-image\" data-id=\"57d3cb5\" data-element_type=\"widget\" data-widget_type=\"image.default\">\n\t\t\t\t<div class=\"elementor-widget-container\">\n\t\t\t\t\t\t\t\t\t\t\t\t\t\t\t<img decoding=\"async\" width=\"814\" height=\"582\" data-src=\"https:\/\/www.movelaser.eu\/wp-content\/uploads\/2021\/12\/1610955816135283.png\" class=\"elementor-animation-grow attachment-large size-large wp-image-1952 lazyload\" alt=\"\" data-srcset=\"https:\/\/www.movelaser.eu\/wp-content\/uploads\/2021\/12\/1610955816135283.png 814w, https:\/\/www.movelaser.eu\/wp-content\/uploads\/2021\/12\/1610955816135283-300x214.png 300w, https:\/\/www.movelaser.eu\/wp-content\/uploads\/2021\/12\/1610955816135283-768x549.png 768w, https:\/\/www.movelaser.eu\/wp-content\/uploads\/2021\/12\/1610955816135283-600x429.png 600w\" data-sizes=\"(max-width: 814px) 100vw, 814px\" src=\"data:image\/svg+xml;base64,PHN2ZyB3aWR0aD0iMSIgaGVpZ2h0PSIxIiB4bWxucz0iaHR0cDovL3d3dy53My5vcmcvMjAwMC9zdmciPjwvc3ZnPg==\" style=\"--smush-placeholder-width: 814px; --smush-placeholder-aspect-ratio: 814\/582;\" \/>\t\t\t\t\t\t\t\t\t\t\t\t\t\t\t<\/div>\n\t\t\t\t<\/div>\n\t\t\t\t\t<\/div>\n\t\t<\/div>\n\t\t\t\t\t<\/div>\n\t\t<\/section>\n\t\t\t\t\t<\/div>\n\t\t<\/div>\n\t\t\t\t\t<\/div>\n\t\t<\/section>\n\t\t\t\t<\/div>","protected":false},"excerpt":{"rendered":"<p>Movelaser Haber Merkezi Movelaser, \u201c3. Offshore R\u00fczgar Asya Zirvesi\u201d 2020-11-13&#039;e kat\u0131ld\u0131 13-14 Kas\u0131m 2020 tarihlerinde, 3. Offshore R\u00fczgar Asya Zirvesi (OWA2020) \u015eanghay&#039;da d\u00fczenlendi. Nanjing Movelaser Co., Ltd. (bundan sonra Movelaser olarak an\u0131lacakt\u0131r) zirveye kat\u0131lmaya davet edildi ve bir konu\u015fma yapt\u0131. OWA2020, Guoxin Decision Industry Research taraf\u0131ndan bar\u0131nd\u0131r\u0131l\u0131yor\u2026<\/p>\n<p class=\"read-more\"> <a class=\"\" href=\"https:\/\/www.movelaser.eu\/tr\/news\/20201113-movelaser-to-attend-the-3rd-offshore-wind-asia-summit\/\"> <span class=\"screen-reader-text\">20201113 \u2013 Movelaser \u201c3. Offshore Wind Asia Summit\u201de kat\u0131lacak<\/span> Devam\u0131 &raquo;<\/a><\/p>","protected":false},"author":1,"featured_media":0,"parent":1935,"menu_order":0,"comment_status":"closed","ping_status":"closed","template":"","meta":{"_monsterinsights_skip_tracking":false,"_monsterinsights_sitenote_active":false,"_monsterinsights_sitenote_note":"","_monsterinsights_sitenote_category":0,"site-sidebar-layout":"no-sidebar","site-content-layout":"page-builder","ast-main-header-display":"","ast-hfb-above-header-display":"","ast-hfb-below-header-display":"","ast-hfb-mobile-header-display":"","site-post-title":"disabled","ast-breadcrumbs-content":"disabled","ast-featured-img":"disabled","footer-sml-layout":"","theme-transparent-header-meta":"enabled","adv-header-id-meta":"","stick-header-meta":"","header-above-stick-meta":"","header-main-stick-meta":"","header-below-stick-meta":"","footnotes":""},"class_list":["post-1945","page","type-page","status-publish","hentry"],"_links":{"self":[{"href":"https:\/\/www.movelaser.eu\/tr\/wp-json\/wp\/v2\/pages\/1945","targetHints":{"allow":["GET"]}}],"collection":[{"href":"https:\/\/www.movelaser.eu\/tr\/wp-json\/wp\/v2\/pages"}],"about":[{"href":"https:\/\/www.movelaser.eu\/tr\/wp-json\/wp\/v2\/types\/page"}],"author":[{"embeddable":true,"href":"https:\/\/www.movelaser.eu\/tr\/wp-json\/wp\/v2\/users\/1"}],"replies":[{"embeddable":true,"href":"https:\/\/www.movelaser.eu\/tr\/wp-json\/wp\/v2\/comments?post=1945"}],"version-history":[{"count":0,"href":"https:\/\/www.movelaser.eu\/tr\/wp-json\/wp\/v2\/pages\/1945\/revisions"}],"up":[{"embeddable":true,"href":"https:\/\/www.movelaser.eu\/tr\/wp-json\/wp\/v2\/pages\/1935"}],"wp:attachment":[{"href":"https:\/\/www.movelaser.eu\/tr\/wp-json\/wp\/v2\/media?parent=1945"}],"curies":[{"name":"wp","href":"https:\/\/api.w.org\/{rel}","templated":true}]}}