{"id":1884,"date":"2021-12-22T07:33:24","date_gmt":"2021-12-21T23:33:24","guid":{"rendered":"https:\/\/movelasers.com\/?page_id=1884"},"modified":"2023-04-24T13:25:35","modified_gmt":"2023-04-24T11:25:35","slug":"movelaser-technology-evolution","status":"publish","type":"page","link":"https:\/\/www.movelaser.eu\/tr\/about-movelaser\/movelaser-technology-evolution\/","title":{"rendered":"Movelaser Teknoloji Evrimi"},"content":{"rendered":"<div data-elementor-type=\"wp-page\" data-elementor-id=\"1884\" class=\"elementor elementor-1884\">\n\t\t\t\t\t\t<section class=\"elementor-section elementor-top-section elementor-element elementor-element-6952cf8 elementor-section-height-min-height elementor-section-boxed elementor-section-height-default elementor-section-items-middle\" data-id=\"6952cf8\" data-element_type=\"section\" data-settings=\"{&quot;background_background&quot;:&quot;classic&quot;}\">\n\t\t\t\t\t\t\t<div class=\"elementor-background-overlay\"><\/div>\n\t\t\t\t\t\t\t<div class=\"elementor-container elementor-column-gap-no\">\n\t\t\t\t\t<div class=\"elementor-column elementor-col-100 elementor-top-column elementor-element elementor-element-4c6db26\" data-id=\"4c6db26\" data-element_type=\"column\">\n\t\t\t<div class=\"elementor-widget-wrap elementor-element-populated\">\n\t\t\t\t\t\t<div class=\"elementor-element elementor-element-628c3d6 elementor-widget-divider--view-line elementor-widget elementor-widget-divider\" data-id=\"628c3d6\" data-element_type=\"widget\" data-widget_type=\"divider.default\">\n\t\t\t\t<div class=\"elementor-widget-container\">\n\t\t\t\t\t\t\t<div class=\"elementor-divider\">\n\t\t\t<span class=\"elementor-divider-separator\">\n\t\t\t\t\t\t<\/span>\n\t\t<\/div>\n\t\t\t\t\t\t<\/div>\n\t\t\t\t<\/div>\n\t\t\t\t<div class=\"elementor-element elementor-element-558ce53 elementor-widget elementor-widget-heading\" data-id=\"558ce53\" data-element_type=\"widget\" data-widget_type=\"heading.default\">\n\t\t\t\t<div class=\"elementor-widget-container\">\n\t\t\t\t\t<h1 class=\"elementor-heading-title elementor-size-default\">Movelaser Teknoloji Evrimi<\/h1>\t\t\t\t<\/div>\n\t\t\t\t<\/div>\n\t\t\t\t\t<\/div>\n\t\t<\/div>\n\t\t\t\t\t<\/div>\n\t\t<\/section>\n\t\t\t\t<section class=\"elementor-section elementor-top-section elementor-element elementor-element-c79a29d elementor-section-content-middle elementor-section-boxed elementor-section-height-default elementor-section-height-default\" data-id=\"c79a29d\" data-element_type=\"section\">\n\t\t\t\t\t\t<div class=\"elementor-container elementor-column-gap-no\">\n\t\t\t\t\t<div class=\"elementor-column elementor-col-50 elementor-top-column elementor-element elementor-element-ec4deda\" data-id=\"ec4deda\" data-element_type=\"column\">\n\t\t\t<div class=\"elementor-widget-wrap elementor-element-populated\">\n\t\t\t\t\t\t<div class=\"elementor-element elementor-element-0dfbf84 elementor-widget-divider--view-line elementor-widget elementor-widget-divider\" data-id=\"0dfbf84\" data-element_type=\"widget\" data-widget_type=\"divider.default\">\n\t\t\t\t<div class=\"elementor-widget-container\">\n\t\t\t\t\t\t\t<div class=\"elementor-divider\">\n\t\t\t<span class=\"elementor-divider-separator\">\n\t\t\t\t\t\t<\/span>\n\t\t<\/div>\n\t\t\t\t\t\t<\/div>\n\t\t\t\t<\/div>\n\t\t\t\t<div class=\"elementor-element elementor-element-f1f4c22 elementor-widget elementor-widget-heading\" data-id=\"f1f4c22\" data-element_type=\"widget\" data-widget_type=\"heading.default\">\n\t\t\t\t<div class=\"elementor-widget-container\">\n\t\t\t\t\t<h2 class=\"elementor-heading-title elementor-size-default\">Teknik arka plan<\/h2>\t\t\t\t<\/div>\n\t\t\t\t<\/div>\n\t\t\t\t<div class=\"elementor-element elementor-element-cd5bbaa elementor-widget elementor-widget-text-editor\" data-id=\"cd5bbaa\" data-element_type=\"widget\" data-widget_type=\"text-editor.default\">\n\t\t\t\t<div class=\"elementor-widget-container\">\n\t\t\t\t\t\t\t\t\t<p>Nanjing Mulai Laser Technology Co., Ltd. is a driving force for the application of wind measurement lidar systems in the wind power industry, committed to becoming an internationally leading supplier of laser detection equipment.<\/p>\t\t\t\t\t\t\t\t<\/div>\n\t\t\t\t<\/div>\n\t\t\t\t\t<\/div>\n\t\t<\/div>\n\t\t\t\t<div class=\"elementor-column elementor-col-50 elementor-top-column elementor-element elementor-element-c59473d\" data-id=\"c59473d\" data-element_type=\"column\">\n\t\t\t<div class=\"elementor-widget-wrap elementor-element-populated\">\n\t\t\t\t\t\t<div class=\"elementor-element elementor-element-8467e36 elementor-widget elementor-widget-image\" data-id=\"8467e36\" data-element_type=\"widget\" data-widget_type=\"image.default\">\n\t\t\t\t<div class=\"elementor-widget-container\">\n\t\t\t\t\t\t\t\t\t\t\t\t\t\t\t<img fetchpriority=\"high\" decoding=\"async\" width=\"1920\" height=\"782\" src=\"https:\/\/www.movelaser.eu\/wp-content\/uploads\/2021\/12\/B300-onsite.jpg\" class=\"attachment-full size-full wp-image-1027\" alt=\"\" srcset=\"https:\/\/www.movelaser.eu\/wp-content\/uploads\/2021\/12\/B300-onsite.jpg 1920w, https:\/\/www.movelaser.eu\/wp-content\/uploads\/2021\/12\/B300-onsite-600x244.jpg 600w, https:\/\/www.movelaser.eu\/wp-content\/uploads\/2021\/12\/B300-onsite-300x122.jpg 300w, https:\/\/www.movelaser.eu\/wp-content\/uploads\/2021\/12\/B300-onsite-1024x417.jpg 1024w, https:\/\/www.movelaser.eu\/wp-content\/uploads\/2021\/12\/B300-onsite-768x313.jpg 768w, https:\/\/www.movelaser.eu\/wp-content\/uploads\/2021\/12\/B300-onsite-1536x626.jpg 1536w\" sizes=\"(max-width: 1920px) 100vw, 1920px\" \/>\t\t\t\t\t\t\t\t\t\t\t\t\t\t\t<\/div>\n\t\t\t\t<\/div>\n\t\t\t\t\t<\/div>\n\t\t<\/div>\n\t\t\t\t\t<\/div>\n\t\t<\/section>\n\t\t\t\t<section class=\"elementor-section elementor-top-section elementor-element elementor-element-7d1919b elementor-section-boxed elementor-section-height-default elementor-section-height-default\" data-id=\"7d1919b\" data-element_type=\"section\">\n\t\t\t\t\t\t<div class=\"elementor-container elementor-column-gap-default\">\n\t\t\t\t\t<div class=\"elementor-column elementor-col-100 elementor-top-column elementor-element elementor-element-c75a5e8\" data-id=\"c75a5e8\" data-element_type=\"column\">\n\t\t\t<div class=\"elementor-widget-wrap elementor-element-populated\">\n\t\t\t\t\t\t<div class=\"elementor-element elementor-element-d22db3b elementor-widget-divider--view-line elementor-widget elementor-widget-divider\" data-id=\"d22db3b\" data-element_type=\"widget\" data-widget_type=\"divider.default\">\n\t\t\t\t<div class=\"elementor-widget-container\">\n\t\t\t\t\t\t\t<div class=\"elementor-divider\">\n\t\t\t<span class=\"elementor-divider-separator\">\n\t\t\t\t\t\t<\/span>\n\t\t<\/div>\n\t\t\t\t\t\t<\/div>\n\t\t\t\t<\/div>\n\t\t\t\t<div class=\"elementor-element elementor-element-4280c62 elementor-widget elementor-widget-heading\" data-id=\"4280c62\" data-element_type=\"widget\" data-widget_type=\"heading.default\">\n\t\t\t\t<div class=\"elementor-widget-container\">\n\t\t\t\t\t<h2 class=\"elementor-heading-title elementor-size-default\">Movelaser Teknoloji Evrim Tarihi<\/h2>\t\t\t\t<\/div>\n\t\t\t\t<\/div>\n\t\t\t\t<div class=\"elementor-element elementor-element-47526d9 elementor-widget elementor-widget-timeline-widget-addon\" data-id=\"47526d9\" data-element_type=\"widget\" data-widget_type=\"timeline-widget-addon.default\">\n\t\t\t\t<div class=\"elementor-widget-container\">\n\t\t\t\t\t<!-- ========= Timeline Widget Addon For Elementor 1.6.17 ========= -->\n<div id=\"twae-wrapper-47526d9\" class=\"twae-vertical twae-wrapper  twae-both-sided\">   \n    <div class=\"twae-start\"><\/div>    \n    <div id=\"twea-timeline-47526d9\" class=\"twae-timeline\" ><!-- Start of Story Repeater Content --><div id=\"story-d8acc64\" class=\"twae-story twae-repeater-item twae-story-right twae-story-no-icon\"><!-- Story Label --><div class=\"twae-labels\"><div class=\"twae-label-big\">2003<\/div><div class=\"twae-label-small\">SIOM Taraf\u0131ndan Teknik Birikim<\/div><\/div><!-- Story Icon --><div class=\"twae-icon\"><i aria-hidden=\"true\" class=\"fas fa-baby\"><\/i><\/div><!-- Story Arrow --><div class=\"twae-arrow\"><\/div><!-- Start of Story Content --><div class=\"twae-content\"><!-- Story Title --><div class=\"twae-title\">\u0130lk Versiyon Prototipi<\/div><!-- Story Image --><div class=\"twae-media large\"><img decoding=\"async\" width=\"502\" height=\"296\" data-src=\"https:\/\/www.movelaser.eu\/wp-content\/uploads\/2021\/12\/WIND-LIDAR-PROTOTYPE-1-2003.png\" class=\"attachment-large size-large lazyload\" alt=\"MOVELASER WIND LIDAR PROTOTYPE 1 2003\" data-srcset=\"https:\/\/www.movelaser.eu\/wp-content\/uploads\/2021\/12\/WIND-LIDAR-PROTOTYPE-1-2003.png 502w, https:\/\/www.movelaser.eu\/wp-content\/uploads\/2021\/12\/WIND-LIDAR-PROTOTYPE-1-2003-300x177.png 300w\" data-sizes=\"(max-width: 502px) 100vw, 502px\" src=\"data:image\/svg+xml;base64,PHN2ZyB3aWR0aD0iMSIgaGVpZ2h0PSIxIiB4bWxucz0iaHR0cDovL3d3dy53My5vcmcvMjAwMC9zdmciPjwvc3ZnPg==\" style=\"--smush-placeholder-width: 502px; --smush-placeholder-aspect-ratio: 502\/296;\" \/><\/div><!-- Story Description --><div class=\"twae-description\"><p>SIOM taraf\u0131ndan Prototip I:<\/p><p>Do\u011frudan alg\u0131lama@355nm<\/p><p>Ara\u00e7 bazl\u0131<\/p><\/div><\/div><\/div><!-- Start of Story Repeater Content --><div id=\"story-192e9b0\" class=\"twae-story twae-repeater-item twae-story-left twae-story-no-icon\"><!-- Story Label --><div class=\"twae-labels\"><div class=\"twae-label-big\">2010<\/div><div class=\"twae-label-small\">SIOM Taraf\u0131ndan Teknik Birikim<\/div><\/div><!-- Story Icon --><div class=\"twae-icon\"><i aria-hidden=\"true\" class=\"fas fa-rocket\"><\/i><\/div><!-- Story Arrow --><div class=\"twae-arrow\"><\/div><!-- Start of Story Content --><div class=\"twae-content\"><!-- Story Title --><div class=\"twae-title\">\u0130kinci Versiyon Prototipi<\/div><!-- Story Image --><div class=\"twae-media large\"><img decoding=\"async\" width=\"563\" height=\"433\" data-src=\"https:\/\/www.movelaser.eu\/wp-content\/uploads\/2021\/12\/WIND-LIDAR-PROTOTYPE-2-2010.png\" class=\"attachment-large size-large lazyload\" alt=\"MOVELASER WIND LIDAR PROTOTYPE 2 2010\" data-srcset=\"https:\/\/www.movelaser.eu\/wp-content\/uploads\/2021\/12\/WIND-LIDAR-PROTOTYPE-2-2010.png 563w, https:\/\/www.movelaser.eu\/wp-content\/uploads\/2021\/12\/WIND-LIDAR-PROTOTYPE-2-2010-300x231.png 300w\" data-sizes=\"(max-width: 563px) 100vw, 563px\" src=\"data:image\/svg+xml;base64,PHN2ZyB3aWR0aD0iMSIgaGVpZ2h0PSIxIiB4bWxucz0iaHR0cDovL3d3dy53My5vcmcvMjAwMC9zdmciPjwvc3ZnPg==\" style=\"--smush-placeholder-width: 563px; --smush-placeholder-aspect-ratio: 563\/433;\" \/><\/div><!-- Story Description --><div class=\"twae-description\"><p>SIOM taraf\u0131ndan Prototip II:<\/p><p>Tamamen kat\u0131 lazer @ 1064nm<\/p><p>Tamamen kat\u0131 lazer<\/p><\/div><\/div><\/div><!-- Start of Story Repeater Content --><div id=\"story-d491742\" class=\"twae-story twae-repeater-item twae-story-right twae-story-no-icon\"><!-- Story Label --><div class=\"twae-labels\"><div class=\"twae-label-big\">2013<\/div><div class=\"twae-label-small\">SIOM Taraf\u0131ndan Teknik Birikim<\/div><\/div><!-- Story Icon --><div class=\"twae-icon\"><i aria-hidden=\"true\" class=\"fas fa-vial\"><\/i><\/div><!-- Story Arrow --><div class=\"twae-arrow\"><\/div><!-- Start of Story Content --><div class=\"twae-content\"><!-- Story Title --><div class=\"twae-title\">\u00dc\u00e7\u00fcnc\u00fc Versiyon Prototipi<\/div><!-- Story Image --><div class=\"twae-media large\"><img decoding=\"async\" width=\"563\" height=\"433\" data-src=\"https:\/\/www.movelaser.eu\/wp-content\/uploads\/2021\/12\/WIND-LIDAR-PROTOTYPE-3-2013.png\" class=\"attachment-large size-large lazyload\" alt=\"MOVELASER WIND LIDAR PROTOTYPE 3 2013\" data-srcset=\"https:\/\/www.movelaser.eu\/wp-content\/uploads\/2021\/12\/WIND-LIDAR-PROTOTYPE-3-2013.png 563w, https:\/\/www.movelaser.eu\/wp-content\/uploads\/2021\/12\/WIND-LIDAR-PROTOTYPE-3-2013-300x231.png 300w\" data-sizes=\"(max-width: 563px) 100vw, 563px\" src=\"data:image\/svg+xml;base64,PHN2ZyB3aWR0aD0iMSIgaGVpZ2h0PSIxIiB4bWxucz0iaHR0cDovL3d3dy53My5vcmcvMjAwMC9zdmciPjwvc3ZnPg==\" style=\"--smush-placeholder-width: 563px; --smush-placeholder-aspect-ratio: 563\/433;\" \/><\/div><!-- Story Description --><div class=\"twae-description\"><p>SIOM taraf\u0131ndan Prototip III:<\/p><p>Tutarl\u0131 alg\u0131lama @1550nm<\/p><p>Tamamen fiber yap\u0131<\/p><\/div><\/div><\/div><!-- Start of Story Repeater Content --><div id=\"story-650ed23\" class=\"twae-story twae-repeater-item twae-story-left twae-story-no-icon\"><!-- Story Label --><div class=\"twae-labels\"><div class=\"twae-label-big\">2016<\/div><div class=\"twae-label-small\">Movelaser taraf\u0131ndan ticarile\u015ftirme<\/div><\/div><!-- Story Icon --><div class=\"twae-icon\"><i aria-hidden=\"true\" class=\"fas fa-rocket\"><\/i><\/div><!-- Story Arrow --><div class=\"twae-arrow\"><\/div><!-- Start of Story Content --><div class=\"twae-content\"><!-- Story Title --><div class=\"twae-title\">Molas B300 Piyasaya S\u00fcr\u00fcld\u00fc<\/div><!-- Story Image --><div class=\"twae-media large\"><img decoding=\"async\" width=\"800\" height=\"552\" data-src=\"https:\/\/www.movelaser.eu\/wp-content\/uploads\/2021\/12\/Molas-B300-old.jpg\" class=\"attachment-large size-large lazyload\" alt=\"\" data-srcset=\"https:\/\/www.movelaser.eu\/wp-content\/uploads\/2021\/12\/Molas-B300-old.jpg 800w, https:\/\/www.movelaser.eu\/wp-content\/uploads\/2021\/12\/Molas-B300-old-300x207.jpg 300w, https:\/\/www.movelaser.eu\/wp-content\/uploads\/2021\/12\/Molas-B300-old-768x530.jpg 768w, https:\/\/www.movelaser.eu\/wp-content\/uploads\/2021\/12\/Molas-B300-old-600x414.jpg 600w\" data-sizes=\"(max-width: 800px) 100vw, 800px\" src=\"data:image\/svg+xml;base64,PHN2ZyB3aWR0aD0iMSIgaGVpZ2h0PSIxIiB4bWxucz0iaHR0cDovL3d3dy53My5vcmcvMjAwMC9zdmciPjwvc3ZnPg==\" style=\"--smush-placeholder-width: 800px; --smush-placeholder-aspect-ratio: 800\/552;\" \/><\/div><!-- Story Description --><div class=\"twae-description\"><p><span style=\"vertical-align: inherit\"><span style=\"vertical-align: inherit\"><span style=\"vertical-align: inherit\"><span style=\"vertical-align: inherit\"><span style=\"vertical-align: inherit\"><span style=\"vertical-align: inherit\"><span style=\"vertical-align: inherit\"><span style=\"vertical-align: inherit\"><span style=\"vertical-align: inherit\"><span style=\"vertical-align: inherit\">Movelaser, SIOM&#039;un biriktirdi\u011fi teknolojiye sahip ilk ticari \u00fcr\u00fcn\u00fc Molas B300 yer bazl\u0131 lidar\u0131n\u0131 tan\u0131tt\u0131. Ve daha sonra teklif k\u0131y\u0131s\u0131 versiyonu Molas B300M piyasaya s\u00fcr\u00fcld\u00fc.<\/span><\/span><\/span><\/span><\/span><\/span><\/span><\/span><\/span><\/span><\/p><\/div><\/div><\/div><!-- Start of Story Repeater Content --><div id=\"story-0fd4cda\" class=\"twae-story twae-repeater-item twae-story-right twae-story-no-icon\"><!-- Story Label --><div class=\"twae-labels\"><div class=\"twae-label-big\">2017<\/div><div class=\"twae-label-small\">Movelaser taraf\u0131ndan ticarile\u015ftirme<\/div><\/div><!-- Story Icon --><div class=\"twae-icon\"><i aria-hidden=\"true\" class=\"fas fa-boxes\"><\/i><\/div><!-- Story Arrow --><div class=\"twae-arrow\"><\/div><!-- Start of Story Content --><div class=\"twae-content\"><!-- Story Title --><div class=\"twae-title\">Molas NL Piyasaya S\u00fcr\u00fcld\u00fc<\/div><!-- Story Image --><div class=\"twae-media large\"><img decoding=\"async\" width=\"600\" height=\"600\" data-src=\"https:\/\/www.movelaser.eu\/wp-content\/uploads\/2021\/12\/MOLAS-NL-600X600.png\" class=\"attachment-large size-large lazyload\" alt=\"MOLAS NL NACELLE BASED REMOTE SENSING WIND LIDAR\" data-srcset=\"https:\/\/www.movelaser.eu\/wp-content\/uploads\/2021\/12\/MOLAS-NL-600X600.png 600w, https:\/\/www.movelaser.eu\/wp-content\/uploads\/2021\/12\/MOLAS-NL-600X600-300x300.png 300w, https:\/\/www.movelaser.eu\/wp-content\/uploads\/2021\/12\/MOLAS-NL-600X600-100x100.png 100w, https:\/\/www.movelaser.eu\/wp-content\/uploads\/2021\/12\/MOLAS-NL-600X600-150x150.png 150w\" data-sizes=\"(max-width: 600px) 100vw, 600px\" src=\"data:image\/svg+xml;base64,PHN2ZyB3aWR0aD0iMSIgaGVpZ2h0PSIxIiB4bWxucz0iaHR0cDovL3d3dy53My5vcmcvMjAwMC9zdmciPjwvc3ZnPg==\" style=\"--smush-placeholder-width: 600px; --smush-placeholder-aspect-ratio: 600\/600;\" \/><\/div><!-- Story Description --><div class=\"twae-description\"><p><span style=\"vertical-align: inherit\">Movelaser ikinci ticari \u00fcr\u00fcn\u00fc - \u015eanghay Optik ve \u0130nce Mekanik Enstit\u00fcs\u00fc&#039;n\u00fcn biriktirdi\u011fi teknolojiye sahip Molas NL motor b\u00f6lmesine monte r\u00fczgar lidar\u0131n\u0131 tan\u0131tt\u0131.<\/span><\/p><\/div><\/div><\/div><!-- Start of Story Repeater Content --><div id=\"story-62a58b6\" class=\"twae-story twae-repeater-item twae-story-left twae-story-no-icon\"><!-- Story Label --><div class=\"twae-labels\"><div class=\"twae-label-big\">2018<\/div><div class=\"twae-label-small\">Movelaser taraf\u0131ndan ticarile\u015ftirme<\/div><\/div><!-- Story Icon --><div class=\"twae-icon\"><i aria-hidden=\"true\" class=\"fab fa-buffer\"><\/i><\/div><!-- Story Arrow --><div class=\"twae-arrow\"><\/div><!-- Start of Story Content --><div class=\"twae-content\"><!-- Story Title --><div class=\"twae-title\">Molas 3D Lauched<\/div><!-- Story Image --><div class=\"twae-media large\"><img decoding=\"async\" width=\"1024\" height=\"686\" data-src=\"https:\/\/www.movelaser.eu\/wp-content\/uploads\/2021\/12\/Molas-D6000\ufffd\ufffd\u026b-2-\ufffd\ufffd\ufffd-5.32-1024x686.png\" class=\"attachment-large size-large lazyload\" alt=\"\" data-srcset=\"https:\/\/www.movelaser.eu\/wp-content\/uploads\/2021\/12\/Molas-D6000\ufffd\ufffd\u026b-2-\ufffd\ufffd\ufffd-5.32-1024x686.png 1024w, https:\/\/www.movelaser.eu\/wp-content\/uploads\/2021\/12\/Molas-D6000\ufffd\ufffd\u026b-2-\ufffd\ufffd\ufffd-5.32-600x402.png 600w, https:\/\/www.movelaser.eu\/wp-content\/uploads\/2021\/12\/Molas-D6000\ufffd\ufffd\u026b-2-\ufffd\ufffd\ufffd-5.32-300x201.png 300w, https:\/\/www.movelaser.eu\/wp-content\/uploads\/2021\/12\/Molas-D6000\ufffd\ufffd\u026b-2-\ufffd\ufffd\ufffd-5.32-768x515.png 768w, https:\/\/www.movelaser.eu\/wp-content\/uploads\/2021\/12\/Molas-D6000\ufffd\ufffd\u026b-2-\ufffd\ufffd\ufffd-5.32-1536x1029.png 1536w, https:\/\/www.movelaser.eu\/wp-content\/uploads\/2021\/12\/Molas-D6000\ufffd\ufffd\u026b-2-\ufffd\ufffd\ufffd-5.32-2048x1372.png 2048w\" data-sizes=\"(max-width: 1024px) 100vw, 1024px\" src=\"data:image\/svg+xml;base64,PHN2ZyB3aWR0aD0iMSIgaGVpZ2h0PSIxIiB4bWxucz0iaHR0cDovL3d3dy53My5vcmcvMjAwMC9zdmciPjwvc3ZnPg==\" style=\"--smush-placeholder-width: 1024px; --smush-placeholder-aspect-ratio: 1024\/686;\" \/><\/div><!-- Story Description --><div class=\"twae-description\"><p><span style=\"vertical-align: inherit\">Movelaser, \u00fc\u00e7\u00fcnc\u00fc ticari \u00fcr\u00fcn\u00fc olan Molas 3D tarama r\u00fczgar lidar\u0131n\u0131, \u015eanghay Optik ve \u0130nce Mekanik Enstit\u00fcs\u00fc&#039;n\u00fcn biriktirdi\u011fi teknolojiyle tan\u0131tt\u0131.<\/span><\/p><\/div><\/div><\/div><\/div>\n    <div class=\"twae-end\"><\/div>\n    <\/div><style type=\"text\/css\">@media (max-width: 1024px){ .twae-wrapper{--tw-ybx-size: 80px !important;}}@media (max-width: 767px){ .twae-wrapper{--tw-ybx-size: 80px !important}}<\/style>\t\t\t\t<\/div>\n\t\t\t\t<\/div>\n\t\t\t\t\t<\/div>\n\t\t<\/div>\n\t\t\t\t\t<\/div>\n\t\t<\/section>\n\t\t\t\t<\/div>","protected":false},"excerpt":{"rendered":"<p>Movelaser Technology Evolution Technical Background Nanjing Mulai Laser Technology Co., Ltd. is a driving force for the application of wind measurement lidar systems in the wind power industry, committed to becoming an internationally leading supplier of laser detection equipment. Movelaser Technology Evolution History 2003Technical Accumulation by SIOMFirst Version Prototype Prototype I by SIOM: Direct detection@355nm &hellip;<\/p>\n<p class=\"read-more\"> <a class=\"\" href=\"https:\/\/www.movelaser.eu\/tr\/about-movelaser\/movelaser-technology-evolution\/\"> <span class=\"screen-reader-text\">Movelaser Teknoloji Evrimi<\/span> Devam\u0131 &raquo;<\/a><\/p>","protected":false},"author":1,"featured_media":0,"parent":832,"menu_order":0,"comment_status":"closed","ping_status":"closed","template":"","meta":{"_monsterinsights_skip_tracking":false,"_monsterinsights_sitenote_active":false,"_monsterinsights_sitenote_note":"","_monsterinsights_sitenote_category":0,"site-sidebar-layout":"no-sidebar","site-content-layout":"page-builder","ast-main-header-display":"","ast-hfb-above-header-display":"","ast-hfb-below-header-display":"","ast-hfb-mobile-header-display":"","site-post-title":"disabled","ast-breadcrumbs-content":"disabled","ast-featured-img":"disabled","footer-sml-layout":"","theme-transparent-header-meta":"enabled","adv-header-id-meta":"","stick-header-meta":"","header-above-stick-meta":"","header-main-stick-meta":"","header-below-stick-meta":"","footnotes":""},"class_list":["post-1884","page","type-page","status-publish","hentry"],"_links":{"self":[{"href":"https:\/\/www.movelaser.eu\/tr\/wp-json\/wp\/v2\/pages\/1884","targetHints":{"allow":["GET"]}}],"collection":[{"href":"https:\/\/www.movelaser.eu\/tr\/wp-json\/wp\/v2\/pages"}],"about":[{"href":"https:\/\/www.movelaser.eu\/tr\/wp-json\/wp\/v2\/types\/page"}],"author":[{"embeddable":true,"href":"https:\/\/www.movelaser.eu\/tr\/wp-json\/wp\/v2\/users\/1"}],"replies":[{"embeddable":true,"href":"https:\/\/www.movelaser.eu\/tr\/wp-json\/wp\/v2\/comments?post=1884"}],"version-history":[{"count":3,"href":"https:\/\/www.movelaser.eu\/tr\/wp-json\/wp\/v2\/pages\/1884\/revisions"}],"predecessor-version":[{"id":3115,"href":"https:\/\/www.movelaser.eu\/tr\/wp-json\/wp\/v2\/pages\/1884\/revisions\/3115"}],"up":[{"embeddable":true,"href":"https:\/\/www.movelaser.eu\/tr\/wp-json\/wp\/v2\/pages\/832"}],"wp:attachment":[{"href":"https:\/\/www.movelaser.eu\/tr\/wp-json\/wp\/v2\/media?parent=1884"}],"curies":[{"name":"wp","href":"https:\/\/api.w.org\/{rel}","templated":true}]}}