{"id":1213,"date":"2021-12-15T22:16:15","date_gmt":"2021-12-15T22:16:15","guid":{"rendered":"http:\/\/movelasers.com\/?page_id=1213"},"modified":"2023-04-24T13:23:09","modified_gmt":"2023-04-24T11:23:09","slug":"our-team","status":"publish","type":"page","link":"https:\/\/www.movelaser.eu\/tr\/our-team\/","title":{"rendered":"Bizim tak\u0131m"},"content":{"rendered":"<div data-elementor-type=\"wp-page\" data-elementor-id=\"1213\" class=\"elementor elementor-1213\">\n\t\t\t\t\t\t<section class=\"elementor-section elementor-top-section elementor-element elementor-element-6952cf8 elementor-section-height-min-height elementor-section-boxed elementor-section-height-default elementor-section-items-middle\" data-id=\"6952cf8\" data-element_type=\"section\" data-settings=\"{&quot;background_background&quot;:&quot;classic&quot;}\">\n\t\t\t\t\t\t\t<div class=\"elementor-background-overlay\"><\/div>\n\t\t\t\t\t\t\t<div class=\"elementor-container elementor-column-gap-no\">\n\t\t\t\t\t<div class=\"elementor-column elementor-col-100 elementor-top-column elementor-element elementor-element-4c6db26\" data-id=\"4c6db26\" data-element_type=\"column\">\n\t\t\t<div class=\"elementor-widget-wrap elementor-element-populated\">\n\t\t\t\t\t\t<div class=\"elementor-element elementor-element-628c3d6 elementor-widget-divider--view-line elementor-widget elementor-widget-divider\" data-id=\"628c3d6\" data-element_type=\"widget\" data-widget_type=\"divider.default\">\n\t\t\t\t<div class=\"elementor-widget-container\">\n\t\t\t\t\t\t\t<div class=\"elementor-divider\">\n\t\t\t<span class=\"elementor-divider-separator\">\n\t\t\t\t\t\t<\/span>\n\t\t<\/div>\n\t\t\t\t\t\t<\/div>\n\t\t\t\t<\/div>\n\t\t\t\t<div class=\"elementor-element elementor-element-558ce53 elementor-widget elementor-widget-heading\" data-id=\"558ce53\" data-element_type=\"widget\" data-widget_type=\"heading.default\">\n\t\t\t\t<div class=\"elementor-widget-container\">\n\t\t\t\t\t<h1 class=\"elementor-heading-title elementor-size-default\">Nanjing Movelaser Technology Co, Ltd<\/h1>\t\t\t\t<\/div>\n\t\t\t\t<\/div>\n\t\t\t\t<div class=\"elementor-element elementor-element-b6c2875 elementor-widget elementor-widget-text-editor\" data-id=\"b6c2875\" data-element_type=\"widget\" data-widget_type=\"text-editor.default\">\n\t\t\t\t<div class=\"elementor-widget-container\">\n\t\t\t\t\t\t\t\t\t<p>We are a trustworthy LiDAR supplier in China, and one of the world&#8217;s largest wind lidar OEM.<\/p>\t\t\t\t\t\t\t\t<\/div>\n\t\t\t\t<\/div>\n\t\t\t\t\t<\/div>\n\t\t<\/div>\n\t\t\t\t\t<\/div>\n\t\t<\/section>\n\t\t\t\t<section class=\"elementor-section elementor-top-section elementor-element elementor-element-c79a29d elementor-section-content-middle elementor-section-boxed elementor-section-height-default elementor-section-height-default\" data-id=\"c79a29d\" data-element_type=\"section\">\n\t\t\t\t\t\t<div class=\"elementor-container elementor-column-gap-no\">\n\t\t\t\t\t<div class=\"elementor-column elementor-col-50 elementor-top-column elementor-element elementor-element-ec4deda\" data-id=\"ec4deda\" data-element_type=\"column\">\n\t\t\t<div class=\"elementor-widget-wrap elementor-element-populated\">\n\t\t\t\t\t\t<div class=\"elementor-element elementor-element-0dfbf84 elementor-widget-divider--view-line elementor-widget elementor-widget-divider\" data-id=\"0dfbf84\" data-element_type=\"widget\" data-widget_type=\"divider.default\">\n\t\t\t\t<div class=\"elementor-widget-container\">\n\t\t\t\t\t\t\t<div class=\"elementor-divider\">\n\t\t\t<span class=\"elementor-divider-separator\">\n\t\t\t\t\t\t<\/span>\n\t\t<\/div>\n\t\t\t\t\t\t<\/div>\n\t\t\t\t<\/div>\n\t\t\t\t<div class=\"elementor-element elementor-element-f1f4c22 elementor-widget elementor-widget-heading\" data-id=\"f1f4c22\" data-element_type=\"widget\" data-widget_type=\"heading.default\">\n\t\t\t\t<div class=\"elementor-widget-container\">\n\t\t\t\t\t<h2 class=\"elementor-heading-title elementor-size-default\">Our R&amp; D Team<\/h2>\t\t\t\t<\/div>\n\t\t\t\t<\/div>\n\t\t\t\t<div class=\"elementor-element elementor-element-cd5bbaa elementor-widget elementor-widget-text-editor\" data-id=\"cd5bbaa\" data-element_type=\"widget\" data-widget_type=\"text-editor.default\">\n\t\t\t\t<div class=\"elementor-widget-container\">\n\t\t\t\t\t\t\t\t\t<p><span style=\"vertical-align: inherit;\"><span style=\"vertical-align: inherit;\">Movelaser, profesyonel Ar-Ge, servis, y\u00f6netim ekibi ve deneyimli end\u00fcstriyel uygulama yeteneklerine sahiptir. \u015eirket, 4 doktor, 40&#039;tan fazla Ar-Ge personeli de dahil olmak \u00fczere 100&#039;den fazla ki\u015fiyi istihdam ediyor, ara\u015ft\u0131rma ve geli\u015ftirme personelinde ustalar\u0131n ve daha fazlas\u0131n\u0131n oran\u0131 80%&#039;ye ula\u015f\u0131yor, optik, elektronik, makine, yaz\u0131l\u0131m, veri algoritmalar\u0131 ve di\u011fer y\u00f6nlerde deneyimli k\u0131demli uzmanlara sahip. . \u015eirket, g\u00fc\u00e7l\u00fc profesyonel kaliteye, g\u00fc\u00e7l\u00fc aidiyet duygusuna, \u00f6zveri ve ekip \u00e7al\u0131\u015fmas\u0131 yetene\u011fi gibi \u00fcst\u00fcn profesyonel kaliteye sahiptir ve m\u00fc\u015fterinin talebini ve yetenek garantisini olu\u015fturan uluslararas\u0131 lazer r\u00fczgar \u00f6l\u00e7\u00fcm end\u00fcstrisinin geli\u015fme trendini keskin bir \u015fekilde ay\u0131rt eder. \u015eirketin s\u00fcrekli geli\u015fimi ve bilimsel ve teknolojik yenilik.<\/span><\/span><\/p><p>Movelaser, lider teknoloji, profesyonel tutum ve m\u00fckemmel hizmet ile k\u00fcresel r\u00fczgar lidar end\u00fcstrisine \u00f6nc\u00fcl\u00fck edecek.<\/p>\t\t\t\t\t\t\t\t<\/div>\n\t\t\t\t<\/div>\n\t\t\t\t\t<\/div>\n\t\t<\/div>\n\t\t\t\t<div class=\"elementor-column elementor-col-50 elementor-top-column elementor-element elementor-element-c59473d\" data-id=\"c59473d\" data-element_type=\"column\">\n\t\t\t<div class=\"elementor-widget-wrap elementor-element-populated\">\n\t\t\t\t\t\t<div class=\"elementor-element elementor-element-8467e36 elementor-widget elementor-widget-image\" data-id=\"8467e36\" data-element_type=\"widget\" data-widget_type=\"image.default\">\n\t\t\t\t<div class=\"elementor-widget-container\">\n\t\t\t\t\t\t\t\t\t\t\t\t\t\t\t<img fetchpriority=\"high\" decoding=\"async\" width=\"1536\" height=\"915\" src=\"https:\/\/www.movelaser.eu\/wp-content\/uploads\/2023\/04\/About-Us-our-team-1536x915.jpg\" class=\"attachment-1536x1536 size-1536x1536 wp-image-3107\" alt=\"\" srcset=\"https:\/\/www.movelaser.eu\/wp-content\/uploads\/2023\/04\/About-Us-our-team-1536x915.jpg 1536w, https:\/\/www.movelaser.eu\/wp-content\/uploads\/2023\/04\/About-Us-our-team-300x179.jpg 300w, https:\/\/www.movelaser.eu\/wp-content\/uploads\/2023\/04\/About-Us-our-team-1024x610.jpg 1024w, https:\/\/www.movelaser.eu\/wp-content\/uploads\/2023\/04\/About-Us-our-team-768x458.jpg 768w, https:\/\/www.movelaser.eu\/wp-content\/uploads\/2023\/04\/About-Us-our-team-2048x1220.jpg 2048w, https:\/\/www.movelaser.eu\/wp-content\/uploads\/2023\/04\/About-Us-our-team-18x12.jpg 18w\" sizes=\"(max-width: 1536px) 100vw, 1536px\" \/>\t\t\t\t\t\t\t\t\t\t\t\t\t\t\t<\/div>\n\t\t\t\t<\/div>\n\t\t\t\t\t<\/div>\n\t\t<\/div>\n\t\t\t\t\t<\/div>\n\t\t<\/section>\n\t\t\t\t<section class=\"elementor-section elementor-top-section elementor-element elementor-element-65fd260 elementor-section-boxed elementor-section-height-default elementor-section-height-default\" data-id=\"65fd260\" data-element_type=\"section\">\n\t\t\t\t\t\t<div class=\"elementor-container elementor-column-gap-default\">\n\t\t\t\t\t<div class=\"elementor-column elementor-col-100 elementor-top-column elementor-element elementor-element-80422af\" data-id=\"80422af\" data-element_type=\"column\">\n\t\t\t<div class=\"elementor-widget-wrap elementor-element-populated\">\n\t\t\t\t\t\t<div class=\"elementor-element elementor-element-e82dde1 elementor-widget-divider--view-line elementor-widget elementor-widget-divider\" data-id=\"e82dde1\" data-element_type=\"widget\" data-widget_type=\"divider.default\">\n\t\t\t\t<div class=\"elementor-widget-container\">\n\t\t\t\t\t\t\t<div class=\"elementor-divider\">\n\t\t\t<span class=\"elementor-divider-separator\">\n\t\t\t\t\t\t<\/span>\n\t\t<\/div>\n\t\t\t\t\t\t<\/div>\n\t\t\t\t<\/div>\n\t\t\t\t<div class=\"elementor-element elementor-element-2f52e48 elementor-widget elementor-widget-heading\" data-id=\"2f52e48\" data-element_type=\"widget\" data-widget_type=\"heading.default\">\n\t\t\t\t<div class=\"elementor-widget-container\">\n\t\t\t\t\t<h3 class=\"elementor-heading-title elementor-size-default\">Kilit Uzmanlar\u0131m\u0131z<\/h3>\t\t\t\t<\/div>\n\t\t\t\t<\/div>\n\t\t\t\t<section class=\"elementor-section elementor-inner-section elementor-element elementor-element-9f1fb43 elementor-section-boxed elementor-section-height-default elementor-section-height-default\" data-id=\"9f1fb43\" data-element_type=\"section\">\n\t\t\t\t\t\t<div class=\"elementor-container elementor-column-gap-default\">\n\t\t\t\t\t<div class=\"elementor-column elementor-col-100 elementor-inner-column elementor-element elementor-element-ccbbc50\" data-id=\"ccbbc50\" data-element_type=\"column\">\n\t\t\t<div class=\"elementor-widget-wrap elementor-element-populated\">\n\t\t\t\t\t\t<div class=\"elementor-element elementor-element-eab4f6b elementor-widget elementor-widget-heading\" data-id=\"eab4f6b\" data-element_type=\"widget\" data-widget_type=\"heading.default\">\n\t\t\t\t<div class=\"elementor-widget-container\">\n\t\t\t\t\t<h2 class=\"elementor-heading-title elementor-size-default\">Dr. Jun Zhou<\/h2>\t\t\t\t<\/div>\n\t\t\t\t<\/div>\n\t\t\t\t<div class=\"elementor-element elementor-element-699c0cd elementor-widget elementor-widget-image\" data-id=\"699c0cd\" data-element_type=\"widget\" data-widget_type=\"image.default\">\n\t\t\t\t<div class=\"elementor-widget-container\">\n\t\t\t\t\t\t\t\t\t\t\t\t\t\t\t<img decoding=\"async\" data-src=\"https:\/\/www.movelaser.eu\/wp-content\/uploads\/elementor\/thumbs\/Zhou-Jun-q2c594y2hj9ypq4vrfj1bfnpeszplhimffwkko5edc.jpg\" title=\"Zhou Haziran\" alt=\"Zhou Jun\" src=\"data:image\/svg+xml;base64,PHN2ZyB3aWR0aD0iMSIgaGVpZ2h0PSIxIiB4bWxucz0iaHR0cDovL3d3dy53My5vcmcvMjAwMC9zdmciPjwvc3ZnPg==\" class=\"lazyload\" style=\"--smush-placeholder-width: 151px; --smush-placeholder-aspect-ratio: 151\/220;\" \/>\t\t\t\t\t\t\t\t\t\t\t\t\t\t\t<\/div>\n\t\t\t\t<\/div>\n\t\t\t\t<div class=\"elementor-element elementor-element-63bed66 elementor-widget elementor-widget-text-editor\" data-id=\"63bed66\" data-element_type=\"widget\" data-widget_type=\"text-editor.default\">\n\t\t\t\t<div class=\"elementor-widget-container\">\n\t\t\t\t\t\t\t\t\t<p>\u00a0Movelaser&#039;in kurucusu, \u00c7in Bilimler Akademisi, \u015eanghay Optik ve \u0130nce Mekanik Enstit\u00fcs\u00fc&#039;n\u00fcn ana \u00fcyesidir. Halen Nanjing \u0130leri Lazer Teknolojisi Ara\u015ft\u0131rma Enstit\u00fcs\u00fc&#039;n\u00fcn Tamamen Kat\u0131 Lazer Merkezi&#039;nin direkt\u00f6r\u00fcd\u00fcr. \u00c7in Bilimler Akademisi ve Stanford \u00dcniversitesi&#039;nde doktora sonras\u0131 lazer teknolojisi alan\u0131nda bir ge\u00e7mi\u015fe sahiptir. Arac\u0131n 532nm ve 355nm&#039;de y\u00fcksek enerjili tek frekansl\u0131 darbeli lazer ve tek frekansl\u0131 harmonik \u00e7\u0131k\u0131\u015f\u0131, yurti\u00e7i alandaki bo\u015fluklar\u0131 doldurur ve tamamen kat\u0131 hal lazerlerinin ve uygulama sistemlerinin geli\u015ftirilmesinde g\u00fc\u00e7l\u00fc bir teknik altyap\u0131ya sahiptir. \u015eirketin ekip \u00fcyeleri esas olarak \u015eanghay Optik ve \u0130nce Mekanik Enstit\u00fcs\u00fc, \u00c7in Bilimler Akademisi, Nanjing \u0130leri Lazer Teknolojisi Ara\u015ft\u0131rma Enstit\u00fcs\u00fc, Amerika Birle\u015fik Devletleri ve Britanya Haigui ve di\u011fer end\u00fcstri gazilerindendir. 20&#039;den fazla ara\u015ft\u0131rma ve geli\u015ftirme ekibi aras\u0131nda, optik, elektrik, Makine, yaz\u0131l\u0131m ve veri dahil olmak \u00fczere 4 doktor, 80% usta ve \u00fczeri, hepsi sekt\u00f6rde deneyimli ve deneyimli m\u00fchendislere sahip. M\u00fckemmel profesyonel niteliklere, g\u00fc\u00e7l\u00fc bir aidiyet duygusuna, g\u00fc\u00e7l\u00fc ekip \u00e7al\u0131\u015fmas\u0131na ve g\u00fc\u00e7l\u00fc bir \u00f6zveriye sahiptirler. \u015eirketin s\u00fcrd\u00fcr\u00fclebilir geli\u015fimi ve teknolojik yenili\u011fi i\u00e7in yetenek garantisini olu\u015ftururlar.<\/p>\t\t\t\t\t\t\t\t<\/div>\n\t\t\t\t<\/div>\n\t\t\t\t\t<\/div>\n\t\t<\/div>\n\t\t\t\t\t<\/div>\n\t\t<\/section>\n\t\t\t\t\t<\/div>\n\t\t<\/div>\n\t\t\t\t\t<\/div>\n\t\t<\/section>\n\t\t\t\t<\/div>","protected":false},"excerpt":{"rendered":"<p>Nanjing Movelaser Technology Co., Ltd We are a trustworthy LiDAR supplier in China, and one of the world&#8217;s largest wind lidar OEM. Our R&#038; D Team Movelaser has professional R&amp;D, service, management team and experienced industrial application talents. The company employs more than 100 people, including 4 doctors, more than 40 R&amp;D personnel,the proportion of &hellip;<\/p>\n<p class=\"read-more\"> <a class=\"\" href=\"https:\/\/www.movelaser.eu\/tr\/our-team\/\"> <span class=\"screen-reader-text\">Bizim tak\u0131m<\/span> Devam\u0131 &raquo;<\/a><\/p>","protected":false},"author":1,"featured_media":0,"parent":0,"menu_order":0,"comment_status":"closed","ping_status":"closed","template":"","meta":{"_monsterinsights_skip_tracking":false,"_monsterinsights_sitenote_active":false,"_monsterinsights_sitenote_note":"","_monsterinsights_sitenote_category":0,"site-sidebar-layout":"no-sidebar","site-content-layout":"page-builder","ast-main-header-display":"","ast-hfb-above-header-display":"","ast-hfb-below-header-display":"","ast-hfb-mobile-header-display":"","site-post-title":"disabled","ast-breadcrumbs-content":"disabled","ast-featured-img":"disabled","footer-sml-layout":"","theme-transparent-header-meta":"enabled","adv-header-id-meta":"","stick-header-meta":"","header-above-stick-meta":"","header-main-stick-meta":"","header-below-stick-meta":"","footnotes":""},"class_list":["post-1213","page","type-page","status-publish","hentry"],"_links":{"self":[{"href":"https:\/\/www.movelaser.eu\/tr\/wp-json\/wp\/v2\/pages\/1213","targetHints":{"allow":["GET"]}}],"collection":[{"href":"https:\/\/www.movelaser.eu\/tr\/wp-json\/wp\/v2\/pages"}],"about":[{"href":"https:\/\/www.movelaser.eu\/tr\/wp-json\/wp\/v2\/types\/page"}],"author":[{"embeddable":true,"href":"https:\/\/www.movelaser.eu\/tr\/wp-json\/wp\/v2\/users\/1"}],"replies":[{"embeddable":true,"href":"https:\/\/www.movelaser.eu\/tr\/wp-json\/wp\/v2\/comments?post=1213"}],"version-history":[{"count":3,"href":"https:\/\/www.movelaser.eu\/tr\/wp-json\/wp\/v2\/pages\/1213\/revisions"}],"predecessor-version":[{"id":3111,"href":"https:\/\/www.movelaser.eu\/tr\/wp-json\/wp\/v2\/pages\/1213\/revisions\/3111"}],"wp:attachment":[{"href":"https:\/\/www.movelaser.eu\/tr\/wp-json\/wp\/v2\/media?parent=1213"}],"curies":[{"name":"wp","href":"https:\/\/api.w.org\/{rel}","templated":true}]}}