{"id":1996,"date":"2021-12-22T09:20:43","date_gmt":"2021-12-22T01:20:43","guid":{"rendered":"https:\/\/movelasers.com\/?page_id=1996"},"modified":"2021-12-22T09:28:39","modified_gmt":"2021-12-22T01:28:39","slug":"20211013-equipped-with-molas-b300m-floating-wind-lidar-system-successfully-launched-in-guangdong-waters","status":"publish","type":"page","link":"https:\/\/www.movelaser.eu\/pt\/news\/20211013-equipped-with-molas-b300m-floating-wind-lidar-system-successfully-launched-in-guangdong-waters\/","title":{"rendered":"20211013 \u2013 Equipado com o sistema lidar de vento flutuante Molas B300M lan\u00e7ado com sucesso nas \u00e1guas de Guangdong"},"content":{"rendered":"<div data-elementor-type=\"wp-page\" data-elementor-id=\"1996\" class=\"elementor elementor-1996\">\n\t\t\t\t\t\t<section class=\"elementor-section elementor-top-section elementor-element elementor-element-6952cf8 elementor-section-height-min-height elementor-section-boxed elementor-section-height-default elementor-section-items-middle\" data-id=\"6952cf8\" data-element_type=\"section\" data-settings=\"{&quot;background_background&quot;:&quot;slideshow&quot;,&quot;background_slideshow_gallery&quot;:[{&quot;id&quot;:1018,&quot;url&quot;:&quot;https:\\\/\\\/movelasers.com\\\/wp-content\\\/uploads\\\/2021\\\/12\\\/MOLAS-M300-SITE-DEPLOYMENT-2.png&quot;},{&quot;id&quot;:1019,&quot;url&quot;:&quot;https:\\\/\\\/movelasers.com\\\/wp-content\\\/uploads\\\/2021\\\/12\\\/MOLAS-M300-SITE-DEPLOYMENT.png&quot;}],&quot;background_slideshow_ken_burns&quot;:&quot;yes&quot;,&quot;background_slideshow_loop&quot;:&quot;yes&quot;,&quot;background_slideshow_slide_duration&quot;:5000,&quot;background_slideshow_slide_transition&quot;:&quot;fade&quot;,&quot;background_slideshow_transition_duration&quot;:500,&quot;background_slideshow_ken_burns_zoom_direction&quot;:&quot;in&quot;}\">\n\t\t\t\t\t\t\t<div class=\"elementor-background-overlay\"><\/div>\n\t\t\t\t\t\t\t<div class=\"elementor-container elementor-column-gap-no\">\n\t\t\t\t\t<div class=\"elementor-column elementor-col-100 elementor-top-column elementor-element elementor-element-4c6db26\" data-id=\"4c6db26\" data-element_type=\"column\">\n\t\t\t<div class=\"elementor-widget-wrap elementor-element-populated\">\n\t\t\t\t\t\t<div class=\"elementor-element elementor-element-558ce53 elementor-widget elementor-widget-heading\" data-id=\"558ce53\" data-element_type=\"widget\" data-widget_type=\"heading.default\">\n\t\t\t\t<div class=\"elementor-widget-container\">\n\t\t\t\t\t<h1 class=\"elementor-heading-title elementor-size-default\">Central de not\u00edcias Movelaser<\/h1>\t\t\t\t<\/div>\n\t\t\t\t<\/div>\n\t\t\t\t<div class=\"elementor-element elementor-element-628c3d6 elementor-widget-divider--view-line elementor-widget elementor-widget-divider\" data-id=\"628c3d6\" data-element_type=\"widget\" data-widget_type=\"divider.default\">\n\t\t\t\t<div class=\"elementor-widget-container\">\n\t\t\t\t\t\t\t<div class=\"elementor-divider\">\n\t\t\t<span class=\"elementor-divider-separator\">\n\t\t\t\t\t\t<\/span>\n\t\t<\/div>\n\t\t\t\t\t\t<\/div>\n\t\t\t\t<\/div>\n\t\t\t\t\t<\/div>\n\t\t<\/div>\n\t\t\t\t\t<\/div>\n\t\t<\/section>\n\t\t\t\t<section class=\"elementor-section elementor-top-section elementor-element elementor-element-4c00deb elementor-section-boxed elementor-section-height-default elementor-section-height-default\" data-id=\"4c00deb\" data-element_type=\"section\" data-settings=\"{&quot;background_background&quot;:&quot;classic&quot;}\">\n\t\t\t\t\t\t<div class=\"elementor-container elementor-column-gap-default\">\n\t\t\t\t\t<div class=\"elementor-column elementor-col-100 elementor-top-column elementor-element elementor-element-91186d7\" data-id=\"91186d7\" data-element_type=\"column\">\n\t\t\t<div class=\"elementor-widget-wrap elementor-element-populated\">\n\t\t\t\t\t\t<div class=\"elementor-element elementor-element-dbbfde0 elementor-widget elementor-widget-heading\" data-id=\"dbbfde0\" data-element_type=\"widget\" data-widget_type=\"heading.default\">\n\t\t\t\t<div class=\"elementor-widget-container\">\n\t\t\t\t\t<h2 class=\"elementor-heading-title elementor-size-default\">Equipado com o sistema lidar de vento flutuante Molas B300M lan\u00e7ado com sucesso nas \u00e1guas de Guangdong<\/h2>\t\t\t\t<\/div>\n\t\t\t\t<\/div>\n\t\t\t\t<div class=\"elementor-element elementor-element-bb7801e elementor-widget-divider--view-line elementor-widget elementor-widget-divider\" data-id=\"bb7801e\" data-element_type=\"widget\" data-widget_type=\"divider.default\">\n\t\t\t\t<div class=\"elementor-widget-container\">\n\t\t\t\t\t\t\t<div class=\"elementor-divider\">\n\t\t\t<span class=\"elementor-divider-separator\">\n\t\t\t\t\t\t<\/span>\n\t\t<\/div>\n\t\t\t\t\t\t<\/div>\n\t\t\t\t<\/div>\n\t\t\t\t<div class=\"elementor-element elementor-element-a8faea8 elementor-widget elementor-widget-text-editor\" data-id=\"a8faea8\" data-element_type=\"widget\" data-widget_type=\"text-editor.default\">\n\t\t\t\t<div class=\"elementor-widget-container\">\n\t\t\t\t\t\t\t\t\t<p>2021-05-08<\/p>\t\t\t\t\t\t\t\t<\/div>\n\t\t\t\t<\/div>\n\t\t\t\t<div class=\"elementor-element elementor-element-2704f02 elementor-widget elementor-widget-text-editor\" data-id=\"2704f02\" data-element_type=\"widget\" data-widget_type=\"text-editor.default\">\n\t\t\t\t<div class=\"elementor-widget-container\">\n\t\t\t\t\t\t\t\t\t<p>Recentemente, por meio de uma estreita coopera\u00e7\u00e3o entre a Nanjing Movelaser Technology Co., Ltd. (doravante denominada &quot;Movelaser&quot;) e fabricantes de sistemas de medi\u00e7\u00e3o de vento flutuante conhecidos na ind\u00fastria, o sistema lidar de medi\u00e7\u00e3o de vento flutuante equipado com Molas B300M foi lan\u00e7ado com sucesso em \u00c1guas de Guangdong. Molas B300M \u00e9 um lidar de medi\u00e7\u00e3o de vento especialmente projetado para o ambiente marinho pela Movelaser. Ele n\u00e3o apenas herda todas as vantagens do Molas B300, como alta precis\u00e3o de medi\u00e7\u00e3o, forte adaptabilidade ambiental e alto n\u00edvel de prote\u00e7\u00e3o, mas tamb\u00e9m adiciona resist\u00eancia \u00e0 corros\u00e3o e outros projetos, que podem ser totalmente adaptados \u00e0 n\u00e9voa salina marinha, alta umidade e outros ambientes. Antes disso, o Molas M300 foi usado em esta\u00e7\u00f5es de eleva\u00e7\u00e3o mar\u00edtima, plataformas de perfura\u00e7\u00e3o, plataformas de torres e\u00f3licas e b\u00f3ias por muitas vezes. O Molas M300 usado no sistema de b\u00f3ias integra um algoritmo de compensa\u00e7\u00e3o de movimento autodesenvolvido, que pode garantir uma medi\u00e7\u00e3o de alta precis\u00e3o da velocidade do vento na atitude do movimento.<\/p>\t\t\t\t\t\t\t\t<\/div>\n\t\t\t\t<\/div>\n\t\t\t\t<div class=\"elementor-element elementor-element-c6107c3 elementor-widget elementor-widget-image\" data-id=\"c6107c3\" data-element_type=\"widget\" data-widget_type=\"image.default\">\n\t\t\t\t<div class=\"elementor-widget-container\">\n\t\t\t\t\t\t\t\t\t\t\t\t\t\t\t<img fetchpriority=\"high\" decoding=\"async\" width=\"1024\" height=\"576\" src=\"https:\/\/www.movelaser.eu\/wp-content\/uploads\/2021\/12\/MOLAS-M300-SITE-DEPLOYMENT-2-1024x576.png\" class=\"elementor-animation-grow attachment-large size-large wp-image-1018\" alt=\"Molas M300 floating wind lidar for offshore wind measurement on buoy\" srcset=\"https:\/\/www.movelaser.eu\/wp-content\/uploads\/2021\/12\/MOLAS-M300-SITE-DEPLOYMENT-2-1024x576.png 1024w, https:\/\/www.movelaser.eu\/wp-content\/uploads\/2021\/12\/MOLAS-M300-SITE-DEPLOYMENT-2-600x338.png 600w, https:\/\/www.movelaser.eu\/wp-content\/uploads\/2021\/12\/MOLAS-M300-SITE-DEPLOYMENT-2-300x169.png 300w, https:\/\/www.movelaser.eu\/wp-content\/uploads\/2021\/12\/MOLAS-M300-SITE-DEPLOYMENT-2-768x432.png 768w, https:\/\/www.movelaser.eu\/wp-content\/uploads\/2021\/12\/MOLAS-M300-SITE-DEPLOYMENT-2.png 1080w\" sizes=\"(max-width: 1024px) 100vw, 1024px\" \/>\t\t\t\t\t\t\t\t\t\t\t\t\t\t\t<\/div>\n\t\t\t\t<\/div>\n\t\t\t\t<div class=\"elementor-element elementor-element-290031e elementor-widget elementor-widget-text-editor\" data-id=\"290031e\" data-element_type=\"widget\" data-widget_type=\"text-editor.default\">\n\t\t\t\t<div class=\"elementor-widget-container\">\n\t\t\t\t\t\t\t\t\t<p><span style=\"vertical-align: inherit;\"><span style=\"vertical-align: inherit;\">Com a maturidade gradual da tecnologia de turbinas e\u00f3licas flutuantes, a demanda pelo desenvolvimento de recursos de parques e\u00f3licos na \u00e1rea do mar profundo tamb\u00e9m aumentou rapidamente. O custo de constru\u00e7\u00e3o excessivamente alto de plataformas fixas para Met-mast e\u00f3lico offshore e o dilema da incapacidade de construir plataformas fixas para funda\u00e7\u00f5es de estacas em \u00e1reas de mar profundo limitam o processo de desenvolvimento de recursos de parques e\u00f3licos offshore. Os lidars flutuantes de medi\u00e7\u00e3o de vento s\u00e3o menos dispendiosos, convenientes de constru\u00e7\u00e3o e de constru\u00e7\u00e3o em alto mar. Pode ajudar e promover melhor o desenvolvimento da energia e\u00f3lica offshore. Desta vez, o corpo flutuante transportado pelo Molas B300M considera totalmente estabilidade, desempenho de seguimento de ondas, facilidade de algoritmo, economia de reutiliza\u00e7\u00e3o, padroniza\u00e7\u00e3o de controle de qualidade, anticorros\u00e3o e resist\u00eancia a colis\u00f5es, conveni\u00eancia de produ\u00e7\u00e3o, pontualidade de transporte, seguran\u00e7a antidestrutiva, etc., O todo O sistema possui alta integra\u00e7\u00e3o, alta precis\u00e3o de medi\u00e7\u00e3o de vento, transmiss\u00e3o de dados est\u00e1vel e confi\u00e1vel e pode atender aos requisitos de funcionamento por mais de cinco meses sem vento e sem condi\u00e7\u00f5es de luz. Este tipo de sistema lidar de medi\u00e7\u00e3o de vento flutuante da Movelaser tem uma rica experi\u00eancia em lan\u00e7amento e foi testado v\u00e1rias vezes contra a condi\u00e7\u00e3o de tuf\u00e3o.<\/span><\/span><\/p>\t\t\t\t\t\t\t\t<\/div>\n\t\t\t\t<\/div>\n\t\t\t\t<div class=\"elementor-element elementor-element-cdf2982 elementor-widget elementor-widget-text-editor\" data-id=\"cdf2982\" data-element_type=\"widget\" data-widget_type=\"text-editor.default\">\n\t\t\t\t<div class=\"elementor-widget-container\">\n\t\t\t\t\t\t\t\t\t<p><span style=\"vertical-align: inherit;\"><span style=\"vertical-align: inherit;\"><span style=\"vertical-align: inherit;\"><span style=\"vertical-align: inherit;\">Atualmente, existem muitos tipos de produtos de lidar com vento flutuante. Al\u00e9m da seguran\u00e7a de todo o corpo flutuante, o OWA (Offshore Wind Accelerator) estabeleceu regulamentos claros sobre a precis\u00e3o e efici\u00eancia dos dados de medi\u00e7\u00e3o de ventos flutuantes. O resultado de sa\u00edda de todo o sistema, incluindo a efici\u00eancia dos dados e a precis\u00e3o dos dados do wind lidar, \u00e9 uma base importante para julgar o sistema wind lidar flutuante. Acredita-se que o lidar de vento flutuante aumentar\u00e1 rapidamente no mercado de medi\u00e7\u00e3o de vento offshore para ajudar no desenvolvimento de energia e\u00f3lica e na neutralidade de carbono.<\/span><\/span><\/span><\/span><\/p>\t\t\t\t\t\t\t\t<\/div>\n\t\t\t\t<\/div>\n\t\t\t\t<div class=\"elementor-element elementor-element-8eaf7a1 elementor-widget elementor-widget-image\" data-id=\"8eaf7a1\" data-element_type=\"widget\" data-widget_type=\"image.default\">\n\t\t\t\t<div class=\"elementor-widget-container\">\n\t\t\t\t\t\t\t\t\t\t\t\t\t\t\t<img decoding=\"async\" width=\"722\" height=\"407\" data-src=\"https:\/\/www.movelaser.eu\/wp-content\/uploads\/2021\/12\/MOLAS-M300-SITE-DEPLOYMENT.png\" class=\"elementor-animation-grow attachment-large size-large wp-image-1019 lazyload\" alt=\"Molas M300 floating wind lidar for offshore wind measurement on buoy\" data-srcset=\"https:\/\/www.movelaser.eu\/wp-content\/uploads\/2021\/12\/MOLAS-M300-SITE-DEPLOYMENT.png 722w, https:\/\/www.movelaser.eu\/wp-content\/uploads\/2021\/12\/MOLAS-M300-SITE-DEPLOYMENT-600x338.png 600w, https:\/\/www.movelaser.eu\/wp-content\/uploads\/2021\/12\/MOLAS-M300-SITE-DEPLOYMENT-300x169.png 300w\" data-sizes=\"(max-width: 722px) 100vw, 722px\" src=\"data:image\/svg+xml;base64,PHN2ZyB3aWR0aD0iMSIgaGVpZ2h0PSIxIiB4bWxucz0iaHR0cDovL3d3dy53My5vcmcvMjAwMC9zdmciPjwvc3ZnPg==\" style=\"--smush-placeholder-width: 722px; --smush-placeholder-aspect-ratio: 722\/407;\" \/>\t\t\t\t\t\t\t\t\t\t\t\t\t\t\t<\/div>\n\t\t\t\t<\/div>\n\t\t\t\t<div class=\"elementor-element elementor-element-56689ce elementor-widget elementor-widget-text-editor\" data-id=\"56689ce\" data-element_type=\"widget\" data-widget_type=\"text-editor.default\">\n\t\t\t\t<div class=\"elementor-widget-container\">\n\t\t\t\t\t\t\t\t\t<p>Sistema lidar de medi\u00e7\u00e3o de vento flutuante Molas B300M tiros reais no mar<\/p>\t\t\t\t\t\t\t\t<\/div>\n\t\t\t\t<\/div>\n\t\t\t\t\t<\/div>\n\t\t<\/div>\n\t\t\t\t\t<\/div>\n\t\t<\/section>\n\t\t\t\t<\/div>","protected":false},"excerpt":{"rendered":"<p>Movelaser News Center Equipped with Molas B300M floating wind lidar system successfully launched in Guangdong waters 2021-05-08 Recently, through close cooperation between Nanjing Movelaser Technology Co., Ltd. (hereinafter referred to as &#8221; Movelaser &#8220;) and well-known floating wind measurement system manufacturers in the industry, the floating wind measurement lidar system equipped with Molas B300M was &hellip;<\/p>\n<p class=\"read-more\"> <a class=\"\" href=\"https:\/\/www.movelaser.eu\/pt\/news\/20211013-equipped-with-molas-b300m-floating-wind-lidar-system-successfully-launched-in-guangdong-waters\/\"> <span class=\"screen-reader-text\">20211013 \u2013 Equipado com o sistema lidar de vento flutuante Molas B300M lan\u00e7ado com sucesso nas \u00e1guas de Guangdong<\/span> Read More &raquo;<\/a><\/p>","protected":false},"author":1,"featured_media":0,"parent":1935,"menu_order":0,"comment_status":"closed","ping_status":"closed","template":"","meta":{"_monsterinsights_skip_tracking":false,"_monsterinsights_sitenote_active":false,"_monsterinsights_sitenote_note":"","_monsterinsights_sitenote_category":0,"site-sidebar-layout":"no-sidebar","site-content-layout":"page-builder","ast-main-header-display":"","ast-hfb-above-header-display":"","ast-hfb-below-header-display":"","ast-hfb-mobile-header-display":"","site-post-title":"disabled","ast-breadcrumbs-content":"disabled","ast-featured-img":"disabled","footer-sml-layout":"","theme-transparent-header-meta":"enabled","adv-header-id-meta":"","stick-header-meta":"","header-above-stick-meta":"","header-main-stick-meta":"","header-below-stick-meta":"","footnotes":""},"class_list":["post-1996","page","type-page","status-publish","hentry"],"_links":{"self":[{"href":"https:\/\/www.movelaser.eu\/pt\/wp-json\/wp\/v2\/pages\/1996","targetHints":{"allow":["GET"]}}],"collection":[{"href":"https:\/\/www.movelaser.eu\/pt\/wp-json\/wp\/v2\/pages"}],"about":[{"href":"https:\/\/www.movelaser.eu\/pt\/wp-json\/wp\/v2\/types\/page"}],"author":[{"embeddable":true,"href":"https:\/\/www.movelaser.eu\/pt\/wp-json\/wp\/v2\/users\/1"}],"replies":[{"embeddable":true,"href":"https:\/\/www.movelaser.eu\/pt\/wp-json\/wp\/v2\/comments?post=1996"}],"version-history":[{"count":0,"href":"https:\/\/www.movelaser.eu\/pt\/wp-json\/wp\/v2\/pages\/1996\/revisions"}],"up":[{"embeddable":true,"href":"https:\/\/www.movelaser.eu\/pt\/wp-json\/wp\/v2\/pages\/1935"}],"wp:attachment":[{"href":"https:\/\/www.movelaser.eu\/pt\/wp-json\/wp\/v2\/media?parent=1996"}],"curies":[{"name":"wp","href":"https:\/\/api.w.org\/{rel}","templated":true}]}}