{"id":1988,"date":"2021-12-22T09:08:50","date_gmt":"2021-12-22T01:08:50","guid":{"rendered":"https:\/\/movelasers.com\/?page_id=1988"},"modified":"2021-12-22T09:18:46","modified_gmt":"2021-12-22T01:18:46","slug":"20210508-molas-b300-acquired-dnv-gl-type-specific-classification","status":"publish","type":"page","link":"https:\/\/www.movelaser.eu\/pt\/news\/20210508-molas-b300-acquired-dnv-gl-type-specific-classification\/","title":{"rendered":"20210508 - Molas B300 adquiriu a classifica\u00e7\u00e3o espec\u00edfica do tipo DNV-GL"},"content":{"rendered":"<div data-elementor-type=\"wp-page\" data-elementor-id=\"1988\" class=\"elementor elementor-1988\">\n\t\t\t\t\t\t<section class=\"elementor-section elementor-top-section elementor-element elementor-element-6952cf8 elementor-section-height-min-height elementor-section-boxed elementor-section-height-default elementor-section-items-middle\" data-id=\"6952cf8\" data-element_type=\"section\" data-settings=\"{&quot;background_background&quot;:&quot;slideshow&quot;,&quot;background_slideshow_gallery&quot;:[{&quot;id&quot;:1036,&quot;url&quot;:&quot;https:\\\/\\\/movelasers.com\\\/wp-content\\\/uploads\\\/2021\\\/12\\\/3.jpg&quot;},{&quot;id&quot;:1039,&quot;url&quot;:&quot;https:\\\/\\\/movelasers.com\\\/wp-content\\\/uploads\\\/2021\\\/12\\\/6.jpg&quot;},{&quot;id&quot;:1045,&quot;url&quot;:&quot;https:\\\/\\\/movelasers.com\\\/wp-content\\\/uploads\\\/2021\\\/12\\\/\\ufffd\\ufffd\\ufffd\\ufffdDHA-00-KS8-2-\\ufffd\\ufffd\\ufffd-5.6.png&quot;},{&quot;id&quot;:1034,&quot;url&quot;:&quot;https:\\\/\\\/movelasers.com\\\/wp-content\\\/uploads\\\/2021\\\/12\\\/1.jpg&quot;}],&quot;background_slideshow_ken_burns&quot;:&quot;yes&quot;,&quot;background_slideshow_loop&quot;:&quot;yes&quot;,&quot;background_slideshow_slide_duration&quot;:5000,&quot;background_slideshow_slide_transition&quot;:&quot;fade&quot;,&quot;background_slideshow_transition_duration&quot;:500,&quot;background_slideshow_ken_burns_zoom_direction&quot;:&quot;in&quot;}\">\n\t\t\t\t\t\t\t<div class=\"elementor-background-overlay\"><\/div>\n\t\t\t\t\t\t\t<div class=\"elementor-container elementor-column-gap-no\">\n\t\t\t\t\t<div class=\"elementor-column elementor-col-100 elementor-top-column elementor-element elementor-element-4c6db26\" data-id=\"4c6db26\" data-element_type=\"column\">\n\t\t\t<div class=\"elementor-widget-wrap elementor-element-populated\">\n\t\t\t\t\t\t<div class=\"elementor-element elementor-element-558ce53 elementor-widget elementor-widget-heading\" data-id=\"558ce53\" data-element_type=\"widget\" data-widget_type=\"heading.default\">\n\t\t\t\t<div class=\"elementor-widget-container\">\n\t\t\t\t\t<h1 class=\"elementor-heading-title elementor-size-default\">Central de not\u00edcias Movelaser<\/h1>\t\t\t\t<\/div>\n\t\t\t\t<\/div>\n\t\t\t\t<div class=\"elementor-element elementor-element-628c3d6 elementor-widget-divider--view-line elementor-widget elementor-widget-divider\" data-id=\"628c3d6\" data-element_type=\"widget\" data-widget_type=\"divider.default\">\n\t\t\t\t<div class=\"elementor-widget-container\">\n\t\t\t\t\t\t\t<div class=\"elementor-divider\">\n\t\t\t<span class=\"elementor-divider-separator\">\n\t\t\t\t\t\t<\/span>\n\t\t<\/div>\n\t\t\t\t\t\t<\/div>\n\t\t\t\t<\/div>\n\t\t\t\t\t<\/div>\n\t\t<\/div>\n\t\t\t\t\t<\/div>\n\t\t<\/section>\n\t\t\t\t<section class=\"elementor-section elementor-top-section elementor-element elementor-element-4c00deb elementor-section-boxed elementor-section-height-default elementor-section-height-default\" data-id=\"4c00deb\" data-element_type=\"section\" data-settings=\"{&quot;background_background&quot;:&quot;classic&quot;}\">\n\t\t\t\t\t\t<div class=\"elementor-container elementor-column-gap-default\">\n\t\t\t\t\t<div class=\"elementor-column elementor-col-100 elementor-top-column elementor-element elementor-element-91186d7\" data-id=\"91186d7\" data-element_type=\"column\">\n\t\t\t<div class=\"elementor-widget-wrap elementor-element-populated\">\n\t\t\t\t\t\t<div class=\"elementor-element elementor-element-dbbfde0 elementor-widget elementor-widget-heading\" data-id=\"dbbfde0\" data-element_type=\"widget\" data-widget_type=\"heading.default\">\n\t\t\t\t<div class=\"elementor-widget-container\">\n\t\t\t\t\t<h2 class=\"elementor-heading-title elementor-size-default\">Molas B300 adquiriu a classifica\u00e7\u00e3o espec\u00edfica do tipo DNV-GL<\/h2>\t\t\t\t<\/div>\n\t\t\t\t<\/div>\n\t\t\t\t<div class=\"elementor-element elementor-element-bb7801e elementor-widget-divider--view-line elementor-widget elementor-widget-divider\" data-id=\"bb7801e\" data-element_type=\"widget\" data-widget_type=\"divider.default\">\n\t\t\t\t<div class=\"elementor-widget-container\">\n\t\t\t\t\t\t\t<div class=\"elementor-divider\">\n\t\t\t<span class=\"elementor-divider-separator\">\n\t\t\t\t\t\t<\/span>\n\t\t<\/div>\n\t\t\t\t\t\t<\/div>\n\t\t\t\t<\/div>\n\t\t\t\t<div class=\"elementor-element elementor-element-a8faea8 elementor-widget elementor-widget-text-editor\" data-id=\"a8faea8\" data-element_type=\"widget\" data-widget_type=\"text-editor.default\">\n\t\t\t\t<div class=\"elementor-widget-container\">\n\t\t\t\t\t\t\t\t\t<p>2021-05-08<\/p>\t\t\t\t\t\t\t\t<\/div>\n\t\t\t\t<\/div>\n\t\t\t\t<div class=\"elementor-element elementor-element-2704f02 elementor-widget elementor-widget-text-editor\" data-id=\"2704f02\" data-element_type=\"widget\" data-widget_type=\"text-editor.default\">\n\t\t\t\t<div class=\"elementor-widget-container\">\n\t\t\t\t\t\t\t\t\t<p><span style=\"vertical-align: inherit;\"><span style=\"vertical-align: inherit;\">Em abril de 2021, a DNVGL forneceu o relat\u00f3rio final do teste de classifica\u00e7\u00e3o espec\u00edfica do tipo (Classifica\u00e7\u00e3o espec\u00edfica do tipo) para a Nanjing Movelaser Technology Co., Ltd. Molas B300 lidar com medi\u00e7\u00e3o de vento. O Molas B300 tornou-se o primeiro e \u00fanico lidar e\u00f3lico fabricado na China que completou os requisitos de teste de classifica\u00e7\u00e3o especificados pela IEC61400-12-1.<\/span><\/span><\/p>\t\t\t\t\t\t\t\t<\/div>\n\t\t\t\t<\/div>\n\t\t\t\t<div class=\"elementor-element elementor-element-1f0a1d2 elementor-widget elementor-widget-text-editor\" data-id=\"1f0a1d2\" data-element_type=\"widget\" data-widget_type=\"text-editor.default\">\n\t\t\t\t<div class=\"elementor-widget-container\">\n\t\t\t\t\t\t\t\t\t<p><span style=\"vertical-align: inherit;\"><span style=\"vertical-align: inherit;\">Todo o teste durou quase um ano, durante o qual a DNVGL e a Movelaser superaram em conjunto o impacto da epidemia e conclu\u00edram com sucesso as tr\u00eas etapas de teste exigidas pelo teste de classifica\u00e7\u00e3o. Durante o teste, um total de dois lidars e\u00f3licos Molas B300 foram submetidos a testes rigorosos nas bases de teste da DNVGL em Hamburgo e Janneby na Alemanha.<\/span><\/span><\/p>\t\t\t\t\t\t\t\t<\/div>\n\t\t\t\t<\/div>\n\t\t\t\t<div class=\"elementor-element elementor-element-c6107c3 elementor-widget elementor-widget-image\" data-id=\"c6107c3\" data-element_type=\"widget\" data-widget_type=\"image.default\">\n\t\t\t\t<div class=\"elementor-widget-container\">\n\t\t\t\t\t\t\t\t\t\t\t\t\t\t\t<img fetchpriority=\"high\" decoding=\"async\" width=\"277\" height=\"324\" src=\"https:\/\/www.movelaser.eu\/wp-content\/uploads\/2021\/12\/1620452541681183.png\" class=\"elementor-animation-grow attachment-large size-large wp-image-1992\" alt=\"\" srcset=\"https:\/\/www.movelaser.eu\/wp-content\/uploads\/2021\/12\/1620452541681183.png 277w, https:\/\/www.movelaser.eu\/wp-content\/uploads\/2021\/12\/1620452541681183-256x300.png 256w\" sizes=\"(max-width: 277px) 100vw, 277px\" \/>\t\t\t\t\t\t\t\t\t\t\t\t\t\t\t<\/div>\n\t\t\t\t<\/div>\n\t\t\t\t<div class=\"elementor-element elementor-element-290031e elementor-widget elementor-widget-text-editor\" data-id=\"290031e\" data-element_type=\"widget\" data-widget_type=\"text-editor.default\">\n\t\t\t\t<div class=\"elementor-widget-container\">\n\t\t\t\t\t\t\t\t\t<p><span style=\"vertical-align: inherit;\"><span style=\"vertical-align: inherit;\">De acordo com a norma IEC 61400-12-1, o teste de classifica\u00e7\u00e3o de equipamentos exige que pelo menos duas unidades de equipamento sejam testadas em dois locais diferentes, e pelo menos uma unidade de equipamento deve ser implantada em dois locais, o que exige que cada tipo tenha pelo menos tr\u00eas etapas do teste de classifica\u00e7\u00e3o devem ser realizadas. Em resposta aos requisitos padr\u00e3o, a Movelaser enviou dois Molas B300 para a Alemanha para participar do teste. O dispositivo A foi testado em Hamburgo por 3 meses, o Janneby foi testado por quase 4 meses e o Dispositivo B foi testado em Janneby por 4 meses.<\/span><\/span><\/p>\t\t\t\t\t\t\t\t<\/div>\n\t\t\t\t<\/div>\n\t\t\t\t<div class=\"elementor-element elementor-element-cdf2982 elementor-widget elementor-widget-text-editor\" data-id=\"cdf2982\" data-element_type=\"widget\" data-widget_type=\"text-editor.default\">\n\t\t\t\t<div class=\"elementor-widget-container\">\n\t\t\t\t\t\t\t\t\t<p><span style=\"vertical-align: inherit;\"><span style=\"vertical-align: inherit;\">O teste de classifica\u00e7\u00e3o \u00e9 avaliar a influ\u00eancia de par\u00e2metros ambientais (incluindo gradiente de temperatura, temperatura, dire\u00e7\u00e3o do vento, intensidade de turbul\u00eancia, taxa de mudan\u00e7a de dire\u00e7\u00e3o do vento, chuva, \u00e2ngulo de entrada) na precis\u00e3o da medi\u00e7\u00e3o do lidar de vento. Os resultados do teste mostram que o Molas B300 est\u00e1 em um n\u00edvel relativamente excelente. O teste de classifica\u00e7\u00e3o ajuda os clientes a ter uma compreens\u00e3o mais profunda do desempenho de medi\u00e7\u00e3o do Molas B300 e fornece orienta\u00e7\u00e3o para os clientes usarem o Molas B300 para avalia\u00e7\u00e3o de recursos e\u00f3licos, teste de curva de pot\u00eancia, previs\u00e3o de pot\u00eancia e outros prop\u00f3sitos. O relat\u00f3rio de teste de classifica\u00e7\u00e3o tamb\u00e9m pode ser usado como base importante para empr\u00e9stimos banc\u00e1rios quando clientes nacionais e estrangeiros desenvolvem novos projetos.<\/span><\/span><\/p>\t\t\t\t\t\t\t\t<\/div>\n\t\t\t\t<\/div>\n\t\t\t\t<div class=\"elementor-element elementor-element-af2960e elementor-widget elementor-widget-text-editor\" data-id=\"af2960e\" data-element_type=\"widget\" data-widget_type=\"text-editor.default\">\n\t\t\t\t<div class=\"elementor-widget-container\">\n\t\t\t\t\t\t\t\t\t<p><font style=\"vertical-align: inherit;\"><font style=\"vertical-align: inherit;\">Antes do teste de classifica\u00e7\u00e3o, o Molas B300 wind lidar obteve o relat\u00f3rio de teste comparativo DNVGL (Verification), o resultado \u00e9 muito bom e est\u00e1 no n\u00edvel de lideran\u00e7a internacional. Desde 2016, o Molas B300 obteve sucessivamente v\u00e1rios relat\u00f3rios de teste do WindGuard alem\u00e3o, DTU dinamarqu\u00eas, DNVGL alem\u00e3o e CGC dom\u00e9stico.<\/font><\/font><\/p>\t\t\t\t\t\t\t\t<\/div>\n\t\t\t\t<\/div>\n\t\t\t\t<div class=\"elementor-element elementor-element-8eaf7a1 elementor-widget elementor-widget-image\" data-id=\"8eaf7a1\" data-element_type=\"widget\" data-widget_type=\"image.default\">\n\t\t\t\t<div class=\"elementor-widget-container\">\n\t\t\t\t\t\t\t\t\t\t\t\t\t\t\t<img decoding=\"async\" width=\"913\" height=\"770\" data-src=\"https:\/\/www.movelaser.eu\/wp-content\/uploads\/2021\/12\/1620452552815862.png\" class=\"elementor-animation-grow attachment-large size-large wp-image-1991 lazyload\" alt=\"\" data-srcset=\"https:\/\/www.movelaser.eu\/wp-content\/uploads\/2021\/12\/1620452552815862.png 913w, https:\/\/www.movelaser.eu\/wp-content\/uploads\/2021\/12\/1620452552815862-300x253.png 300w, https:\/\/www.movelaser.eu\/wp-content\/uploads\/2021\/12\/1620452552815862-768x648.png 768w, https:\/\/www.movelaser.eu\/wp-content\/uploads\/2021\/12\/1620452552815862-600x506.png 600w\" data-sizes=\"(max-width: 913px) 100vw, 913px\" src=\"data:image\/svg+xml;base64,PHN2ZyB3aWR0aD0iMSIgaGVpZ2h0PSIxIiB4bWxucz0iaHR0cDovL3d3dy53My5vcmcvMjAwMC9zdmciPjwvc3ZnPg==\" style=\"--smush-placeholder-width: 913px; --smush-placeholder-aspect-ratio: 913\/770;\" \/>\t\t\t\t\t\t\t\t\t\t\t\t\t\t\t<\/div>\n\t\t\t\t<\/div>\n\t\t\t\t<div class=\"elementor-element elementor-element-56689ce elementor-widget elementor-widget-text-editor\" data-id=\"56689ce\" data-element_type=\"widget\" data-widget_type=\"text-editor.default\">\n\t\t\t\t<div class=\"elementor-widget-container\">\n\t\t\t\t\t\t\t\t\t<p>Resultado da compara\u00e7\u00e3o Molas B300 @DNVGL<\/p>\t\t\t\t\t\t\t\t<\/div>\n\t\t\t\t<\/div>\n\t\t\t\t\t<\/div>\n\t\t<\/div>\n\t\t\t\t\t<\/div>\n\t\t<\/section>\n\t\t\t\t<\/div>","protected":false},"excerpt":{"rendered":"<p>Movelaser News Center Molas B300 adquiriu a classifica\u00e7\u00e3o espec\u00edfica de tipo DNV-GL 2021-05-08 Em abril de 2021, a DNVGL forneceu o relat\u00f3rio final de teste de classifica\u00e7\u00e3o espec\u00edfica de tipo (classifica\u00e7\u00e3o espec\u00edfica de tipo) para Nanjing Movelaser Technology Co., Ltd. Molas B300 wind medi\u00e7\u00e3o lidar. O Molas B300 tornou-se o primeiro e \u00fanico lidar e\u00f3lico fabricado na China que completou os requisitos de teste de classifica\u00e7\u00e3o especificados\u2026<\/p>\n<p class=\"read-more\"> <a class=\"\" href=\"https:\/\/www.movelaser.eu\/pt\/news\/20210508-molas-b300-acquired-dnv-gl-type-specific-classification\/\"> <span class=\"screen-reader-text\">20210508 - Molas B300 adquiriu a classifica\u00e7\u00e3o espec\u00edfica do tipo DNV-GL<\/span> Read More &raquo;<\/a><\/p>","protected":false},"author":1,"featured_media":0,"parent":1935,"menu_order":0,"comment_status":"closed","ping_status":"closed","template":"","meta":{"_monsterinsights_skip_tracking":false,"_monsterinsights_sitenote_active":false,"_monsterinsights_sitenote_note":"","_monsterinsights_sitenote_category":0,"site-sidebar-layout":"no-sidebar","site-content-layout":"page-builder","ast-main-header-display":"","ast-hfb-above-header-display":"","ast-hfb-below-header-display":"","ast-hfb-mobile-header-display":"","site-post-title":"disabled","ast-breadcrumbs-content":"disabled","ast-featured-img":"disabled","footer-sml-layout":"","theme-transparent-header-meta":"enabled","adv-header-id-meta":"","stick-header-meta":"","header-above-stick-meta":"","header-main-stick-meta":"","header-below-stick-meta":"","footnotes":""},"class_list":["post-1988","page","type-page","status-publish","hentry"],"_links":{"self":[{"href":"https:\/\/www.movelaser.eu\/pt\/wp-json\/wp\/v2\/pages\/1988","targetHints":{"allow":["GET"]}}],"collection":[{"href":"https:\/\/www.movelaser.eu\/pt\/wp-json\/wp\/v2\/pages"}],"about":[{"href":"https:\/\/www.movelaser.eu\/pt\/wp-json\/wp\/v2\/types\/page"}],"author":[{"embeddable":true,"href":"https:\/\/www.movelaser.eu\/pt\/wp-json\/wp\/v2\/users\/1"}],"replies":[{"embeddable":true,"href":"https:\/\/www.movelaser.eu\/pt\/wp-json\/wp\/v2\/comments?post=1988"}],"version-history":[{"count":0,"href":"https:\/\/www.movelaser.eu\/pt\/wp-json\/wp\/v2\/pages\/1988\/revisions"}],"up":[{"embeddable":true,"href":"https:\/\/www.movelaser.eu\/pt\/wp-json\/wp\/v2\/pages\/1935"}],"wp:attachment":[{"href":"https:\/\/www.movelaser.eu\/pt\/wp-json\/wp\/v2\/media?parent=1988"}],"curies":[{"name":"wp","href":"https:\/\/api.w.org\/{rel}","templated":true}]}}