{"id":1961,"date":"2021-12-22T08:42:04","date_gmt":"2021-12-22T00:42:04","guid":{"rendered":"https:\/\/movelasers.com\/?page_id=1961"},"modified":"2021-12-22T08:53:44","modified_gmt":"2021-12-22T00:53:44","slug":"20210112-energy-association-of-jiangsu-province-attended-the-meeting-at-movelaser","status":"publish","type":"page","link":"https:\/\/www.movelaser.eu\/pt\/news\/20210112-energy-association-of-jiangsu-province-attended-the-meeting-at-movelaser\/","title":{"rendered":"20210112 \u2013 Associa\u00e7\u00e3o de Energia da Prov\u00edncia de Jiangsu participou da reuni\u00e3o na Movelaser"},"content":{"rendered":"<div data-elementor-type=\"wp-page\" data-elementor-id=\"1961\" class=\"elementor elementor-1961\">\n\t\t\t\t\t\t<section class=\"elementor-section elementor-top-section elementor-element elementor-element-6952cf8 elementor-section-height-min-height elementor-section-boxed elementor-section-height-default elementor-section-items-middle\" data-id=\"6952cf8\" data-element_type=\"section\" data-settings=\"{&quot;background_background&quot;:&quot;slideshow&quot;,&quot;background_slideshow_gallery&quot;:[{&quot;id&quot;:1964,&quot;url&quot;:&quot;https:\\\/\\\/movelasers.com\\\/wp-content\\\/uploads\\\/2021\\\/12\\\/1610957633218539.png&quot;},{&quot;id&quot;:1965,&quot;url&quot;:&quot;https:\\\/\\\/movelasers.com\\\/wp-content\\\/uploads\\\/2021\\\/12\\\/1610957580234727.png&quot;},{&quot;id&quot;:1966,&quot;url&quot;:&quot;https:\\\/\\\/movelasers.com\\\/wp-content\\\/uploads\\\/2021\\\/12\\\/1610957547673285.png&quot;},{&quot;id&quot;:1967,&quot;url&quot;:&quot;https:\\\/\\\/movelasers.com\\\/wp-content\\\/uploads\\\/2021\\\/12\\\/1610957470329129.png&quot;},{&quot;id&quot;:1968,&quot;url&quot;:&quot;https:\\\/\\\/movelasers.com\\\/wp-content\\\/uploads\\\/2021\\\/12\\\/1610957408343819.png&quot;}],&quot;background_slideshow_ken_burns&quot;:&quot;yes&quot;,&quot;background_slideshow_loop&quot;:&quot;yes&quot;,&quot;background_slideshow_slide_duration&quot;:5000,&quot;background_slideshow_slide_transition&quot;:&quot;fade&quot;,&quot;background_slideshow_transition_duration&quot;:500,&quot;background_slideshow_ken_burns_zoom_direction&quot;:&quot;in&quot;}\">\n\t\t\t\t\t\t\t<div class=\"elementor-background-overlay\"><\/div>\n\t\t\t\t\t\t\t<div class=\"elementor-container elementor-column-gap-no\">\n\t\t\t\t\t<div class=\"elementor-column elementor-col-100 elementor-top-column elementor-element elementor-element-4c6db26\" data-id=\"4c6db26\" data-element_type=\"column\">\n\t\t\t<div class=\"elementor-widget-wrap elementor-element-populated\">\n\t\t\t\t\t\t<div class=\"elementor-element elementor-element-558ce53 elementor-widget elementor-widget-heading\" data-id=\"558ce53\" data-element_type=\"widget\" data-widget_type=\"heading.default\">\n\t\t\t\t<div class=\"elementor-widget-container\">\n\t\t\t\t\t<h1 class=\"elementor-heading-title elementor-size-default\">Central de not\u00edcias Movelaser<\/h1>\t\t\t\t<\/div>\n\t\t\t\t<\/div>\n\t\t\t\t<div class=\"elementor-element elementor-element-628c3d6 elementor-widget-divider--view-line elementor-widget elementor-widget-divider\" data-id=\"628c3d6\" data-element_type=\"widget\" data-widget_type=\"divider.default\">\n\t\t\t\t<div class=\"elementor-widget-container\">\n\t\t\t\t\t\t\t<div class=\"elementor-divider\">\n\t\t\t<span class=\"elementor-divider-separator\">\n\t\t\t\t\t\t<\/span>\n\t\t<\/div>\n\t\t\t\t\t\t<\/div>\n\t\t\t\t<\/div>\n\t\t\t\t\t<\/div>\n\t\t<\/div>\n\t\t\t\t\t<\/div>\n\t\t<\/section>\n\t\t\t\t<section class=\"elementor-section elementor-top-section elementor-element elementor-element-4c00deb elementor-section-boxed elementor-section-height-default elementor-section-height-default\" data-id=\"4c00deb\" data-element_type=\"section\" data-settings=\"{&quot;background_background&quot;:&quot;classic&quot;}\">\n\t\t\t\t\t\t<div class=\"elementor-container elementor-column-gap-default\">\n\t\t\t\t\t<div class=\"elementor-column elementor-col-100 elementor-top-column elementor-element elementor-element-91186d7\" data-id=\"91186d7\" data-element_type=\"column\">\n\t\t\t<div class=\"elementor-widget-wrap elementor-element-populated\">\n\t\t\t\t\t\t<div class=\"elementor-element elementor-element-dbbfde0 elementor-widget elementor-widget-heading\" data-id=\"dbbfde0\" data-element_type=\"widget\" data-widget_type=\"heading.default\">\n\t\t\t\t<div class=\"elementor-widget-container\">\n\t\t\t\t\t<h2 class=\"elementor-heading-title elementor-size-default\">Associa\u00e7\u00e3o de Energia da Prov\u00edncia de Jiangsu participou da reuni\u00e3o na Movelaser<\/h2>\t\t\t\t<\/div>\n\t\t\t\t<\/div>\n\t\t\t\t<div class=\"elementor-element elementor-element-bb7801e elementor-widget-divider--view-line elementor-widget elementor-widget-divider\" data-id=\"bb7801e\" data-element_type=\"widget\" data-widget_type=\"divider.default\">\n\t\t\t\t<div class=\"elementor-widget-container\">\n\t\t\t\t\t\t\t<div class=\"elementor-divider\">\n\t\t\t<span class=\"elementor-divider-separator\">\n\t\t\t\t\t\t<\/span>\n\t\t<\/div>\n\t\t\t\t\t\t<\/div>\n\t\t\t\t<\/div>\n\t\t\t\t<div class=\"elementor-element elementor-element-a8faea8 elementor-widget elementor-widget-text-editor\" data-id=\"a8faea8\" data-element_type=\"widget\" data-widget_type=\"text-editor.default\">\n\t\t\t\t<div class=\"elementor-widget-container\">\n\t\t\t\t\t\t\t\t\t<p>2021-01-12<\/p>\t\t\t\t\t\t\t\t<\/div>\n\t\t\t\t<\/div>\n\t\t\t\t<div class=\"elementor-element elementor-element-290031e elementor-widget elementor-widget-text-editor\" data-id=\"290031e\" data-element_type=\"widget\" data-widget_type=\"text-editor.default\">\n\t\t\t\t<div class=\"elementor-widget-container\">\n\t\t\t\t\t\t\t\t\t<p><span style=\"vertical-align: inherit;\"><span style=\"vertical-align: inherit;\">Em 12 de janeiro de 2021, Qiu Zhaohua, secret\u00e1rio do Comit\u00ea de Trabalho do Partido da Zona de Desenvolvimento Econ\u00f4mico de Jiangsu Dafeng, Chen Yuqing, vice-diretor da Comiss\u00e3o de Desenvolvimento e Reforma do distrito de Yancheng Dafeng e diretor do Escrit\u00f3rio de Gerenciamento do Parque Industrial Jiangsu Dafeng Power, Wang Wei , chefe de se\u00e7\u00e3o da Zona de Desenvolvimento Econ\u00f4mico de Jiangsu Dafeng, Yang Weilin, vice-diretor da Associa\u00e7\u00e3o de Energia de Jangsu Provice, Shi Xinchun, secret\u00e1rio-geral, Xu Peng, vice-secret\u00e1rio-geral Ministro Yang Yupeng e Guo Xiaoxiao visitaram Nanjing Movelaser Technology Co., Ltd. Dr. Zhou Jun, presidente do conselho de administra\u00e7\u00e3o, vice-presidente executivo Ye Feng e diretor de marketing Zhu Hailong participaram da reuni\u00e3o.<\/span><\/span><\/p>\t\t\t\t\t\t\t\t<\/div>\n\t\t\t\t<\/div>\n\t\t\t\t<div class=\"elementor-element elementor-element-8eaf7a1 elementor-widget elementor-widget-image\" data-id=\"8eaf7a1\" data-element_type=\"widget\" data-widget_type=\"image.default\">\n\t\t\t\t<div class=\"elementor-widget-container\">\n\t\t\t\t\t\t\t\t\t\t\t\t\t\t\t<img fetchpriority=\"high\" decoding=\"async\" width=\"1024\" height=\"768\" src=\"https:\/\/www.movelaser.eu\/wp-content\/uploads\/2021\/12\/1610957408343819-1024x768.png\" class=\"elementor-animation-grow attachment-large size-large wp-image-1968\" alt=\"\" srcset=\"https:\/\/www.movelaser.eu\/wp-content\/uploads\/2021\/12\/1610957408343819-1024x768.png 1024w, https:\/\/www.movelaser.eu\/wp-content\/uploads\/2021\/12\/1610957408343819-300x225.png 300w, https:\/\/www.movelaser.eu\/wp-content\/uploads\/2021\/12\/1610957408343819-768x576.png 768w, https:\/\/www.movelaser.eu\/wp-content\/uploads\/2021\/12\/1610957408343819-600x450.png 600w, https:\/\/www.movelaser.eu\/wp-content\/uploads\/2021\/12\/1610957408343819.png 1080w\" sizes=\"(max-width: 1024px) 100vw, 1024px\" \/>\t\t\t\t\t\t\t\t\t\t\t\t\t\t\t<\/div>\n\t\t\t\t<\/div>\n\t\t\t\t<div class=\"elementor-element elementor-element-2009d4b elementor-widget elementor-widget-text-editor\" data-id=\"2009d4b\" data-element_type=\"widget\" data-widget_type=\"text-editor.default\">\n\t\t\t\t<div class=\"elementor-widget-container\">\n\t\t\t\t\t\t\t\t\t<p><span style=\"vertical-align: inherit;\"><span style=\"vertical-align: inherit;\">Em nome da Movelaser, o Dr. Zhou expressou as calorosas boas-vindas e sinceros agradecimentos ao Secret\u00e1rio Qiu e sua equipe. Zhu Hailong, diretor de marketing da Movelaser, relatou a situa\u00e7\u00e3o geral da empresa, hist\u00f3rico de desenvolvimento, core business, vantagens t\u00e9cnicas, principais realiza\u00e7\u00f5es, novos produtos, novas tecnologias, etc. oficinas de produ\u00e7\u00e3o, plataformas de teste e instala\u00e7\u00f5es de produ\u00e7\u00e3o .Todos os tipos de laborat\u00f3rios com n\u00edvel avan\u00e7ado internacional.<\/span><\/span><\/p>\t\t\t\t\t\t\t\t<\/div>\n\t\t\t\t<\/div>\n\t\t\t\t<div class=\"elementor-element elementor-element-e632f43 elementor-widget elementor-widget-image\" data-id=\"e632f43\" data-element_type=\"widget\" data-widget_type=\"image.default\">\n\t\t\t\t<div class=\"elementor-widget-container\">\n\t\t\t\t\t\t\t\t\t\t\t\t\t\t\t<img decoding=\"async\" width=\"1024\" height=\"768\" data-src=\"https:\/\/www.movelaser.eu\/wp-content\/uploads\/2021\/12\/1610957470329129-1024x768.png\" class=\"elementor-animation-grow attachment-large size-large wp-image-1967 lazyload\" alt=\"\" data-srcset=\"https:\/\/www.movelaser.eu\/wp-content\/uploads\/2021\/12\/1610957470329129-1024x768.png 1024w, https:\/\/www.movelaser.eu\/wp-content\/uploads\/2021\/12\/1610957470329129-300x225.png 300w, https:\/\/www.movelaser.eu\/wp-content\/uploads\/2021\/12\/1610957470329129-768x576.png 768w, https:\/\/www.movelaser.eu\/wp-content\/uploads\/2021\/12\/1610957470329129-600x450.png 600w, https:\/\/www.movelaser.eu\/wp-content\/uploads\/2021\/12\/1610957470329129.png 1080w\" data-sizes=\"(max-width: 1024px) 100vw, 1024px\" src=\"data:image\/svg+xml;base64,PHN2ZyB3aWR0aD0iMSIgaGVpZ2h0PSIxIiB4bWxucz0iaHR0cDovL3d3dy53My5vcmcvMjAwMC9zdmciPjwvc3ZnPg==\" style=\"--smush-placeholder-width: 1024px; --smush-placeholder-aspect-ratio: 1024\/768;\" \/>\t\t\t\t\t\t\t\t\t\t\t\t\t\t\t<\/div>\n\t\t\t\t<\/div>\n\t\t\t\t<div class=\"elementor-element elementor-element-a0bdbc4 elementor-widget elementor-widget-image\" data-id=\"a0bdbc4\" data-element_type=\"widget\" data-widget_type=\"image.default\">\n\t\t\t\t<div class=\"elementor-widget-container\">\n\t\t\t\t\t\t\t\t\t\t\t\t\t\t\t<img decoding=\"async\" width=\"1024\" height=\"768\" data-src=\"https:\/\/www.movelaser.eu\/wp-content\/uploads\/2021\/12\/1610957547673285-1024x768.png\" class=\"elementor-animation-grow attachment-large size-large wp-image-1966 lazyload\" alt=\"\" data-srcset=\"https:\/\/www.movelaser.eu\/wp-content\/uploads\/2021\/12\/1610957547673285-1024x768.png 1024w, https:\/\/www.movelaser.eu\/wp-content\/uploads\/2021\/12\/1610957547673285-300x225.png 300w, https:\/\/www.movelaser.eu\/wp-content\/uploads\/2021\/12\/1610957547673285-768x576.png 768w, https:\/\/www.movelaser.eu\/wp-content\/uploads\/2021\/12\/1610957547673285-600x450.png 600w, https:\/\/www.movelaser.eu\/wp-content\/uploads\/2021\/12\/1610957547673285.png 1080w\" data-sizes=\"(max-width: 1024px) 100vw, 1024px\" src=\"data:image\/svg+xml;base64,PHN2ZyB3aWR0aD0iMSIgaGVpZ2h0PSIxIiB4bWxucz0iaHR0cDovL3d3dy53My5vcmcvMjAwMC9zdmciPjwvc3ZnPg==\" style=\"--smush-placeholder-width: 1024px; --smush-placeholder-aspect-ratio: 1024\/768;\" \/>\t\t\t\t\t\t\t\t\t\t\t\t\t\t\t<\/div>\n\t\t\t\t<\/div>\n\t\t\t\t<div class=\"elementor-element elementor-element-3efa576 elementor-widget elementor-widget-text-editor\" data-id=\"3efa576\" data-element_type=\"widget\" data-widget_type=\"text-editor.default\">\n\t\t\t\t<div class=\"elementor-widget-container\">\n\t\t\t\t\t\t\t\t\t<p><font style=\"vertical-align: inherit;\"><font style=\"vertical-align: inherit;\">O secret\u00e1rio Qiu Zhaohua reconheceu a vantagem absoluta da Movelaser na ind\u00fastria, colocou grande esperan\u00e7a no desenvolvimento futuro da Movelaser e convidou calorosamente a Movelaser a visitar Dafeng, prov\u00edncia de Jiangsu, para contribuir para a constru\u00e7\u00e3o do ecossistema de energia e\u00f3lica de Dafeng. Qiu disse que o lidar \u00e9 um novo ponto de desenvolvimento para o setor de energia e\u00f3lica e tem amplas perspectivas. Espera-se que a Nanjing Movelaser possa entender a tend\u00eancia de mudan\u00e7a do mercado da ind\u00fastria de energia e\u00f3lica, continuar a manter a lideran\u00e7a da tecnologia lidar na ind\u00fastria de energia e\u00f3lica, continuar a inovar e continuar a fazer contribui\u00e7\u00f5es para o desenvolvimento da ind\u00fastria de energia e\u00f3lica com tecnologia avan\u00e7ada, produtos confi\u00e1veis e servi\u00e7os de alta qualidade.<\/font><\/font><\/p>\n<p><font style=\"vertical-align: inherit;\"><font style=\"vertical-align: inherit;\">O diretor Chen Yuqing mostrou grande interesse nos produtos lidar molas NL da sala de m\u00e1quinas. Ele teve uma conversa aprofundada com o presidente Zhou sobre o princ\u00edpio de funcionamento detalhado, par\u00e2metros t\u00e9cnicos e cen\u00e1rios de aplica\u00e7\u00e3o, e expressou sua afirma\u00e7\u00e3o e expectativa sobre a tecnologia lidar.<\/font><\/font><\/p>\t\t\t\t\t\t\t\t<\/div>\n\t\t\t\t<\/div>\n\t\t\t\t<div class=\"elementor-element elementor-element-7af6839 elementor-widget elementor-widget-image\" data-id=\"7af6839\" data-element_type=\"widget\" data-widget_type=\"image.default\">\n\t\t\t\t<div class=\"elementor-widget-container\">\n\t\t\t\t\t\t\t\t\t\t\t\t\t\t\t<img decoding=\"async\" width=\"1024\" height=\"768\" data-src=\"https:\/\/www.movelaser.eu\/wp-content\/uploads\/2021\/12\/1610957633218539-1024x768.png\" class=\"elementor-animation-grow attachment-large size-large wp-image-1964 lazyload\" alt=\"\" data-srcset=\"https:\/\/www.movelaser.eu\/wp-content\/uploads\/2021\/12\/1610957633218539-1024x768.png 1024w, https:\/\/www.movelaser.eu\/wp-content\/uploads\/2021\/12\/1610957633218539-300x225.png 300w, https:\/\/www.movelaser.eu\/wp-content\/uploads\/2021\/12\/1610957633218539-768x576.png 768w, https:\/\/www.movelaser.eu\/wp-content\/uploads\/2021\/12\/1610957633218539-600x450.png 600w, https:\/\/www.movelaser.eu\/wp-content\/uploads\/2021\/12\/1610957633218539.png 1280w\" data-sizes=\"(max-width: 1024px) 100vw, 1024px\" src=\"data:image\/svg+xml;base64,PHN2ZyB3aWR0aD0iMSIgaGVpZ2h0PSIxIiB4bWxucz0iaHR0cDovL3d3dy53My5vcmcvMjAwMC9zdmciPjwvc3ZnPg==\" style=\"--smush-placeholder-width: 1024px; --smush-placeholder-aspect-ratio: 1024\/768;\" \/>\t\t\t\t\t\t\t\t\t\t\t\t\t\t\t<\/div>\n\t\t\t\t<\/div>\n\t\t\t\t<div class=\"elementor-element elementor-element-80fe6ca elementor-widget elementor-widget-image\" data-id=\"80fe6ca\" data-element_type=\"widget\" data-widget_type=\"image.default\">\n\t\t\t\t<div class=\"elementor-widget-container\">\n\t\t\t\t\t\t\t\t\t\t\t\t\t\t\t<img decoding=\"async\" width=\"1024\" height=\"768\" data-src=\"https:\/\/www.movelaser.eu\/wp-content\/uploads\/2021\/12\/1610957580234727-1024x768.png\" class=\"elementor-animation-grow attachment-large size-large wp-image-1965 lazyload\" alt=\"\" data-srcset=\"https:\/\/www.movelaser.eu\/wp-content\/uploads\/2021\/12\/1610957580234727-1024x768.png 1024w, https:\/\/www.movelaser.eu\/wp-content\/uploads\/2021\/12\/1610957580234727-300x225.png 300w, https:\/\/www.movelaser.eu\/wp-content\/uploads\/2021\/12\/1610957580234727-768x576.png 768w, https:\/\/www.movelaser.eu\/wp-content\/uploads\/2021\/12\/1610957580234727-600x450.png 600w, https:\/\/www.movelaser.eu\/wp-content\/uploads\/2021\/12\/1610957580234727.png 1280w\" data-sizes=\"(max-width: 1024px) 100vw, 1024px\" src=\"data:image\/svg+xml;base64,PHN2ZyB3aWR0aD0iMSIgaGVpZ2h0PSIxIiB4bWxucz0iaHR0cDovL3d3dy53My5vcmcvMjAwMC9zdmciPjwvc3ZnPg==\" style=\"--smush-placeholder-width: 1024px; --smush-placeholder-aspect-ratio: 1024\/768;\" \/>\t\t\t\t\t\t\t\t\t\t\t\t\t\t\t<\/div>\n\t\t\t\t<\/div>\n\t\t\t\t\t<\/div>\n\t\t<\/div>\n\t\t\t\t\t<\/div>\n\t\t<\/section>\n\t\t\t\t<\/div>","protected":false},"excerpt":{"rendered":"<p>Movelaser News Center Energy Association da prov\u00edncia de Jiangsu participou da reuni\u00e3o no Movelaser 2021-01-12 Em 12 de janeiro de 2021, Qiu Zhaohua, secret\u00e1rio do Comit\u00ea de Trabalho do Partido da Zona de Desenvolvimento Econ\u00f4mico de Jiangsu Dafeng, Chen Yuqing, vice-diretor do Desenvolvimento e Reforma Comiss\u00e3o do distrito de Yancheng Dafeng e diretor da Jiangsu Dafeng Power Industrial Park Management\u2026<\/p>\n<p class=\"read-more\"> <a class=\"\" href=\"https:\/\/www.movelaser.eu\/pt\/news\/20210112-energy-association-of-jiangsu-province-attended-the-meeting-at-movelaser\/\"> <span class=\"screen-reader-text\">20210112 \u2013 Associa\u00e7\u00e3o de Energia da Prov\u00edncia de Jiangsu participou da reuni\u00e3o na Movelaser<\/span> Read More &raquo;<\/a><\/p>","protected":false},"author":1,"featured_media":0,"parent":1935,"menu_order":0,"comment_status":"closed","ping_status":"closed","template":"","meta":{"_monsterinsights_skip_tracking":false,"_monsterinsights_sitenote_active":false,"_monsterinsights_sitenote_note":"","_monsterinsights_sitenote_category":0,"site-sidebar-layout":"no-sidebar","site-content-layout":"page-builder","ast-main-header-display":"","ast-hfb-above-header-display":"","ast-hfb-below-header-display":"","ast-hfb-mobile-header-display":"","site-post-title":"disabled","ast-breadcrumbs-content":"disabled","ast-featured-img":"disabled","footer-sml-layout":"","theme-transparent-header-meta":"enabled","adv-header-id-meta":"","stick-header-meta":"","header-above-stick-meta":"","header-main-stick-meta":"","header-below-stick-meta":"","footnotes":""},"class_list":["post-1961","page","type-page","status-publish","hentry"],"_links":{"self":[{"href":"https:\/\/www.movelaser.eu\/pt\/wp-json\/wp\/v2\/pages\/1961","targetHints":{"allow":["GET"]}}],"collection":[{"href":"https:\/\/www.movelaser.eu\/pt\/wp-json\/wp\/v2\/pages"}],"about":[{"href":"https:\/\/www.movelaser.eu\/pt\/wp-json\/wp\/v2\/types\/page"}],"author":[{"embeddable":true,"href":"https:\/\/www.movelaser.eu\/pt\/wp-json\/wp\/v2\/users\/1"}],"replies":[{"embeddable":true,"href":"https:\/\/www.movelaser.eu\/pt\/wp-json\/wp\/v2\/comments?post=1961"}],"version-history":[{"count":0,"href":"https:\/\/www.movelaser.eu\/pt\/wp-json\/wp\/v2\/pages\/1961\/revisions"}],"up":[{"embeddable":true,"href":"https:\/\/www.movelaser.eu\/pt\/wp-json\/wp\/v2\/pages\/1935"}],"wp:attachment":[{"href":"https:\/\/www.movelaser.eu\/pt\/wp-json\/wp\/v2\/media?parent=1961"}],"curies":[{"name":"wp","href":"https:\/\/api.w.org\/{rel}","templated":true}]}}