{"id":1945,"date":"2021-12-22T08:29:03","date_gmt":"2021-12-22T00:29:03","guid":{"rendered":"https:\/\/movelasers.com\/?page_id=1945"},"modified":"2021-12-22T08:40:54","modified_gmt":"2021-12-22T00:40:54","slug":"20201113-movelaser-to-attend-the-3rd-offshore-wind-asia-summit","status":"publish","type":"page","link":"https:\/\/www.movelaser.eu\/pt\/news\/20201113-movelaser-to-attend-the-3rd-offshore-wind-asia-summit\/","title":{"rendered":"20201113 \u2013 Movelaser vai participar na \u201c3rd Offshore Wind Asia Summit\u201d"},"content":{"rendered":"<div data-elementor-type=\"wp-page\" data-elementor-id=\"1945\" class=\"elementor elementor-1945\">\n\t\t\t\t\t\t<section class=\"elementor-section elementor-top-section elementor-element elementor-element-6952cf8 elementor-section-height-min-height elementor-section-boxed elementor-section-height-default elementor-section-items-middle\" data-id=\"6952cf8\" data-element_type=\"section\" data-settings=\"{&quot;background_background&quot;:&quot;slideshow&quot;,&quot;background_slideshow_gallery&quot;:[{&quot;id&quot;:1953,&quot;url&quot;:&quot;https:\\\/\\\/movelasers.com\\\/wp-content\\\/uploads\\\/2021\\\/12\\\/1610955847145443.png&quot;},{&quot;id&quot;:1952,&quot;url&quot;:&quot;https:\\\/\\\/movelasers.com\\\/wp-content\\\/uploads\\\/2021\\\/12\\\/1610955816135283.png&quot;},{&quot;id&quot;:1951,&quot;url&quot;:&quot;https:\\\/\\\/movelasers.com\\\/wp-content\\\/uploads\\\/2021\\\/12\\\/1610955797441359.png&quot;},{&quot;id&quot;:1950,&quot;url&quot;:&quot;https:\\\/\\\/movelasers.com\\\/wp-content\\\/uploads\\\/2021\\\/12\\\/1610955784479821.png&quot;}],&quot;background_slideshow_ken_burns&quot;:&quot;yes&quot;,&quot;background_slideshow_loop&quot;:&quot;yes&quot;,&quot;background_slideshow_slide_duration&quot;:5000,&quot;background_slideshow_slide_transition&quot;:&quot;fade&quot;,&quot;background_slideshow_transition_duration&quot;:500,&quot;background_slideshow_ken_burns_zoom_direction&quot;:&quot;in&quot;}\">\n\t\t\t\t\t\t\t<div class=\"elementor-background-overlay\"><\/div>\n\t\t\t\t\t\t\t<div class=\"elementor-container elementor-column-gap-no\">\n\t\t\t\t\t<div class=\"elementor-column elementor-col-100 elementor-top-column elementor-element elementor-element-4c6db26\" data-id=\"4c6db26\" data-element_type=\"column\">\n\t\t\t<div class=\"elementor-widget-wrap elementor-element-populated\">\n\t\t\t\t\t\t<div class=\"elementor-element elementor-element-558ce53 elementor-widget elementor-widget-heading\" data-id=\"558ce53\" data-element_type=\"widget\" data-widget_type=\"heading.default\">\n\t\t\t\t<div class=\"elementor-widget-container\">\n\t\t\t\t\t<h1 class=\"elementor-heading-title elementor-size-default\">Central de not\u00edcias Movelaser<\/h1>\t\t\t\t<\/div>\n\t\t\t\t<\/div>\n\t\t\t\t<div class=\"elementor-element elementor-element-628c3d6 elementor-widget-divider--view-line elementor-widget elementor-widget-divider\" data-id=\"628c3d6\" data-element_type=\"widget\" data-widget_type=\"divider.default\">\n\t\t\t\t<div class=\"elementor-widget-container\">\n\t\t\t\t\t\t\t<div class=\"elementor-divider\">\n\t\t\t<span class=\"elementor-divider-separator\">\n\t\t\t\t\t\t<\/span>\n\t\t<\/div>\n\t\t\t\t\t\t<\/div>\n\t\t\t\t<\/div>\n\t\t\t\t\t<\/div>\n\t\t<\/div>\n\t\t\t\t\t<\/div>\n\t\t<\/section>\n\t\t\t\t<section class=\"elementor-section elementor-top-section elementor-element elementor-element-4c00deb elementor-section-boxed elementor-section-height-default elementor-section-height-default\" data-id=\"4c00deb\" data-element_type=\"section\" data-settings=\"{&quot;background_background&quot;:&quot;classic&quot;}\">\n\t\t\t\t\t\t<div class=\"elementor-container elementor-column-gap-default\">\n\t\t\t\t\t<div class=\"elementor-column elementor-col-100 elementor-top-column elementor-element elementor-element-91186d7\" data-id=\"91186d7\" data-element_type=\"column\">\n\t\t\t<div class=\"elementor-widget-wrap elementor-element-populated\">\n\t\t\t\t\t\t<div class=\"elementor-element elementor-element-dbbfde0 elementor-widget elementor-widget-heading\" data-id=\"dbbfde0\" data-element_type=\"widget\" data-widget_type=\"heading.default\">\n\t\t\t\t<div class=\"elementor-widget-container\">\n\t\t\t\t\t<h2 class=\"elementor-heading-title elementor-size-default\">A Movelaser participou na &quot;3\u00aa Cimeira da \u00c1sia E\u00f3lica Offshore&quot;<\/h2>\t\t\t\t<\/div>\n\t\t\t\t<\/div>\n\t\t\t\t<div class=\"elementor-element elementor-element-bb7801e elementor-widget-divider--view-line elementor-widget elementor-widget-divider\" data-id=\"bb7801e\" data-element_type=\"widget\" data-widget_type=\"divider.default\">\n\t\t\t\t<div class=\"elementor-widget-container\">\n\t\t\t\t\t\t\t<div class=\"elementor-divider\">\n\t\t\t<span class=\"elementor-divider-separator\">\n\t\t\t\t\t\t<\/span>\n\t\t<\/div>\n\t\t\t\t\t\t<\/div>\n\t\t\t\t<\/div>\n\t\t\t\t<div class=\"elementor-element elementor-element-a8faea8 elementor-widget elementor-widget-text-editor\" data-id=\"a8faea8\" data-element_type=\"widget\" data-widget_type=\"text-editor.default\">\n\t\t\t\t<div class=\"elementor-widget-container\">\n\t\t\t\t\t\t\t\t\t<p>2020-11-13<\/p>\t\t\t\t\t\t\t\t<\/div>\n\t\t\t\t<\/div>\n\t\t\t\t<div class=\"elementor-element elementor-element-290031e elementor-widget elementor-widget-text-editor\" data-id=\"290031e\" data-element_type=\"widget\" data-widget_type=\"text-editor.default\">\n\t\t\t\t<div class=\"elementor-widget-container\">\n\t\t\t\t\t\t\t\t\t<p>De 13 a 14 de novembro de 2020, foi realizado em Xangai o 3\u00ba Offshore Wind Asia Summit (OWA2020). A Nanjing Movelaser Co., Ltd. (doravante denominada Movelaser) foi convidada a participar e fez um discurso na c\u00fapula. O OWA2020 \u00e9 organizado pelo Guoxin Decision Industry Research Institute e Asia Offshore Wing Energy Focus, e \u00e9 co-organizado pela European Offshore Wind, Asia Wind Energy Association e Global Floating Association. Mais de 300 desenvolvedores de energia e\u00f3lica offshore, OEMs de turbinas e\u00f3licas, empreiteiros EPC, institutos de projeto e explora\u00e7\u00e3o, fabricantes de pe\u00e7as, constru\u00e7\u00e3o e instala\u00e7\u00e3o, governos locais e a Administra\u00e7\u00e3o Nacional de Energia participaram do evento para discutir usinas e\u00f3licas offshore em v\u00e1rias dimens\u00f5es Enfrentando as oportunidades e desafios , promover conjuntamente o desenvolvimento saud\u00e1vel e sustent\u00e1vel da energia e\u00f3lica offshore.<\/p>\t\t\t\t\t\t\t\t<\/div>\n\t\t\t\t<\/div>\n\t\t\t\t<div class=\"elementor-element elementor-element-8eaf7a1 elementor-widget elementor-widget-image\" data-id=\"8eaf7a1\" data-element_type=\"widget\" data-widget_type=\"image.default\">\n\t\t\t\t<div class=\"elementor-widget-container\">\n\t\t\t\t\t\t\t\t\t\t\t\t\t\t\t<img fetchpriority=\"high\" decoding=\"async\" width=\"819\" height=\"559\" src=\"https:\/\/www.movelaser.eu\/wp-content\/uploads\/2021\/12\/1610955784479821.png\" class=\"elementor-animation-grow attachment-large size-large wp-image-1950\" alt=\"\" srcset=\"https:\/\/www.movelaser.eu\/wp-content\/uploads\/2021\/12\/1610955784479821.png 819w, https:\/\/www.movelaser.eu\/wp-content\/uploads\/2021\/12\/1610955784479821-300x205.png 300w, https:\/\/www.movelaser.eu\/wp-content\/uploads\/2021\/12\/1610955784479821-768x524.png 768w, https:\/\/www.movelaser.eu\/wp-content\/uploads\/2021\/12\/1610955784479821-600x410.png 600w\" sizes=\"(max-width: 819px) 100vw, 819px\" \/>\t\t\t\t\t\t\t\t\t\t\t\t\t\t\t<\/div>\n\t\t\t\t<\/div>\n\t\t\t\t<div class=\"elementor-element elementor-element-e632f43 elementor-widget elementor-widget-image\" data-id=\"e632f43\" data-element_type=\"widget\" data-widget_type=\"image.default\">\n\t\t\t\t<div class=\"elementor-widget-container\">\n\t\t\t\t\t\t\t\t\t\t\t\t\t\t\t<img decoding=\"async\" width=\"820\" height=\"581\" data-src=\"https:\/\/www.movelaser.eu\/wp-content\/uploads\/2021\/12\/1610955797441359.png\" class=\"elementor-animation-grow attachment-large size-large wp-image-1951 lazyload\" alt=\"\" data-srcset=\"https:\/\/www.movelaser.eu\/wp-content\/uploads\/2021\/12\/1610955797441359.png 820w, https:\/\/www.movelaser.eu\/wp-content\/uploads\/2021\/12\/1610955797441359-300x213.png 300w, https:\/\/www.movelaser.eu\/wp-content\/uploads\/2021\/12\/1610955797441359-768x544.png 768w, https:\/\/www.movelaser.eu\/wp-content\/uploads\/2021\/12\/1610955797441359-600x425.png 600w\" data-sizes=\"(max-width: 820px) 100vw, 820px\" src=\"data:image\/svg+xml;base64,PHN2ZyB3aWR0aD0iMSIgaGVpZ2h0PSIxIiB4bWxucz0iaHR0cDovL3d3dy53My5vcmcvMjAwMC9zdmciPjwvc3ZnPg==\" style=\"--smush-placeholder-width: 820px; --smush-placeholder-aspect-ratio: 820\/581;\" \/>\t\t\t\t\t\t\t\t\t\t\t\t\t\t\t<\/div>\n\t\t\t\t<\/div>\n\t\t\t\t<div class=\"elementor-element elementor-element-3efa576 elementor-widget elementor-widget-text-editor\" data-id=\"3efa576\" data-element_type=\"widget\" data-widget_type=\"text-editor.default\">\n\t\t\t\t<div class=\"elementor-widget-container\">\n\t\t\t\t\t\t\t\t\t<p><strong>Solu\u00e7\u00e3o inteligente de medi\u00e7\u00e3o de vento a laser - oportunidades e desafios da energia e\u00f3lica offshore<\/strong><\/p><p>Zhou Jun, presidente da Movelaser, participou da c\u00fapula e publicou o relat\u00f3rio tem\u00e1tico \u201cSolu\u00e7\u00e3o inteligente de medi\u00e7\u00e3o de vento a laser \u2013 oportunidades e desafios da energia e\u00f3lica offshore\u201d para medi\u00e7\u00e3o de vento a laser. De acordo com os diferentes est\u00e1gios do projeto de energia e\u00f3lica offshore, a vers\u00e3o offshore do lidar baseado em terra \/ montado em nacelle \/ lidar flutuante \u00e9 aplicado para fornecer a solu\u00e7\u00e3o mais econ\u00f4mica e oportuna para medi\u00e7\u00e3o de vento. Usar o lidar para medir o vento pode reduzir o LCOE, economizar o ciclo do projeto em cerca de 4-6 meses, ajudar a reduzir custos e aumentar a efici\u00eancia da energia e\u00f3lica offshore e acelerar a realiza\u00e7\u00e3o do pre\u00e7o comum da energia e\u00f3lica offshore.<\/p>\t\t\t\t\t\t\t\t<\/div>\n\t\t\t\t<\/div>\n\t\t\t\t<section class=\"elementor-section elementor-inner-section elementor-element elementor-element-9ecb93f elementor-section-boxed elementor-section-height-default elementor-section-height-default\" data-id=\"9ecb93f\" data-element_type=\"section\">\n\t\t\t\t\t\t<div class=\"elementor-container elementor-column-gap-default\">\n\t\t\t\t\t<div class=\"elementor-column elementor-col-50 elementor-inner-column elementor-element elementor-element-80f3614\" data-id=\"80f3614\" data-element_type=\"column\">\n\t\t\t<div class=\"elementor-widget-wrap elementor-element-populated\">\n\t\t\t\t\t\t<div class=\"elementor-element elementor-element-6ed3eee elementor-widget elementor-widget-heading\" data-id=\"6ed3eee\" data-element_type=\"widget\" data-widget_type=\"heading.default\">\n\t\t\t\t<div class=\"elementor-widget-container\">\n\t\t\t\t\t<h2 class=\"elementor-heading-title elementor-size-default\">O presidente Zhou Jun fez o relat\u00f3rio tem\u00e1tico na c\u00fapula<\/h2>\t\t\t\t<\/div>\n\t\t\t\t<\/div>\n\t\t\t\t<div class=\"elementor-element elementor-element-d5bd707 elementor-widget-divider--view-line elementor-widget elementor-widget-divider\" data-id=\"d5bd707\" data-element_type=\"widget\" data-widget_type=\"divider.default\">\n\t\t\t\t<div class=\"elementor-widget-container\">\n\t\t\t\t\t\t\t<div class=\"elementor-divider\">\n\t\t\t<span class=\"elementor-divider-separator\">\n\t\t\t\t\t\t<\/span>\n\t\t<\/div>\n\t\t\t\t\t\t<\/div>\n\t\t\t\t<\/div>\n\t\t\t\t\t<\/div>\n\t\t<\/div>\n\t\t\t\t<div class=\"elementor-column elementor-col-50 elementor-inner-column elementor-element elementor-element-734ef07\" data-id=\"734ef07\" data-element_type=\"column\">\n\t\t\t<div class=\"elementor-widget-wrap elementor-element-populated\">\n\t\t\t\t\t\t<div class=\"elementor-element elementor-element-57d3cb5 elementor-widget elementor-widget-image\" data-id=\"57d3cb5\" data-element_type=\"widget\" data-widget_type=\"image.default\">\n\t\t\t\t<div class=\"elementor-widget-container\">\n\t\t\t\t\t\t\t\t\t\t\t\t\t\t\t<img decoding=\"async\" width=\"814\" height=\"582\" data-src=\"https:\/\/www.movelaser.eu\/wp-content\/uploads\/2021\/12\/1610955816135283.png\" class=\"elementor-animation-grow attachment-large size-large wp-image-1952 lazyload\" alt=\"\" data-srcset=\"https:\/\/www.movelaser.eu\/wp-content\/uploads\/2021\/12\/1610955816135283.png 814w, https:\/\/www.movelaser.eu\/wp-content\/uploads\/2021\/12\/1610955816135283-300x214.png 300w, https:\/\/www.movelaser.eu\/wp-content\/uploads\/2021\/12\/1610955816135283-768x549.png 768w, https:\/\/www.movelaser.eu\/wp-content\/uploads\/2021\/12\/1610955816135283-600x429.png 600w\" data-sizes=\"(max-width: 814px) 100vw, 814px\" src=\"data:image\/svg+xml;base64,PHN2ZyB3aWR0aD0iMSIgaGVpZ2h0PSIxIiB4bWxucz0iaHR0cDovL3d3dy53My5vcmcvMjAwMC9zdmciPjwvc3ZnPg==\" style=\"--smush-placeholder-width: 814px; --smush-placeholder-aspect-ratio: 814\/582;\" \/>\t\t\t\t\t\t\t\t\t\t\t\t\t\t\t<\/div>\n\t\t\t\t<\/div>\n\t\t\t\t\t<\/div>\n\t\t<\/div>\n\t\t\t\t\t<\/div>\n\t\t<\/section>\n\t\t\t\t\t<\/div>\n\t\t<\/div>\n\t\t\t\t\t<\/div>\n\t\t<\/section>\n\t\t\t\t<\/div>","protected":false},"excerpt":{"rendered":"<p>Movelaser News Center A Movelaser participou do \u201c3rd Offshore Wind Asia Summit\u201d 2020-11-13 Nos dias 13 e 14 de novembro de 2020, o 3rd Offshore Wind Asia Summit (OWA2020) foi realizado em Xangai. A Nanjing Movelaser Co., Ltd. (doravante denominada Movelaser) foi convidada a participar e fez um discurso na c\u00fapula. OWA2020 \u00e9 hospedado pela Guoxin Decision Industry Research\u2026<\/p>\n<p class=\"read-more\"> <a class=\"\" href=\"https:\/\/www.movelaser.eu\/pt\/news\/20201113-movelaser-to-attend-the-3rd-offshore-wind-asia-summit\/\"> <span class=\"screen-reader-text\">20201113 \u2013 Movelaser vai participar na \u201c3rd Offshore Wind Asia Summit\u201d<\/span> Read More &raquo;<\/a><\/p>","protected":false},"author":1,"featured_media":0,"parent":1935,"menu_order":0,"comment_status":"closed","ping_status":"closed","template":"","meta":{"_monsterinsights_skip_tracking":false,"_monsterinsights_sitenote_active":false,"_monsterinsights_sitenote_note":"","_monsterinsights_sitenote_category":0,"site-sidebar-layout":"no-sidebar","site-content-layout":"page-builder","ast-main-header-display":"","ast-hfb-above-header-display":"","ast-hfb-below-header-display":"","ast-hfb-mobile-header-display":"","site-post-title":"disabled","ast-breadcrumbs-content":"disabled","ast-featured-img":"disabled","footer-sml-layout":"","theme-transparent-header-meta":"enabled","adv-header-id-meta":"","stick-header-meta":"","header-above-stick-meta":"","header-main-stick-meta":"","header-below-stick-meta":"","footnotes":""},"class_list":["post-1945","page","type-page","status-publish","hentry"],"_links":{"self":[{"href":"https:\/\/www.movelaser.eu\/pt\/wp-json\/wp\/v2\/pages\/1945","targetHints":{"allow":["GET"]}}],"collection":[{"href":"https:\/\/www.movelaser.eu\/pt\/wp-json\/wp\/v2\/pages"}],"about":[{"href":"https:\/\/www.movelaser.eu\/pt\/wp-json\/wp\/v2\/types\/page"}],"author":[{"embeddable":true,"href":"https:\/\/www.movelaser.eu\/pt\/wp-json\/wp\/v2\/users\/1"}],"replies":[{"embeddable":true,"href":"https:\/\/www.movelaser.eu\/pt\/wp-json\/wp\/v2\/comments?post=1945"}],"version-history":[{"count":0,"href":"https:\/\/www.movelaser.eu\/pt\/wp-json\/wp\/v2\/pages\/1945\/revisions"}],"up":[{"embeddable":true,"href":"https:\/\/www.movelaser.eu\/pt\/wp-json\/wp\/v2\/pages\/1935"}],"wp:attachment":[{"href":"https:\/\/www.movelaser.eu\/pt\/wp-json\/wp\/v2\/media?parent=1945"}],"curies":[{"name":"wp","href":"https:\/\/api.w.org\/{rel}","templated":true}]}}