{"id":1213,"date":"2021-12-15T22:16:15","date_gmt":"2021-12-15T22:16:15","guid":{"rendered":"http:\/\/movelasers.com\/?page_id=1213"},"modified":"2023-04-24T13:23:09","modified_gmt":"2023-04-24T11:23:09","slug":"our-team","status":"publish","type":"page","link":"https:\/\/www.movelaser.eu\/pt\/our-team\/","title":{"rendered":"Nosso time"},"content":{"rendered":"<div data-elementor-type=\"wp-page\" data-elementor-id=\"1213\" class=\"elementor elementor-1213\">\n\t\t\t\t\t\t<section class=\"elementor-section elementor-top-section elementor-element elementor-element-6952cf8 elementor-section-height-min-height elementor-section-boxed elementor-section-height-default elementor-section-items-middle\" data-id=\"6952cf8\" data-element_type=\"section\" data-settings=\"{&quot;background_background&quot;:&quot;classic&quot;}\">\n\t\t\t\t\t\t\t<div class=\"elementor-background-overlay\"><\/div>\n\t\t\t\t\t\t\t<div class=\"elementor-container elementor-column-gap-no\">\n\t\t\t\t\t<div class=\"elementor-column elementor-col-100 elementor-top-column elementor-element elementor-element-4c6db26\" data-id=\"4c6db26\" data-element_type=\"column\">\n\t\t\t<div class=\"elementor-widget-wrap elementor-element-populated\">\n\t\t\t\t\t\t<div class=\"elementor-element elementor-element-628c3d6 elementor-widget-divider--view-line elementor-widget elementor-widget-divider\" data-id=\"628c3d6\" data-element_type=\"widget\" data-widget_type=\"divider.default\">\n\t\t\t\t<div class=\"elementor-widget-container\">\n\t\t\t\t\t\t\t<div class=\"elementor-divider\">\n\t\t\t<span class=\"elementor-divider-separator\">\n\t\t\t\t\t\t<\/span>\n\t\t<\/div>\n\t\t\t\t\t\t<\/div>\n\t\t\t\t<\/div>\n\t\t\t\t<div class=\"elementor-element elementor-element-558ce53 elementor-widget elementor-widget-heading\" data-id=\"558ce53\" data-element_type=\"widget\" data-widget_type=\"heading.default\">\n\t\t\t\t<div class=\"elementor-widget-container\">\n\t\t\t\t\t<h1 class=\"elementor-heading-title elementor-size-default\">Nanquim Movelaser Technology Co., Ltd<\/h1>\t\t\t\t<\/div>\n\t\t\t\t<\/div>\n\t\t\t\t<div class=\"elementor-element elementor-element-b6c2875 elementor-widget elementor-widget-text-editor\" data-id=\"b6c2875\" data-element_type=\"widget\" data-widget_type=\"text-editor.default\">\n\t\t\t\t<div class=\"elementor-widget-container\">\n\t\t\t\t\t\t\t\t\t<p>We are a trustworthy LiDAR supplier in China, and one of the world&#8217;s largest wind lidar OEM.<\/p>\t\t\t\t\t\t\t\t<\/div>\n\t\t\t\t<\/div>\n\t\t\t\t\t<\/div>\n\t\t<\/div>\n\t\t\t\t\t<\/div>\n\t\t<\/section>\n\t\t\t\t<section class=\"elementor-section elementor-top-section elementor-element elementor-element-c79a29d elementor-section-content-middle elementor-section-boxed elementor-section-height-default elementor-section-height-default\" data-id=\"c79a29d\" data-element_type=\"section\">\n\t\t\t\t\t\t<div class=\"elementor-container elementor-column-gap-no\">\n\t\t\t\t\t<div class=\"elementor-column elementor-col-50 elementor-top-column elementor-element elementor-element-ec4deda\" data-id=\"ec4deda\" data-element_type=\"column\">\n\t\t\t<div class=\"elementor-widget-wrap elementor-element-populated\">\n\t\t\t\t\t\t<div class=\"elementor-element elementor-element-0dfbf84 elementor-widget-divider--view-line elementor-widget elementor-widget-divider\" data-id=\"0dfbf84\" data-element_type=\"widget\" data-widget_type=\"divider.default\">\n\t\t\t\t<div class=\"elementor-widget-container\">\n\t\t\t\t\t\t\t<div class=\"elementor-divider\">\n\t\t\t<span class=\"elementor-divider-separator\">\n\t\t\t\t\t\t<\/span>\n\t\t<\/div>\n\t\t\t\t\t\t<\/div>\n\t\t\t\t<\/div>\n\t\t\t\t<div class=\"elementor-element elementor-element-f1f4c22 elementor-widget elementor-widget-heading\" data-id=\"f1f4c22\" data-element_type=\"widget\" data-widget_type=\"heading.default\">\n\t\t\t\t<div class=\"elementor-widget-container\">\n\t\t\t\t\t<h2 class=\"elementor-heading-title elementor-size-default\">Our R&amp; D Team<\/h2>\t\t\t\t<\/div>\n\t\t\t\t<\/div>\n\t\t\t\t<div class=\"elementor-element elementor-element-cd5bbaa elementor-widget elementor-widget-text-editor\" data-id=\"cd5bbaa\" data-element_type=\"widget\" data-widget_type=\"text-editor.default\">\n\t\t\t\t<div class=\"elementor-widget-container\">\n\t\t\t\t\t\t\t\t\t<p><span style=\"vertical-align: inherit;\"><span style=\"vertical-align: inherit;\">A Movelaser possui profissionais de P&amp;D, servi\u00e7o, equipe de gerenciamento e talentos experientes em aplica\u00e7\u00f5es industriais. A empresa emprega mais de 100 pessoas, incluindo 4 doutores, mais de 40 funcion\u00e1rios de p &amp; d, a propor\u00e7\u00e3o de mestres e acima em pessoal de pesquisa e desenvolvimento atinge 801 tp2t, tem experientes especialistas em \u00f3ptica, eletr\u00f4nica, m\u00e1quinas, software, algoritmos de dados e outras dire\u00e7\u00f5es . A empresa possui forte qualidade profissional, forte senso de pertencimento, excelente qualidade profissional, como dedica\u00e7\u00e3o e capacidade de trabalho em equipe, e discerne a demanda do cliente e a tend\u00eancia de desenvolvimento da ind\u00fastria internacional de medi\u00e7\u00e3o de vento a laser, que constitui a garantia de talento da cont\u00ednuo desenvolvimento e inova\u00e7\u00e3o cient\u00edfica e tecnol\u00f3gica da empresa.<\/span><\/span><\/p><p>A Movelaser liderar\u00e1 a ind\u00fastria global de lidar com vento com tecnologia de ponta, atitude profissional e excelente servi\u00e7o.<\/p>\t\t\t\t\t\t\t\t<\/div>\n\t\t\t\t<\/div>\n\t\t\t\t\t<\/div>\n\t\t<\/div>\n\t\t\t\t<div class=\"elementor-column elementor-col-50 elementor-top-column elementor-element elementor-element-c59473d\" data-id=\"c59473d\" data-element_type=\"column\">\n\t\t\t<div class=\"elementor-widget-wrap elementor-element-populated\">\n\t\t\t\t\t\t<div class=\"elementor-element elementor-element-8467e36 elementor-widget elementor-widget-image\" data-id=\"8467e36\" data-element_type=\"widget\" data-widget_type=\"image.default\">\n\t\t\t\t<div class=\"elementor-widget-container\">\n\t\t\t\t\t\t\t\t\t\t\t\t\t\t\t<img fetchpriority=\"high\" decoding=\"async\" width=\"1536\" height=\"915\" src=\"https:\/\/www.movelaser.eu\/wp-content\/uploads\/2023\/04\/About-Us-our-team-1536x915.jpg\" class=\"attachment-1536x1536 size-1536x1536 wp-image-3107\" alt=\"\" srcset=\"https:\/\/www.movelaser.eu\/wp-content\/uploads\/2023\/04\/About-Us-our-team-1536x915.jpg 1536w, https:\/\/www.movelaser.eu\/wp-content\/uploads\/2023\/04\/About-Us-our-team-300x179.jpg 300w, https:\/\/www.movelaser.eu\/wp-content\/uploads\/2023\/04\/About-Us-our-team-1024x610.jpg 1024w, https:\/\/www.movelaser.eu\/wp-content\/uploads\/2023\/04\/About-Us-our-team-768x458.jpg 768w, https:\/\/www.movelaser.eu\/wp-content\/uploads\/2023\/04\/About-Us-our-team-2048x1220.jpg 2048w, https:\/\/www.movelaser.eu\/wp-content\/uploads\/2023\/04\/About-Us-our-team-18x12.jpg 18w\" sizes=\"(max-width: 1536px) 100vw, 1536px\" \/>\t\t\t\t\t\t\t\t\t\t\t\t\t\t\t<\/div>\n\t\t\t\t<\/div>\n\t\t\t\t\t<\/div>\n\t\t<\/div>\n\t\t\t\t\t<\/div>\n\t\t<\/section>\n\t\t\t\t<section class=\"elementor-section elementor-top-section elementor-element elementor-element-65fd260 elementor-section-boxed elementor-section-height-default elementor-section-height-default\" data-id=\"65fd260\" data-element_type=\"section\">\n\t\t\t\t\t\t<div class=\"elementor-container elementor-column-gap-default\">\n\t\t\t\t\t<div class=\"elementor-column elementor-col-100 elementor-top-column elementor-element elementor-element-80422af\" data-id=\"80422af\" data-element_type=\"column\">\n\t\t\t<div class=\"elementor-widget-wrap elementor-element-populated\">\n\t\t\t\t\t\t<div class=\"elementor-element elementor-element-e82dde1 elementor-widget-divider--view-line elementor-widget elementor-widget-divider\" data-id=\"e82dde1\" data-element_type=\"widget\" data-widget_type=\"divider.default\">\n\t\t\t\t<div class=\"elementor-widget-container\">\n\t\t\t\t\t\t\t<div class=\"elementor-divider\">\n\t\t\t<span class=\"elementor-divider-separator\">\n\t\t\t\t\t\t<\/span>\n\t\t<\/div>\n\t\t\t\t\t\t<\/div>\n\t\t\t\t<\/div>\n\t\t\t\t<div class=\"elementor-element elementor-element-2f52e48 elementor-widget elementor-widget-heading\" data-id=\"2f52e48\" data-element_type=\"widget\" data-widget_type=\"heading.default\">\n\t\t\t\t<div class=\"elementor-widget-container\">\n\t\t\t\t\t<h3 class=\"elementor-heading-title elementor-size-default\">Nossos principais especialistas<\/h3>\t\t\t\t<\/div>\n\t\t\t\t<\/div>\n\t\t\t\t<section class=\"elementor-section elementor-inner-section elementor-element elementor-element-9f1fb43 elementor-section-boxed elementor-section-height-default elementor-section-height-default\" data-id=\"9f1fb43\" data-element_type=\"section\">\n\t\t\t\t\t\t<div class=\"elementor-container elementor-column-gap-default\">\n\t\t\t\t\t<div class=\"elementor-column elementor-col-100 elementor-inner-column elementor-element elementor-element-ccbbc50\" data-id=\"ccbbc50\" data-element_type=\"column\">\n\t\t\t<div class=\"elementor-widget-wrap elementor-element-populated\">\n\t\t\t\t\t\t<div class=\"elementor-element elementor-element-eab4f6b elementor-widget elementor-widget-heading\" data-id=\"eab4f6b\" data-element_type=\"widget\" data-widget_type=\"heading.default\">\n\t\t\t\t<div class=\"elementor-widget-container\">\n\t\t\t\t\t<h2 class=\"elementor-heading-title elementor-size-default\">Dr. Jun Zhou<\/h2>\t\t\t\t<\/div>\n\t\t\t\t<\/div>\n\t\t\t\t<div class=\"elementor-element elementor-element-699c0cd elementor-widget elementor-widget-image\" data-id=\"699c0cd\" data-element_type=\"widget\" data-widget_type=\"image.default\">\n\t\t\t\t<div class=\"elementor-widget-container\">\n\t\t\t\t\t\t\t\t\t\t\t\t\t\t\t<img decoding=\"async\" data-src=\"https:\/\/www.movelaser.eu\/wp-content\/uploads\/elementor\/thumbs\/Zhou-Jun-q2c594y2hj9ypq4vrfj1bfnpeszplhimffwkko5edc.jpg\" title=\"Zhou Jun\" alt=\"Zhou Jun\" src=\"data:image\/svg+xml;base64,PHN2ZyB3aWR0aD0iMSIgaGVpZ2h0PSIxIiB4bWxucz0iaHR0cDovL3d3dy53My5vcmcvMjAwMC9zdmciPjwvc3ZnPg==\" class=\"lazyload\" style=\"--smush-placeholder-width: 151px; --smush-placeholder-aspect-ratio: 151\/220;\" \/>\t\t\t\t\t\t\t\t\t\t\t\t\t\t\t<\/div>\n\t\t\t\t<\/div>\n\t\t\t\t<div class=\"elementor-element elementor-element-63bed66 elementor-widget elementor-widget-text-editor\" data-id=\"63bed66\" data-element_type=\"widget\" data-widget_type=\"text-editor.default\">\n\t\t\t\t<div class=\"elementor-widget-container\">\n\t\t\t\t\t\t\t\t\t<p>\u00a0o fundador da Movelaser, \u00e9 o principal membro do Instituto de \u00d3ptica e Mec\u00e2nica Fina de Xangai, Academia Chinesa de Ci\u00eancias. Ele \u00e9 atualmente o diretor do All-Solid Laser Center do Nanjing Advanced Laser Technology Research Institute. Ele tem experi\u00eancia na \u00e1rea de tecnologia de laser de p\u00f3s-doutorado da Academia Chinesa de Ci\u00eancias e da Universidade de Stanford. O laser pulsado de frequ\u00eancia \u00fanica de alta energia do ve\u00edculo e a sa\u00edda harm\u00f4nica de frequ\u00eancia \u00fanica em 532nm e 355nm preenchem as lacunas no campo dom\u00e9stico e t\u00eam uma s\u00f3lida forma\u00e7\u00e3o t\u00e9cnica no desenvolvimento de lasers totalmente em estado s\u00f3lido e seus sistemas de aplica\u00e7\u00e3o. Os membros da equipe da empresa s\u00e3o principalmente do Instituto de \u00d3ptica e Mec\u00e2nica Fina de Xangai, Academia Chinesa de Ci\u00eancias, Instituto de Pesquisa de Tecnologia de Laser Avan\u00e7ado de Nanjing, Estados Unidos e Gr\u00e3-Bretanha Haigui e outros veteranos da ind\u00fastria. Entre as mais de 20 equipes de pesquisa e desenvolvimento, h\u00e1 4 doutores, 80% de mestres e acima, incluindo \u00f3ptica, eletricidade, m\u00e1quinas, software e dados, todos com engenheiros experientes e experientes na ind\u00fastria. Eles t\u00eam excelentes qualidades profissionais, forte senso de pertencimento, forte trabalho em equipe e forte dedica\u00e7\u00e3o. Constituem a garantia do talento para o desenvolvimento sustent\u00e1vel e a inova\u00e7\u00e3o tecnol\u00f3gica da empresa.<\/p>\t\t\t\t\t\t\t\t<\/div>\n\t\t\t\t<\/div>\n\t\t\t\t\t<\/div>\n\t\t<\/div>\n\t\t\t\t\t<\/div>\n\t\t<\/section>\n\t\t\t\t\t<\/div>\n\t\t<\/div>\n\t\t\t\t\t<\/div>\n\t\t<\/section>\n\t\t\t\t<\/div>","protected":false},"excerpt":{"rendered":"<p>Nanjing Movelaser Technology Co., Ltd We are a trustworthy LiDAR supplier in China, and one of the world&#8217;s largest wind lidar OEM. Our R&#038; D Team Movelaser has professional R&amp;D, service, management team and experienced industrial application talents. The company employs more than 100 people, including 4 doctors, more than 40 R&amp;D personnel,the proportion of &hellip;<\/p>\n<p class=\"read-more\"> <a class=\"\" href=\"https:\/\/www.movelaser.eu\/pt\/our-team\/\"> <span class=\"screen-reader-text\">Nosso time<\/span> Read More &raquo;<\/a><\/p>","protected":false},"author":1,"featured_media":0,"parent":0,"menu_order":0,"comment_status":"closed","ping_status":"closed","template":"","meta":{"_monsterinsights_skip_tracking":false,"_monsterinsights_sitenote_active":false,"_monsterinsights_sitenote_note":"","_monsterinsights_sitenote_category":0,"site-sidebar-layout":"no-sidebar","site-content-layout":"page-builder","ast-main-header-display":"","ast-hfb-above-header-display":"","ast-hfb-below-header-display":"","ast-hfb-mobile-header-display":"","site-post-title":"disabled","ast-breadcrumbs-content":"disabled","ast-featured-img":"disabled","footer-sml-layout":"","theme-transparent-header-meta":"enabled","adv-header-id-meta":"","stick-header-meta":"","header-above-stick-meta":"","header-main-stick-meta":"","header-below-stick-meta":"","footnotes":""},"class_list":["post-1213","page","type-page","status-publish","hentry"],"_links":{"self":[{"href":"https:\/\/www.movelaser.eu\/pt\/wp-json\/wp\/v2\/pages\/1213","targetHints":{"allow":["GET"]}}],"collection":[{"href":"https:\/\/www.movelaser.eu\/pt\/wp-json\/wp\/v2\/pages"}],"about":[{"href":"https:\/\/www.movelaser.eu\/pt\/wp-json\/wp\/v2\/types\/page"}],"author":[{"embeddable":true,"href":"https:\/\/www.movelaser.eu\/pt\/wp-json\/wp\/v2\/users\/1"}],"replies":[{"embeddable":true,"href":"https:\/\/www.movelaser.eu\/pt\/wp-json\/wp\/v2\/comments?post=1213"}],"version-history":[{"count":3,"href":"https:\/\/www.movelaser.eu\/pt\/wp-json\/wp\/v2\/pages\/1213\/revisions"}],"predecessor-version":[{"id":3111,"href":"https:\/\/www.movelaser.eu\/pt\/wp-json\/wp\/v2\/pages\/1213\/revisions\/3111"}],"wp:attachment":[{"href":"https:\/\/www.movelaser.eu\/pt\/wp-json\/wp\/v2\/media?parent=1213"}],"curies":[{"name":"wp","href":"https:\/\/api.w.org\/{rel}","templated":true}]}}