{"id":1988,"date":"2021-12-22T09:08:50","date_gmt":"2021-12-22T01:08:50","guid":{"rendered":"https:\/\/movelasers.com\/?page_id=1988"},"modified":"2021-12-22T09:18:46","modified_gmt":"2021-12-22T01:18:46","slug":"20210508-molas-b300-acquired-dnv-gl-type-specific-classification","status":"publish","type":"page","link":"https:\/\/www.movelaser.eu\/fr\/news\/20210508-molas-b300-acquired-dnv-gl-type-specific-classification\/","title":{"rendered":"20210508 - Molas B300 a acquis la classification sp\u00e9cifique au type DNV-GL"},"content":{"rendered":"<div data-elementor-type=\"wp-page\" data-elementor-id=\"1988\" class=\"elementor elementor-1988\">\n\t\t\t\t\t\t<section class=\"elementor-section elementor-top-section elementor-element elementor-element-6952cf8 elementor-section-height-min-height elementor-section-boxed elementor-section-height-default elementor-section-items-middle\" data-id=\"6952cf8\" data-element_type=\"section\" data-settings=\"{&quot;background_background&quot;:&quot;slideshow&quot;,&quot;background_slideshow_gallery&quot;:[{&quot;id&quot;:1036,&quot;url&quot;:&quot;https:\\\/\\\/movelasers.com\\\/wp-content\\\/uploads\\\/2021\\\/12\\\/3.jpg&quot;},{&quot;id&quot;:1039,&quot;url&quot;:&quot;https:\\\/\\\/movelasers.com\\\/wp-content\\\/uploads\\\/2021\\\/12\\\/6.jpg&quot;},{&quot;id&quot;:1045,&quot;url&quot;:&quot;https:\\\/\\\/movelasers.com\\\/wp-content\\\/uploads\\\/2021\\\/12\\\/\\ufffd\\ufffd\\ufffd\\ufffdDHA-00-KS8-2-\\ufffd\\ufffd\\ufffd-5.6.png&quot;},{&quot;id&quot;:1034,&quot;url&quot;:&quot;https:\\\/\\\/movelasers.com\\\/wp-content\\\/uploads\\\/2021\\\/12\\\/1.jpg&quot;}],&quot;background_slideshow_ken_burns&quot;:&quot;yes&quot;,&quot;background_slideshow_loop&quot;:&quot;yes&quot;,&quot;background_slideshow_slide_duration&quot;:5000,&quot;background_slideshow_slide_transition&quot;:&quot;fade&quot;,&quot;background_slideshow_transition_duration&quot;:500,&quot;background_slideshow_ken_burns_zoom_direction&quot;:&quot;in&quot;}\">\n\t\t\t\t\t\t\t<div class=\"elementor-background-overlay\"><\/div>\n\t\t\t\t\t\t\t<div class=\"elementor-container elementor-column-gap-no\">\n\t\t\t\t\t<div class=\"elementor-column elementor-col-100 elementor-top-column elementor-element elementor-element-4c6db26\" data-id=\"4c6db26\" data-element_type=\"column\">\n\t\t\t<div class=\"elementor-widget-wrap elementor-element-populated\">\n\t\t\t\t\t\t<div class=\"elementor-element elementor-element-558ce53 elementor-widget elementor-widget-heading\" data-id=\"558ce53\" data-element_type=\"widget\" data-widget_type=\"heading.default\">\n\t\t\t\t<div class=\"elementor-widget-container\">\n\t\t\t\t\t<h1 class=\"elementor-heading-title elementor-size-default\">Centre d&#039;actualit\u00e9s Movelaser<\/h1>\t\t\t\t<\/div>\n\t\t\t\t<\/div>\n\t\t\t\t<div class=\"elementor-element elementor-element-628c3d6 elementor-widget-divider--view-line elementor-widget elementor-widget-divider\" data-id=\"628c3d6\" data-element_type=\"widget\" data-widget_type=\"divider.default\">\n\t\t\t\t<div class=\"elementor-widget-container\">\n\t\t\t\t\t\t\t<div class=\"elementor-divider\">\n\t\t\t<span class=\"elementor-divider-separator\">\n\t\t\t\t\t\t<\/span>\n\t\t<\/div>\n\t\t\t\t\t\t<\/div>\n\t\t\t\t<\/div>\n\t\t\t\t\t<\/div>\n\t\t<\/div>\n\t\t\t\t\t<\/div>\n\t\t<\/section>\n\t\t\t\t<section class=\"elementor-section elementor-top-section elementor-element elementor-element-4c00deb elementor-section-boxed elementor-section-height-default elementor-section-height-default\" data-id=\"4c00deb\" data-element_type=\"section\" data-settings=\"{&quot;background_background&quot;:&quot;classic&quot;}\">\n\t\t\t\t\t\t<div class=\"elementor-container elementor-column-gap-default\">\n\t\t\t\t\t<div class=\"elementor-column elementor-col-100 elementor-top-column elementor-element elementor-element-91186d7\" data-id=\"91186d7\" data-element_type=\"column\">\n\t\t\t<div class=\"elementor-widget-wrap elementor-element-populated\">\n\t\t\t\t\t\t<div class=\"elementor-element elementor-element-dbbfde0 elementor-widget elementor-widget-heading\" data-id=\"dbbfde0\" data-element_type=\"widget\" data-widget_type=\"heading.default\">\n\t\t\t\t<div class=\"elementor-widget-container\">\n\t\t\t\t\t<h2 class=\"elementor-heading-title elementor-size-default\">Molas B300 a acquis la classification sp\u00e9cifique au type DNV-GL<\/h2>\t\t\t\t<\/div>\n\t\t\t\t<\/div>\n\t\t\t\t<div class=\"elementor-element elementor-element-bb7801e elementor-widget-divider--view-line elementor-widget elementor-widget-divider\" data-id=\"bb7801e\" data-element_type=\"widget\" data-widget_type=\"divider.default\">\n\t\t\t\t<div class=\"elementor-widget-container\">\n\t\t\t\t\t\t\t<div class=\"elementor-divider\">\n\t\t\t<span class=\"elementor-divider-separator\">\n\t\t\t\t\t\t<\/span>\n\t\t<\/div>\n\t\t\t\t\t\t<\/div>\n\t\t\t\t<\/div>\n\t\t\t\t<div class=\"elementor-element elementor-element-a8faea8 elementor-widget elementor-widget-text-editor\" data-id=\"a8faea8\" data-element_type=\"widget\" data-widget_type=\"text-editor.default\">\n\t\t\t\t<div class=\"elementor-widget-container\">\n\t\t\t\t\t\t\t\t\t<p>2021-05-08<\/p>\t\t\t\t\t\t\t\t<\/div>\n\t\t\t\t<\/div>\n\t\t\t\t<div class=\"elementor-element elementor-element-2704f02 elementor-widget elementor-widget-text-editor\" data-id=\"2704f02\" data-element_type=\"widget\" data-widget_type=\"text-editor.default\">\n\t\t\t\t<div class=\"elementor-widget-container\">\n\t\t\t\t\t\t\t\t\t<p><span style=\"vertical-align: inherit;\"><span style=\"vertical-align: inherit;\">En avril 2021, DNVGL a fourni le rapport final de test de classification sp\u00e9cifique au type (classification sp\u00e9cifique au type) pour le lidar de mesure du vent Molas B300 de Nanjing Movelaser Technology Co., Ltd. Molas B300 est devenu le premier et le seul lidar \u00e9olien fabriqu\u00e9 en Chine \u00e0 avoir satisfait aux exigences de test de classification sp\u00e9cifi\u00e9es par la norme IEC61400-12-1.<\/span><\/span><\/p>\t\t\t\t\t\t\t\t<\/div>\n\t\t\t\t<\/div>\n\t\t\t\t<div class=\"elementor-element elementor-element-1f0a1d2 elementor-widget elementor-widget-text-editor\" data-id=\"1f0a1d2\" data-element_type=\"widget\" data-widget_type=\"text-editor.default\">\n\t\t\t\t<div class=\"elementor-widget-container\">\n\t\t\t\t\t\t\t\t\t<p><span style=\"vertical-align: inherit;\"><span style=\"vertical-align: inherit;\">L&#039;ensemble du test a dur\u00e9 pr\u00e8s d&#039;un an, au cours duquel DNVGL et Movelaser ont surmont\u00e9 conjointement l&#039;impact de l&#039;\u00e9pid\u00e9mie et ont pass\u00e9 avec succ\u00e8s les trois \u00e9tapes de test requises par le test de classification. Au cours du test, un total de deux lidars \u00e9oliens Molas B300 ont \u00e9t\u00e9 soumis \u00e0 des tests rigoureux sur les bases de test de DNVGL \u00e0 Hambourg et Janneby en Allemagne.<\/span><\/span><\/p>\t\t\t\t\t\t\t\t<\/div>\n\t\t\t\t<\/div>\n\t\t\t\t<div class=\"elementor-element elementor-element-c6107c3 elementor-widget elementor-widget-image\" data-id=\"c6107c3\" data-element_type=\"widget\" data-widget_type=\"image.default\">\n\t\t\t\t<div class=\"elementor-widget-container\">\n\t\t\t\t\t\t\t\t\t\t\t\t\t\t\t<img fetchpriority=\"high\" decoding=\"async\" width=\"277\" height=\"324\" src=\"https:\/\/www.movelaser.eu\/wp-content\/uploads\/2021\/12\/1620452541681183.png\" class=\"elementor-animation-grow attachment-large size-large wp-image-1992\" alt=\"\" srcset=\"https:\/\/www.movelaser.eu\/wp-content\/uploads\/2021\/12\/1620452541681183.png 277w, https:\/\/www.movelaser.eu\/wp-content\/uploads\/2021\/12\/1620452541681183-256x300.png 256w\" sizes=\"(max-width: 277px) 100vw, 277px\" \/>\t\t\t\t\t\t\t\t\t\t\t\t\t\t\t<\/div>\n\t\t\t\t<\/div>\n\t\t\t\t<div class=\"elementor-element elementor-element-290031e elementor-widget elementor-widget-text-editor\" data-id=\"290031e\" data-element_type=\"widget\" data-widget_type=\"text-editor.default\">\n\t\t\t\t<div class=\"elementor-widget-container\">\n\t\t\t\t\t\t\t\t\t<p><span style=\"vertical-align: inherit;\"><span style=\"vertical-align: inherit;\">Selon la norme CEI 61400-12-1, le test de classement des \u00e9quipements n\u00e9cessite au moins deux \u00e9quipements \u00e0 tester sur deux sites diff\u00e9rents, et au moins un \u00e9quipement doit \u00eatre d\u00e9ploy\u00e9 sur deux sites, ce qui n\u00e9cessite pour chaque type au moins trois des \u00e9tapes d&#039;essai de classification doivent \u00eatre effectu\u00e9es. En r\u00e9ponse aux exigences de la norme, Movelaser a envoy\u00e9 deux Molas B300 en Allemagne pour participer au test. L&#039;appareil A a \u00e9t\u00e9 test\u00e9 \u00e0 Hambourg pendant 3 mois, Janneby a \u00e9t\u00e9 test\u00e9 pendant pr\u00e8s de 4 mois et l&#039;appareil B a \u00e9t\u00e9 test\u00e9 \u00e0 Janneby pendant 4 mois.<\/span><\/span><\/p>\t\t\t\t\t\t\t\t<\/div>\n\t\t\t\t<\/div>\n\t\t\t\t<div class=\"elementor-element elementor-element-cdf2982 elementor-widget elementor-widget-text-editor\" data-id=\"cdf2982\" data-element_type=\"widget\" data-widget_type=\"text-editor.default\">\n\t\t\t\t<div class=\"elementor-widget-container\">\n\t\t\t\t\t\t\t\t\t<p><span style=\"vertical-align: inherit;\"><span style=\"vertical-align: inherit;\">Le test de classification consiste \u00e0 \u00e9valuer l&#039;influence des param\u00e8tres environnementaux (y compris le gradient de temp\u00e9rature, la temp\u00e9rature, la direction du vent, l&#039;intensit\u00e9 de la turbulence, le taux de changement de direction du vent, les pr\u00e9cipitations, l&#039;angle d&#039;influx) sur la pr\u00e9cision de mesure du lidar de vent. Les r\u00e9sultats des tests montrent que Molas B300 est \u00e0 un niveau relativement excellent. Les tests de classification aident les clients \u00e0 mieux comprendre les performances de mesure du Molas B300 et fournissent des conseils aux clients pour utiliser le Molas B300 pour l&#039;\u00e9valuation des ressources \u00e9oliennes, les tests de courbe de puissance, la pr\u00e9diction de puissance et \u00e0 d&#039;autres fins. Le rapport de test de classification peut \u00e9galement \u00eatre utilis\u00e9 comme base importante pour les pr\u00eats bancaires lorsque des clients nationaux et \u00e9trangers d\u00e9veloppent de nouveaux projets.<\/span><\/span><\/p>\t\t\t\t\t\t\t\t<\/div>\n\t\t\t\t<\/div>\n\t\t\t\t<div class=\"elementor-element elementor-element-af2960e elementor-widget elementor-widget-text-editor\" data-id=\"af2960e\" data-element_type=\"widget\" data-widget_type=\"text-editor.default\">\n\t\t\t\t<div class=\"elementor-widget-container\">\n\t\t\t\t\t\t\t\t\t<p><font style=\"vertical-align: inherit;\"><font style=\"vertical-align: inherit;\">Avant le test de classification, le lidar \u00e9olien Molas B300 a obtenu le rapport de test comparatif DNVGL (V\u00e9rification), le r\u00e9sultat est tr\u00e8s bon et il se situe au niveau international. Depuis 2016, Molas B300 a successivement obtenu plusieurs rapports de test de WindGuard allemand, DTU danois, DNVGL allemand et CGC domestique.<\/font><\/font><\/p>\t\t\t\t\t\t\t\t<\/div>\n\t\t\t\t<\/div>\n\t\t\t\t<div class=\"elementor-element elementor-element-8eaf7a1 elementor-widget elementor-widget-image\" data-id=\"8eaf7a1\" data-element_type=\"widget\" data-widget_type=\"image.default\">\n\t\t\t\t<div class=\"elementor-widget-container\">\n\t\t\t\t\t\t\t\t\t\t\t\t\t\t\t<img decoding=\"async\" width=\"913\" height=\"770\" data-src=\"https:\/\/www.movelaser.eu\/wp-content\/uploads\/2021\/12\/1620452552815862.png\" class=\"elementor-animation-grow attachment-large size-large wp-image-1991 lazyload\" alt=\"\" data-srcset=\"https:\/\/www.movelaser.eu\/wp-content\/uploads\/2021\/12\/1620452552815862.png 913w, https:\/\/www.movelaser.eu\/wp-content\/uploads\/2021\/12\/1620452552815862-300x253.png 300w, https:\/\/www.movelaser.eu\/wp-content\/uploads\/2021\/12\/1620452552815862-768x648.png 768w, https:\/\/www.movelaser.eu\/wp-content\/uploads\/2021\/12\/1620452552815862-600x506.png 600w\" data-sizes=\"(max-width: 913px) 100vw, 913px\" src=\"data:image\/svg+xml;base64,PHN2ZyB3aWR0aD0iMSIgaGVpZ2h0PSIxIiB4bWxucz0iaHR0cDovL3d3dy53My5vcmcvMjAwMC9zdmciPjwvc3ZnPg==\" style=\"--smush-placeholder-width: 913px; --smush-placeholder-aspect-ratio: 913\/770;\" \/>\t\t\t\t\t\t\t\t\t\t\t\t\t\t\t<\/div>\n\t\t\t\t<\/div>\n\t\t\t\t<div class=\"elementor-element elementor-element-56689ce elementor-widget elementor-widget-text-editor\" data-id=\"56689ce\" data-element_type=\"widget\" data-widget_type=\"text-editor.default\">\n\t\t\t\t<div class=\"elementor-widget-container\">\n\t\t\t\t\t\t\t\t\t<p>R\u00e9sultat de la comparaison Molas B300 @DNVGL<\/p>\t\t\t\t\t\t\t\t<\/div>\n\t\t\t\t<\/div>\n\t\t\t\t\t<\/div>\n\t\t<\/div>\n\t\t\t\t\t<\/div>\n\t\t<\/section>\n\t\t\t\t<\/div>","protected":false},"excerpt":{"rendered":"<p>Movelaser News Center Molas B300 a acquis la classification sp\u00e9cifique au type DNV-GL 2021-05-08 En avril 2021, DNVGL a fourni le rapport final de test de classification sp\u00e9cifique au type (classification sp\u00e9cifique au type) pour Nanjing Movelaser Technology Co., Ltd. Molas B300 wind Lidar de mesure. Molas B300 est devenu le premier et le seul lidar \u00e9olien fabriqu\u00e9 en Chine \u00e0 avoir satisfait aux exigences de test de classification sp\u00e9cifi\u00e9es\u2026<\/p>\n<p class=\"read-more\"> <a class=\"\" href=\"https:\/\/www.movelaser.eu\/fr\/news\/20210508-molas-b300-acquired-dnv-gl-type-specific-classification\/\"> <span class=\"screen-reader-text\">20210508 - Molas B300 a acquis la classification sp\u00e9cifique au type DNV-GL<\/span> Lire la suite\u00a0\u00bb<\/a><\/p>","protected":false},"author":1,"featured_media":0,"parent":1935,"menu_order":0,"comment_status":"closed","ping_status":"closed","template":"","meta":{"_monsterinsights_skip_tracking":false,"_monsterinsights_sitenote_active":false,"_monsterinsights_sitenote_note":"","_monsterinsights_sitenote_category":0,"site-sidebar-layout":"no-sidebar","site-content-layout":"page-builder","ast-main-header-display":"","ast-hfb-above-header-display":"","ast-hfb-below-header-display":"","ast-hfb-mobile-header-display":"","site-post-title":"disabled","ast-breadcrumbs-content":"disabled","ast-featured-img":"disabled","footer-sml-layout":"","theme-transparent-header-meta":"enabled","adv-header-id-meta":"","stick-header-meta":"","header-above-stick-meta":"","header-main-stick-meta":"","header-below-stick-meta":"","footnotes":""},"class_list":["post-1988","page","type-page","status-publish","hentry"],"_links":{"self":[{"href":"https:\/\/www.movelaser.eu\/fr\/wp-json\/wp\/v2\/pages\/1988","targetHints":{"allow":["GET"]}}],"collection":[{"href":"https:\/\/www.movelaser.eu\/fr\/wp-json\/wp\/v2\/pages"}],"about":[{"href":"https:\/\/www.movelaser.eu\/fr\/wp-json\/wp\/v2\/types\/page"}],"author":[{"embeddable":true,"href":"https:\/\/www.movelaser.eu\/fr\/wp-json\/wp\/v2\/users\/1"}],"replies":[{"embeddable":true,"href":"https:\/\/www.movelaser.eu\/fr\/wp-json\/wp\/v2\/comments?post=1988"}],"version-history":[{"count":0,"href":"https:\/\/www.movelaser.eu\/fr\/wp-json\/wp\/v2\/pages\/1988\/revisions"}],"up":[{"embeddable":true,"href":"https:\/\/www.movelaser.eu\/fr\/wp-json\/wp\/v2\/pages\/1935"}],"wp:attachment":[{"href":"https:\/\/www.movelaser.eu\/fr\/wp-json\/wp\/v2\/media?parent=1988"}],"curies":[{"name":"wp","href":"https:\/\/api.w.org\/{rel}","templated":true}]}}