{"id":1975,"date":"2021-12-22T08:54:27","date_gmt":"2021-12-22T00:54:27","guid":{"rendered":"https:\/\/movelasers.com\/?page_id=1975"},"modified":"2021-12-22T09:09:30","modified_gmt":"2021-12-22T01:09:30","slug":"20190822-molas-nl-applied-to-offshore-4-0mw-wind-turbines","status":"publish","type":"page","link":"https:\/\/www.movelaser.eu\/fr\/news\/20190822-molas-nl-applied-to-offshore-4-0mw-wind-turbines\/","title":{"rendered":"20190822 - Molas NL appliqu\u00e9 aux \u00e9oliennes offshore Siemens de 4,0 MW"},"content":{"rendered":"<div data-elementor-type=\"wp-page\" data-elementor-id=\"1975\" class=\"elementor elementor-1975\">\n\t\t\t\t\t\t<section class=\"elementor-section elementor-top-section elementor-element elementor-element-6952cf8 elementor-section-height-min-height elementor-section-boxed elementor-section-height-default elementor-section-items-middle\" data-id=\"6952cf8\" data-element_type=\"section\" data-settings=\"{&quot;background_background&quot;:&quot;slideshow&quot;,&quot;background_slideshow_gallery&quot;:[{&quot;id&quot;:986,&quot;url&quot;:&quot;https:\\\/\\\/movelasers.com\\\/wp-content\\\/uploads\\\/2021\\\/12\\\/MOLAS-NL-ON-TURBINE.jpg&quot;},{&quot;id&quot;:1978,&quot;url&quot;:&quot;https:\\\/\\\/movelasers.com\\\/wp-content\\\/uploads\\\/2021\\\/12\\\/1566439086951038.jpg&quot;}],&quot;background_slideshow_ken_burns&quot;:&quot;yes&quot;,&quot;background_slideshow_loop&quot;:&quot;yes&quot;,&quot;background_slideshow_slide_duration&quot;:5000,&quot;background_slideshow_slide_transition&quot;:&quot;fade&quot;,&quot;background_slideshow_transition_duration&quot;:500,&quot;background_slideshow_ken_burns_zoom_direction&quot;:&quot;in&quot;}\">\n\t\t\t\t\t\t\t<div class=\"elementor-background-overlay\"><\/div>\n\t\t\t\t\t\t\t<div class=\"elementor-container elementor-column-gap-no\">\n\t\t\t\t\t<div class=\"elementor-column elementor-col-100 elementor-top-column elementor-element elementor-element-4c6db26\" data-id=\"4c6db26\" data-element_type=\"column\">\n\t\t\t<div class=\"elementor-widget-wrap elementor-element-populated\">\n\t\t\t\t\t\t<div class=\"elementor-element elementor-element-558ce53 elementor-widget elementor-widget-heading\" data-id=\"558ce53\" data-element_type=\"widget\" data-widget_type=\"heading.default\">\n\t\t\t\t<div class=\"elementor-widget-container\">\n\t\t\t\t\t<h1 class=\"elementor-heading-title elementor-size-default\">Centre d&#039;actualit\u00e9s Movelaser<\/h1>\t\t\t\t<\/div>\n\t\t\t\t<\/div>\n\t\t\t\t<div class=\"elementor-element elementor-element-628c3d6 elementor-widget-divider--view-line elementor-widget elementor-widget-divider\" data-id=\"628c3d6\" data-element_type=\"widget\" data-widget_type=\"divider.default\">\n\t\t\t\t<div class=\"elementor-widget-container\">\n\t\t\t\t\t\t\t<div class=\"elementor-divider\">\n\t\t\t<span class=\"elementor-divider-separator\">\n\t\t\t\t\t\t<\/span>\n\t\t<\/div>\n\t\t\t\t\t\t<\/div>\n\t\t\t\t<\/div>\n\t\t\t\t\t<\/div>\n\t\t<\/div>\n\t\t\t\t\t<\/div>\n\t\t<\/section>\n\t\t\t\t<section class=\"elementor-section elementor-top-section elementor-element elementor-element-4c00deb elementor-section-boxed elementor-section-height-default elementor-section-height-default\" data-id=\"4c00deb\" data-element_type=\"section\" data-settings=\"{&quot;background_background&quot;:&quot;classic&quot;}\">\n\t\t\t\t\t\t<div class=\"elementor-container elementor-column-gap-default\">\n\t\t\t\t\t<div class=\"elementor-column elementor-col-100 elementor-top-column elementor-element elementor-element-91186d7\" data-id=\"91186d7\" data-element_type=\"column\">\n\t\t\t<div class=\"elementor-widget-wrap elementor-element-populated\">\n\t\t\t\t\t\t<div class=\"elementor-element elementor-element-dbbfde0 elementor-widget elementor-widget-heading\" data-id=\"dbbfde0\" data-element_type=\"widget\" data-widget_type=\"heading.default\">\n\t\t\t\t<div class=\"elementor-widget-container\">\n\t\t\t\t\t<h2 class=\"elementor-heading-title elementor-size-default\">Molas NL appliqu\u00e9 sur les \u00e9oliennes offshore Siemens de 4,0 MW<\/h2>\t\t\t\t<\/div>\n\t\t\t\t<\/div>\n\t\t\t\t<div class=\"elementor-element elementor-element-bb7801e elementor-widget-divider--view-line elementor-widget elementor-widget-divider\" data-id=\"bb7801e\" data-element_type=\"widget\" data-widget_type=\"divider.default\">\n\t\t\t\t<div class=\"elementor-widget-container\">\n\t\t\t\t\t\t\t<div class=\"elementor-divider\">\n\t\t\t<span class=\"elementor-divider-separator\">\n\t\t\t\t\t\t<\/span>\n\t\t<\/div>\n\t\t\t\t\t\t<\/div>\n\t\t\t\t<\/div>\n\t\t\t\t<div class=\"elementor-element elementor-element-a8faea8 elementor-widget elementor-widget-text-editor\" data-id=\"a8faea8\" data-element_type=\"widget\" data-widget_type=\"text-editor.default\">\n\t\t\t\t<div class=\"elementor-widget-container\">\n\t\t\t\t\t\t\t\t\t<p><span style=\"vertical-align: inherit;\"><span style=\"vertical-align: inherit;\">2019-08-22<\/span><\/span><\/p>\t\t\t\t\t\t\t\t<\/div>\n\t\t\t\t<\/div>\n\t\t\t\t<div class=\"elementor-element elementor-element-290031e elementor-widget elementor-widget-text-editor\" data-id=\"290031e\" data-element_type=\"widget\" data-widget_type=\"text-editor.default\">\n\t\t\t\t<div class=\"elementor-widget-container\">\n\t\t\t\t\t\t\t\t\t<p><span style=\"vertical-align: inherit;\"><span style=\"vertical-align: inherit;\">En juin 2019, le lidar \u00e9olien \u00e0 nacelle Movelaser Molas NL a \u00e9t\u00e9 install\u00e9 dans un parc \u00e9olien offshore \u00e0 Zhoushan, dans la province du Zhejiang. Il a \u00e9t\u00e9 appliqu\u00e9 \u00e0 la v\u00e9rification de la courbe de puissance des \u00e9oliennes offshore. L&#039;\u00e9olienne est un mod\u00e8le Siemens de 4,0 MW avec une hauteur de moyeu de 90 m\u00e8tres et une longueur de pale de 62,5 m\u00e8tres. Le co\u00fbt de mise en place d&#039;un m\u00e2t m\u00e9t\u00e9orologique offshore est de millions de RMB, ce qui est difficile \u00e0 construire, co\u00fbteux et incapable de se d\u00e9placer. Le lidar \u00e9olien \u00e0 nacelle Movelaser Molas NL peut tr\u00e8s bien s&#039;adapter \u00e0 l&#039;environnement marin, le co\u00fbt de l&#039;\u00e9quipement est faible, l&#039;installation et le d\u00e9montage ne prennent qu&#039;une demi-journ\u00e9e, ce qui permet d&#039;\u00e9conomiser beaucoup de temps et d&#039;argent. C&#039;est actuellement le meilleur choix pour la mesure du vent offshore pour la validation de la courbe de puissance.<\/span><\/span><\/p><p><span style=\"vertical-align: inherit;\"><span style=\"vertical-align: inherit;\">Molas NL est capable de mesurer les informations de vitesse du vent de 10 zones de distance de 50m \u00e0 400m devant le hub. Il peut collecter avec pr\u00e9cision et fiabilit\u00e9 des informations telles que la vitesse du vent, la direction du vent et la turbulence, m\u00eame dans des conditions offshore difficiles. Apr\u00e8s plus de deux mois de fonctionnement, Molas NL a bien fonctionn\u00e9 dans l&#039;environnement marin, fournissant aux clients des informations pr\u00e9cises et efficaces sur la vitesse du vent et rapport d&#039;analyse de donn\u00e9es professionnel, qui fournit un support de donn\u00e9es solide pour ce projet de v\u00e9rification de la courbe de puissance des \u00e9oliennes offshore.<\/span><\/span><\/p><p><span style=\"vertical-align: inherit;\"><span style=\"vertical-align: inherit;\">\u00c0 l&#039;heure actuelle, le lidar \u00e9olien \u00e0 nacelle Molas NL a \u00e9t\u00e9 appliqu\u00e9 dans divers fabricants d&#039;\u00e9oliennes nationaux tels que Goldwind, Envision, Shanghai Electric, Windey, CSIC et Sany, et a montr\u00e9 d&#039;excellentes performances.<\/span><\/span><\/p>\t\t\t\t\t\t\t\t<\/div>\n\t\t\t\t<\/div>\n\t\t\t\t<div class=\"elementor-element elementor-element-8eaf7a1 elementor-widget elementor-widget-image\" data-id=\"8eaf7a1\" data-element_type=\"widget\" data-widget_type=\"image.default\">\n\t\t\t\t<div class=\"elementor-widget-container\">\n\t\t\t\t\t\t\t\t\t\t\t\t\t\t\t<img fetchpriority=\"high\" decoding=\"async\" width=\"472\" height=\"357\" src=\"https:\/\/www.movelaser.eu\/wp-content\/uploads\/2021\/12\/1566439086951038.jpg\" class=\"elementor-animation-grow attachment-large size-large wp-image-1978\" alt=\"\" srcset=\"https:\/\/www.movelaser.eu\/wp-content\/uploads\/2021\/12\/1566439086951038.jpg 472w, https:\/\/www.movelaser.eu\/wp-content\/uploads\/2021\/12\/1566439086951038-300x227.jpg 300w\" sizes=\"(max-width: 472px) 100vw, 472px\" \/>\t\t\t\t\t\t\t\t\t\t\t\t\t\t\t<\/div>\n\t\t\t\t<\/div>\n\t\t\t\t\t<\/div>\n\t\t<\/div>\n\t\t\t\t\t<\/div>\n\t\t<\/section>\n\t\t\t\t<\/div>","protected":false},"excerpt":{"rendered":"<p>Movelaser News Center Molas NL appliqu\u00e9 sur des \u00e9oliennes offshore Siemens de 4,0 MW 2019-08-22 En juin 2019, le lidar \u00e9olien \u00e0 nacelle Movelaser Molas NL a \u00e9t\u00e9 install\u00e9 dans un parc \u00e9olien offshore \u00e0 Zhoushan, dans la province du Zhejiang. Il a \u00e9t\u00e9 appliqu\u00e9 \u00e0 la courbe de puissance v\u00e9rification des \u00e9oliennes offshore. L&#039;\u00e9olienne est un mod\u00e8le Siemens 4.0MW avec une hauteur de moyeu de \u2026<\/p>\n<p class=\"read-more\"> <a class=\"\" href=\"https:\/\/www.movelaser.eu\/fr\/news\/20190822-molas-nl-applied-to-offshore-4-0mw-wind-turbines\/\"> <span class=\"screen-reader-text\">20190822 - Molas NL appliqu\u00e9 aux \u00e9oliennes offshore Siemens de 4,0 MW<\/span> Lire la suite\u00a0\u00bb<\/a><\/p>","protected":false},"author":1,"featured_media":0,"parent":1935,"menu_order":0,"comment_status":"closed","ping_status":"closed","template":"","meta":{"_monsterinsights_skip_tracking":false,"_monsterinsights_sitenote_active":false,"_monsterinsights_sitenote_note":"","_monsterinsights_sitenote_category":0,"site-sidebar-layout":"no-sidebar","site-content-layout":"page-builder","ast-main-header-display":"","ast-hfb-above-header-display":"","ast-hfb-below-header-display":"","ast-hfb-mobile-header-display":"","site-post-title":"disabled","ast-breadcrumbs-content":"disabled","ast-featured-img":"disabled","footer-sml-layout":"","theme-transparent-header-meta":"enabled","adv-header-id-meta":"","stick-header-meta":"","header-above-stick-meta":"","header-main-stick-meta":"","header-below-stick-meta":"","footnotes":""},"class_list":["post-1975","page","type-page","status-publish","hentry"],"_links":{"self":[{"href":"https:\/\/www.movelaser.eu\/fr\/wp-json\/wp\/v2\/pages\/1975","targetHints":{"allow":["GET"]}}],"collection":[{"href":"https:\/\/www.movelaser.eu\/fr\/wp-json\/wp\/v2\/pages"}],"about":[{"href":"https:\/\/www.movelaser.eu\/fr\/wp-json\/wp\/v2\/types\/page"}],"author":[{"embeddable":true,"href":"https:\/\/www.movelaser.eu\/fr\/wp-json\/wp\/v2\/users\/1"}],"replies":[{"embeddable":true,"href":"https:\/\/www.movelaser.eu\/fr\/wp-json\/wp\/v2\/comments?post=1975"}],"version-history":[{"count":0,"href":"https:\/\/www.movelaser.eu\/fr\/wp-json\/wp\/v2\/pages\/1975\/revisions"}],"up":[{"embeddable":true,"href":"https:\/\/www.movelaser.eu\/fr\/wp-json\/wp\/v2\/pages\/1935"}],"wp:attachment":[{"href":"https:\/\/www.movelaser.eu\/fr\/wp-json\/wp\/v2\/media?parent=1975"}],"curies":[{"name":"wp","href":"https:\/\/api.w.org\/{rel}","templated":true}]}}