{"id":1961,"date":"2021-12-22T08:42:04","date_gmt":"2021-12-22T00:42:04","guid":{"rendered":"https:\/\/movelasers.com\/?page_id=1961"},"modified":"2021-12-22T08:53:44","modified_gmt":"2021-12-22T00:53:44","slug":"20210112-energy-association-of-jiangsu-province-attended-the-meeting-at-movelaser","status":"publish","type":"page","link":"https:\/\/www.movelaser.eu\/fr\/news\/20210112-energy-association-of-jiangsu-province-attended-the-meeting-at-movelaser\/","title":{"rendered":"20210112 - L&#039;Association de l&#039;\u00e9nergie de la province du Jiangsu a particip\u00e9 \u00e0 la r\u00e9union \u00e0 Movelaser"},"content":{"rendered":"<div data-elementor-type=\"wp-page\" data-elementor-id=\"1961\" class=\"elementor elementor-1961\">\n\t\t\t\t\t\t<section class=\"elementor-section elementor-top-section elementor-element elementor-element-6952cf8 elementor-section-height-min-height elementor-section-boxed elementor-section-height-default elementor-section-items-middle\" data-id=\"6952cf8\" data-element_type=\"section\" data-settings=\"{&quot;background_background&quot;:&quot;slideshow&quot;,&quot;background_slideshow_gallery&quot;:[{&quot;id&quot;:1964,&quot;url&quot;:&quot;https:\\\/\\\/movelasers.com\\\/wp-content\\\/uploads\\\/2021\\\/12\\\/1610957633218539.png&quot;},{&quot;id&quot;:1965,&quot;url&quot;:&quot;https:\\\/\\\/movelasers.com\\\/wp-content\\\/uploads\\\/2021\\\/12\\\/1610957580234727.png&quot;},{&quot;id&quot;:1966,&quot;url&quot;:&quot;https:\\\/\\\/movelasers.com\\\/wp-content\\\/uploads\\\/2021\\\/12\\\/1610957547673285.png&quot;},{&quot;id&quot;:1967,&quot;url&quot;:&quot;https:\\\/\\\/movelasers.com\\\/wp-content\\\/uploads\\\/2021\\\/12\\\/1610957470329129.png&quot;},{&quot;id&quot;:1968,&quot;url&quot;:&quot;https:\\\/\\\/movelasers.com\\\/wp-content\\\/uploads\\\/2021\\\/12\\\/1610957408343819.png&quot;}],&quot;background_slideshow_ken_burns&quot;:&quot;yes&quot;,&quot;background_slideshow_loop&quot;:&quot;yes&quot;,&quot;background_slideshow_slide_duration&quot;:5000,&quot;background_slideshow_slide_transition&quot;:&quot;fade&quot;,&quot;background_slideshow_transition_duration&quot;:500,&quot;background_slideshow_ken_burns_zoom_direction&quot;:&quot;in&quot;}\">\n\t\t\t\t\t\t\t<div class=\"elementor-background-overlay\"><\/div>\n\t\t\t\t\t\t\t<div class=\"elementor-container elementor-column-gap-no\">\n\t\t\t\t\t<div class=\"elementor-column elementor-col-100 elementor-top-column elementor-element elementor-element-4c6db26\" data-id=\"4c6db26\" data-element_type=\"column\">\n\t\t\t<div class=\"elementor-widget-wrap elementor-element-populated\">\n\t\t\t\t\t\t<div class=\"elementor-element elementor-element-558ce53 elementor-widget elementor-widget-heading\" data-id=\"558ce53\" data-element_type=\"widget\" data-widget_type=\"heading.default\">\n\t\t\t\t<div class=\"elementor-widget-container\">\n\t\t\t\t\t<h1 class=\"elementor-heading-title elementor-size-default\">Centre d&#039;actualit\u00e9s Movelaser<\/h1>\t\t\t\t<\/div>\n\t\t\t\t<\/div>\n\t\t\t\t<div class=\"elementor-element elementor-element-628c3d6 elementor-widget-divider--view-line elementor-widget elementor-widget-divider\" data-id=\"628c3d6\" data-element_type=\"widget\" data-widget_type=\"divider.default\">\n\t\t\t\t<div class=\"elementor-widget-container\">\n\t\t\t\t\t\t\t<div class=\"elementor-divider\">\n\t\t\t<span class=\"elementor-divider-separator\">\n\t\t\t\t\t\t<\/span>\n\t\t<\/div>\n\t\t\t\t\t\t<\/div>\n\t\t\t\t<\/div>\n\t\t\t\t\t<\/div>\n\t\t<\/div>\n\t\t\t\t\t<\/div>\n\t\t<\/section>\n\t\t\t\t<section class=\"elementor-section elementor-top-section elementor-element elementor-element-4c00deb elementor-section-boxed elementor-section-height-default elementor-section-height-default\" data-id=\"4c00deb\" data-element_type=\"section\" data-settings=\"{&quot;background_background&quot;:&quot;classic&quot;}\">\n\t\t\t\t\t\t<div class=\"elementor-container elementor-column-gap-default\">\n\t\t\t\t\t<div class=\"elementor-column elementor-col-100 elementor-top-column elementor-element elementor-element-91186d7\" data-id=\"91186d7\" data-element_type=\"column\">\n\t\t\t<div class=\"elementor-widget-wrap elementor-element-populated\">\n\t\t\t\t\t\t<div class=\"elementor-element elementor-element-dbbfde0 elementor-widget elementor-widget-heading\" data-id=\"dbbfde0\" data-element_type=\"widget\" data-widget_type=\"heading.default\">\n\t\t\t\t<div class=\"elementor-widget-container\">\n\t\t\t\t\t<h2 class=\"elementor-heading-title elementor-size-default\">L&#039;Association de l&#039;\u00e9nergie de la province du Jiangsu a particip\u00e9 \u00e0 la r\u00e9union \u00e0 Movelaser<\/h2>\t\t\t\t<\/div>\n\t\t\t\t<\/div>\n\t\t\t\t<div class=\"elementor-element elementor-element-bb7801e elementor-widget-divider--view-line elementor-widget elementor-widget-divider\" data-id=\"bb7801e\" data-element_type=\"widget\" data-widget_type=\"divider.default\">\n\t\t\t\t<div class=\"elementor-widget-container\">\n\t\t\t\t\t\t\t<div class=\"elementor-divider\">\n\t\t\t<span class=\"elementor-divider-separator\">\n\t\t\t\t\t\t<\/span>\n\t\t<\/div>\n\t\t\t\t\t\t<\/div>\n\t\t\t\t<\/div>\n\t\t\t\t<div class=\"elementor-element elementor-element-a8faea8 elementor-widget elementor-widget-text-editor\" data-id=\"a8faea8\" data-element_type=\"widget\" data-widget_type=\"text-editor.default\">\n\t\t\t\t<div class=\"elementor-widget-container\">\n\t\t\t\t\t\t\t\t\t<p>2021-01-12<\/p>\t\t\t\t\t\t\t\t<\/div>\n\t\t\t\t<\/div>\n\t\t\t\t<div class=\"elementor-element elementor-element-290031e elementor-widget elementor-widget-text-editor\" data-id=\"290031e\" data-element_type=\"widget\" data-widget_type=\"text-editor.default\">\n\t\t\t\t<div class=\"elementor-widget-container\">\n\t\t\t\t\t\t\t\t\t<p><span style=\"vertical-align: inherit;\"><span style=\"vertical-align: inherit;\">Le 12 janvier 2021, Qiu Zhaohua, secr\u00e9taire du comit\u00e9 de travail du parti de la zone de d\u00e9veloppement \u00e9conomique de Jiangsu Dafeng, Chen Yuqing, directeur adjoint de la commission de d\u00e9veloppement et de r\u00e9forme du district de Yancheng Dafeng et directeur du bureau de gestion du parc industriel de Jiangsu Dafeng Power, Wang Wei , chef de section de la zone de d\u00e9veloppement \u00e9conomique de Jiangsu Dafeng, Yang Weilin, directeur adjoint de l&#039;Association de l&#039;\u00e9nergie de la province de Jangsu, Shi Xinchun, secr\u00e9taire g\u00e9n\u00e9ral, Xu Peng, secr\u00e9taire g\u00e9n\u00e9ral adjoint, le ministre Yang Yupeng et Guo Xiaoxiao ont visit\u00e9 Nanjing Movelaser Technology Co., Ltd. Dr Zhou Jun, pr\u00e9sident du conseil d&#039;administration, vice-pr\u00e9sident ex\u00e9cutif Ye Feng et directeur marketing Zhu Hailong ont assist\u00e9 \u00e0 la r\u00e9union.<\/span><\/span><\/p>\t\t\t\t\t\t\t\t<\/div>\n\t\t\t\t<\/div>\n\t\t\t\t<div class=\"elementor-element elementor-element-8eaf7a1 elementor-widget elementor-widget-image\" data-id=\"8eaf7a1\" data-element_type=\"widget\" data-widget_type=\"image.default\">\n\t\t\t\t<div class=\"elementor-widget-container\">\n\t\t\t\t\t\t\t\t\t\t\t\t\t\t\t<img fetchpriority=\"high\" decoding=\"async\" width=\"1024\" height=\"768\" src=\"https:\/\/www.movelaser.eu\/wp-content\/uploads\/2021\/12\/1610957408343819-1024x768.png\" class=\"elementor-animation-grow attachment-large size-large wp-image-1968\" alt=\"\" srcset=\"https:\/\/www.movelaser.eu\/wp-content\/uploads\/2021\/12\/1610957408343819-1024x768.png 1024w, https:\/\/www.movelaser.eu\/wp-content\/uploads\/2021\/12\/1610957408343819-300x225.png 300w, https:\/\/www.movelaser.eu\/wp-content\/uploads\/2021\/12\/1610957408343819-768x576.png 768w, https:\/\/www.movelaser.eu\/wp-content\/uploads\/2021\/12\/1610957408343819-600x450.png 600w, https:\/\/www.movelaser.eu\/wp-content\/uploads\/2021\/12\/1610957408343819.png 1080w\" sizes=\"(max-width: 1024px) 100vw, 1024px\" \/>\t\t\t\t\t\t\t\t\t\t\t\t\t\t\t<\/div>\n\t\t\t\t<\/div>\n\t\t\t\t<div class=\"elementor-element elementor-element-2009d4b elementor-widget elementor-widget-text-editor\" data-id=\"2009d4b\" data-element_type=\"widget\" data-widget_type=\"text-editor.default\">\n\t\t\t\t<div class=\"elementor-widget-container\">\n\t\t\t\t\t\t\t\t\t<p><span style=\"vertical-align: inherit;\"><span style=\"vertical-align: inherit;\">Au nom de Movelaser, le Dr Zhou a exprim\u00e9 son accueil chaleureux et ses sinc\u00e8res remerciements au secr\u00e9taire Qiu et \u00e0 son \u00e9quipe. Zhu Hailong, directeur marketing de Movelaser, a pr\u00e9sent\u00e9 la situation g\u00e9n\u00e9rale de l&#039;entreprise, l&#039;historique du d\u00e9veloppement, le c\u0153ur de m\u00e9tier, les avantages techniques, les principales r\u00e9alisations, les nouveaux produits, les nouvelles technologies, etc. \u00e0 tous les dirigeants, et a invit\u00e9 tous les dirigeants \u00e0 visiter les sites optiques, m\u00e9caniques et \u00e9lectriques de Movelaser. ateliers de production, plates-formes de test et installations de production. Toutes sortes de laboratoires de niveau avanc\u00e9 international.<\/span><\/span><\/p>\t\t\t\t\t\t\t\t<\/div>\n\t\t\t\t<\/div>\n\t\t\t\t<div class=\"elementor-element elementor-element-e632f43 elementor-widget elementor-widget-image\" data-id=\"e632f43\" data-element_type=\"widget\" data-widget_type=\"image.default\">\n\t\t\t\t<div class=\"elementor-widget-container\">\n\t\t\t\t\t\t\t\t\t\t\t\t\t\t\t<img decoding=\"async\" width=\"1024\" height=\"768\" data-src=\"https:\/\/www.movelaser.eu\/wp-content\/uploads\/2021\/12\/1610957470329129-1024x768.png\" class=\"elementor-animation-grow attachment-large size-large wp-image-1967 lazyload\" alt=\"\" data-srcset=\"https:\/\/www.movelaser.eu\/wp-content\/uploads\/2021\/12\/1610957470329129-1024x768.png 1024w, https:\/\/www.movelaser.eu\/wp-content\/uploads\/2021\/12\/1610957470329129-300x225.png 300w, https:\/\/www.movelaser.eu\/wp-content\/uploads\/2021\/12\/1610957470329129-768x576.png 768w, https:\/\/www.movelaser.eu\/wp-content\/uploads\/2021\/12\/1610957470329129-600x450.png 600w, https:\/\/www.movelaser.eu\/wp-content\/uploads\/2021\/12\/1610957470329129.png 1080w\" data-sizes=\"(max-width: 1024px) 100vw, 1024px\" src=\"data:image\/svg+xml;base64,PHN2ZyB3aWR0aD0iMSIgaGVpZ2h0PSIxIiB4bWxucz0iaHR0cDovL3d3dy53My5vcmcvMjAwMC9zdmciPjwvc3ZnPg==\" style=\"--smush-placeholder-width: 1024px; --smush-placeholder-aspect-ratio: 1024\/768;\" \/>\t\t\t\t\t\t\t\t\t\t\t\t\t\t\t<\/div>\n\t\t\t\t<\/div>\n\t\t\t\t<div class=\"elementor-element elementor-element-a0bdbc4 elementor-widget elementor-widget-image\" data-id=\"a0bdbc4\" data-element_type=\"widget\" data-widget_type=\"image.default\">\n\t\t\t\t<div class=\"elementor-widget-container\">\n\t\t\t\t\t\t\t\t\t\t\t\t\t\t\t<img decoding=\"async\" width=\"1024\" height=\"768\" data-src=\"https:\/\/www.movelaser.eu\/wp-content\/uploads\/2021\/12\/1610957547673285-1024x768.png\" class=\"elementor-animation-grow attachment-large size-large wp-image-1966 lazyload\" alt=\"\" data-srcset=\"https:\/\/www.movelaser.eu\/wp-content\/uploads\/2021\/12\/1610957547673285-1024x768.png 1024w, https:\/\/www.movelaser.eu\/wp-content\/uploads\/2021\/12\/1610957547673285-300x225.png 300w, https:\/\/www.movelaser.eu\/wp-content\/uploads\/2021\/12\/1610957547673285-768x576.png 768w, https:\/\/www.movelaser.eu\/wp-content\/uploads\/2021\/12\/1610957547673285-600x450.png 600w, https:\/\/www.movelaser.eu\/wp-content\/uploads\/2021\/12\/1610957547673285.png 1080w\" data-sizes=\"(max-width: 1024px) 100vw, 1024px\" src=\"data:image\/svg+xml;base64,PHN2ZyB3aWR0aD0iMSIgaGVpZ2h0PSIxIiB4bWxucz0iaHR0cDovL3d3dy53My5vcmcvMjAwMC9zdmciPjwvc3ZnPg==\" style=\"--smush-placeholder-width: 1024px; --smush-placeholder-aspect-ratio: 1024\/768;\" \/>\t\t\t\t\t\t\t\t\t\t\t\t\t\t\t<\/div>\n\t\t\t\t<\/div>\n\t\t\t\t<div class=\"elementor-element elementor-element-3efa576 elementor-widget elementor-widget-text-editor\" data-id=\"3efa576\" data-element_type=\"widget\" data-widget_type=\"text-editor.default\">\n\t\t\t\t<div class=\"elementor-widget-container\">\n\t\t\t\t\t\t\t\t\t<p><font style=\"vertical-align: inherit;\"><font style=\"vertical-align: inherit;\">Le secr\u00e9taire Qiu Zhaohua a hautement reconnu l&#039;avantage absolu de Movelaser dans l&#039;industrie, a plac\u00e9 de grands espoirs dans le d\u00e9veloppement futur de Movelaser et a chaleureusement invit\u00e9 Movelaser \u00e0 se rendre \u00e0 Dafeng, dans la province du Jiangsu, pour contribuer \u00e0 la construction de l&#039;\u00e9cosyst\u00e8me \u00e9olien de Dafeng. Qiu a d\u00e9clar\u00e9 que le lidar est un nouveau point de d\u00e9veloppement pour l&#039;industrie \u00e9olienne et a de larges perspectives. On esp\u00e8re que Nanjing Movelaser pourra saisir l&#039;\u00e9volution du march\u00e9 de l&#039;industrie de l&#039;\u00e9nergie \u00e9olienne, continuer \u00e0 maintenir la pointe de la technologie lidar dans l&#039;industrie de l&#039;\u00e9nergie \u00e9olienne, continuer \u00e0 innover et continuer \u00e0 contribuer au d\u00e9veloppement de l&#039;industrie de l&#039;\u00e9nergie \u00e9olienne. avec une technologie de pointe, des produits fiables et des services de haute qualit\u00e9.<\/font><\/font><\/p>\n<p><font style=\"vertical-align: inherit;\"><font style=\"vertical-align: inherit;\">Le directeur Chen Yuqing a montr\u00e9 un grand int\u00e9r\u00eat pour les produits Lidar Molas NL de la salle des machines. Il a eu un \u00e9change approfondi avec le pr\u00e9sident Zhou sur le principe de fonctionnement d\u00e9taill\u00e9, les param\u00e8tres techniques et les sc\u00e9narios d&#039;application, et a exprim\u00e9 son affirmation et ses attentes concernant la technologie lidar.<\/font><\/font><\/p>\t\t\t\t\t\t\t\t<\/div>\n\t\t\t\t<\/div>\n\t\t\t\t<div class=\"elementor-element elementor-element-7af6839 elementor-widget elementor-widget-image\" data-id=\"7af6839\" data-element_type=\"widget\" data-widget_type=\"image.default\">\n\t\t\t\t<div class=\"elementor-widget-container\">\n\t\t\t\t\t\t\t\t\t\t\t\t\t\t\t<img decoding=\"async\" width=\"1024\" height=\"768\" data-src=\"https:\/\/www.movelaser.eu\/wp-content\/uploads\/2021\/12\/1610957633218539-1024x768.png\" class=\"elementor-animation-grow attachment-large size-large wp-image-1964 lazyload\" alt=\"\" data-srcset=\"https:\/\/www.movelaser.eu\/wp-content\/uploads\/2021\/12\/1610957633218539-1024x768.png 1024w, https:\/\/www.movelaser.eu\/wp-content\/uploads\/2021\/12\/1610957633218539-300x225.png 300w, https:\/\/www.movelaser.eu\/wp-content\/uploads\/2021\/12\/1610957633218539-768x576.png 768w, https:\/\/www.movelaser.eu\/wp-content\/uploads\/2021\/12\/1610957633218539-600x450.png 600w, https:\/\/www.movelaser.eu\/wp-content\/uploads\/2021\/12\/1610957633218539.png 1280w\" data-sizes=\"(max-width: 1024px) 100vw, 1024px\" src=\"data:image\/svg+xml;base64,PHN2ZyB3aWR0aD0iMSIgaGVpZ2h0PSIxIiB4bWxucz0iaHR0cDovL3d3dy53My5vcmcvMjAwMC9zdmciPjwvc3ZnPg==\" style=\"--smush-placeholder-width: 1024px; --smush-placeholder-aspect-ratio: 1024\/768;\" \/>\t\t\t\t\t\t\t\t\t\t\t\t\t\t\t<\/div>\n\t\t\t\t<\/div>\n\t\t\t\t<div class=\"elementor-element elementor-element-80fe6ca elementor-widget elementor-widget-image\" data-id=\"80fe6ca\" data-element_type=\"widget\" data-widget_type=\"image.default\">\n\t\t\t\t<div class=\"elementor-widget-container\">\n\t\t\t\t\t\t\t\t\t\t\t\t\t\t\t<img decoding=\"async\" width=\"1024\" height=\"768\" data-src=\"https:\/\/www.movelaser.eu\/wp-content\/uploads\/2021\/12\/1610957580234727-1024x768.png\" class=\"elementor-animation-grow attachment-large size-large wp-image-1965 lazyload\" alt=\"\" data-srcset=\"https:\/\/www.movelaser.eu\/wp-content\/uploads\/2021\/12\/1610957580234727-1024x768.png 1024w, https:\/\/www.movelaser.eu\/wp-content\/uploads\/2021\/12\/1610957580234727-300x225.png 300w, https:\/\/www.movelaser.eu\/wp-content\/uploads\/2021\/12\/1610957580234727-768x576.png 768w, https:\/\/www.movelaser.eu\/wp-content\/uploads\/2021\/12\/1610957580234727-600x450.png 600w, https:\/\/www.movelaser.eu\/wp-content\/uploads\/2021\/12\/1610957580234727.png 1280w\" data-sizes=\"(max-width: 1024px) 100vw, 1024px\" src=\"data:image\/svg+xml;base64,PHN2ZyB3aWR0aD0iMSIgaGVpZ2h0PSIxIiB4bWxucz0iaHR0cDovL3d3dy53My5vcmcvMjAwMC9zdmciPjwvc3ZnPg==\" style=\"--smush-placeholder-width: 1024px; --smush-placeholder-aspect-ratio: 1024\/768;\" \/>\t\t\t\t\t\t\t\t\t\t\t\t\t\t\t<\/div>\n\t\t\t\t<\/div>\n\t\t\t\t\t<\/div>\n\t\t<\/div>\n\t\t\t\t\t<\/div>\n\t\t<\/section>\n\t\t\t\t<\/div>","protected":false},"excerpt":{"rendered":"<p>Movelaser News Center Energy Association Of Jiangsu Province a assist\u00e9 \u00e0 la r\u00e9union \u00e0 Movelaser 2021-01-12 Le 12 janvier 2021, Qiu Zhaohua, secr\u00e9taire du comit\u00e9 de travail du parti de la zone de d\u00e9veloppement \u00e9conomique de Jiangsu Dafeng, Chen Yuqing, directeur adjoint du d\u00e9veloppement et de la r\u00e9forme Commission du district de Yancheng Dafeng et directeur de Jiangsu Dafeng Power Industrial Park Management\u2026<\/p>\n<p class=\"read-more\"> <a class=\"\" href=\"https:\/\/www.movelaser.eu\/fr\/news\/20210112-energy-association-of-jiangsu-province-attended-the-meeting-at-movelaser\/\"> <span class=\"screen-reader-text\">20210112 - L&#039;Association de l&#039;\u00e9nergie de la province du Jiangsu a particip\u00e9 \u00e0 la r\u00e9union \u00e0 Movelaser<\/span> Lire la suite\u00a0\u00bb<\/a><\/p>","protected":false},"author":1,"featured_media":0,"parent":1935,"menu_order":0,"comment_status":"closed","ping_status":"closed","template":"","meta":{"_monsterinsights_skip_tracking":false,"_monsterinsights_sitenote_active":false,"_monsterinsights_sitenote_note":"","_monsterinsights_sitenote_category":0,"site-sidebar-layout":"no-sidebar","site-content-layout":"page-builder","ast-main-header-display":"","ast-hfb-above-header-display":"","ast-hfb-below-header-display":"","ast-hfb-mobile-header-display":"","site-post-title":"disabled","ast-breadcrumbs-content":"disabled","ast-featured-img":"disabled","footer-sml-layout":"","theme-transparent-header-meta":"enabled","adv-header-id-meta":"","stick-header-meta":"","header-above-stick-meta":"","header-main-stick-meta":"","header-below-stick-meta":"","footnotes":""},"class_list":["post-1961","page","type-page","status-publish","hentry"],"_links":{"self":[{"href":"https:\/\/www.movelaser.eu\/fr\/wp-json\/wp\/v2\/pages\/1961","targetHints":{"allow":["GET"]}}],"collection":[{"href":"https:\/\/www.movelaser.eu\/fr\/wp-json\/wp\/v2\/pages"}],"about":[{"href":"https:\/\/www.movelaser.eu\/fr\/wp-json\/wp\/v2\/types\/page"}],"author":[{"embeddable":true,"href":"https:\/\/www.movelaser.eu\/fr\/wp-json\/wp\/v2\/users\/1"}],"replies":[{"embeddable":true,"href":"https:\/\/www.movelaser.eu\/fr\/wp-json\/wp\/v2\/comments?post=1961"}],"version-history":[{"count":0,"href":"https:\/\/www.movelaser.eu\/fr\/wp-json\/wp\/v2\/pages\/1961\/revisions"}],"up":[{"embeddable":true,"href":"https:\/\/www.movelaser.eu\/fr\/wp-json\/wp\/v2\/pages\/1935"}],"wp:attachment":[{"href":"https:\/\/www.movelaser.eu\/fr\/wp-json\/wp\/v2\/media?parent=1961"}],"curies":[{"name":"wp","href":"https:\/\/api.w.org\/{rel}","templated":true}]}}