{"id":1945,"date":"2021-12-22T08:29:03","date_gmt":"2021-12-22T00:29:03","guid":{"rendered":"https:\/\/movelasers.com\/?page_id=1945"},"modified":"2021-12-22T08:40:54","modified_gmt":"2021-12-22T00:40:54","slug":"20201113-movelaser-to-attend-the-3rd-offshore-wind-asia-summit","status":"publish","type":"page","link":"https:\/\/www.movelaser.eu\/fr\/news\/20201113-movelaser-to-attend-the-3rd-offshore-wind-asia-summit\/","title":{"rendered":"20201113 \u2013 Movelaser participera au \u00ab 3rd Offshore Wind Asia Summit \u00bb"},"content":{"rendered":"<div data-elementor-type=\"wp-page\" data-elementor-id=\"1945\" class=\"elementor elementor-1945\">\n\t\t\t\t\t\t<section class=\"elementor-section elementor-top-section elementor-element elementor-element-6952cf8 elementor-section-height-min-height elementor-section-boxed elementor-section-height-default elementor-section-items-middle\" data-id=\"6952cf8\" data-element_type=\"section\" data-settings=\"{&quot;background_background&quot;:&quot;slideshow&quot;,&quot;background_slideshow_gallery&quot;:[{&quot;id&quot;:1953,&quot;url&quot;:&quot;https:\\\/\\\/movelasers.com\\\/wp-content\\\/uploads\\\/2021\\\/12\\\/1610955847145443.png&quot;},{&quot;id&quot;:1952,&quot;url&quot;:&quot;https:\\\/\\\/movelasers.com\\\/wp-content\\\/uploads\\\/2021\\\/12\\\/1610955816135283.png&quot;},{&quot;id&quot;:1951,&quot;url&quot;:&quot;https:\\\/\\\/movelasers.com\\\/wp-content\\\/uploads\\\/2021\\\/12\\\/1610955797441359.png&quot;},{&quot;id&quot;:1950,&quot;url&quot;:&quot;https:\\\/\\\/movelasers.com\\\/wp-content\\\/uploads\\\/2021\\\/12\\\/1610955784479821.png&quot;}],&quot;background_slideshow_ken_burns&quot;:&quot;yes&quot;,&quot;background_slideshow_loop&quot;:&quot;yes&quot;,&quot;background_slideshow_slide_duration&quot;:5000,&quot;background_slideshow_slide_transition&quot;:&quot;fade&quot;,&quot;background_slideshow_transition_duration&quot;:500,&quot;background_slideshow_ken_burns_zoom_direction&quot;:&quot;in&quot;}\">\n\t\t\t\t\t\t\t<div class=\"elementor-background-overlay\"><\/div>\n\t\t\t\t\t\t\t<div class=\"elementor-container elementor-column-gap-no\">\n\t\t\t\t\t<div class=\"elementor-column elementor-col-100 elementor-top-column elementor-element elementor-element-4c6db26\" data-id=\"4c6db26\" data-element_type=\"column\">\n\t\t\t<div class=\"elementor-widget-wrap elementor-element-populated\">\n\t\t\t\t\t\t<div class=\"elementor-element elementor-element-558ce53 elementor-widget elementor-widget-heading\" data-id=\"558ce53\" data-element_type=\"widget\" data-widget_type=\"heading.default\">\n\t\t\t\t<div class=\"elementor-widget-container\">\n\t\t\t\t\t<h1 class=\"elementor-heading-title elementor-size-default\">Centre d&#039;actualit\u00e9s Movelaser<\/h1>\t\t\t\t<\/div>\n\t\t\t\t<\/div>\n\t\t\t\t<div class=\"elementor-element elementor-element-628c3d6 elementor-widget-divider--view-line elementor-widget elementor-widget-divider\" data-id=\"628c3d6\" data-element_type=\"widget\" data-widget_type=\"divider.default\">\n\t\t\t\t<div class=\"elementor-widget-container\">\n\t\t\t\t\t\t\t<div class=\"elementor-divider\">\n\t\t\t<span class=\"elementor-divider-separator\">\n\t\t\t\t\t\t<\/span>\n\t\t<\/div>\n\t\t\t\t\t\t<\/div>\n\t\t\t\t<\/div>\n\t\t\t\t\t<\/div>\n\t\t<\/div>\n\t\t\t\t\t<\/div>\n\t\t<\/section>\n\t\t\t\t<section class=\"elementor-section elementor-top-section elementor-element elementor-element-4c00deb elementor-section-boxed elementor-section-height-default elementor-section-height-default\" data-id=\"4c00deb\" data-element_type=\"section\" data-settings=\"{&quot;background_background&quot;:&quot;classic&quot;}\">\n\t\t\t\t\t\t<div class=\"elementor-container elementor-column-gap-default\">\n\t\t\t\t\t<div class=\"elementor-column elementor-col-100 elementor-top-column elementor-element elementor-element-91186d7\" data-id=\"91186d7\" data-element_type=\"column\">\n\t\t\t<div class=\"elementor-widget-wrap elementor-element-populated\">\n\t\t\t\t\t\t<div class=\"elementor-element elementor-element-dbbfde0 elementor-widget elementor-widget-heading\" data-id=\"dbbfde0\" data-element_type=\"widget\" data-widget_type=\"heading.default\">\n\t\t\t\t<div class=\"elementor-widget-container\">\n\t\t\t\t\t<h2 class=\"elementor-heading-title elementor-size-default\">Movelaser a particip\u00e9 au &quot;3rd Offshore Wind Asia Summit&quot;<\/h2>\t\t\t\t<\/div>\n\t\t\t\t<\/div>\n\t\t\t\t<div class=\"elementor-element elementor-element-bb7801e elementor-widget-divider--view-line elementor-widget elementor-widget-divider\" data-id=\"bb7801e\" data-element_type=\"widget\" data-widget_type=\"divider.default\">\n\t\t\t\t<div class=\"elementor-widget-container\">\n\t\t\t\t\t\t\t<div class=\"elementor-divider\">\n\t\t\t<span class=\"elementor-divider-separator\">\n\t\t\t\t\t\t<\/span>\n\t\t<\/div>\n\t\t\t\t\t\t<\/div>\n\t\t\t\t<\/div>\n\t\t\t\t<div class=\"elementor-element elementor-element-a8faea8 elementor-widget elementor-widget-text-editor\" data-id=\"a8faea8\" data-element_type=\"widget\" data-widget_type=\"text-editor.default\">\n\t\t\t\t<div class=\"elementor-widget-container\">\n\t\t\t\t\t\t\t\t\t<p>2020-11-13<\/p>\t\t\t\t\t\t\t\t<\/div>\n\t\t\t\t<\/div>\n\t\t\t\t<div class=\"elementor-element elementor-element-290031e elementor-widget elementor-widget-text-editor\" data-id=\"290031e\" data-element_type=\"widget\" data-widget_type=\"text-editor.default\">\n\t\t\t\t<div class=\"elementor-widget-container\">\n\t\t\t\t\t\t\t\t\t<p>Les 13 et 14 novembre 2020, le 3e Sommet Asie de l&#039;\u00e9olien offshore (OWA2020) s&#039;est tenu \u00e0 Shanghai. Nanjing Movelaser Co., Ltd. (ci-apr\u00e8s d\u00e9nomm\u00e9 Movelaser) a \u00e9t\u00e9 invit\u00e9 \u00e0 y assister et a prononc\u00e9 un discours lors du sommet. OWA2020 est h\u00e9berg\u00e9 par le Guoxin Decision Industry Research Institute et Asia Offshore Wing Energy Focus, et est co-organis\u00e9 par European Offshore Wind, Asia Wind Energy Association et Global Floating Association. Plus de 300 d\u00e9veloppeurs d&#039;\u00e9nergie \u00e9olienne offshore, \u00e9quipementiers d&#039;\u00e9oliennes, entrepreneurs EPC, instituts de conception et d&#039;exploration, fabricants de pi\u00e8ces, construction et installation, gouvernements locaux et l&#039;Administration nationale de l&#039;\u00e9nergie ont assist\u00e9 \u00e0 l&#039;\u00e9v\u00e9nement pour discuter des centrales \u00e9oliennes offshore dans de multiples dimensions. , promouvoir ensemble le d\u00e9veloppement sain et durable de l&#039;\u00e9olien offshore.<\/p>\t\t\t\t\t\t\t\t<\/div>\n\t\t\t\t<\/div>\n\t\t\t\t<div class=\"elementor-element elementor-element-8eaf7a1 elementor-widget elementor-widget-image\" data-id=\"8eaf7a1\" data-element_type=\"widget\" data-widget_type=\"image.default\">\n\t\t\t\t<div class=\"elementor-widget-container\">\n\t\t\t\t\t\t\t\t\t\t\t\t\t\t\t<img fetchpriority=\"high\" decoding=\"async\" width=\"819\" height=\"559\" src=\"https:\/\/www.movelaser.eu\/wp-content\/uploads\/2021\/12\/1610955784479821.png\" class=\"elementor-animation-grow attachment-large size-large wp-image-1950\" alt=\"\" srcset=\"https:\/\/www.movelaser.eu\/wp-content\/uploads\/2021\/12\/1610955784479821.png 819w, https:\/\/www.movelaser.eu\/wp-content\/uploads\/2021\/12\/1610955784479821-300x205.png 300w, https:\/\/www.movelaser.eu\/wp-content\/uploads\/2021\/12\/1610955784479821-768x524.png 768w, https:\/\/www.movelaser.eu\/wp-content\/uploads\/2021\/12\/1610955784479821-600x410.png 600w\" sizes=\"(max-width: 819px) 100vw, 819px\" \/>\t\t\t\t\t\t\t\t\t\t\t\t\t\t\t<\/div>\n\t\t\t\t<\/div>\n\t\t\t\t<div class=\"elementor-element elementor-element-e632f43 elementor-widget elementor-widget-image\" data-id=\"e632f43\" data-element_type=\"widget\" data-widget_type=\"image.default\">\n\t\t\t\t<div class=\"elementor-widget-container\">\n\t\t\t\t\t\t\t\t\t\t\t\t\t\t\t<img decoding=\"async\" width=\"820\" height=\"581\" data-src=\"https:\/\/www.movelaser.eu\/wp-content\/uploads\/2021\/12\/1610955797441359.png\" class=\"elementor-animation-grow attachment-large size-large wp-image-1951 lazyload\" alt=\"\" data-srcset=\"https:\/\/www.movelaser.eu\/wp-content\/uploads\/2021\/12\/1610955797441359.png 820w, https:\/\/www.movelaser.eu\/wp-content\/uploads\/2021\/12\/1610955797441359-300x213.png 300w, https:\/\/www.movelaser.eu\/wp-content\/uploads\/2021\/12\/1610955797441359-768x544.png 768w, https:\/\/www.movelaser.eu\/wp-content\/uploads\/2021\/12\/1610955797441359-600x425.png 600w\" data-sizes=\"(max-width: 820px) 100vw, 820px\" src=\"data:image\/svg+xml;base64,PHN2ZyB3aWR0aD0iMSIgaGVpZ2h0PSIxIiB4bWxucz0iaHR0cDovL3d3dy53My5vcmcvMjAwMC9zdmciPjwvc3ZnPg==\" style=\"--smush-placeholder-width: 820px; --smush-placeholder-aspect-ratio: 820\/581;\" \/>\t\t\t\t\t\t\t\t\t\t\t\t\t\t\t<\/div>\n\t\t\t\t<\/div>\n\t\t\t\t<div class=\"elementor-element elementor-element-3efa576 elementor-widget elementor-widget-text-editor\" data-id=\"3efa576\" data-element_type=\"widget\" data-widget_type=\"text-editor.default\">\n\t\t\t\t<div class=\"elementor-widget-container\">\n\t\t\t\t\t\t\t\t\t<p><strong>Solution intelligente de mesure du vent au laser - opportunit\u00e9s et d\u00e9fis de l&#039;\u00e9nergie \u00e9olienne offshore<\/strong><\/p><p>Zhou Jun, pr\u00e9sident de Movelaser, a assist\u00e9 au sommet et a publi\u00e9 le rapport th\u00e9matique &quot;Solution intelligente de mesure du vent au laser - opportunit\u00e9s et d\u00e9fis de l&#039;\u00e9nergie \u00e9olienne offshore&quot; Afin de r\u00e9soudre les opportunit\u00e9s et les d\u00e9fis de l&#039;\u00e9nergie \u00e9olienne offshore, Movelaser fournit des solutions intelligentes pour la mesure laser du vent. Selon les diff\u00e9rentes \u00e9tapes du projet d&#039;\u00e9nergie \u00e9olienne offshore, la version offshore du lidar \/ lidar flottant au sol \/ mont\u00e9 sur nacelle est appliqu\u00e9e pour fournir la solution la plus \u00e9conomique et la plus rapide pour la mesure du vent. L&#039;utilisation du lidar pour mesurer le vent peut r\u00e9duire le LCOE, sauver le cycle du projet d&#039;environ 4 \u00e0 6 mois, aider \u00e0 r\u00e9duire les co\u00fbts et augmenter l&#039;efficacit\u00e9 de l&#039;\u00e9nergie \u00e9olienne offshore, et acc\u00e9l\u00e9rer la r\u00e9alisation du prix commun de l&#039;\u00e9nergie \u00e9olienne offshore.<\/p>\t\t\t\t\t\t\t\t<\/div>\n\t\t\t\t<\/div>\n\t\t\t\t<section class=\"elementor-section elementor-inner-section elementor-element elementor-element-9ecb93f elementor-section-boxed elementor-section-height-default elementor-section-height-default\" data-id=\"9ecb93f\" data-element_type=\"section\">\n\t\t\t\t\t\t<div class=\"elementor-container elementor-column-gap-default\">\n\t\t\t\t\t<div class=\"elementor-column elementor-col-50 elementor-inner-column elementor-element elementor-element-80f3614\" data-id=\"80f3614\" data-element_type=\"column\">\n\t\t\t<div class=\"elementor-widget-wrap elementor-element-populated\">\n\t\t\t\t\t\t<div class=\"elementor-element elementor-element-6ed3eee elementor-widget elementor-widget-heading\" data-id=\"6ed3eee\" data-element_type=\"widget\" data-widget_type=\"heading.default\">\n\t\t\t\t<div class=\"elementor-widget-container\">\n\t\t\t\t\t<h2 class=\"elementor-heading-title elementor-size-default\">Le pr\u00e9sident Zhou Jun a fait le rapport th\u00e9matique lors du sommet<\/h2>\t\t\t\t<\/div>\n\t\t\t\t<\/div>\n\t\t\t\t<div class=\"elementor-element elementor-element-d5bd707 elementor-widget-divider--view-line elementor-widget elementor-widget-divider\" data-id=\"d5bd707\" data-element_type=\"widget\" data-widget_type=\"divider.default\">\n\t\t\t\t<div class=\"elementor-widget-container\">\n\t\t\t\t\t\t\t<div class=\"elementor-divider\">\n\t\t\t<span class=\"elementor-divider-separator\">\n\t\t\t\t\t\t<\/span>\n\t\t<\/div>\n\t\t\t\t\t\t<\/div>\n\t\t\t\t<\/div>\n\t\t\t\t\t<\/div>\n\t\t<\/div>\n\t\t\t\t<div class=\"elementor-column elementor-col-50 elementor-inner-column elementor-element elementor-element-734ef07\" data-id=\"734ef07\" data-element_type=\"column\">\n\t\t\t<div class=\"elementor-widget-wrap elementor-element-populated\">\n\t\t\t\t\t\t<div class=\"elementor-element elementor-element-57d3cb5 elementor-widget elementor-widget-image\" data-id=\"57d3cb5\" data-element_type=\"widget\" data-widget_type=\"image.default\">\n\t\t\t\t<div class=\"elementor-widget-container\">\n\t\t\t\t\t\t\t\t\t\t\t\t\t\t\t<img decoding=\"async\" width=\"814\" height=\"582\" data-src=\"https:\/\/www.movelaser.eu\/wp-content\/uploads\/2021\/12\/1610955816135283.png\" class=\"elementor-animation-grow attachment-large size-large wp-image-1952 lazyload\" alt=\"\" data-srcset=\"https:\/\/www.movelaser.eu\/wp-content\/uploads\/2021\/12\/1610955816135283.png 814w, https:\/\/www.movelaser.eu\/wp-content\/uploads\/2021\/12\/1610955816135283-300x214.png 300w, https:\/\/www.movelaser.eu\/wp-content\/uploads\/2021\/12\/1610955816135283-768x549.png 768w, https:\/\/www.movelaser.eu\/wp-content\/uploads\/2021\/12\/1610955816135283-600x429.png 600w\" data-sizes=\"(max-width: 814px) 100vw, 814px\" src=\"data:image\/svg+xml;base64,PHN2ZyB3aWR0aD0iMSIgaGVpZ2h0PSIxIiB4bWxucz0iaHR0cDovL3d3dy53My5vcmcvMjAwMC9zdmciPjwvc3ZnPg==\" style=\"--smush-placeholder-width: 814px; --smush-placeholder-aspect-ratio: 814\/582;\" \/>\t\t\t\t\t\t\t\t\t\t\t\t\t\t\t<\/div>\n\t\t\t\t<\/div>\n\t\t\t\t\t<\/div>\n\t\t<\/div>\n\t\t\t\t\t<\/div>\n\t\t<\/section>\n\t\t\t\t\t<\/div>\n\t\t<\/div>\n\t\t\t\t\t<\/div>\n\t\t<\/section>\n\t\t\t\t<\/div>","protected":false},"excerpt":{"rendered":"<p>Movelaser News Center Movelaser a particip\u00e9 au \u00ab 3rd Offshore Wind Asia Summit \u00bb 2020-11-13 Les 13 et 14 novembre 2020, le 3rd Offshore Wind Asia Summit (OWA2020) s&#039;est tenu \u00e0 Shanghai. Nanjing Movelaser Co., Ltd. (ci-apr\u00e8s d\u00e9nomm\u00e9 Movelaser) a \u00e9t\u00e9 invit\u00e9 \u00e0 y assister et a prononc\u00e9 un discours lors du sommet. OWA2020 est h\u00e9berg\u00e9 par le Guoxin Decision Industry Research\u2026<\/p>\n<p class=\"read-more\"> <a class=\"\" href=\"https:\/\/www.movelaser.eu\/fr\/news\/20201113-movelaser-to-attend-the-3rd-offshore-wind-asia-summit\/\"> <span class=\"screen-reader-text\">20201113 \u2013 Movelaser participera au \u00ab 3rd Offshore Wind Asia Summit \u00bb<\/span> Lire la suite\u00a0\u00bb<\/a><\/p>","protected":false},"author":1,"featured_media":0,"parent":1935,"menu_order":0,"comment_status":"closed","ping_status":"closed","template":"","meta":{"_monsterinsights_skip_tracking":false,"_monsterinsights_sitenote_active":false,"_monsterinsights_sitenote_note":"","_monsterinsights_sitenote_category":0,"site-sidebar-layout":"no-sidebar","site-content-layout":"page-builder","ast-main-header-display":"","ast-hfb-above-header-display":"","ast-hfb-below-header-display":"","ast-hfb-mobile-header-display":"","site-post-title":"disabled","ast-breadcrumbs-content":"disabled","ast-featured-img":"disabled","footer-sml-layout":"","theme-transparent-header-meta":"enabled","adv-header-id-meta":"","stick-header-meta":"","header-above-stick-meta":"","header-main-stick-meta":"","header-below-stick-meta":"","footnotes":""},"class_list":["post-1945","page","type-page","status-publish","hentry"],"_links":{"self":[{"href":"https:\/\/www.movelaser.eu\/fr\/wp-json\/wp\/v2\/pages\/1945","targetHints":{"allow":["GET"]}}],"collection":[{"href":"https:\/\/www.movelaser.eu\/fr\/wp-json\/wp\/v2\/pages"}],"about":[{"href":"https:\/\/www.movelaser.eu\/fr\/wp-json\/wp\/v2\/types\/page"}],"author":[{"embeddable":true,"href":"https:\/\/www.movelaser.eu\/fr\/wp-json\/wp\/v2\/users\/1"}],"replies":[{"embeddable":true,"href":"https:\/\/www.movelaser.eu\/fr\/wp-json\/wp\/v2\/comments?post=1945"}],"version-history":[{"count":0,"href":"https:\/\/www.movelaser.eu\/fr\/wp-json\/wp\/v2\/pages\/1945\/revisions"}],"up":[{"embeddable":true,"href":"https:\/\/www.movelaser.eu\/fr\/wp-json\/wp\/v2\/pages\/1935"}],"wp:attachment":[{"href":"https:\/\/www.movelaser.eu\/fr\/wp-json\/wp\/v2\/media?parent=1945"}],"curies":[{"name":"wp","href":"https:\/\/api.w.org\/{rel}","templated":true}]}}