{"id":1213,"date":"2021-12-15T22:16:15","date_gmt":"2021-12-15T22:16:15","guid":{"rendered":"http:\/\/movelasers.com\/?page_id=1213"},"modified":"2023-04-24T13:23:09","modified_gmt":"2023-04-24T11:23:09","slug":"our-team","status":"publish","type":"page","link":"https:\/\/www.movelaser.eu\/fr\/our-team\/","title":{"rendered":"Notre \u00e9quipe"},"content":{"rendered":"<div data-elementor-type=\"wp-page\" data-elementor-id=\"1213\" class=\"elementor elementor-1213\">\n\t\t\t\t\t\t<section class=\"elementor-section elementor-top-section elementor-element elementor-element-6952cf8 elementor-section-height-min-height elementor-section-boxed elementor-section-height-default elementor-section-items-middle\" data-id=\"6952cf8\" data-element_type=\"section\" data-settings=\"{&quot;background_background&quot;:&quot;classic&quot;}\">\n\t\t\t\t\t\t\t<div class=\"elementor-background-overlay\"><\/div>\n\t\t\t\t\t\t\t<div class=\"elementor-container elementor-column-gap-no\">\n\t\t\t\t\t<div class=\"elementor-column elementor-col-100 elementor-top-column elementor-element elementor-element-4c6db26\" data-id=\"4c6db26\" data-element_type=\"column\">\n\t\t\t<div class=\"elementor-widget-wrap elementor-element-populated\">\n\t\t\t\t\t\t<div class=\"elementor-element elementor-element-628c3d6 elementor-widget-divider--view-line elementor-widget elementor-widget-divider\" data-id=\"628c3d6\" data-element_type=\"widget\" data-widget_type=\"divider.default\">\n\t\t\t\t<div class=\"elementor-widget-container\">\n\t\t\t\t\t\t\t<div class=\"elementor-divider\">\n\t\t\t<span class=\"elementor-divider-separator\">\n\t\t\t\t\t\t<\/span>\n\t\t<\/div>\n\t\t\t\t\t\t<\/div>\n\t\t\t\t<\/div>\n\t\t\t\t<div class=\"elementor-element elementor-element-558ce53 elementor-widget elementor-widget-heading\" data-id=\"558ce53\" data-element_type=\"widget\" data-widget_type=\"heading.default\">\n\t\t\t\t<div class=\"elementor-widget-container\">\n\t\t\t\t\t<h1 class=\"elementor-heading-title elementor-size-default\">Nanjing Movelaser Technology Co., Ltd<\/h1>\t\t\t\t<\/div>\n\t\t\t\t<\/div>\n\t\t\t\t<div class=\"elementor-element elementor-element-b6c2875 elementor-widget elementor-widget-text-editor\" data-id=\"b6c2875\" data-element_type=\"widget\" data-widget_type=\"text-editor.default\">\n\t\t\t\t<div class=\"elementor-widget-container\">\n\t\t\t\t\t\t\t\t\t<p>We are a trustworthy LiDAR supplier in China, and one of the world&#8217;s largest wind lidar OEM.<\/p>\t\t\t\t\t\t\t\t<\/div>\n\t\t\t\t<\/div>\n\t\t\t\t\t<\/div>\n\t\t<\/div>\n\t\t\t\t\t<\/div>\n\t\t<\/section>\n\t\t\t\t<section class=\"elementor-section elementor-top-section elementor-element elementor-element-c79a29d elementor-section-content-middle elementor-section-boxed elementor-section-height-default elementor-section-height-default\" data-id=\"c79a29d\" data-element_type=\"section\">\n\t\t\t\t\t\t<div class=\"elementor-container elementor-column-gap-no\">\n\t\t\t\t\t<div class=\"elementor-column elementor-col-50 elementor-top-column elementor-element elementor-element-ec4deda\" data-id=\"ec4deda\" data-element_type=\"column\">\n\t\t\t<div class=\"elementor-widget-wrap elementor-element-populated\">\n\t\t\t\t\t\t<div class=\"elementor-element elementor-element-0dfbf84 elementor-widget-divider--view-line elementor-widget elementor-widget-divider\" data-id=\"0dfbf84\" data-element_type=\"widget\" data-widget_type=\"divider.default\">\n\t\t\t\t<div class=\"elementor-widget-container\">\n\t\t\t\t\t\t\t<div class=\"elementor-divider\">\n\t\t\t<span class=\"elementor-divider-separator\">\n\t\t\t\t\t\t<\/span>\n\t\t<\/div>\n\t\t\t\t\t\t<\/div>\n\t\t\t\t<\/div>\n\t\t\t\t<div class=\"elementor-element elementor-element-f1f4c22 elementor-widget elementor-widget-heading\" data-id=\"f1f4c22\" data-element_type=\"widget\" data-widget_type=\"heading.default\">\n\t\t\t\t<div class=\"elementor-widget-container\">\n\t\t\t\t\t<h2 class=\"elementor-heading-title elementor-size-default\">Our R&amp; D Team<\/h2>\t\t\t\t<\/div>\n\t\t\t\t<\/div>\n\t\t\t\t<div class=\"elementor-element elementor-element-cd5bbaa elementor-widget elementor-widget-text-editor\" data-id=\"cd5bbaa\" data-element_type=\"widget\" data-widget_type=\"text-editor.default\">\n\t\t\t\t<div class=\"elementor-widget-container\">\n\t\t\t\t\t\t\t\t\t<p><span style=\"vertical-align: inherit;\"><span style=\"vertical-align: inherit;\">Movelaser dispose d&#039;une R&amp;D professionnelle, d&#039;un service, d&#039;une \u00e9quipe de direction et de talents exp\u00e9riment\u00e9s dans les applications industrielles. La soci\u00e9t\u00e9 emploie plus de 100 personnes, dont 4 m\u00e9decins, plus de 40 membres du personnel de R&amp;D, la proportion de ma\u00eetres et plus dans le personnel de recherche et d\u00e9veloppement atteint 80%, a exp\u00e9riment\u00e9 des experts seniors en optique, \u00e9lectronique, machines, logiciels, algorithmes de donn\u00e9es et autres directions . La soci\u00e9t\u00e9 a une forte qualit\u00e9 professionnelle, un fort sentiment d&#039;appartenance, une qualit\u00e9 professionnelle exceptionnelle telle que le d\u00e9vouement et la capacit\u00e9 de travail d&#039;\u00e9quipe, et discerne avec pr\u00e9cision la demande du client et la tendance de d\u00e9veloppement de l&#039;industrie internationale de la mesure du vent au laser, qui constitue la garantie de talent du le d\u00e9veloppement continu de l&#039;entreprise et l&#039;innovation scientifique et technologique.<\/span><\/span><\/p><p>Movelaser dirigera l&#039;industrie mondiale du lidar \u00e9olien avec une technologie de pointe, une attitude professionnelle et un excellent service.<\/p>\t\t\t\t\t\t\t\t<\/div>\n\t\t\t\t<\/div>\n\t\t\t\t\t<\/div>\n\t\t<\/div>\n\t\t\t\t<div class=\"elementor-column elementor-col-50 elementor-top-column elementor-element elementor-element-c59473d\" data-id=\"c59473d\" data-element_type=\"column\">\n\t\t\t<div class=\"elementor-widget-wrap elementor-element-populated\">\n\t\t\t\t\t\t<div class=\"elementor-element elementor-element-8467e36 elementor-widget elementor-widget-image\" data-id=\"8467e36\" data-element_type=\"widget\" data-widget_type=\"image.default\">\n\t\t\t\t<div class=\"elementor-widget-container\">\n\t\t\t\t\t\t\t\t\t\t\t\t\t\t\t<img fetchpriority=\"high\" decoding=\"async\" width=\"1536\" height=\"915\" src=\"https:\/\/www.movelaser.eu\/wp-content\/uploads\/2023\/04\/About-Us-our-team-1536x915.jpg\" class=\"attachment-1536x1536 size-1536x1536 wp-image-3107\" alt=\"\" srcset=\"https:\/\/www.movelaser.eu\/wp-content\/uploads\/2023\/04\/About-Us-our-team-1536x915.jpg 1536w, https:\/\/www.movelaser.eu\/wp-content\/uploads\/2023\/04\/About-Us-our-team-300x179.jpg 300w, https:\/\/www.movelaser.eu\/wp-content\/uploads\/2023\/04\/About-Us-our-team-1024x610.jpg 1024w, https:\/\/www.movelaser.eu\/wp-content\/uploads\/2023\/04\/About-Us-our-team-768x458.jpg 768w, https:\/\/www.movelaser.eu\/wp-content\/uploads\/2023\/04\/About-Us-our-team-2048x1220.jpg 2048w, https:\/\/www.movelaser.eu\/wp-content\/uploads\/2023\/04\/About-Us-our-team-18x12.jpg 18w\" sizes=\"(max-width: 1536px) 100vw, 1536px\" \/>\t\t\t\t\t\t\t\t\t\t\t\t\t\t\t<\/div>\n\t\t\t\t<\/div>\n\t\t\t\t\t<\/div>\n\t\t<\/div>\n\t\t\t\t\t<\/div>\n\t\t<\/section>\n\t\t\t\t<section class=\"elementor-section elementor-top-section elementor-element elementor-element-65fd260 elementor-section-boxed elementor-section-height-default elementor-section-height-default\" data-id=\"65fd260\" data-element_type=\"section\">\n\t\t\t\t\t\t<div class=\"elementor-container elementor-column-gap-default\">\n\t\t\t\t\t<div class=\"elementor-column elementor-col-100 elementor-top-column elementor-element elementor-element-80422af\" data-id=\"80422af\" data-element_type=\"column\">\n\t\t\t<div class=\"elementor-widget-wrap elementor-element-populated\">\n\t\t\t\t\t\t<div class=\"elementor-element elementor-element-e82dde1 elementor-widget-divider--view-line elementor-widget elementor-widget-divider\" data-id=\"e82dde1\" data-element_type=\"widget\" data-widget_type=\"divider.default\">\n\t\t\t\t<div class=\"elementor-widget-container\">\n\t\t\t\t\t\t\t<div class=\"elementor-divider\">\n\t\t\t<span class=\"elementor-divider-separator\">\n\t\t\t\t\t\t<\/span>\n\t\t<\/div>\n\t\t\t\t\t\t<\/div>\n\t\t\t\t<\/div>\n\t\t\t\t<div class=\"elementor-element elementor-element-2f52e48 elementor-widget elementor-widget-heading\" data-id=\"2f52e48\" data-element_type=\"widget\" data-widget_type=\"heading.default\">\n\t\t\t\t<div class=\"elementor-widget-container\">\n\t\t\t\t\t<h3 class=\"elementor-heading-title elementor-size-default\">Nos experts cl\u00e9s<\/h3>\t\t\t\t<\/div>\n\t\t\t\t<\/div>\n\t\t\t\t<section class=\"elementor-section elementor-inner-section elementor-element elementor-element-9f1fb43 elementor-section-boxed elementor-section-height-default elementor-section-height-default\" data-id=\"9f1fb43\" data-element_type=\"section\">\n\t\t\t\t\t\t<div class=\"elementor-container elementor-column-gap-default\">\n\t\t\t\t\t<div class=\"elementor-column elementor-col-100 elementor-inner-column elementor-element elementor-element-ccbbc50\" data-id=\"ccbbc50\" data-element_type=\"column\">\n\t\t\t<div class=\"elementor-widget-wrap elementor-element-populated\">\n\t\t\t\t\t\t<div class=\"elementor-element elementor-element-eab4f6b elementor-widget elementor-widget-heading\" data-id=\"eab4f6b\" data-element_type=\"widget\" data-widget_type=\"heading.default\">\n\t\t\t\t<div class=\"elementor-widget-container\">\n\t\t\t\t\t<h2 class=\"elementor-heading-title elementor-size-default\">Dr Jun Zhou<\/h2>\t\t\t\t<\/div>\n\t\t\t\t<\/div>\n\t\t\t\t<div class=\"elementor-element elementor-element-699c0cd elementor-widget elementor-widget-image\" data-id=\"699c0cd\" data-element_type=\"widget\" data-widget_type=\"image.default\">\n\t\t\t\t<div class=\"elementor-widget-container\">\n\t\t\t\t\t\t\t\t\t\t\t\t\t\t\t<img decoding=\"async\" data-src=\"https:\/\/www.movelaser.eu\/wp-content\/uploads\/elementor\/thumbs\/Zhou-Jun-q2c594y2hj9ypq4vrfj1bfnpeszplhimffwkko5edc.jpg\" title=\"Zhou juin\" alt=\"Zhou Jun\" src=\"data:image\/svg+xml;base64,PHN2ZyB3aWR0aD0iMSIgaGVpZ2h0PSIxIiB4bWxucz0iaHR0cDovL3d3dy53My5vcmcvMjAwMC9zdmciPjwvc3ZnPg==\" class=\"lazyload\" style=\"--smush-placeholder-width: 151px; --smush-placeholder-aspect-ratio: 151\/220;\" \/>\t\t\t\t\t\t\t\t\t\t\t\t\t\t\t<\/div>\n\t\t\t\t<\/div>\n\t\t\t\t<div class=\"elementor-element elementor-element-63bed66 elementor-widget elementor-widget-text-editor\" data-id=\"63bed66\" data-element_type=\"widget\" data-widget_type=\"text-editor.default\">\n\t\t\t\t<div class=\"elementor-widget-container\">\n\t\t\t\t\t\t\t\t\t<p>\u00a0le fondateur de Movelaser, est le membre principal de l&#039;Institut d&#039;optique et de m\u00e9canique fine de Shanghai, Acad\u00e9mie chinoise des sciences. Il est actuellement directeur du All-Solid Laser Center de l&#039;Institut de recherche sur la technologie laser avanc\u00e9e de Nanjing. Il a une formation dans le domaine de la technologie laser post-doctorale de l&#039;Acad\u00e9mie chinoise des sciences et de l&#039;Universit\u00e9 de Stanford. Le laser puls\u00e9 \u00e0 fr\u00e9quence unique haute \u00e9nergie du v\u00e9hicule et la sortie harmonique \u00e0 fr\u00e9quence unique \u00e0 532 nm et 355 nm comblent les lacunes dans le domaine domestique et poss\u00e8dent une solide exp\u00e9rience technique dans le d\u00e9veloppement de lasers \u00e0 semi-conducteurs et de leurs syst\u00e8mes d&#039;application. Les membres de l&#039;\u00e9quipe de la soci\u00e9t\u00e9 proviennent principalement de l&#039;Institut d&#039;optique et de m\u00e9canique fine de Shanghai, de l&#039;Acad\u00e9mie chinoise des sciences, de l&#039;Institut de recherche sur la technologie laser avanc\u00e9e de Nanjing, des \u00c9tats-Unis et de la Grande-Bretagne Haigui et d&#039;autres v\u00e9t\u00e9rans de l&#039;industrie. Parmi les plus de 20 \u00e9quipes de recherche et d\u00e9veloppement, il y a 4 docteurs, 80% de ma\u00eetrise et plus, y compris l&#039;optique, l&#039;\u00e9lectricit\u00e9, les machines, les logiciels et les donn\u00e9es, tous ont des ing\u00e9nieurs exp\u00e9riment\u00e9s et exp\u00e9riment\u00e9s dans l&#039;industrie. Ils ont d&#039;excellentes qualit\u00e9s professionnelles, un fort sentiment d&#039;appartenance, un fort esprit d&#039;\u00e9quipe et un fort d\u00e9vouement. Ils constituent la garantie des talents pour le d\u00e9veloppement durable et l&#039;innovation technologique de l&#039;entreprise.<\/p>\t\t\t\t\t\t\t\t<\/div>\n\t\t\t\t<\/div>\n\t\t\t\t\t<\/div>\n\t\t<\/div>\n\t\t\t\t\t<\/div>\n\t\t<\/section>\n\t\t\t\t\t<\/div>\n\t\t<\/div>\n\t\t\t\t\t<\/div>\n\t\t<\/section>\n\t\t\t\t<\/div>","protected":false},"excerpt":{"rendered":"<p>Nanjing Movelaser Technology Co., Ltd We are a trustworthy LiDAR supplier in China, and one of the world&#8217;s largest wind lidar OEM. Our R&#038; D Team Movelaser has professional R&amp;D, service, management team and experienced industrial application talents. The company employs more than 100 people, including 4 doctors, more than 40 R&amp;D personnel,the proportion of &hellip;<\/p>\n<p class=\"read-more\"> <a class=\"\" href=\"https:\/\/www.movelaser.eu\/fr\/our-team\/\"> <span class=\"screen-reader-text\">Notre \u00e9quipe<\/span> Lire la suite\u00a0\u00bb<\/a><\/p>","protected":false},"author":1,"featured_media":0,"parent":0,"menu_order":0,"comment_status":"closed","ping_status":"closed","template":"","meta":{"_monsterinsights_skip_tracking":false,"_monsterinsights_sitenote_active":false,"_monsterinsights_sitenote_note":"","_monsterinsights_sitenote_category":0,"site-sidebar-layout":"no-sidebar","site-content-layout":"page-builder","ast-main-header-display":"","ast-hfb-above-header-display":"","ast-hfb-below-header-display":"","ast-hfb-mobile-header-display":"","site-post-title":"disabled","ast-breadcrumbs-content":"disabled","ast-featured-img":"disabled","footer-sml-layout":"","theme-transparent-header-meta":"enabled","adv-header-id-meta":"","stick-header-meta":"","header-above-stick-meta":"","header-main-stick-meta":"","header-below-stick-meta":"","footnotes":""},"class_list":["post-1213","page","type-page","status-publish","hentry"],"_links":{"self":[{"href":"https:\/\/www.movelaser.eu\/fr\/wp-json\/wp\/v2\/pages\/1213","targetHints":{"allow":["GET"]}}],"collection":[{"href":"https:\/\/www.movelaser.eu\/fr\/wp-json\/wp\/v2\/pages"}],"about":[{"href":"https:\/\/www.movelaser.eu\/fr\/wp-json\/wp\/v2\/types\/page"}],"author":[{"embeddable":true,"href":"https:\/\/www.movelaser.eu\/fr\/wp-json\/wp\/v2\/users\/1"}],"replies":[{"embeddable":true,"href":"https:\/\/www.movelaser.eu\/fr\/wp-json\/wp\/v2\/comments?post=1213"}],"version-history":[{"count":3,"href":"https:\/\/www.movelaser.eu\/fr\/wp-json\/wp\/v2\/pages\/1213\/revisions"}],"predecessor-version":[{"id":3111,"href":"https:\/\/www.movelaser.eu\/fr\/wp-json\/wp\/v2\/pages\/1213\/revisions\/3111"}],"wp:attachment":[{"href":"https:\/\/www.movelaser.eu\/fr\/wp-json\/wp\/v2\/media?parent=1213"}],"curies":[{"name":"wp","href":"https:\/\/api.w.org\/{rel}","templated":true}]}}