{"id":1988,"date":"2021-12-22T09:08:50","date_gmt":"2021-12-22T01:08:50","guid":{"rendered":"https:\/\/movelasers.com\/?page_id=1988"},"modified":"2021-12-22T09:18:46","modified_gmt":"2021-12-22T01:18:46","slug":"20210508-molas-b300-acquired-dnv-gl-type-specific-classification","status":"publish","type":"page","link":"https:\/\/www.movelaser.eu\/es\/news\/20210508-molas-b300-acquired-dnv-gl-type-specific-classification\/","title":{"rendered":"20210508 \u2013 Molas B300 adquiri\u00f3 la clasificaci\u00f3n espec\u00edfica de tipo DNV-GL"},"content":{"rendered":"<div data-elementor-type=\"wp-page\" data-elementor-id=\"1988\" class=\"elementor elementor-1988\">\n\t\t\t\t\t\t<section class=\"elementor-section elementor-top-section elementor-element elementor-element-6952cf8 elementor-section-height-min-height elementor-section-boxed elementor-section-height-default elementor-section-items-middle\" data-id=\"6952cf8\" data-element_type=\"section\" data-settings=\"{&quot;background_background&quot;:&quot;slideshow&quot;,&quot;background_slideshow_gallery&quot;:[{&quot;id&quot;:1036,&quot;url&quot;:&quot;https:\\\/\\\/movelasers.com\\\/wp-content\\\/uploads\\\/2021\\\/12\\\/3.jpg&quot;},{&quot;id&quot;:1039,&quot;url&quot;:&quot;https:\\\/\\\/movelasers.com\\\/wp-content\\\/uploads\\\/2021\\\/12\\\/6.jpg&quot;},{&quot;id&quot;:1045,&quot;url&quot;:&quot;https:\\\/\\\/movelasers.com\\\/wp-content\\\/uploads\\\/2021\\\/12\\\/\\ufffd\\ufffd\\ufffd\\ufffdDHA-00-KS8-2-\\ufffd\\ufffd\\ufffd-5.6.png&quot;},{&quot;id&quot;:1034,&quot;url&quot;:&quot;https:\\\/\\\/movelasers.com\\\/wp-content\\\/uploads\\\/2021\\\/12\\\/1.jpg&quot;}],&quot;background_slideshow_ken_burns&quot;:&quot;yes&quot;,&quot;background_slideshow_loop&quot;:&quot;yes&quot;,&quot;background_slideshow_slide_duration&quot;:5000,&quot;background_slideshow_slide_transition&quot;:&quot;fade&quot;,&quot;background_slideshow_transition_duration&quot;:500,&quot;background_slideshow_ken_burns_zoom_direction&quot;:&quot;in&quot;}\">\n\t\t\t\t\t\t\t<div class=\"elementor-background-overlay\"><\/div>\n\t\t\t\t\t\t\t<div class=\"elementor-container elementor-column-gap-no\">\n\t\t\t\t\t<div class=\"elementor-column elementor-col-100 elementor-top-column elementor-element elementor-element-4c6db26\" data-id=\"4c6db26\" data-element_type=\"column\">\n\t\t\t<div class=\"elementor-widget-wrap elementor-element-populated\">\n\t\t\t\t\t\t<div class=\"elementor-element elementor-element-558ce53 elementor-widget elementor-widget-heading\" data-id=\"558ce53\" data-element_type=\"widget\" data-widget_type=\"heading.default\">\n\t\t\t\t<div class=\"elementor-widget-container\">\n\t\t\t\t\t<h1 class=\"elementor-heading-title elementor-size-default\">Centro de noticias Movelaser<\/h1>\t\t\t\t<\/div>\n\t\t\t\t<\/div>\n\t\t\t\t<div class=\"elementor-element elementor-element-628c3d6 elementor-widget-divider--view-line elementor-widget elementor-widget-divider\" data-id=\"628c3d6\" data-element_type=\"widget\" data-widget_type=\"divider.default\">\n\t\t\t\t<div class=\"elementor-widget-container\">\n\t\t\t\t\t\t\t<div class=\"elementor-divider\">\n\t\t\t<span class=\"elementor-divider-separator\">\n\t\t\t\t\t\t<\/span>\n\t\t<\/div>\n\t\t\t\t\t\t<\/div>\n\t\t\t\t<\/div>\n\t\t\t\t\t<\/div>\n\t\t<\/div>\n\t\t\t\t\t<\/div>\n\t\t<\/section>\n\t\t\t\t<section class=\"elementor-section elementor-top-section elementor-element elementor-element-4c00deb elementor-section-boxed elementor-section-height-default elementor-section-height-default\" data-id=\"4c00deb\" data-element_type=\"section\" data-settings=\"{&quot;background_background&quot;:&quot;classic&quot;}\">\n\t\t\t\t\t\t<div class=\"elementor-container elementor-column-gap-default\">\n\t\t\t\t\t<div class=\"elementor-column elementor-col-100 elementor-top-column elementor-element elementor-element-91186d7\" data-id=\"91186d7\" data-element_type=\"column\">\n\t\t\t<div class=\"elementor-widget-wrap elementor-element-populated\">\n\t\t\t\t\t\t<div class=\"elementor-element elementor-element-dbbfde0 elementor-widget elementor-widget-heading\" data-id=\"dbbfde0\" data-element_type=\"widget\" data-widget_type=\"heading.default\">\n\t\t\t\t<div class=\"elementor-widget-container\">\n\t\t\t\t\t<h2 class=\"elementor-heading-title elementor-size-default\">Molas B300 adquiri\u00f3 la clasificaci\u00f3n espec\u00edfica de tipo DNV-GL<\/h2>\t\t\t\t<\/div>\n\t\t\t\t<\/div>\n\t\t\t\t<div class=\"elementor-element elementor-element-bb7801e elementor-widget-divider--view-line elementor-widget elementor-widget-divider\" data-id=\"bb7801e\" data-element_type=\"widget\" data-widget_type=\"divider.default\">\n\t\t\t\t<div class=\"elementor-widget-container\">\n\t\t\t\t\t\t\t<div class=\"elementor-divider\">\n\t\t\t<span class=\"elementor-divider-separator\">\n\t\t\t\t\t\t<\/span>\n\t\t<\/div>\n\t\t\t\t\t\t<\/div>\n\t\t\t\t<\/div>\n\t\t\t\t<div class=\"elementor-element elementor-element-a8faea8 elementor-widget elementor-widget-text-editor\" data-id=\"a8faea8\" data-element_type=\"widget\" data-widget_type=\"text-editor.default\">\n\t\t\t\t<div class=\"elementor-widget-container\">\n\t\t\t\t\t\t\t\t\t<p>2021-05-08<\/p>\t\t\t\t\t\t\t\t<\/div>\n\t\t\t\t<\/div>\n\t\t\t\t<div class=\"elementor-element elementor-element-2704f02 elementor-widget elementor-widget-text-editor\" data-id=\"2704f02\" data-element_type=\"widget\" data-widget_type=\"text-editor.default\">\n\t\t\t\t<div class=\"elementor-widget-container\">\n\t\t\t\t\t\t\t\t\t<p><span style=\"vertical-align: inherit;\"><span style=\"vertical-align: inherit;\">En abril de 2021, DNVGL proporcion\u00f3 el informe final de prueba de clasificaci\u00f3n espec\u00edfica de tipo (clasificaci\u00f3n espec\u00edfica de tipo) para el lidar de medici\u00f3n de viento Molas B300 de Nanjing Movelaser Technology Co., Ltd. Molas B300 se ha convertido en el primer y \u00fanico lidar e\u00f3lico fabricado en China que ha completado los requisitos de prueba de clasificaci\u00f3n especificados por IEC61400-12-1.<\/span><\/span><\/p>\t\t\t\t\t\t\t\t<\/div>\n\t\t\t\t<\/div>\n\t\t\t\t<div class=\"elementor-element elementor-element-1f0a1d2 elementor-widget elementor-widget-text-editor\" data-id=\"1f0a1d2\" data-element_type=\"widget\" data-widget_type=\"text-editor.default\">\n\t\t\t\t<div class=\"elementor-widget-container\">\n\t\t\t\t\t\t\t\t\t<p><span style=\"vertical-align: inherit;\"><span style=\"vertical-align: inherit;\">La prueba completa dur\u00f3 casi un a\u00f1o, durante el cual DNVGL y Movelaser superaron conjuntamente el impacto de la epidemia y completaron con \u00e9xito las tres etapas de prueba requeridas por la prueba de clasificaci\u00f3n. Durante la prueba, un total de dos lidars de viento Molas B300 se sometieron a rigurosas pruebas en las bases de prueba de DNVGL en Hamburgo y Janneby en Alemania.<\/span><\/span><\/p>\t\t\t\t\t\t\t\t<\/div>\n\t\t\t\t<\/div>\n\t\t\t\t<div class=\"elementor-element elementor-element-c6107c3 elementor-widget elementor-widget-image\" data-id=\"c6107c3\" data-element_type=\"widget\" data-widget_type=\"image.default\">\n\t\t\t\t<div class=\"elementor-widget-container\">\n\t\t\t\t\t\t\t\t\t\t\t\t\t\t\t<img fetchpriority=\"high\" decoding=\"async\" width=\"277\" height=\"324\" src=\"https:\/\/www.movelaser.eu\/wp-content\/uploads\/2021\/12\/1620452541681183.png\" class=\"elementor-animation-grow attachment-large size-large wp-image-1992\" alt=\"\" srcset=\"https:\/\/www.movelaser.eu\/wp-content\/uploads\/2021\/12\/1620452541681183.png 277w, https:\/\/www.movelaser.eu\/wp-content\/uploads\/2021\/12\/1620452541681183-256x300.png 256w\" sizes=\"(max-width: 277px) 100vw, 277px\" \/>\t\t\t\t\t\t\t\t\t\t\t\t\t\t\t<\/div>\n\t\t\t\t<\/div>\n\t\t\t\t<div class=\"elementor-element elementor-element-290031e elementor-widget elementor-widget-text-editor\" data-id=\"290031e\" data-element_type=\"widget\" data-widget_type=\"text-editor.default\">\n\t\t\t\t<div class=\"elementor-widget-container\">\n\t\t\t\t\t\t\t\t\t<p><span style=\"vertical-align: inherit;\"><span style=\"vertical-align: inherit;\">De acuerdo con la norma IEC 61400-12-1, la prueba de clasificaci\u00f3n de equipos requiere que se prueben al menos dos unidades de equipo en dos sitios diferentes, y se debe implementar al menos una unidad de equipo en dos sitios, lo que requiere que cada tipo tenga al menos tres se llevar\u00e1n a cabo las etapas del ensayo de clasificaci\u00f3n. En respuesta a los requisitos est\u00e1ndar, Movelaser envi\u00f3 dos Molas B300 a Alemania para participar en la prueba. El dispositivo A se prob\u00f3 en Hamburgo durante 3 meses, Janneby se prob\u00f3 durante casi 4 meses y el dispositivo B se prob\u00f3 en Janneby durante 4 meses.<\/span><\/span><\/p>\t\t\t\t\t\t\t\t<\/div>\n\t\t\t\t<\/div>\n\t\t\t\t<div class=\"elementor-element elementor-element-cdf2982 elementor-widget elementor-widget-text-editor\" data-id=\"cdf2982\" data-element_type=\"widget\" data-widget_type=\"text-editor.default\">\n\t\t\t\t<div class=\"elementor-widget-container\">\n\t\t\t\t\t\t\t\t\t<p><span style=\"vertical-align: inherit;\"><span style=\"vertical-align: inherit;\">La prueba de clasificaci\u00f3n es para evaluar la influencia de los par\u00e1metros ambientales (incluido el gradiente de temperatura, la temperatura, la direcci\u00f3n del viento, la intensidad de la turbulencia, la tasa de cambio de la direcci\u00f3n del viento, la lluvia, el \u00e1ngulo de entrada) en la precisi\u00f3n de la medici\u00f3n del lidar del viento. Los resultados de las pruebas muestran que Molas B300 est\u00e1 en un nivel relativamente excelente. Las pruebas de clasificaci\u00f3n ayudan a los clientes a tener una comprensi\u00f3n m\u00e1s profunda del rendimiento de medici\u00f3n de Molas B300 y brindan orientaci\u00f3n para que los clientes usen Molas B300 para la evaluaci\u00f3n de recursos e\u00f3licos, pruebas de curvas de potencia, predicci\u00f3n de potencia y otros fines. El informe de prueba de clasificaci\u00f3n tambi\u00e9n se puede utilizar como una base importante para los pr\u00e9stamos bancarios cuando los clientes nacionales y extranjeros desarrollan nuevos proyectos.<\/span><\/span><\/p>\t\t\t\t\t\t\t\t<\/div>\n\t\t\t\t<\/div>\n\t\t\t\t<div class=\"elementor-element elementor-element-af2960e elementor-widget elementor-widget-text-editor\" data-id=\"af2960e\" data-element_type=\"widget\" data-widget_type=\"text-editor.default\">\n\t\t\t\t<div class=\"elementor-widget-container\">\n\t\t\t\t\t\t\t\t\t<p><font style=\"vertical-align: inherit;\"><font style=\"vertical-align: inherit;\">Antes de la prueba de clasificaci\u00f3n, el lidar de viento Molas B300 obtuvo el informe de prueba comparativa DNVGL (Verificaci\u00f3n), el resultado es muy bueno y est\u00e1 en el nivel l\u00edder internacional. Desde 2016, Molas B300 ha obtenido sucesivamente m\u00faltiples informes de prueba de WindGuard alem\u00e1n, DTU dan\u00e9s, DNVGL alem\u00e1n y CGC nacional.<\/font><\/font><\/p>\t\t\t\t\t\t\t\t<\/div>\n\t\t\t\t<\/div>\n\t\t\t\t<div class=\"elementor-element elementor-element-8eaf7a1 elementor-widget elementor-widget-image\" data-id=\"8eaf7a1\" data-element_type=\"widget\" data-widget_type=\"image.default\">\n\t\t\t\t<div class=\"elementor-widget-container\">\n\t\t\t\t\t\t\t\t\t\t\t\t\t\t\t<img decoding=\"async\" width=\"913\" height=\"770\" data-src=\"https:\/\/www.movelaser.eu\/wp-content\/uploads\/2021\/12\/1620452552815862.png\" class=\"elementor-animation-grow attachment-large size-large wp-image-1991 lazyload\" alt=\"\" data-srcset=\"https:\/\/www.movelaser.eu\/wp-content\/uploads\/2021\/12\/1620452552815862.png 913w, https:\/\/www.movelaser.eu\/wp-content\/uploads\/2021\/12\/1620452552815862-300x253.png 300w, https:\/\/www.movelaser.eu\/wp-content\/uploads\/2021\/12\/1620452552815862-768x648.png 768w, https:\/\/www.movelaser.eu\/wp-content\/uploads\/2021\/12\/1620452552815862-600x506.png 600w\" data-sizes=\"(max-width: 913px) 100vw, 913px\" src=\"data:image\/svg+xml;base64,PHN2ZyB3aWR0aD0iMSIgaGVpZ2h0PSIxIiB4bWxucz0iaHR0cDovL3d3dy53My5vcmcvMjAwMC9zdmciPjwvc3ZnPg==\" style=\"--smush-placeholder-width: 913px; --smush-placeholder-aspect-ratio: 913\/770;\" \/>\t\t\t\t\t\t\t\t\t\t\t\t\t\t\t<\/div>\n\t\t\t\t<\/div>\n\t\t\t\t<div class=\"elementor-element elementor-element-56689ce elementor-widget elementor-widget-text-editor\" data-id=\"56689ce\" data-element_type=\"widget\" data-widget_type=\"text-editor.default\">\n\t\t\t\t<div class=\"elementor-widget-container\">\n\t\t\t\t\t\t\t\t\t<p>Resultado de la comparaci\u00f3n Molas B300 @DNVGL<\/p>\t\t\t\t\t\t\t\t<\/div>\n\t\t\t\t<\/div>\n\t\t\t\t\t<\/div>\n\t\t<\/div>\n\t\t\t\t\t<\/div>\n\t\t<\/section>\n\t\t\t\t<\/div>","protected":false},"excerpt":{"rendered":"<p>Movelaser News Center Molas B300 acquired DNV-GL Type-specific Classification 2021-05-08 In April 2021, DNVGL provided the final type-specific classification test report (Type-specific Classsification) for Nanjing Movelaser Technology Co., Ltd. Molas B300 wind measurement lidar. Molas B300 has become the first and only wind lidar made in China that has completed the classification test requirements specified &hellip;<\/p>\n<p class=\"read-more\"> <a class=\"\" href=\"https:\/\/www.movelaser.eu\/es\/news\/20210508-molas-b300-acquired-dnv-gl-type-specific-classification\/\"> <span class=\"screen-reader-text\">20210508 \u2013 Molas B300 adquiri\u00f3 la clasificaci\u00f3n espec\u00edfica de tipo DNV-GL<\/span> Leer m\u00e1s \u00bb<\/a><\/p>","protected":false},"author":1,"featured_media":0,"parent":1935,"menu_order":0,"comment_status":"closed","ping_status":"closed","template":"","meta":{"_monsterinsights_skip_tracking":false,"_monsterinsights_sitenote_active":false,"_monsterinsights_sitenote_note":"","_monsterinsights_sitenote_category":0,"site-sidebar-layout":"no-sidebar","site-content-layout":"page-builder","ast-main-header-display":"","ast-hfb-above-header-display":"","ast-hfb-below-header-display":"","ast-hfb-mobile-header-display":"","site-post-title":"disabled","ast-breadcrumbs-content":"disabled","ast-featured-img":"disabled","footer-sml-layout":"","theme-transparent-header-meta":"enabled","adv-header-id-meta":"","stick-header-meta":"","header-above-stick-meta":"","header-main-stick-meta":"","header-below-stick-meta":"","footnotes":""},"class_list":["post-1988","page","type-page","status-publish","hentry"],"_links":{"self":[{"href":"https:\/\/www.movelaser.eu\/es\/wp-json\/wp\/v2\/pages\/1988","targetHints":{"allow":["GET"]}}],"collection":[{"href":"https:\/\/www.movelaser.eu\/es\/wp-json\/wp\/v2\/pages"}],"about":[{"href":"https:\/\/www.movelaser.eu\/es\/wp-json\/wp\/v2\/types\/page"}],"author":[{"embeddable":true,"href":"https:\/\/www.movelaser.eu\/es\/wp-json\/wp\/v2\/users\/1"}],"replies":[{"embeddable":true,"href":"https:\/\/www.movelaser.eu\/es\/wp-json\/wp\/v2\/comments?post=1988"}],"version-history":[{"count":0,"href":"https:\/\/www.movelaser.eu\/es\/wp-json\/wp\/v2\/pages\/1988\/revisions"}],"up":[{"embeddable":true,"href":"https:\/\/www.movelaser.eu\/es\/wp-json\/wp\/v2\/pages\/1935"}],"wp:attachment":[{"href":"https:\/\/www.movelaser.eu\/es\/wp-json\/wp\/v2\/media?parent=1988"}],"curies":[{"name":"wp","href":"https:\/\/api.w.org\/{rel}","templated":true}]}}