{"id":1945,"date":"2021-12-22T08:29:03","date_gmt":"2021-12-22T00:29:03","guid":{"rendered":"https:\/\/movelasers.com\/?page_id=1945"},"modified":"2021-12-22T08:40:54","modified_gmt":"2021-12-22T00:40:54","slug":"20201113-movelaser-to-attend-the-3rd-offshore-wind-asia-summit","status":"publish","type":"page","link":"https:\/\/www.movelaser.eu\/es\/news\/20201113-movelaser-to-attend-the-3rd-offshore-wind-asia-summit\/","title":{"rendered":"20201113 \u2013 Movelaser asistir\u00e1 a la \u201c3ra Cumbre E\u00f3lica Marina de Asia\u201d"},"content":{"rendered":"<div data-elementor-type=\"wp-page\" data-elementor-id=\"1945\" class=\"elementor elementor-1945\">\n\t\t\t\t\t\t<section class=\"elementor-section elementor-top-section elementor-element elementor-element-6952cf8 elementor-section-height-min-height elementor-section-boxed elementor-section-height-default elementor-section-items-middle\" data-id=\"6952cf8\" data-element_type=\"section\" data-settings=\"{&quot;background_background&quot;:&quot;slideshow&quot;,&quot;background_slideshow_gallery&quot;:[{&quot;id&quot;:1953,&quot;url&quot;:&quot;https:\\\/\\\/movelasers.com\\\/wp-content\\\/uploads\\\/2021\\\/12\\\/1610955847145443.png&quot;},{&quot;id&quot;:1952,&quot;url&quot;:&quot;https:\\\/\\\/movelasers.com\\\/wp-content\\\/uploads\\\/2021\\\/12\\\/1610955816135283.png&quot;},{&quot;id&quot;:1951,&quot;url&quot;:&quot;https:\\\/\\\/movelasers.com\\\/wp-content\\\/uploads\\\/2021\\\/12\\\/1610955797441359.png&quot;},{&quot;id&quot;:1950,&quot;url&quot;:&quot;https:\\\/\\\/movelasers.com\\\/wp-content\\\/uploads\\\/2021\\\/12\\\/1610955784479821.png&quot;}],&quot;background_slideshow_ken_burns&quot;:&quot;yes&quot;,&quot;background_slideshow_loop&quot;:&quot;yes&quot;,&quot;background_slideshow_slide_duration&quot;:5000,&quot;background_slideshow_slide_transition&quot;:&quot;fade&quot;,&quot;background_slideshow_transition_duration&quot;:500,&quot;background_slideshow_ken_burns_zoom_direction&quot;:&quot;in&quot;}\">\n\t\t\t\t\t\t\t<div class=\"elementor-background-overlay\"><\/div>\n\t\t\t\t\t\t\t<div class=\"elementor-container elementor-column-gap-no\">\n\t\t\t\t\t<div class=\"elementor-column elementor-col-100 elementor-top-column elementor-element elementor-element-4c6db26\" data-id=\"4c6db26\" data-element_type=\"column\">\n\t\t\t<div class=\"elementor-widget-wrap elementor-element-populated\">\n\t\t\t\t\t\t<div class=\"elementor-element elementor-element-558ce53 elementor-widget elementor-widget-heading\" data-id=\"558ce53\" data-element_type=\"widget\" data-widget_type=\"heading.default\">\n\t\t\t\t<div class=\"elementor-widget-container\">\n\t\t\t\t\t<h1 class=\"elementor-heading-title elementor-size-default\">Centro de noticias Movelaser<\/h1>\t\t\t\t<\/div>\n\t\t\t\t<\/div>\n\t\t\t\t<div class=\"elementor-element elementor-element-628c3d6 elementor-widget-divider--view-line elementor-widget elementor-widget-divider\" data-id=\"628c3d6\" data-element_type=\"widget\" data-widget_type=\"divider.default\">\n\t\t\t\t<div class=\"elementor-widget-container\">\n\t\t\t\t\t\t\t<div class=\"elementor-divider\">\n\t\t\t<span class=\"elementor-divider-separator\">\n\t\t\t\t\t\t<\/span>\n\t\t<\/div>\n\t\t\t\t\t\t<\/div>\n\t\t\t\t<\/div>\n\t\t\t\t\t<\/div>\n\t\t<\/div>\n\t\t\t\t\t<\/div>\n\t\t<\/section>\n\t\t\t\t<section class=\"elementor-section elementor-top-section elementor-element elementor-element-4c00deb elementor-section-boxed elementor-section-height-default elementor-section-height-default\" data-id=\"4c00deb\" data-element_type=\"section\" data-settings=\"{&quot;background_background&quot;:&quot;classic&quot;}\">\n\t\t\t\t\t\t<div class=\"elementor-container elementor-column-gap-default\">\n\t\t\t\t\t<div class=\"elementor-column elementor-col-100 elementor-top-column elementor-element elementor-element-91186d7\" data-id=\"91186d7\" data-element_type=\"column\">\n\t\t\t<div class=\"elementor-widget-wrap elementor-element-populated\">\n\t\t\t\t\t\t<div class=\"elementor-element elementor-element-dbbfde0 elementor-widget elementor-widget-heading\" data-id=\"dbbfde0\" data-element_type=\"widget\" data-widget_type=\"heading.default\">\n\t\t\t\t<div class=\"elementor-widget-container\">\n\t\t\t\t\t<h2 class=\"elementor-heading-title elementor-size-default\">Movelaser asisti\u00f3 a la &quot;3rd Offshore Wind Asia Summit&quot;<\/h2>\t\t\t\t<\/div>\n\t\t\t\t<\/div>\n\t\t\t\t<div class=\"elementor-element elementor-element-bb7801e elementor-widget-divider--view-line elementor-widget elementor-widget-divider\" data-id=\"bb7801e\" data-element_type=\"widget\" data-widget_type=\"divider.default\">\n\t\t\t\t<div class=\"elementor-widget-container\">\n\t\t\t\t\t\t\t<div class=\"elementor-divider\">\n\t\t\t<span class=\"elementor-divider-separator\">\n\t\t\t\t\t\t<\/span>\n\t\t<\/div>\n\t\t\t\t\t\t<\/div>\n\t\t\t\t<\/div>\n\t\t\t\t<div class=\"elementor-element elementor-element-a8faea8 elementor-widget elementor-widget-text-editor\" data-id=\"a8faea8\" data-element_type=\"widget\" data-widget_type=\"text-editor.default\">\n\t\t\t\t<div class=\"elementor-widget-container\">\n\t\t\t\t\t\t\t\t\t<p>2020-11-13<\/p>\t\t\t\t\t\t\t\t<\/div>\n\t\t\t\t<\/div>\n\t\t\t\t<div class=\"elementor-element elementor-element-290031e elementor-widget elementor-widget-text-editor\" data-id=\"290031e\" data-element_type=\"widget\" data-widget_type=\"text-editor.default\">\n\t\t\t\t<div class=\"elementor-widget-container\">\n\t\t\t\t\t\t\t\t\t<p>Los d\u00edas 13 y 14 de noviembre de 2020 se celebr\u00f3 en Shangh\u00e1i la 3.\u00aa Cumbre E\u00f3lica Marina de Asia (OWA2020). Nanjing Movelaser Co., Ltd. (en adelante, Movelaser) fue invitada a asistir y pronunci\u00f3 un discurso en la cumbre. OWA2020 est\u00e1 organizado por el Instituto de Investigaci\u00f3n de la Industria de Decisiones de Guoxin y Asia Offshore Wing Energy Focus, y est\u00e1 coorganizado por European Offshore Wind, Asia Wind Energy Association y Global Floating Association. M\u00e1s de 300 desarrolladores de energ\u00eda e\u00f3lica marina, OEM de turbinas e\u00f3licas, contratistas de EPC, institutos de dise\u00f1o y exploraci\u00f3n, fabricantes de piezas, construcci\u00f3n e instalaci\u00f3n, gobiernos locales y la Administraci\u00f3n Nacional de Energ\u00eda asistieron al evento para hablar sobre las plantas de energ\u00eda e\u00f3lica marina en m\u00faltiples dimensiones. , promover conjuntamente el desarrollo saludable y sostenible de la energ\u00eda e\u00f3lica marina.<\/p>\t\t\t\t\t\t\t\t<\/div>\n\t\t\t\t<\/div>\n\t\t\t\t<div class=\"elementor-element elementor-element-8eaf7a1 elementor-widget elementor-widget-image\" data-id=\"8eaf7a1\" data-element_type=\"widget\" data-widget_type=\"image.default\">\n\t\t\t\t<div class=\"elementor-widget-container\">\n\t\t\t\t\t\t\t\t\t\t\t\t\t\t\t<img fetchpriority=\"high\" decoding=\"async\" width=\"819\" height=\"559\" src=\"https:\/\/www.movelaser.eu\/wp-content\/uploads\/2021\/12\/1610955784479821.png\" class=\"elementor-animation-grow attachment-large size-large wp-image-1950\" alt=\"\" srcset=\"https:\/\/www.movelaser.eu\/wp-content\/uploads\/2021\/12\/1610955784479821.png 819w, https:\/\/www.movelaser.eu\/wp-content\/uploads\/2021\/12\/1610955784479821-300x205.png 300w, https:\/\/www.movelaser.eu\/wp-content\/uploads\/2021\/12\/1610955784479821-768x524.png 768w, https:\/\/www.movelaser.eu\/wp-content\/uploads\/2021\/12\/1610955784479821-600x410.png 600w\" sizes=\"(max-width: 819px) 100vw, 819px\" \/>\t\t\t\t\t\t\t\t\t\t\t\t\t\t\t<\/div>\n\t\t\t\t<\/div>\n\t\t\t\t<div class=\"elementor-element elementor-element-e632f43 elementor-widget elementor-widget-image\" data-id=\"e632f43\" data-element_type=\"widget\" data-widget_type=\"image.default\">\n\t\t\t\t<div class=\"elementor-widget-container\">\n\t\t\t\t\t\t\t\t\t\t\t\t\t\t\t<img decoding=\"async\" width=\"820\" height=\"581\" data-src=\"https:\/\/www.movelaser.eu\/wp-content\/uploads\/2021\/12\/1610955797441359.png\" class=\"elementor-animation-grow attachment-large size-large wp-image-1951 lazyload\" alt=\"\" data-srcset=\"https:\/\/www.movelaser.eu\/wp-content\/uploads\/2021\/12\/1610955797441359.png 820w, https:\/\/www.movelaser.eu\/wp-content\/uploads\/2021\/12\/1610955797441359-300x213.png 300w, https:\/\/www.movelaser.eu\/wp-content\/uploads\/2021\/12\/1610955797441359-768x544.png 768w, https:\/\/www.movelaser.eu\/wp-content\/uploads\/2021\/12\/1610955797441359-600x425.png 600w\" data-sizes=\"(max-width: 820px) 100vw, 820px\" src=\"data:image\/svg+xml;base64,PHN2ZyB3aWR0aD0iMSIgaGVpZ2h0PSIxIiB4bWxucz0iaHR0cDovL3d3dy53My5vcmcvMjAwMC9zdmciPjwvc3ZnPg==\" style=\"--smush-placeholder-width: 820px; --smush-placeholder-aspect-ratio: 820\/581;\" \/>\t\t\t\t\t\t\t\t\t\t\t\t\t\t\t<\/div>\n\t\t\t\t<\/div>\n\t\t\t\t<div class=\"elementor-element elementor-element-3efa576 elementor-widget elementor-widget-text-editor\" data-id=\"3efa576\" data-element_type=\"widget\" data-widget_type=\"text-editor.default\">\n\t\t\t\t<div class=\"elementor-widget-container\">\n\t\t\t\t\t\t\t\t\t<p><strong>Soluci\u00f3n inteligente de medici\u00f3n de viento por l\u00e1ser: oportunidades y desaf\u00edos de la energ\u00eda e\u00f3lica marina<\/strong><\/p><p>Zhou Jun, presidente de Movelaser, asisti\u00f3 a la cumbre y public\u00f3 el informe tem\u00e1tico &quot;Soluci\u00f3n inteligente de medici\u00f3n de viento por l\u00e1ser: oportunidades y desaf\u00edos de la energ\u00eda e\u00f3lica marina&quot;. Para resolver las oportunidades y desaf\u00edos de la energ\u00eda e\u00f3lica marina, Movelaser proporciona soluciones inteligentes. para la medici\u00f3n del viento por l\u00e1ser. De acuerdo con las diferentes etapas del proyecto de energ\u00eda e\u00f3lica marina, la versi\u00f3n marina de lidar flotante\/montado en g\u00f3ndola\/basado en tierra se aplica para proporcionar la soluci\u00f3n m\u00e1s econ\u00f3mica y oportuna para la medici\u00f3n del viento. El uso de lidar para medir el viento puede reducir el LCOE, salvar el ciclo del proyecto entre 4 y 6 meses, ayudar a reducir los costos y aumentar la eficiencia de la energ\u00eda e\u00f3lica marina y acelerar la realizaci\u00f3n del precio com\u00fan de la energ\u00eda e\u00f3lica marina.<\/p>\t\t\t\t\t\t\t\t<\/div>\n\t\t\t\t<\/div>\n\t\t\t\t<section class=\"elementor-section elementor-inner-section elementor-element elementor-element-9ecb93f elementor-section-boxed elementor-section-height-default elementor-section-height-default\" data-id=\"9ecb93f\" data-element_type=\"section\">\n\t\t\t\t\t\t<div class=\"elementor-container elementor-column-gap-default\">\n\t\t\t\t\t<div class=\"elementor-column elementor-col-50 elementor-inner-column elementor-element elementor-element-80f3614\" data-id=\"80f3614\" data-element_type=\"column\">\n\t\t\t<div class=\"elementor-widget-wrap elementor-element-populated\">\n\t\t\t\t\t\t<div class=\"elementor-element elementor-element-6ed3eee elementor-widget elementor-widget-heading\" data-id=\"6ed3eee\" data-element_type=\"widget\" data-widget_type=\"heading.default\">\n\t\t\t\t<div class=\"elementor-widget-container\">\n\t\t\t\t\t<h2 class=\"elementor-heading-title elementor-size-default\">El presidente Zhou Jun hizo el informe tem\u00e1tico en la cumbre<\/h2>\t\t\t\t<\/div>\n\t\t\t\t<\/div>\n\t\t\t\t<div class=\"elementor-element elementor-element-d5bd707 elementor-widget-divider--view-line elementor-widget elementor-widget-divider\" data-id=\"d5bd707\" data-element_type=\"widget\" data-widget_type=\"divider.default\">\n\t\t\t\t<div class=\"elementor-widget-container\">\n\t\t\t\t\t\t\t<div class=\"elementor-divider\">\n\t\t\t<span class=\"elementor-divider-separator\">\n\t\t\t\t\t\t<\/span>\n\t\t<\/div>\n\t\t\t\t\t\t<\/div>\n\t\t\t\t<\/div>\n\t\t\t\t\t<\/div>\n\t\t<\/div>\n\t\t\t\t<div class=\"elementor-column elementor-col-50 elementor-inner-column elementor-element elementor-element-734ef07\" data-id=\"734ef07\" data-element_type=\"column\">\n\t\t\t<div class=\"elementor-widget-wrap elementor-element-populated\">\n\t\t\t\t\t\t<div class=\"elementor-element elementor-element-57d3cb5 elementor-widget elementor-widget-image\" data-id=\"57d3cb5\" data-element_type=\"widget\" data-widget_type=\"image.default\">\n\t\t\t\t<div class=\"elementor-widget-container\">\n\t\t\t\t\t\t\t\t\t\t\t\t\t\t\t<img decoding=\"async\" width=\"814\" height=\"582\" data-src=\"https:\/\/www.movelaser.eu\/wp-content\/uploads\/2021\/12\/1610955816135283.png\" class=\"elementor-animation-grow attachment-large size-large wp-image-1952 lazyload\" alt=\"\" data-srcset=\"https:\/\/www.movelaser.eu\/wp-content\/uploads\/2021\/12\/1610955816135283.png 814w, https:\/\/www.movelaser.eu\/wp-content\/uploads\/2021\/12\/1610955816135283-300x214.png 300w, https:\/\/www.movelaser.eu\/wp-content\/uploads\/2021\/12\/1610955816135283-768x549.png 768w, https:\/\/www.movelaser.eu\/wp-content\/uploads\/2021\/12\/1610955816135283-600x429.png 600w\" data-sizes=\"(max-width: 814px) 100vw, 814px\" src=\"data:image\/svg+xml;base64,PHN2ZyB3aWR0aD0iMSIgaGVpZ2h0PSIxIiB4bWxucz0iaHR0cDovL3d3dy53My5vcmcvMjAwMC9zdmciPjwvc3ZnPg==\" style=\"--smush-placeholder-width: 814px; --smush-placeholder-aspect-ratio: 814\/582;\" \/>\t\t\t\t\t\t\t\t\t\t\t\t\t\t\t<\/div>\n\t\t\t\t<\/div>\n\t\t\t\t\t<\/div>\n\t\t<\/div>\n\t\t\t\t\t<\/div>\n\t\t<\/section>\n\t\t\t\t\t<\/div>\n\t\t<\/div>\n\t\t\t\t\t<\/div>\n\t\t<\/section>\n\t\t\t\t<\/div>","protected":false},"excerpt":{"rendered":"<p>Movelaser News Center Movelaser attended the &#8220;3rd Offshore Wind Asia Summit &#8220; 2020-11-13 On November 13th-14th, 2020, the 3rd Offshore Wind Asia Summit (OWA2020) was held in Shanghai.&nbsp;Nanjing Movelaser Co., Ltd. (hereinafter referred to as Movelaser)&nbsp;was invited to attend and gave a speech at the summit. OWA2020 is hosted by the Guoxin Decision Industry Research &hellip;<\/p>\n<p class=\"read-more\"> <a class=\"\" href=\"https:\/\/www.movelaser.eu\/es\/news\/20201113-movelaser-to-attend-the-3rd-offshore-wind-asia-summit\/\"> <span class=\"screen-reader-text\">20201113 \u2013 Movelaser asistir\u00e1 a la \u201c3ra Cumbre E\u00f3lica Marina de Asia\u201d<\/span> Leer m\u00e1s \u00bb<\/a><\/p>","protected":false},"author":1,"featured_media":0,"parent":1935,"menu_order":0,"comment_status":"closed","ping_status":"closed","template":"","meta":{"_monsterinsights_skip_tracking":false,"_monsterinsights_sitenote_active":false,"_monsterinsights_sitenote_note":"","_monsterinsights_sitenote_category":0,"site-sidebar-layout":"no-sidebar","site-content-layout":"page-builder","ast-main-header-display":"","ast-hfb-above-header-display":"","ast-hfb-below-header-display":"","ast-hfb-mobile-header-display":"","site-post-title":"disabled","ast-breadcrumbs-content":"disabled","ast-featured-img":"disabled","footer-sml-layout":"","theme-transparent-header-meta":"enabled","adv-header-id-meta":"","stick-header-meta":"","header-above-stick-meta":"","header-main-stick-meta":"","header-below-stick-meta":"","footnotes":""},"class_list":["post-1945","page","type-page","status-publish","hentry"],"_links":{"self":[{"href":"https:\/\/www.movelaser.eu\/es\/wp-json\/wp\/v2\/pages\/1945","targetHints":{"allow":["GET"]}}],"collection":[{"href":"https:\/\/www.movelaser.eu\/es\/wp-json\/wp\/v2\/pages"}],"about":[{"href":"https:\/\/www.movelaser.eu\/es\/wp-json\/wp\/v2\/types\/page"}],"author":[{"embeddable":true,"href":"https:\/\/www.movelaser.eu\/es\/wp-json\/wp\/v2\/users\/1"}],"replies":[{"embeddable":true,"href":"https:\/\/www.movelaser.eu\/es\/wp-json\/wp\/v2\/comments?post=1945"}],"version-history":[{"count":0,"href":"https:\/\/www.movelaser.eu\/es\/wp-json\/wp\/v2\/pages\/1945\/revisions"}],"up":[{"embeddable":true,"href":"https:\/\/www.movelaser.eu\/es\/wp-json\/wp\/v2\/pages\/1935"}],"wp:attachment":[{"href":"https:\/\/www.movelaser.eu\/es\/wp-json\/wp\/v2\/media?parent=1945"}],"curies":[{"name":"wp","href":"https:\/\/api.w.org\/{rel}","templated":true}]}}