{"id":1213,"date":"2021-12-15T22:16:15","date_gmt":"2021-12-15T22:16:15","guid":{"rendered":"http:\/\/movelasers.com\/?page_id=1213"},"modified":"2023-04-24T13:23:09","modified_gmt":"2023-04-24T11:23:09","slug":"our-team","status":"publish","type":"page","link":"https:\/\/www.movelaser.eu\/es\/our-team\/","title":{"rendered":"Nuestro equipo"},"content":{"rendered":"<div data-elementor-type=\"wp-page\" data-elementor-id=\"1213\" class=\"elementor elementor-1213\">\n\t\t\t\t\t\t<section class=\"elementor-section elementor-top-section elementor-element elementor-element-6952cf8 elementor-section-height-min-height elementor-section-boxed elementor-section-height-default elementor-section-items-middle\" data-id=\"6952cf8\" data-element_type=\"section\" data-settings=\"{&quot;background_background&quot;:&quot;classic&quot;}\">\n\t\t\t\t\t\t\t<div class=\"elementor-background-overlay\"><\/div>\n\t\t\t\t\t\t\t<div class=\"elementor-container elementor-column-gap-no\">\n\t\t\t\t\t<div class=\"elementor-column elementor-col-100 elementor-top-column elementor-element elementor-element-4c6db26\" data-id=\"4c6db26\" data-element_type=\"column\">\n\t\t\t<div class=\"elementor-widget-wrap elementor-element-populated\">\n\t\t\t\t\t\t<div class=\"elementor-element elementor-element-628c3d6 elementor-widget-divider--view-line elementor-widget elementor-widget-divider\" data-id=\"628c3d6\" data-element_type=\"widget\" data-widget_type=\"divider.default\">\n\t\t\t\t<div class=\"elementor-widget-container\">\n\t\t\t\t\t\t\t<div class=\"elementor-divider\">\n\t\t\t<span class=\"elementor-divider-separator\">\n\t\t\t\t\t\t<\/span>\n\t\t<\/div>\n\t\t\t\t\t\t<\/div>\n\t\t\t\t<\/div>\n\t\t\t\t<div class=\"elementor-element elementor-element-558ce53 elementor-widget elementor-widget-heading\" data-id=\"558ce53\" data-element_type=\"widget\" data-widget_type=\"heading.default\">\n\t\t\t\t<div class=\"elementor-widget-container\">\n\t\t\t\t\t<h1 class=\"elementor-heading-title elementor-size-default\">Tecnolog\u00eda Co., Ltd de Nanjing Movelaser<\/h1>\t\t\t\t<\/div>\n\t\t\t\t<\/div>\n\t\t\t\t<div class=\"elementor-element elementor-element-b6c2875 elementor-widget elementor-widget-text-editor\" data-id=\"b6c2875\" data-element_type=\"widget\" data-widget_type=\"text-editor.default\">\n\t\t\t\t<div class=\"elementor-widget-container\">\n\t\t\t\t\t\t\t\t\t<p>We are a trustworthy LiDAR supplier in China, and one of the world&#8217;s largest wind lidar OEM.<\/p>\t\t\t\t\t\t\t\t<\/div>\n\t\t\t\t<\/div>\n\t\t\t\t\t<\/div>\n\t\t<\/div>\n\t\t\t\t\t<\/div>\n\t\t<\/section>\n\t\t\t\t<section class=\"elementor-section elementor-top-section elementor-element elementor-element-c79a29d elementor-section-content-middle elementor-section-boxed elementor-section-height-default elementor-section-height-default\" data-id=\"c79a29d\" data-element_type=\"section\">\n\t\t\t\t\t\t<div class=\"elementor-container elementor-column-gap-no\">\n\t\t\t\t\t<div class=\"elementor-column elementor-col-50 elementor-top-column elementor-element elementor-element-ec4deda\" data-id=\"ec4deda\" data-element_type=\"column\">\n\t\t\t<div class=\"elementor-widget-wrap elementor-element-populated\">\n\t\t\t\t\t\t<div class=\"elementor-element elementor-element-0dfbf84 elementor-widget-divider--view-line elementor-widget elementor-widget-divider\" data-id=\"0dfbf84\" data-element_type=\"widget\" data-widget_type=\"divider.default\">\n\t\t\t\t<div class=\"elementor-widget-container\">\n\t\t\t\t\t\t\t<div class=\"elementor-divider\">\n\t\t\t<span class=\"elementor-divider-separator\">\n\t\t\t\t\t\t<\/span>\n\t\t<\/div>\n\t\t\t\t\t\t<\/div>\n\t\t\t\t<\/div>\n\t\t\t\t<div class=\"elementor-element elementor-element-f1f4c22 elementor-widget elementor-widget-heading\" data-id=\"f1f4c22\" data-element_type=\"widget\" data-widget_type=\"heading.default\">\n\t\t\t\t<div class=\"elementor-widget-container\">\n\t\t\t\t\t<h2 class=\"elementor-heading-title elementor-size-default\">Our R&amp; D Team<\/h2>\t\t\t\t<\/div>\n\t\t\t\t<\/div>\n\t\t\t\t<div class=\"elementor-element elementor-element-cd5bbaa elementor-widget elementor-widget-text-editor\" data-id=\"cd5bbaa\" data-element_type=\"widget\" data-widget_type=\"text-editor.default\">\n\t\t\t\t<div class=\"elementor-widget-container\">\n\t\t\t\t\t\t\t\t\t<p><span style=\"vertical-align: inherit;\"><span style=\"vertical-align: inherit;\">Movelaser cuenta con profesionales de I+D, servicio, equipo de gesti\u00f3n y talentos experimentados en aplicaciones industriales. La compa\u00f1\u00eda emplea a m\u00e1s de 100 personas, incluidos 4 m\u00e9dicos, m\u00e1s de 40 empleados de I + D, la proporci\u00f3n de maestros y superiores en personal de investigaci\u00f3n y desarrollo alcanza 80%, cuenta con expertos experimentados en \u00f3ptica, electr\u00f3nica, maquinaria, software, algoritmos de datos y otras direcciones . La empresa tiene una fuerte calidad profesional, un fuerte sentido de pertenencia, tiene una calidad profesional sobresaliente, como dedicaci\u00f3n y capacidad de trabajo en equipo, y discernir agudamente la demanda del cliente y la tendencia de desarrollo de la industria internacional de medici\u00f3n de viento por l\u00e1ser, que constituye la garant\u00eda de talento de la el desarrollo continuo de la empresa y la innovaci\u00f3n cient\u00edfica y tecnol\u00f3gica.<\/span><\/span><\/p><p>Movelaser liderar\u00e1 la industria lidar e\u00f3lica global con tecnolog\u00eda l\u00edder, actitud profesional y excelente servicio.<\/p>\t\t\t\t\t\t\t\t<\/div>\n\t\t\t\t<\/div>\n\t\t\t\t\t<\/div>\n\t\t<\/div>\n\t\t\t\t<div class=\"elementor-column elementor-col-50 elementor-top-column elementor-element elementor-element-c59473d\" data-id=\"c59473d\" data-element_type=\"column\">\n\t\t\t<div class=\"elementor-widget-wrap elementor-element-populated\">\n\t\t\t\t\t\t<div class=\"elementor-element elementor-element-8467e36 elementor-widget elementor-widget-image\" data-id=\"8467e36\" data-element_type=\"widget\" data-widget_type=\"image.default\">\n\t\t\t\t<div class=\"elementor-widget-container\">\n\t\t\t\t\t\t\t\t\t\t\t\t\t\t\t<img fetchpriority=\"high\" decoding=\"async\" width=\"1536\" height=\"915\" src=\"https:\/\/www.movelaser.eu\/wp-content\/uploads\/2023\/04\/About-Us-our-team-1536x915.jpg\" class=\"attachment-1536x1536 size-1536x1536 wp-image-3107\" alt=\"\" srcset=\"https:\/\/www.movelaser.eu\/wp-content\/uploads\/2023\/04\/About-Us-our-team-1536x915.jpg 1536w, https:\/\/www.movelaser.eu\/wp-content\/uploads\/2023\/04\/About-Us-our-team-300x179.jpg 300w, https:\/\/www.movelaser.eu\/wp-content\/uploads\/2023\/04\/About-Us-our-team-1024x610.jpg 1024w, https:\/\/www.movelaser.eu\/wp-content\/uploads\/2023\/04\/About-Us-our-team-768x458.jpg 768w, https:\/\/www.movelaser.eu\/wp-content\/uploads\/2023\/04\/About-Us-our-team-2048x1220.jpg 2048w, https:\/\/www.movelaser.eu\/wp-content\/uploads\/2023\/04\/About-Us-our-team-18x12.jpg 18w\" sizes=\"(max-width: 1536px) 100vw, 1536px\" \/>\t\t\t\t\t\t\t\t\t\t\t\t\t\t\t<\/div>\n\t\t\t\t<\/div>\n\t\t\t\t\t<\/div>\n\t\t<\/div>\n\t\t\t\t\t<\/div>\n\t\t<\/section>\n\t\t\t\t<section class=\"elementor-section elementor-top-section elementor-element elementor-element-65fd260 elementor-section-boxed elementor-section-height-default elementor-section-height-default\" data-id=\"65fd260\" data-element_type=\"section\">\n\t\t\t\t\t\t<div class=\"elementor-container elementor-column-gap-default\">\n\t\t\t\t\t<div class=\"elementor-column elementor-col-100 elementor-top-column elementor-element elementor-element-80422af\" data-id=\"80422af\" data-element_type=\"column\">\n\t\t\t<div class=\"elementor-widget-wrap elementor-element-populated\">\n\t\t\t\t\t\t<div class=\"elementor-element elementor-element-e82dde1 elementor-widget-divider--view-line elementor-widget elementor-widget-divider\" data-id=\"e82dde1\" data-element_type=\"widget\" data-widget_type=\"divider.default\">\n\t\t\t\t<div class=\"elementor-widget-container\">\n\t\t\t\t\t\t\t<div class=\"elementor-divider\">\n\t\t\t<span class=\"elementor-divider-separator\">\n\t\t\t\t\t\t<\/span>\n\t\t<\/div>\n\t\t\t\t\t\t<\/div>\n\t\t\t\t<\/div>\n\t\t\t\t<div class=\"elementor-element elementor-element-2f52e48 elementor-widget elementor-widget-heading\" data-id=\"2f52e48\" data-element_type=\"widget\" data-widget_type=\"heading.default\">\n\t\t\t\t<div class=\"elementor-widget-container\">\n\t\t\t\t\t<h3 class=\"elementor-heading-title elementor-size-default\">Nuestros expertos clave<\/h3>\t\t\t\t<\/div>\n\t\t\t\t<\/div>\n\t\t\t\t<section class=\"elementor-section elementor-inner-section elementor-element elementor-element-9f1fb43 elementor-section-boxed elementor-section-height-default elementor-section-height-default\" data-id=\"9f1fb43\" data-element_type=\"section\">\n\t\t\t\t\t\t<div class=\"elementor-container elementor-column-gap-default\">\n\t\t\t\t\t<div class=\"elementor-column elementor-col-100 elementor-inner-column elementor-element elementor-element-ccbbc50\" data-id=\"ccbbc50\" data-element_type=\"column\">\n\t\t\t<div class=\"elementor-widget-wrap elementor-element-populated\">\n\t\t\t\t\t\t<div class=\"elementor-element elementor-element-eab4f6b elementor-widget elementor-widget-heading\" data-id=\"eab4f6b\" data-element_type=\"widget\" data-widget_type=\"heading.default\">\n\t\t\t\t<div class=\"elementor-widget-container\">\n\t\t\t\t\t<h2 class=\"elementor-heading-title elementor-size-default\">Dr. Jun Zhou<\/h2>\t\t\t\t<\/div>\n\t\t\t\t<\/div>\n\t\t\t\t<div class=\"elementor-element elementor-element-699c0cd elementor-widget elementor-widget-image\" data-id=\"699c0cd\" data-element_type=\"widget\" data-widget_type=\"image.default\">\n\t\t\t\t<div class=\"elementor-widget-container\">\n\t\t\t\t\t\t\t\t\t\t\t\t\t\t\t<img decoding=\"async\" data-src=\"https:\/\/www.movelaser.eu\/wp-content\/uploads\/elementor\/thumbs\/Zhou-Jun-q2c594y2hj9ypq4vrfj1bfnpeszplhimffwkko5edc.jpg\" title=\"Zhou junio\" alt=\"Zhou Jun\" src=\"data:image\/svg+xml;base64,PHN2ZyB3aWR0aD0iMSIgaGVpZ2h0PSIxIiB4bWxucz0iaHR0cDovL3d3dy53My5vcmcvMjAwMC9zdmciPjwvc3ZnPg==\" class=\"lazyload\" style=\"--smush-placeholder-width: 151px; --smush-placeholder-aspect-ratio: 151\/220;\" \/>\t\t\t\t\t\t\t\t\t\t\t\t\t\t\t<\/div>\n\t\t\t\t<\/div>\n\t\t\t\t<div class=\"elementor-element elementor-element-63bed66 elementor-widget elementor-widget-text-editor\" data-id=\"63bed66\" data-element_type=\"widget\" data-widget_type=\"text-editor.default\">\n\t\t\t\t<div class=\"elementor-widget-container\">\n\t\t\t\t\t\t\t\t\t<p>\u00a0el fundador de Movelaser, es el miembro principal del Instituto de \u00d3ptica y Mec\u00e1nica Fina de Shanghai, Academia de Ciencias de China. Actualmente es el director del All-Solid Laser Center del Instituto de Investigaci\u00f3n de Tecnolog\u00eda L\u00e1ser Avanzada de Nanjing. Tiene experiencia en el campo de la tecnolog\u00eda l\u00e1ser posdoctoral de la Academia de Ciencias de China y la Universidad de Stanford. El l\u00e1ser pulsado de frecuencia \u00fanica de alta energ\u00eda del veh\u00edculo y la salida arm\u00f3nica de frecuencia \u00fanica a 532nm y 355nm llenan los vac\u00edos en el campo dom\u00e9stico y tienen una s\u00f3lida formaci\u00f3n t\u00e9cnica en el desarrollo de l\u00e1seres de estado s\u00f3lido y sus sistemas de aplicaci\u00f3n. Los miembros del equipo de la compa\u00f1\u00eda son principalmente del Instituto de \u00d3ptica y Mec\u00e1nica Fina de Shanghai, la Academia de Ciencias de China, el Instituto de Investigaci\u00f3n de Tecnolog\u00eda L\u00e1ser Avanzada de Nanjing, los Estados Unidos y Gran Breta\u00f1a Haigui y otros veteranos de la industria. Entre los m\u00e1s de 20 equipos de investigaci\u00f3n y desarrollo, hay 4 doctores, 80% de maestros y superiores, que incluyen \u00f3ptica, electricidad, maquinaria, software y datos, todos tienen ingenieros experimentados y experimentados en la industria. Tienen excelentes cualidades profesionales, fuerte sentido de pertenencia, fuerte trabajo en equipo y gran dedicaci\u00f3n. Constituyen la garant\u00eda del talento para el desarrollo sostenible y la innovaci\u00f3n tecnol\u00f3gica de la compa\u00f1\u00eda.<\/p>\t\t\t\t\t\t\t\t<\/div>\n\t\t\t\t<\/div>\n\t\t\t\t\t<\/div>\n\t\t<\/div>\n\t\t\t\t\t<\/div>\n\t\t<\/section>\n\t\t\t\t\t<\/div>\n\t\t<\/div>\n\t\t\t\t\t<\/div>\n\t\t<\/section>\n\t\t\t\t<\/div>","protected":false},"excerpt":{"rendered":"<p>Nanjing Movelaser Technology Co., Ltd We are a trustworthy LiDAR supplier in China, and one of the world&#8217;s largest wind lidar OEM. Our R&#038; D Team Movelaser has professional R&amp;D, service, management team and experienced industrial application talents. The company employs more than 100 people, including 4 doctors, more than 40 R&amp;D personnel,the proportion of &hellip;<\/p>\n<p class=\"read-more\"> <a class=\"\" href=\"https:\/\/www.movelaser.eu\/es\/our-team\/\"> <span class=\"screen-reader-text\">Nuestro equipo<\/span> Leer m\u00e1s \u00bb<\/a><\/p>","protected":false},"author":1,"featured_media":0,"parent":0,"menu_order":0,"comment_status":"closed","ping_status":"closed","template":"","meta":{"_monsterinsights_skip_tracking":false,"_monsterinsights_sitenote_active":false,"_monsterinsights_sitenote_note":"","_monsterinsights_sitenote_category":0,"site-sidebar-layout":"no-sidebar","site-content-layout":"page-builder","ast-main-header-display":"","ast-hfb-above-header-display":"","ast-hfb-below-header-display":"","ast-hfb-mobile-header-display":"","site-post-title":"disabled","ast-breadcrumbs-content":"disabled","ast-featured-img":"disabled","footer-sml-layout":"","theme-transparent-header-meta":"enabled","adv-header-id-meta":"","stick-header-meta":"","header-above-stick-meta":"","header-main-stick-meta":"","header-below-stick-meta":"","footnotes":""},"class_list":["post-1213","page","type-page","status-publish","hentry"],"_links":{"self":[{"href":"https:\/\/www.movelaser.eu\/es\/wp-json\/wp\/v2\/pages\/1213","targetHints":{"allow":["GET"]}}],"collection":[{"href":"https:\/\/www.movelaser.eu\/es\/wp-json\/wp\/v2\/pages"}],"about":[{"href":"https:\/\/www.movelaser.eu\/es\/wp-json\/wp\/v2\/types\/page"}],"author":[{"embeddable":true,"href":"https:\/\/www.movelaser.eu\/es\/wp-json\/wp\/v2\/users\/1"}],"replies":[{"embeddable":true,"href":"https:\/\/www.movelaser.eu\/es\/wp-json\/wp\/v2\/comments?post=1213"}],"version-history":[{"count":3,"href":"https:\/\/www.movelaser.eu\/es\/wp-json\/wp\/v2\/pages\/1213\/revisions"}],"predecessor-version":[{"id":3111,"href":"https:\/\/www.movelaser.eu\/es\/wp-json\/wp\/v2\/pages\/1213\/revisions\/3111"}],"wp:attachment":[{"href":"https:\/\/www.movelaser.eu\/es\/wp-json\/wp\/v2\/media?parent=1213"}],"curies":[{"name":"wp","href":"https:\/\/api.w.org\/{rel}","templated":true}]}}